{"id":6854,"date":"2023-10-16T08:45:18","date_gmt":"2023-10-16T06:45:18","guid":{"rendered":"https:\/\/programme.capitalofdemocracy.eu\/produkt\/trobada-de-la-xarxa-de-ciutats-ecod\/"},"modified":"2023-10-16T08:45:18","modified_gmt":"2023-10-16T06:45:18","slug":"trobada-de-la-xarxa-de-ciutats-ecod","status":"publish","type":"product","link":"https:\/\/programme.capitalofdemocracy.eu\/ca\/produkt\/trobada-de-la-xarxa-de-ciutats-ecod\/","title":{"rendered":"Trobada de la Xarxa de Ciutats ECoD"},"content":{"rendered":"","protected":false},"excerpt":{"rendered":"<p>La Xarxa de Ciutats ECoD \u00e9s un s\u00f2lid grup de 21 ciutats en 13 pa\u00efsos que han presentat pr\u00e8viament una sol\u00b7licitud completa a la iniciativa ECoD. Les ciutats membres es reuneixen regularment per compartir la seva experi\u00e8ncia, viv\u00e8ncies i millors pr\u00e0ctiques en la promoci\u00f3 de la democr\u00e0cia a nivell municipal. Aquestes trobades fomenten la col\u00b7laboraci\u00f3, l&#8217;intercanvi i la participaci\u00f3, alhora que donen als experts locals acc\u00e9s a noves idees i oportunitats de formaci\u00f3. A Barcelona, la Xarxa discutir\u00e0 sobre la transici\u00f3 digital i es recolzar\u00e0 m\u00fatuament per superar desafiaments urgents.<\/p>\n","protected":false},"featured_media":2494,"template":"","meta":{"_acf_changed":false,"inline_featured_image":false},"ecod-events-districts":[],"ecod-events-organizers":[248],"product_cat":[226,249],"product_tag":[192,194,193,191],"class_list":{"0":"post-6854","1":"product","2":"type-product","3":"status-publish","4":"has-post-thumbnail","6":"ecod-events-organizers-ecod-npo-ca","7":"product_cat-internacional-ca","8":"product_cat-tecnologia","9":"product_tag-city","10":"product_tag-ecod-city-network","11":"product_tag-exchange","12":"product_tag-network","14":"first","15":"instock","16":"shipping-taxable","17":"product-type-simple"},"acf":[],"yoast_head":"<!-- This site is optimized with the Yoast SEO plugin v22.0 - https:\/\/yoast.com\/wordpress\/plugins\/seo\/ -->\n<title>Trobada de la Xarxa de Ciutats ECoD - ECoD - European Capital of Democracy<\/title>\n<meta name=\"robots\" content=\"noindex, follow, max-snippet:-1, max-image-preview:large, max-video-preview:-1\" \/>\n<meta property=\"og:locale\" content=\"ca_ES\" \/>\n<meta property=\"og:type\" content=\"article\" \/>\n<meta property=\"og:title\" content=\"Trobada de la Xarxa de Ciutats ECoD - ECoD - European Capital of Democracy\" \/>\n<meta property=\"og:description\" content=\"La Xarxa de Ciutats ECoD \u00e9s un s\u00f2lid grup de 21 ciutats en 13 pa\u00efsos que han presentat pr\u00e8viament una sol\u00b7licitud completa a la iniciativa ECoD. Les ciutats membres es reuneixen regularment per compartir la seva experi\u00e8ncia, viv\u00e8ncies i millors pr\u00e0ctiques en la promoci\u00f3 de la democr\u00e0cia a nivell municipal. Aquestes trobades fomenten la col\u00b7laboraci\u00f3, l&#039;intercanvi i la participaci\u00f3, alhora que donen als experts locals acc\u00e9s a noves idees i oportunitats de formaci\u00f3. A Barcelona, la Xarxa discutir\u00e0 sobre la transici\u00f3 digital i es recolzar\u00e0 m\u00fatuament per superar desafiaments urgents.\" \/>\n<meta property=\"og:url\" content=\"https:\/\/programme.capitalofdemocracy.eu\/ca\/produkt\/trobada-de-la-xarxa-de-ciutats-ecod\/\" \/>\n<meta property=\"og:site_name\" content=\"ECoD - European Capital of Democracy\" \/>\n<meta property=\"og:image\" content=\"https:\/\/programme.capitalofdemocracy.eu\/wp-content\/uploads\/2023\/10\/EP-7711-scaled.jpg\" \/>\n\t<meta property=\"og:image:width\" content=\"2560\" \/>\n\t<meta property=\"og:image:height\" content=\"1707\" \/>\n\t<meta property=\"og:image:type\" content=\"image\/jpeg\" \/>\n<meta name=\"twitter:card\" content=\"summary_large_image\" \/>\n<script type=\"application\/ld+json\" class=\"yoast-schema-graph\">{\"@context\":\"https:\/\/schema.org\",\"@graph\":[{\"@type\":\"WebPage\",\"@id\":\"https:\/\/programme.capitalofdemocracy.eu\/ca\/produkt\/trobada-de-la-xarxa-de-ciutats-ecod\/\",\"url\":\"https:\/\/programme.capitalofdemocracy.eu\/ca\/produkt\/trobada-de-la-xarxa-de-ciutats-ecod\/\",\"name\":\"Trobada de la Xarxa de Ciutats ECoD - ECoD - European Capital of Democracy\",\"isPartOf\":{\"@id\":\"https:\/\/programme.capitalofdemocracy.eu\/es\/#website\"},\"datePublished\":\"2023-10-16T06:45:18+00:00\",\"dateModified\":\"2023-10-16T06:45:18+00:00\",\"breadcrumb\":{\"@id\":\"https:\/\/programme.capitalofdemocracy.eu\/ca\/produkt\/trobada-de-la-xarxa-de-ciutats-ecod\/#breadcrumb\"},\"inLanguage\":\"ca\",\"potentialAction\":[{\"@type\":\"ReadAction\",\"target\":[\"https:\/\/programme.capitalofdemocracy.eu\/ca\/produkt\/trobada-de-la-xarxa-de-ciutats-ecod\/\"]}]},{\"@type\":\"BreadcrumbList\",\"@id\":\"https:\/\/programme.capitalofdemocracy.eu\/ca\/produkt\/trobada-de-la-xarxa-de-ciutats-ecod\/#breadcrumb\",\"itemListElement\":[{\"@type\":\"ListItem\",\"position\":1,\"name\":\"Startseite\",\"item\":\"https:\/\/programme.capitalofdemocracy.eu\/ca\/startseite\/\"},{\"@type\":\"ListItem\",\"position\":2,\"name\":\"Shop\",\"item\":\"https:\/\/programme.capitalofdemocracy.eu\/shop\/\"},{\"@type\":\"ListItem\",\"position\":3,\"name\":\"Trobada de la Xarxa de Ciutats ECoD\"}]},{\"@type\":\"WebSite\",\"@id\":\"https:\/\/programme.capitalofdemocracy.eu\/es\/#website\",\"url\":\"https:\/\/programme.capitalofdemocracy.eu\/es\/\",\"name\":\"ECoD - European Capital of Democracy\",\"description\":\"Barcelona, 2023-2024\",\"potentialAction\":[{\"@type\":\"SearchAction\",\"target\":{\"@type\":\"EntryPoint\",\"urlTemplate\":\"https:\/\/programme.capitalofdemocracy.eu\/es\/?s={search_term_string}\"},\"query-input\":\"required name=search_term_string\"}],\"inLanguage\":\"ca\"}]}<\/script>\n<!-- \/ Yoast SEO plugin. -->","yoast_head_json":{"title":"Trobada de la Xarxa de Ciutats ECoD - ECoD - European Capital of Democracy","robots":{"index":"noindex","follow":"follow","max-snippet":"max-snippet:-1","max-image-preview":"max-image-preview:large","max-video-preview":"max-video-preview:-1"},"og_locale":"ca_ES","og_type":"article","og_title":"Trobada de la Xarxa de Ciutats ECoD - ECoD - European Capital of Democracy","og_description":"La Xarxa de Ciutats ECoD \u00e9s un s\u00f2lid grup de 21 ciutats en 13 pa\u00efsos que han presentat pr\u00e8viament una sol\u00b7licitud completa a la iniciativa ECoD. Les ciutats membres es reuneixen regularment per compartir la seva experi\u00e8ncia, viv\u00e8ncies i millors pr\u00e0ctiques en la promoci\u00f3 de la democr\u00e0cia a nivell municipal. Aquestes trobades fomenten la col\u00b7laboraci\u00f3, l'intercanvi i la participaci\u00f3, alhora que donen als experts locals acc\u00e9s a noves idees i oportunitats de formaci\u00f3. A Barcelona, la Xarxa discutir\u00e0 sobre la transici\u00f3 digital i es recolzar\u00e0 m\u00fatuament per superar desafiaments urgents.","og_url":"https:\/\/programme.capitalofdemocracy.eu\/ca\/produkt\/trobada-de-la-xarxa-de-ciutats-ecod\/","og_site_name":"ECoD - European Capital of Democracy","og_image":[{"width":2560,"height":1707,"url":"https:\/\/programme.capitalofdemocracy.eu\/wp-content\/uploads\/2023\/10\/EP-7711-scaled.jpg","type":"image\/jpeg"}],"twitter_card":"summary_large_image","schema":{"@context":"https:\/\/schema.org","@graph":[{"@type":"WebPage","@id":"https:\/\/programme.capitalofdemocracy.eu\/ca\/produkt\/trobada-de-la-xarxa-de-ciutats-ecod\/","url":"https:\/\/programme.capitalofdemocracy.eu\/ca\/produkt\/trobada-de-la-xarxa-de-ciutats-ecod\/","name":"Trobada de la Xarxa de Ciutats ECoD - ECoD - European Capital of Democracy","isPartOf":{"@id":"https:\/\/programme.capitalofdemocracy.eu\/es\/#website"},"datePublished":"2023-10-16T06:45:18+00:00","dateModified":"2023-10-16T06:45:18+00:00","breadcrumb":{"@id":"https:\/\/programme.capitalofdemocracy.eu\/ca\/produkt\/trobada-de-la-xarxa-de-ciutats-ecod\/#breadcrumb"},"inLanguage":"ca","potentialAction":[{"@type":"ReadAction","target":["https:\/\/programme.capitalofdemocracy.eu\/ca\/produkt\/trobada-de-la-xarxa-de-ciutats-ecod\/"]}]},{"@type":"BreadcrumbList","@id":"https:\/\/programme.capitalofdemocracy.eu\/ca\/produkt\/trobada-de-la-xarxa-de-ciutats-ecod\/#breadcrumb","itemListElement":[{"@type":"ListItem","position":1,"name":"Startseite","item":"https:\/\/programme.capitalofdemocracy.eu\/ca\/startseite\/"},{"@type":"ListItem","position":2,"name":"Shop","item":"https:\/\/programme.capitalofdemocracy.eu\/shop\/"},{"@type":"ListItem","position":3,"name":"Trobada de la Xarxa de Ciutats ECoD"}]},{"@type":"WebSite","@id":"https:\/\/programme.capitalofdemocracy.eu\/es\/#website","url":"https:\/\/programme.capitalofdemocracy.eu\/es\/","name":"ECoD - European Capital of Democracy","description":"Barcelona, 2023-2024","potentialAction":[{"@type":"SearchAction","target":{"@type":"EntryPoint","urlTemplate":"https:\/\/programme.capitalofdemocracy.eu\/es\/?s={search_term_string}"},"query-input":"required name=search_term_string"}],"inLanguage":"ca"}]}},"_links":{"self":[{"href":"https:\/\/programme.capitalofdemocracy.eu\/ca\/wp-json\/wp\/v2\/product\/6854","targetHints":{"allow":["GET"]}}],"collection":[{"href":"https:\/\/programme.capitalofdemocracy.eu\/ca\/wp-json\/wp\/v2\/product"}],"about":[{"href":"https:\/\/programme.capitalofdemocracy.eu\/ca\/wp-json\/wp\/v2\/types\/product"}],"wp:featuredmedia":[{"embeddable":true,"href":"https:\/\/programme.capitalofdemocracy.eu\/ca\/wp-json\/wp\/v2\/media\/2494"}],"wp:attachment":[{"href":"https:\/\/programme.capitalofdemocracy.eu\/ca\/wp-json\/wp\/v2\/media?parent=6854"}],"wp:term":[{"taxonomy":"ecod-events-districts","embeddable":true,"href":"https:\/\/programme.capitalofdemocracy.eu\/ca\/wp-json\/wp\/v2\/ecod-events-districts?post=6854"},{"taxonomy":"ecod-events-organizers","embeddable":true,"href":"https:\/\/programme.capitalofdemocracy.eu\/ca\/wp-json\/wp\/v2\/ecod-events-organizers?post=6854"},{"taxonomy":"product_cat","embeddable":true,"href":"https:\/\/programme.capitalofdemocracy.eu\/ca\/wp-json\/wp\/v2\/product_cat?post=6854"},{"taxonomy":"product_tag","embeddable":true,"href":"https:\/\/programme.capitalofdemocracy.eu\/ca\/wp-json\/wp\/v2\/product_tag?post=6854"}],"curies":[{"name":"wp","href":"https:\/\/api.w.org\/{rel}","templated":true}]}}