{"id":6961,"date":"2024-02-05T17:31:43","date_gmt":"2024-02-05T16:31:43","guid":{"rendered":"https:\/\/programme.capitalofdemocracy.eu\/produkt\/conferencia-inaugural-la-democracia-a-debat-reptes-europeus-i-globals\/"},"modified":"2024-02-08T11:48:56","modified_gmt":"2024-02-08T10:48:56","slug":"conferencia-inaugural-la-democracia-a-debat-reptes-europeus-i-globals","status":"publish","type":"product","link":"https:\/\/programme.capitalofdemocracy.eu\/ca\/produkt\/conferencia-inaugural-la-democracia-a-debat-reptes-europeus-i-globals\/","title":{"rendered":"Confer\u00e8ncia inaugural: La democr\u00e0cia a debat. Reptes europeus i globals"},"content":{"rendered":"","protected":false},"excerpt":{"rendered":"<p>En un sentit etimol\u00f2gic parteix d\u2019una idea senzilla i concreta, el govern del poble o de la gent, tot i aix\u00ed aquest conceptes s\u2019ha anat construint a mesura que es desplegava en diverses formes d&#8217;organitzaci\u00f3 pol\u00edtica de la societat a trav\u00e9s de la democr\u00e0cia representativa, la deliberativa, la directa o la participativa. Diferents declinacions amb concepcions molt diferents d\u2019aquesta idea radical i concreta de democr\u00e0cia.<\/p>\n<p>En aquesta confer\u00e8ncia es vol posar a debat el concepte de democr\u00e0cia a Europa avui, quins s\u00f3n els seus l\u00edmits en el context de crisis m\u00faltiples actuals i quins reptes s\u2019obren davant d&#8217;un escenari tan complex en termes de governan\u00e7a pol\u00edtica a m\u00faltiples escales. L&#8217;objectiu tamb\u00e9 \u00e9s dialogar amb una mirada cr\u00edtica i reflexiva sobre la crisis de la democr\u00e0cia amb la defensa dels drets fonamentals i la lluita contra les desigualtats. Al mateix temps, es vol aprofundir sobre el paper d\u2019Europa en l\u2019escena global i quin ha de ser el seu rol en un horitz\u00f3 de defensa i aven\u00e7 cap a una democr\u00e0cia global o una democr\u00e0cia de democr\u00e0cies.<\/p>\n<p>Per aix\u00f2 comptar\u00e0 amb un ponent clau en el debat sobre els reptes de la democr\u00e0cia com es el fil\u00f2sof Daniel Innerarity.<\/p>\n<p><strong>5 d&#8217;octubre a les 17.30 h al CCCB.<\/strong><\/p>\n","protected":false},"featured_media":6967,"template":"","meta":{"_acf_changed":false,"inline_featured_image":false},"ecod-events-districts":[],"ecod-events-organizers":[256],"product_cat":[228],"product_tag":[],"class_list":{"0":"post-6961","1":"product","2":"type-product","3":"status-publish","4":"has-post-thumbnail","6":"ecod-events-organizers-city-of-barcelona-ca","7":"product_cat-local-ca","9":"first","10":"instock","11":"shipping-taxable","12":"product-type-simple"},"acf":[],"yoast_head":"<!-- This site is optimized with the Yoast SEO plugin v22.0 - https:\/\/yoast.com\/wordpress\/plugins\/seo\/ -->\n<title>Confer\u00e8ncia inaugural: La democr\u00e0cia a debat. Reptes europeus i globals - ECoD - European Capital of Democracy<\/title>\n<meta name=\"robots\" content=\"noindex, follow, max-snippet:-1, max-image-preview:large, max-video-preview:-1\" \/>\n<meta property=\"og:locale\" content=\"ca_ES\" \/>\n<meta property=\"og:type\" content=\"article\" \/>\n<meta property=\"og:title\" content=\"Confer\u00e8ncia inaugural: La democr\u00e0cia a debat. Reptes europeus i globals - ECoD - European Capital of Democracy\" \/>\n<meta property=\"og:description\" content=\"En un sentit etimol\u00f2gic parteix d\u2019una idea senzilla i concreta, el govern del poble o de la gent, tot i aix\u00ed aquest conceptes s\u2019ha anat construint a mesura que es desplegava en diverses formes d&#039;organitzaci\u00f3 pol\u00edtica de la societat a trav\u00e9s de la democr\u00e0cia representativa, la deliberativa, la directa o la participativa. Diferents declinacions amb concepcions molt diferents d\u2019aquesta idea radical i concreta de democr\u00e0cia.  En aquesta confer\u00e8ncia es vol posar a debat el concepte de democr\u00e0cia a Europa avui, quins s\u00f3n els seus l\u00edmits en el context de crisis m\u00faltiples actuals i quins reptes s\u2019obren davant d&#039;un escenari tan complex en termes de governan\u00e7a pol\u00edtica a m\u00faltiples escales. L&#039;objectiu tamb\u00e9 \u00e9s dialogar amb una mirada cr\u00edtica i reflexiva sobre la crisis de la democr\u00e0cia amb la defensa dels drets fonamentals i la lluita contra les desigualtats. Al mateix temps, es vol aprofundir sobre el paper d\u2019Europa en l\u2019escena global i quin ha de ser el seu rol en un horitz\u00f3 de defensa i aven\u00e7 cap a una democr\u00e0cia global o una democr\u00e0cia de democr\u00e0cies.  Per aix\u00f2 comptar\u00e0 amb un ponent clau en el debat sobre els reptes de la democr\u00e0cia com es el fil\u00f2sof Daniel Innerarity.  5 d&#039;octubre a les 17.30 h al CCCB.\" \/>\n<meta property=\"og:url\" content=\"https:\/\/programme.capitalofdemocracy.eu\/ca\/produkt\/conferencia-inaugural-la-democracia-a-debat-reptes-europeus-i-globals\/\" \/>\n<meta property=\"og:site_name\" content=\"ECoD - European Capital of Democracy\" \/>\n<meta property=\"article:modified_time\" content=\"2024-02-08T10:48:56+00:00\" \/>\n<meta property=\"og:image\" content=\"https:\/\/programme.capitalofdemocracy.eu\/wp-content\/uploads\/2024\/02\/Conferencia%20Inaugural-51-scaled.jpg\" \/>\n\t<meta property=\"og:image:width\" content=\"2560\" \/>\n\t<meta property=\"og:image:height\" content=\"1703\" \/>\n\t<meta property=\"og:image:type\" content=\"image\/jpeg\" \/>\n<meta name=\"twitter:card\" content=\"summary_large_image\" \/>\n<script type=\"application\/ld+json\" class=\"yoast-schema-graph\">{\"@context\":\"https:\/\/schema.org\",\"@graph\":[{\"@type\":\"WebPage\",\"@id\":\"https:\/\/programme.capitalofdemocracy.eu\/ca\/produkt\/conferencia-inaugural-la-democracia-a-debat-reptes-europeus-i-globals\/\",\"url\":\"https:\/\/programme.capitalofdemocracy.eu\/ca\/produkt\/conferencia-inaugural-la-democracia-a-debat-reptes-europeus-i-globals\/\",\"name\":\"Confer\u00e8ncia inaugural: La democr\u00e0cia a debat. Reptes europeus i globals - ECoD - European Capital of Democracy\",\"isPartOf\":{\"@id\":\"https:\/\/programme.capitalofdemocracy.eu\/es\/#website\"},\"datePublished\":\"2024-02-05T16:31:43+00:00\",\"dateModified\":\"2024-02-08T10:48:56+00:00\",\"breadcrumb\":{\"@id\":\"https:\/\/programme.capitalofdemocracy.eu\/ca\/produkt\/conferencia-inaugural-la-democracia-a-debat-reptes-europeus-i-globals\/#breadcrumb\"},\"inLanguage\":\"ca\",\"potentialAction\":[{\"@type\":\"ReadAction\",\"target\":[\"https:\/\/programme.capitalofdemocracy.eu\/ca\/produkt\/conferencia-inaugural-la-democracia-a-debat-reptes-europeus-i-globals\/\"]}]},{\"@type\":\"BreadcrumbList\",\"@id\":\"https:\/\/programme.capitalofdemocracy.eu\/ca\/produkt\/conferencia-inaugural-la-democracia-a-debat-reptes-europeus-i-globals\/#breadcrumb\",\"itemListElement\":[{\"@type\":\"ListItem\",\"position\":1,\"name\":\"Startseite\",\"item\":\"https:\/\/programme.capitalofdemocracy.eu\/ca\/startseite\/\"},{\"@type\":\"ListItem\",\"position\":2,\"name\":\"Shop\",\"item\":\"https:\/\/programme.capitalofdemocracy.eu\/shop\/\"},{\"@type\":\"ListItem\",\"position\":3,\"name\":\"Confer\u00e8ncia inaugural: La democr\u00e0cia a debat. Reptes europeus i globals\"}]},{\"@type\":\"WebSite\",\"@id\":\"https:\/\/programme.capitalofdemocracy.eu\/es\/#website\",\"url\":\"https:\/\/programme.capitalofdemocracy.eu\/es\/\",\"name\":\"ECoD - European Capital of Democracy\",\"description\":\"Barcelona, 2023-2024\",\"potentialAction\":[{\"@type\":\"SearchAction\",\"target\":{\"@type\":\"EntryPoint\",\"urlTemplate\":\"https:\/\/programme.capitalofdemocracy.eu\/es\/?s={search_term_string}\"},\"query-input\":\"required name=search_term_string\"}],\"inLanguage\":\"ca\"}]}<\/script>\n<!-- \/ Yoast SEO plugin. -->","yoast_head_json":{"title":"Confer\u00e8ncia inaugural: La democr\u00e0cia a debat. Reptes europeus i globals - ECoD - European Capital of Democracy","robots":{"index":"noindex","follow":"follow","max-snippet":"max-snippet:-1","max-image-preview":"max-image-preview:large","max-video-preview":"max-video-preview:-1"},"og_locale":"ca_ES","og_type":"article","og_title":"Confer\u00e8ncia inaugural: La democr\u00e0cia a debat. Reptes europeus i globals - ECoD - European Capital of Democracy","og_description":"En un sentit etimol\u00f2gic parteix d\u2019una idea senzilla i concreta, el govern del poble o de la gent, tot i aix\u00ed aquest conceptes s\u2019ha anat construint a mesura que es desplegava en diverses formes d'organitzaci\u00f3 pol\u00edtica de la societat a trav\u00e9s de la democr\u00e0cia representativa, la deliberativa, la directa o la participativa. Diferents declinacions amb concepcions molt diferents d\u2019aquesta idea radical i concreta de democr\u00e0cia.  En aquesta confer\u00e8ncia es vol posar a debat el concepte de democr\u00e0cia a Europa avui, quins s\u00f3n els seus l\u00edmits en el context de crisis m\u00faltiples actuals i quins reptes s\u2019obren davant d'un escenari tan complex en termes de governan\u00e7a pol\u00edtica a m\u00faltiples escales. L'objectiu tamb\u00e9 \u00e9s dialogar amb una mirada cr\u00edtica i reflexiva sobre la crisis de la democr\u00e0cia amb la defensa dels drets fonamentals i la lluita contra les desigualtats. Al mateix temps, es vol aprofundir sobre el paper d\u2019Europa en l\u2019escena global i quin ha de ser el seu rol en un horitz\u00f3 de defensa i aven\u00e7 cap a una democr\u00e0cia global o una democr\u00e0cia de democr\u00e0cies.  Per aix\u00f2 comptar\u00e0 amb un ponent clau en el debat sobre els reptes de la democr\u00e0cia com es el fil\u00f2sof Daniel Innerarity.  5 d'octubre a les 17.30 h al CCCB.","og_url":"https:\/\/programme.capitalofdemocracy.eu\/ca\/produkt\/conferencia-inaugural-la-democracia-a-debat-reptes-europeus-i-globals\/","og_site_name":"ECoD - European Capital of Democracy","article_modified_time":"2024-02-08T10:48:56+00:00","og_image":[{"width":2560,"height":1703,"url":"https:\/\/programme.capitalofdemocracy.eu\/wp-content\/uploads\/2024\/02\/Conferencia%20Inaugural-51-scaled.jpg","type":"image\/jpeg"}],"twitter_card":"summary_large_image","schema":{"@context":"https:\/\/schema.org","@graph":[{"@type":"WebPage","@id":"https:\/\/programme.capitalofdemocracy.eu\/ca\/produkt\/conferencia-inaugural-la-democracia-a-debat-reptes-europeus-i-globals\/","url":"https:\/\/programme.capitalofdemocracy.eu\/ca\/produkt\/conferencia-inaugural-la-democracia-a-debat-reptes-europeus-i-globals\/","name":"Confer\u00e8ncia inaugural: La democr\u00e0cia a debat. Reptes europeus i globals - ECoD - European Capital of Democracy","isPartOf":{"@id":"https:\/\/programme.capitalofdemocracy.eu\/es\/#website"},"datePublished":"2024-02-05T16:31:43+00:00","dateModified":"2024-02-08T10:48:56+00:00","breadcrumb":{"@id":"https:\/\/programme.capitalofdemocracy.eu\/ca\/produkt\/conferencia-inaugural-la-democracia-a-debat-reptes-europeus-i-globals\/#breadcrumb"},"inLanguage":"ca","potentialAction":[{"@type":"ReadAction","target":["https:\/\/programme.capitalofdemocracy.eu\/ca\/produkt\/conferencia-inaugural-la-democracia-a-debat-reptes-europeus-i-globals\/"]}]},{"@type":"BreadcrumbList","@id":"https:\/\/programme.capitalofdemocracy.eu\/ca\/produkt\/conferencia-inaugural-la-democracia-a-debat-reptes-europeus-i-globals\/#breadcrumb","itemListElement":[{"@type":"ListItem","position":1,"name":"Startseite","item":"https:\/\/programme.capitalofdemocracy.eu\/ca\/startseite\/"},{"@type":"ListItem","position":2,"name":"Shop","item":"https:\/\/programme.capitalofdemocracy.eu\/shop\/"},{"@type":"ListItem","position":3,"name":"Confer\u00e8ncia inaugural: La democr\u00e0cia a debat. Reptes europeus i globals"}]},{"@type":"WebSite","@id":"https:\/\/programme.capitalofdemocracy.eu\/es\/#website","url":"https:\/\/programme.capitalofdemocracy.eu\/es\/","name":"ECoD - European Capital of Democracy","description":"Barcelona, 2023-2024","potentialAction":[{"@type":"SearchAction","target":{"@type":"EntryPoint","urlTemplate":"https:\/\/programme.capitalofdemocracy.eu\/es\/?s={search_term_string}"},"query-input":"required name=search_term_string"}],"inLanguage":"ca"}]}},"_links":{"self":[{"href":"https:\/\/programme.capitalofdemocracy.eu\/ca\/wp-json\/wp\/v2\/product\/6961","targetHints":{"allow":["GET"]}}],"collection":[{"href":"https:\/\/programme.capitalofdemocracy.eu\/ca\/wp-json\/wp\/v2\/product"}],"about":[{"href":"https:\/\/programme.capitalofdemocracy.eu\/ca\/wp-json\/wp\/v2\/types\/product"}],"wp:featuredmedia":[{"embeddable":true,"href":"https:\/\/programme.capitalofdemocracy.eu\/ca\/wp-json\/wp\/v2\/media\/6967"}],"wp:attachment":[{"href":"https:\/\/programme.capitalofdemocracy.eu\/ca\/wp-json\/wp\/v2\/media?parent=6961"}],"wp:term":[{"taxonomy":"ecod-events-districts","embeddable":true,"href":"https:\/\/programme.capitalofdemocracy.eu\/ca\/wp-json\/wp\/v2\/ecod-events-districts?post=6961"},{"taxonomy":"ecod-events-organizers","embeddable":true,"href":"https:\/\/programme.capitalofdemocracy.eu\/ca\/wp-json\/wp\/v2\/ecod-events-organizers?post=6961"},{"taxonomy":"product_cat","embeddable":true,"href":"https:\/\/programme.capitalofdemocracy.eu\/ca\/wp-json\/wp\/v2\/product_cat?post=6961"},{"taxonomy":"product_tag","embeddable":true,"href":"https:\/\/programme.capitalofdemocracy.eu\/ca\/wp-json\/wp\/v2\/product_tag?post=6961"}],"curies":[{"name":"wp","href":"https:\/\/api.w.org\/{rel}","templated":true}]}}