{"id":7006,"date":"2024-02-05T17:33:25","date_gmt":"2024-02-05T16:33:25","guid":{"rendered":"https:\/\/programme.capitalofdemocracy.eu\/produkt\/the-annual-innovation-in-politics-awards\/"},"modified":"2024-05-04T07:07:00","modified_gmt":"2024-05-04T05:07:00","slug":"the-annual-innovation-in-politics-awards","status":"publish","type":"product","link":"https:\/\/programme.capitalofdemocracy.eu\/ca\/produkt\/the-annual-innovation-in-politics-awards\/","title":{"rendered":"The annual Innovation in Politics Awards"},"content":{"rendered":"","protected":false},"excerpt":{"rendered":"<p>Els Premis Anuals a la Innovaci\u00f3 en Pol\u00edtica reconeixen a pol\u00edtics creatius de tota Europa que estan obrint nous camins amb solucions innovadores pels reptes actuals. Els premis s&#8217;atorguen a aquells pol\u00edtics en reconeixement als seus projectes exemplars basats en els valors europeus d&#8217;equilibri social, democr\u00e0cia i drets humans, independentment de la seva afiliaci\u00f3 partidista o nivell de govern.<\/p>\n<p>Cada any, un jurat ciutad\u00e0 format per m\u00e9s de 1.000 europeus avalua tots els projectes per determinar els finalistes i guanyadors en les categories dels premis: democr\u00e0cia, protecci\u00f3 del clima, tecnologies democr\u00e0tiques, millora del govern, cohesi\u00f3 social, desenvolupament local, educaci\u00f3 i innovaci\u00f3 partidista.<\/p>\n<h5><strong>Els finalistes<\/strong><\/h5>\n<p>The Innovation in Politics Institute ha donat a con\u00e8ixer els projectes finalistes dels premis&nbsp;<em>Innovation in Politics Awards<\/em>, que des de l\u2019any 2017 reconeixen iniciatives p\u00fabliques valentes i creatives de tota Europa que impacten positivament en la vida de les persones i enforteixen la democr\u00e0cia.<strong> Dos projectes impulsats per l\u2019Ajuntament de Barcelona, B-MINCOME, i les cooperatives d\u2019habitatge, en s\u00f3n finalistes<\/strong>. Per una banda, el projecte B-MINCOME de lluita integral contra la pobresa que combina suport financer amb pol\u00edtiques actives d\u2019inclusi\u00f3 sociolaboral \u00e9s finalista en la categoria de Desenvolupament Local, mentre que l\u2019altre projecte finalista, les cooperatives d\u2019habitatge, projecte pioner de foment de l\u2019habitatge cooperatiu en cessi\u00f3 d\u2019\u00fas, i que ha estat impulsat per l\u2019Ajuntament de Barcelona amb l\u2019entitat Sostre C\u00edvic, ho \u00e9s en la categoria de Cohesi\u00f3 Social. S\u2019hi han presentat un total de 334 projectes, procedents de 26 pa\u00efsos, 70 dels quals han arribat a la final.<\/p>\n<p>El jurat ciutad\u00e0, composat per m\u00e9s d\u2019un miler de ciutadans de tota Europa, ha destacat aquests projectes en base a criteris d\u2019innovaci\u00f3, sostenibilitat i impacte.<\/p>\n<p><a target=\"_blank\" href=\"https:\/\/innovationinpolitics.eu\/press-release\/discover-the-finalists-of-the-innovation-in-politics-awards-2024\/\" rel=\"noopener\">Consulta aqu\u00ed la llista de finalistes<\/a><\/p>\n<p>Els projectes guanyadors s\u2019anunciaran a la <strong>gala internacional que tindr\u00e0 lloc el dia 2 de maig al Museu Mar\u00edtim de Barcelona de 20.30 h a 23.00 h, en el marc de la Capital Europea de la Democr\u00e0cia<\/strong>. Aix\u00ed<strong>, <\/strong>es donaran a con\u00e8ixer els guanyadors de cadascuna de les set categories dels premis i se&#8217;ls lliurar\u00e0 els seus trofeus en una vetllada festiva amb menjar per al pensament (i per al de l&#8217;altre tipus), m\u00fasica i entreteniment.<\/p>\n<p>Cada any, m\u00e9s de 500 l\u00edders de la pol\u00edtica, la societat civil i el m\u00f3n empresarial d&#8217;arreu d&#8217;Europa es reuneixen per saludar-se i con\u00e8ixer els seus iguals m\u00e9s enll\u00e0 de les fronteres i les l\u00ednies partidistes per recon\u00e8ixer les iniciatives exemplars. Si voleu unir-vos a nosaltres per celebrar la innovaci\u00f3 en pol\u00edtica.<\/p>\n<p><strong>L&#8217;acte \u00e9s presencial i gratu\u00eft.<\/strong><\/p>\n<p><a target=\"_blank\" href=\"https:\/\/awards.innovationinpolitics.eu\/\" rel=\"noopener\">Informaci\u00f3 i reserva d&#8217;entrades aqu\u00ed<\/a><\/p>\n<p><\/p>\n<div class=\"editor-content-image\" data-image=\"\"><img decoding=\"async\" src=\"https:\/\/capitalofdemocracy.barcelona\/rails\/active_storage\/blobs\/redirect\/eyJfcmFpbHMiOnsibWVzc2FnZSI6IkJBaHBBaElDIiwiZXhwIjpudWxsLCJwdXIiOiJibG9iX2lkIn19--415cd313be96a198f889eb5179c915a8c1f93212\/21-IPA-Logo-inverted.png\" alt=\"\" width=\"121\"><\/div>\n","protected":false},"featured_media":9174,"template":"","meta":{"_acf_changed":false,"inline_featured_image":false},"ecod-events-districts":[],"ecod-events-organizers":[256,223],"product_cat":[228,227],"product_tag":[],"class_list":{"0":"post-7006","1":"product","2":"type-product","3":"status-publish","4":"has-post-thumbnail","6":"ecod-events-organizers-city-of-barcelona-ca","7":"ecod-events-organizers-city-of-barcelona","8":"product_cat-local-ca","9":"product_cat-local","11":"first","12":"instock","13":"shipping-taxable","14":"product-type-simple"},"acf":[],"yoast_head":"<!-- This site is optimized with the Yoast SEO plugin v22.0 - https:\/\/yoast.com\/wordpress\/plugins\/seo\/ -->\n<title>The annual Innovation in Politics Awards - ECoD - European Capital of Democracy<\/title>\n<meta name=\"robots\" content=\"noindex, follow, max-snippet:-1, max-image-preview:large, max-video-preview:-1\" \/>\n<meta property=\"og:locale\" content=\"ca_ES\" \/>\n<meta property=\"og:type\" content=\"article\" \/>\n<meta property=\"og:title\" content=\"The annual Innovation in Politics Awards - ECoD - European Capital of Democracy\" \/>\n<meta property=\"og:description\" content=\"Els Premis Anuals a la Innovaci\u00f3 en Pol\u00edtica reconeixen a pol\u00edtics creatius de tota Europa que estan obrint nous camins amb solucions innovadores pels reptes actuals. Els premis s&#039;atorguen a aquells pol\u00edtics en reconeixement als seus projectes exemplars basats en els valors europeus d&#039;equilibri social, democr\u00e0cia i drets humans, independentment de la seva afiliaci\u00f3 partidista o nivell de govern.Cada any, un jurat ciutad\u00e0 format per m\u00e9s de 1.000 europeus avalua tots els projectes per determinar els finalistes i guanyadors en les categories dels premis: democr\u00e0cia, protecci\u00f3 del clima, tecnologies democr\u00e0tiques, millora del govern, cohesi\u00f3 social, desenvolupament local, educaci\u00f3 i innovaci\u00f3 partidista.Els finalistesThe Innovation in Politics Institute ha donat a con\u00e8ixer els projectes finalistes dels premis&nbsp;Innovation in Politics Awards, que des de l\u2019any 2017 reconeixen iniciatives p\u00fabliques valentes i creatives de tota Europa que impacten positivament en la vida de les persones i enforteixen la democr\u00e0cia. Dos projectes impulsats per l\u2019Ajuntament de Barcelona, B-MINCOME, i les cooperatives d\u2019habitatge, en s\u00f3n finalistes. Per una banda, el projecte B-MINCOME de lluita integral contra la pobresa que combina suport financer amb pol\u00edtiques actives d\u2019inclusi\u00f3 sociolaboral \u00e9s finalista en la categoria de Desenvolupament Local, mentre que l\u2019altre projecte finalista, les cooperatives d\u2019habitatge, projecte pioner de foment de l\u2019habitatge cooperatiu en cessi\u00f3 d\u2019\u00fas, i que ha estat impulsat per l\u2019Ajuntament de Barcelona amb l\u2019entitat Sostre C\u00edvic, ho \u00e9s en la categoria de Cohesi\u00f3 Social. S\u2019hi han presentat un total de 334 projectes, procedents de 26 pa\u00efsos, 70 dels quals han arribat a la final.El jurat ciutad\u00e0, composat per m\u00e9s d\u2019un miler de ciutadans de tota Europa, ha destacat aquests projectes en base a criteris d\u2019innovaci\u00f3, sostenibilitat i impacte.Consulta aqu\u00ed la llista de finalistesEls projectes guanyadors s\u2019anunciaran a la gala internacional que tindr\u00e0 lloc el dia 2 de maig al Museu Mar\u00edtim de Barcelona de 20.30 h a 23.00 h, en el marc de la Capital Europea de la Democr\u00e0cia. Aix\u00ed, es donaran a con\u00e8ixer els guanyadors de cadascuna de les set categories dels premis i se&#039;ls lliurar\u00e0 els seus trofeus en una vetllada festiva amb menjar per al pensament (i per al de l&#039;altre tipus), m\u00fasica i entreteniment.Cada any, m\u00e9s de 500 l\u00edders de la pol\u00edtica, la societat civil i el m\u00f3n empresarial d&#039;arreu d&#039;Europa es reuneixen per saludar-se i con\u00e8ixer els seus iguals m\u00e9s enll\u00e0 de les fronteres i les l\u00ednies partidistes per recon\u00e8ixer les iniciatives exemplars. Si voleu unir-vos a nosaltres per celebrar la innovaci\u00f3 en pol\u00edtica.L&#039;acte \u00e9s presencial i gratu\u00eft.Informaci\u00f3 i reserva d&#039;entrades aqu\u00ed\" \/>\n<meta property=\"og:url\" content=\"https:\/\/programme.capitalofdemocracy.eu\/produkt\/the-annual-innovation-in-politics-awards-2\/\" \/>\n<meta property=\"og:site_name\" content=\"ECoD - European Capital of Democracy\" \/>\n<meta property=\"article:modified_time\" content=\"2024-05-04T05:07:00+00:00\" \/>\n<meta property=\"og:image\" content=\"https:\/\/programme.capitalofdemocracy.eu\/wp-content\/uploads\/Image_Awards.jpg\" \/>\n\t<meta property=\"og:image:width\" content=\"1\" \/>\n\t<meta property=\"og:image:height\" content=\"1\" \/>\n\t<meta property=\"og:image:type\" content=\"image\/jpeg\" \/>\n<meta name=\"twitter:card\" content=\"summary_large_image\" \/>\n<script type=\"application\/ld+json\" class=\"yoast-schema-graph\">{\"@context\":\"https:\/\/schema.org\",\"@graph\":[{\"@type\":\"WebPage\",\"@id\":\"https:\/\/programme.capitalofdemocracy.eu\/produkt\/the-annual-innovation-in-politics-awards-2\/\",\"url\":\"https:\/\/programme.capitalofdemocracy.eu\/produkt\/the-annual-innovation-in-politics-awards-2\/\",\"name\":\"The annual Innovation in Politics Awards - ECoD - European Capital of Democracy\",\"isPartOf\":{\"@id\":\"https:\/\/programme.capitalofdemocracy.eu\/es\/#website\"},\"datePublished\":\"2024-02-05T16:33:25+00:00\",\"dateModified\":\"2024-05-04T05:07:00+00:00\",\"breadcrumb\":{\"@id\":\"https:\/\/programme.capitalofdemocracy.eu\/produkt\/the-annual-innovation-in-politics-awards-2\/#breadcrumb\"},\"inLanguage\":\"ca\",\"potentialAction\":[{\"@type\":\"ReadAction\",\"target\":[\"https:\/\/programme.capitalofdemocracy.eu\/produkt\/the-annual-innovation-in-politics-awards-2\/\"]}]},{\"@type\":\"BreadcrumbList\",\"@id\":\"https:\/\/programme.capitalofdemocracy.eu\/produkt\/the-annual-innovation-in-politics-awards-2\/#breadcrumb\",\"itemListElement\":[{\"@type\":\"ListItem\",\"position\":1,\"name\":\"Startseite\",\"item\":\"https:\/\/programme.capitalofdemocracy.eu\/ca\/startseite\/\"},{\"@type\":\"ListItem\",\"position\":2,\"name\":\"Shop\",\"item\":\"https:\/\/programme.capitalofdemocracy.eu\/shop\/\"},{\"@type\":\"ListItem\",\"position\":3,\"name\":\"The annual Innovation in Politics Awards\"}]},{\"@type\":\"WebSite\",\"@id\":\"https:\/\/programme.capitalofdemocracy.eu\/es\/#website\",\"url\":\"https:\/\/programme.capitalofdemocracy.eu\/es\/\",\"name\":\"ECoD - European Capital of Democracy\",\"description\":\"Barcelona, 2023-2024\",\"potentialAction\":[{\"@type\":\"SearchAction\",\"target\":{\"@type\":\"EntryPoint\",\"urlTemplate\":\"https:\/\/programme.capitalofdemocracy.eu\/es\/?s={search_term_string}\"},\"query-input\":\"required name=search_term_string\"}],\"inLanguage\":\"ca\"}]}<\/script>\n<!-- \/ Yoast SEO plugin. -->","yoast_head_json":{"title":"The annual Innovation in Politics Awards - ECoD - European Capital of Democracy","robots":{"index":"noindex","follow":"follow","max-snippet":"max-snippet:-1","max-image-preview":"max-image-preview:large","max-video-preview":"max-video-preview:-1"},"og_locale":"ca_ES","og_type":"article","og_title":"The annual Innovation in Politics Awards - ECoD - European Capital of Democracy","og_description":"Els Premis Anuals a la Innovaci\u00f3 en Pol\u00edtica reconeixen a pol\u00edtics creatius de tota Europa que estan obrint nous camins amb solucions innovadores pels reptes actuals. Els premis s'atorguen a aquells pol\u00edtics en reconeixement als seus projectes exemplars basats en els valors europeus d'equilibri social, democr\u00e0cia i drets humans, independentment de la seva afiliaci\u00f3 partidista o nivell de govern.Cada any, un jurat ciutad\u00e0 format per m\u00e9s de 1.000 europeus avalua tots els projectes per determinar els finalistes i guanyadors en les categories dels premis: democr\u00e0cia, protecci\u00f3 del clima, tecnologies democr\u00e0tiques, millora del govern, cohesi\u00f3 social, desenvolupament local, educaci\u00f3 i innovaci\u00f3 partidista.Els finalistesThe Innovation in Politics Institute ha donat a con\u00e8ixer els projectes finalistes dels premis&nbsp;Innovation in Politics Awards, que des de l\u2019any 2017 reconeixen iniciatives p\u00fabliques valentes i creatives de tota Europa que impacten positivament en la vida de les persones i enforteixen la democr\u00e0cia. Dos projectes impulsats per l\u2019Ajuntament de Barcelona, B-MINCOME, i les cooperatives d\u2019habitatge, en s\u00f3n finalistes. Per una banda, el projecte B-MINCOME de lluita integral contra la pobresa que combina suport financer amb pol\u00edtiques actives d\u2019inclusi\u00f3 sociolaboral \u00e9s finalista en la categoria de Desenvolupament Local, mentre que l\u2019altre projecte finalista, les cooperatives d\u2019habitatge, projecte pioner de foment de l\u2019habitatge cooperatiu en cessi\u00f3 d\u2019\u00fas, i que ha estat impulsat per l\u2019Ajuntament de Barcelona amb l\u2019entitat Sostre C\u00edvic, ho \u00e9s en la categoria de Cohesi\u00f3 Social. S\u2019hi han presentat un total de 334 projectes, procedents de 26 pa\u00efsos, 70 dels quals han arribat a la final.El jurat ciutad\u00e0, composat per m\u00e9s d\u2019un miler de ciutadans de tota Europa, ha destacat aquests projectes en base a criteris d\u2019innovaci\u00f3, sostenibilitat i impacte.Consulta aqu\u00ed la llista de finalistesEls projectes guanyadors s\u2019anunciaran a la gala internacional que tindr\u00e0 lloc el dia 2 de maig al Museu Mar\u00edtim de Barcelona de 20.30 h a 23.00 h, en el marc de la Capital Europea de la Democr\u00e0cia. Aix\u00ed, es donaran a con\u00e8ixer els guanyadors de cadascuna de les set categories dels premis i se'ls lliurar\u00e0 els seus trofeus en una vetllada festiva amb menjar per al pensament (i per al de l'altre tipus), m\u00fasica i entreteniment.Cada any, m\u00e9s de 500 l\u00edders de la pol\u00edtica, la societat civil i el m\u00f3n empresarial d'arreu d'Europa es reuneixen per saludar-se i con\u00e8ixer els seus iguals m\u00e9s enll\u00e0 de les fronteres i les l\u00ednies partidistes per recon\u00e8ixer les iniciatives exemplars. Si voleu unir-vos a nosaltres per celebrar la innovaci\u00f3 en pol\u00edtica.L'acte \u00e9s presencial i gratu\u00eft.Informaci\u00f3 i reserva d'entrades aqu\u00ed","og_url":"https:\/\/programme.capitalofdemocracy.eu\/produkt\/the-annual-innovation-in-politics-awards-2\/","og_site_name":"ECoD - European Capital of Democracy","article_modified_time":"2024-05-04T05:07:00+00:00","og_image":[{"url":"https:\/\/programme.capitalofdemocracy.eu\/wp-content\/uploads\/Image_Awards.jpg","width":1,"height":1,"type":"image\/jpeg"}],"twitter_card":"summary_large_image","schema":{"@context":"https:\/\/schema.org","@graph":[{"@type":"WebPage","@id":"https:\/\/programme.capitalofdemocracy.eu\/produkt\/the-annual-innovation-in-politics-awards-2\/","url":"https:\/\/programme.capitalofdemocracy.eu\/produkt\/the-annual-innovation-in-politics-awards-2\/","name":"The annual Innovation in Politics Awards - ECoD - European Capital of Democracy","isPartOf":{"@id":"https:\/\/programme.capitalofdemocracy.eu\/es\/#website"},"datePublished":"2024-02-05T16:33:25+00:00","dateModified":"2024-05-04T05:07:00+00:00","breadcrumb":{"@id":"https:\/\/programme.capitalofdemocracy.eu\/produkt\/the-annual-innovation-in-politics-awards-2\/#breadcrumb"},"inLanguage":"ca","potentialAction":[{"@type":"ReadAction","target":["https:\/\/programme.capitalofdemocracy.eu\/produkt\/the-annual-innovation-in-politics-awards-2\/"]}]},{"@type":"BreadcrumbList","@id":"https:\/\/programme.capitalofdemocracy.eu\/produkt\/the-annual-innovation-in-politics-awards-2\/#breadcrumb","itemListElement":[{"@type":"ListItem","position":1,"name":"Startseite","item":"https:\/\/programme.capitalofdemocracy.eu\/ca\/startseite\/"},{"@type":"ListItem","position":2,"name":"Shop","item":"https:\/\/programme.capitalofdemocracy.eu\/shop\/"},{"@type":"ListItem","position":3,"name":"The annual Innovation in Politics Awards"}]},{"@type":"WebSite","@id":"https:\/\/programme.capitalofdemocracy.eu\/es\/#website","url":"https:\/\/programme.capitalofdemocracy.eu\/es\/","name":"ECoD - European Capital of Democracy","description":"Barcelona, 2023-2024","potentialAction":[{"@type":"SearchAction","target":{"@type":"EntryPoint","urlTemplate":"https:\/\/programme.capitalofdemocracy.eu\/es\/?s={search_term_string}"},"query-input":"required name=search_term_string"}],"inLanguage":"ca"}]}},"_links":{"self":[{"href":"https:\/\/programme.capitalofdemocracy.eu\/ca\/wp-json\/wp\/v2\/product\/7006","targetHints":{"allow":["GET"]}}],"collection":[{"href":"https:\/\/programme.capitalofdemocracy.eu\/ca\/wp-json\/wp\/v2\/product"}],"about":[{"href":"https:\/\/programme.capitalofdemocracy.eu\/ca\/wp-json\/wp\/v2\/types\/product"}],"wp:featuredmedia":[{"embeddable":true,"href":"https:\/\/programme.capitalofdemocracy.eu\/ca\/wp-json\/wp\/v2\/media\/9174"}],"wp:attachment":[{"href":"https:\/\/programme.capitalofdemocracy.eu\/ca\/wp-json\/wp\/v2\/media?parent=7006"}],"wp:term":[{"taxonomy":"ecod-events-districts","embeddable":true,"href":"https:\/\/programme.capitalofdemocracy.eu\/ca\/wp-json\/wp\/v2\/ecod-events-districts?post=7006"},{"taxonomy":"ecod-events-organizers","embeddable":true,"href":"https:\/\/programme.capitalofdemocracy.eu\/ca\/wp-json\/wp\/v2\/ecod-events-organizers?post=7006"},{"taxonomy":"product_cat","embeddable":true,"href":"https:\/\/programme.capitalofdemocracy.eu\/ca\/wp-json\/wp\/v2\/product_cat?post=7006"},{"taxonomy":"product_tag","embeddable":true,"href":"https:\/\/programme.capitalofdemocracy.eu\/ca\/wp-json\/wp\/v2\/product_tag?post=7006"}],"curies":[{"name":"wp","href":"https:\/\/api.w.org\/{rel}","templated":true}]}}