{"id":7021,"date":"2024-02-05T17:34:03","date_gmt":"2024-02-05T16:34:03","guid":{"rendered":"https:\/\/programme.capitalofdemocracy.eu\/produkt\/truth-lies-democracy-game-jam\/"},"modified":"2024-04-30T05:05:14","modified_gmt":"2024-04-30T03:05:14","slug":"truth-lies-democracy-game-jam","status":"publish","type":"product","link":"https:\/\/programme.capitalofdemocracy.eu\/ca\/produkt\/truth-lies-democracy-game-jam\/","title":{"rendered":"Truth, Lies &amp; Democracy Game Jam"},"content":{"rendered":"","protected":false},"excerpt":{"rendered":"<p>Truth, Lies &amp; Democracy \u00e9s una&nbsp;<em>game jam<\/em>&nbsp;activista que aplega la comunitat de jugadors europeus per defensar la democr\u00e0cia i combatre les not\u00edcies falses.<\/p>\n<p>Tres equips locals i fins a quatre europeus participaran en una&nbsp;<em>game jam<\/em>&nbsp;de 3 dies del 17 al 19 de maig al Can\u00f2drom &#8211; Ateneu d&#8217;Innovaci\u00f3 Digital i Democr\u00e0tica per desenvolupar videojocs i propostes interactives centrades en les not\u00edcies falses. Professionals reconeguts de les ind\u00fastries de jocs, tecnologia, pol\u00edtica i comunicaci\u00f3 oferiran xerrades i mentoratge.<\/p>\n<p><strong>La iniciativa pret\u00e9n educar els jugadors sobre els mecanismes de presa de decisions democr\u00e0tiques, la desinformaci\u00f3, les&nbsp;<\/strong><em><strong>fake news<\/strong><\/em><strong>, la privacitat i l&#8217;impacte de les noves tecnologies a la societat.<\/strong>&nbsp;Les not\u00edcies falses representen una amena\u00e7a per la democr\u00e0cia al minvar la fe en les eleccions, fomentar la desconfian\u00e7a, minimitzar la confian\u00e7a en el periodisme i erosionar la confian\u00e7a en el govern.<\/p>\n<p>Europa compta amb 4.900 estudis de jocs, 200 distribu\u00efdors de jocs i 386 milions de jugadors i el projecte destaca el paper dels jocs en la promoci\u00f3 dels valors europeus i la democr\u00e0cia. Situa els videojocs com un mitj\u00e0 per a les noves generacions d&#8217;expressar com les democr\u00e0cies han d&#8217;adaptar-se als canvis culturals i pol\u00edtics en evoluci\u00f3.<\/p>\n<p>Truth, Lies &amp; Democracy est\u00e0 comissariada per&nbsp;<a target=\"_blank\" href=\"https:\/\/arsgames.net\/truth-lies-democracy-convocatoria\/\" rel=\"noopener noreferrer\"><strong>ArsGames<\/strong><\/a><strong>&nbsp;i&nbsp;Mar\u00eda Luj\u00e1n Oulton<\/strong>, amb el suport de&nbsp;<em>partners&nbsp;<\/em>locals i internacionals com s\u00f3n:&nbsp;<strong>Gameloft BCN, GameBCN, IndieDevDay, DeviCat, Nimble Giant Entertainment, ENTI-UB, CITM-UPC, UPF, ENTI-UB, Fundaci\u00f3 Maldita.es i Verificat<\/strong>.<\/p>\n<p><a target=\"_blank\" href=\"https:\/\/capitalofdemocracy.barcelona\/conferences\/truthlies\/f\/13\/meetings\/3\" rel=\"noopener noreferrer\">M\u00e9s informaci\u00f3 i inscripcions<\/a><\/p>\n","protected":false},"author":5,"featured_media":9067,"template":"","meta":{"_acf_changed":false,"inline_featured_image":false},"ecod-events-districts":[],"ecod-events-organizers":[256,223],"product_cat":[226,228,227,279],"product_tag":[],"class_list":{"0":"post-7021","1":"product","2":"type-product","3":"status-publish","4":"has-post-thumbnail","6":"ecod-events-organizers-city-of-barcelona-ca","7":"ecod-events-organizers-city-of-barcelona","8":"product_cat-internacional-ca","9":"product_cat-local-ca","10":"product_cat-local","11":"product_cat-ecod_highlight-ca","13":"first","14":"instock","15":"shipping-taxable","16":"product-type-simple"},"acf":[],"yoast_head":"<!-- This site is optimized with the Yoast SEO plugin v22.0 - https:\/\/yoast.com\/wordpress\/plugins\/seo\/ -->\n<title>Truth, Lies &amp; Democracy Game Jam - ECoD - European Capital of Democracy<\/title>\n<meta name=\"robots\" content=\"noindex, follow, max-snippet:-1, max-image-preview:large, max-video-preview:-1\" \/>\n<meta property=\"og:locale\" content=\"ca_ES\" \/>\n<meta property=\"og:type\" content=\"article\" \/>\n<meta property=\"og:title\" content=\"Truth, Lies &amp; Democracy Game Jam - ECoD - European Capital of Democracy\" \/>\n<meta property=\"og:description\" content=\"Truth, Lies &amp; Democracy \u00e9s una&nbsp;game jam&nbsp;activista que aplega la comunitat de jugadors europeus per defensar la democr\u00e0cia i combatre les not\u00edcies falses.Tres equips locals i fins a quatre europeus participaran en una&nbsp;game jam&nbsp;de 3 dies del 17 al 19 de maig al Can\u00f2drom - Ateneu d&#039;Innovaci\u00f3 Digital i Democr\u00e0tica per desenvolupar videojocs i propostes interactives centrades en les not\u00edcies falses. Professionals reconeguts de les ind\u00fastries de jocs, tecnologia, pol\u00edtica i comunicaci\u00f3 oferiran xerrades i mentoratge.La iniciativa pret\u00e9n educar els jugadors sobre els mecanismes de presa de decisions democr\u00e0tiques, la desinformaci\u00f3, les&nbsp;fake news, la privacitat i l&#039;impacte de les noves tecnologies a la societat.&nbsp;Les not\u00edcies falses representen una amena\u00e7a per la democr\u00e0cia al minvar la fe en les eleccions, fomentar la desconfian\u00e7a, minimitzar la confian\u00e7a en el periodisme i erosionar la confian\u00e7a en el govern.Europa compta amb 4.900 estudis de jocs, 200 distribu\u00efdors de jocs i 386 milions de jugadors i el projecte destaca el paper dels jocs en la promoci\u00f3 dels valors europeus i la democr\u00e0cia. Situa els videojocs com un mitj\u00e0 per a les noves generacions d&#039;expressar com les democr\u00e0cies han d&#039;adaptar-se als canvis culturals i pol\u00edtics en evoluci\u00f3.Truth, Lies &amp; Democracy est\u00e0 comissariada per&nbsp;ArsGames&nbsp;i&nbsp;Mar\u00eda Luj\u00e1n Oulton, amb el suport de&nbsp;partners&nbsp;locals i internacionals com s\u00f3n:&nbsp;Gameloft BCN, GameBCN, IndieDevDay, DeviCat, Nimble Giant Entertainment, ENTI-UB, CITM-UPC, UPF, ENTI-UB, Fundaci\u00f3 Maldita.es i Verificat.M\u00e9s informaci\u00f3 i inscripcions\" \/>\n<meta property=\"og:url\" content=\"https:\/\/programme.capitalofdemocracy.eu\/produkt\/truth-lies-democracy-game-jam-2\/\" \/>\n<meta property=\"og:site_name\" content=\"ECoD - European Capital of Democracy\" \/>\n<meta property=\"article:modified_time\" content=\"2024-04-30T03:05:14+00:00\" \/>\n<meta property=\"og:image\" content=\"https:\/\/programme.capitalofdemocracy.eu\/wp-content\/uploads\/Captura%20de%20pantalla%202024-01-31%20153419.png\" \/>\n\t<meta property=\"og:image:width\" content=\"1\" \/>\n\t<meta property=\"og:image:height\" content=\"1\" \/>\n\t<meta property=\"og:image:type\" content=\"image\/png\" \/>\n<meta name=\"twitter:card\" content=\"summary_large_image\" \/>\n<script type=\"application\/ld+json\" class=\"yoast-schema-graph\">{\"@context\":\"https:\/\/schema.org\",\"@graph\":[{\"@type\":\"WebPage\",\"@id\":\"https:\/\/programme.capitalofdemocracy.eu\/produkt\/truth-lies-democracy-game-jam-2\/\",\"url\":\"https:\/\/programme.capitalofdemocracy.eu\/produkt\/truth-lies-democracy-game-jam-2\/\",\"name\":\"Truth, Lies &amp; Democracy Game Jam - ECoD - European Capital of Democracy\",\"isPartOf\":{\"@id\":\"https:\/\/programme.capitalofdemocracy.eu\/es\/#website\"},\"datePublished\":\"2024-02-05T16:34:03+00:00\",\"dateModified\":\"2024-04-30T03:05:14+00:00\",\"breadcrumb\":{\"@id\":\"https:\/\/programme.capitalofdemocracy.eu\/produkt\/truth-lies-democracy-game-jam-2\/#breadcrumb\"},\"inLanguage\":\"ca\",\"potentialAction\":[{\"@type\":\"ReadAction\",\"target\":[\"https:\/\/programme.capitalofdemocracy.eu\/produkt\/truth-lies-democracy-game-jam-2\/\"]}]},{\"@type\":\"BreadcrumbList\",\"@id\":\"https:\/\/programme.capitalofdemocracy.eu\/produkt\/truth-lies-democracy-game-jam-2\/#breadcrumb\",\"itemListElement\":[{\"@type\":\"ListItem\",\"position\":1,\"name\":\"Startseite\",\"item\":\"https:\/\/programme.capitalofdemocracy.eu\/ca\/startseite\/\"},{\"@type\":\"ListItem\",\"position\":2,\"name\":\"Shop\",\"item\":\"https:\/\/programme.capitalofdemocracy.eu\/shop\/\"},{\"@type\":\"ListItem\",\"position\":3,\"name\":\"Truth, Lies &amp; Democracy Game Jam\"}]},{\"@type\":\"WebSite\",\"@id\":\"https:\/\/programme.capitalofdemocracy.eu\/es\/#website\",\"url\":\"https:\/\/programme.capitalofdemocracy.eu\/es\/\",\"name\":\"ECoD - European Capital of Democracy\",\"description\":\"Barcelona, 2023-2024\",\"potentialAction\":[{\"@type\":\"SearchAction\",\"target\":{\"@type\":\"EntryPoint\",\"urlTemplate\":\"https:\/\/programme.capitalofdemocracy.eu\/es\/?s={search_term_string}\"},\"query-input\":\"required name=search_term_string\"}],\"inLanguage\":\"ca\"}]}<\/script>\n<!-- \/ Yoast SEO plugin. -->","yoast_head_json":{"title":"Truth, Lies &amp; Democracy Game Jam - ECoD - European Capital of Democracy","robots":{"index":"noindex","follow":"follow","max-snippet":"max-snippet:-1","max-image-preview":"max-image-preview:large","max-video-preview":"max-video-preview:-1"},"og_locale":"ca_ES","og_type":"article","og_title":"Truth, Lies &amp; Democracy Game Jam - ECoD - European Capital of Democracy","og_description":"Truth, Lies &amp; Democracy \u00e9s una&nbsp;game jam&nbsp;activista que aplega la comunitat de jugadors europeus per defensar la democr\u00e0cia i combatre les not\u00edcies falses.Tres equips locals i fins a quatre europeus participaran en una&nbsp;game jam&nbsp;de 3 dies del 17 al 19 de maig al Can\u00f2drom - Ateneu d'Innovaci\u00f3 Digital i Democr\u00e0tica per desenvolupar videojocs i propostes interactives centrades en les not\u00edcies falses. Professionals reconeguts de les ind\u00fastries de jocs, tecnologia, pol\u00edtica i comunicaci\u00f3 oferiran xerrades i mentoratge.La iniciativa pret\u00e9n educar els jugadors sobre els mecanismes de presa de decisions democr\u00e0tiques, la desinformaci\u00f3, les&nbsp;fake news, la privacitat i l'impacte de les noves tecnologies a la societat.&nbsp;Les not\u00edcies falses representen una amena\u00e7a per la democr\u00e0cia al minvar la fe en les eleccions, fomentar la desconfian\u00e7a, minimitzar la confian\u00e7a en el periodisme i erosionar la confian\u00e7a en el govern.Europa compta amb 4.900 estudis de jocs, 200 distribu\u00efdors de jocs i 386 milions de jugadors i el projecte destaca el paper dels jocs en la promoci\u00f3 dels valors europeus i la democr\u00e0cia. Situa els videojocs com un mitj\u00e0 per a les noves generacions d'expressar com les democr\u00e0cies han d'adaptar-se als canvis culturals i pol\u00edtics en evoluci\u00f3.Truth, Lies &amp; Democracy est\u00e0 comissariada per&nbsp;ArsGames&nbsp;i&nbsp;Mar\u00eda Luj\u00e1n Oulton, amb el suport de&nbsp;partners&nbsp;locals i internacionals com s\u00f3n:&nbsp;Gameloft BCN, GameBCN, IndieDevDay, DeviCat, Nimble Giant Entertainment, ENTI-UB, CITM-UPC, UPF, ENTI-UB, Fundaci\u00f3 Maldita.es i Verificat.M\u00e9s informaci\u00f3 i inscripcions","og_url":"https:\/\/programme.capitalofdemocracy.eu\/produkt\/truth-lies-democracy-game-jam-2\/","og_site_name":"ECoD - European Capital of Democracy","article_modified_time":"2024-04-30T03:05:14+00:00","og_image":[{"url":"https:\/\/programme.capitalofdemocracy.eu\/wp-content\/uploads\/Captura%20de%20pantalla%202024-01-31%20153419.png","width":1,"height":1,"type":"image\/png"}],"twitter_card":"summary_large_image","schema":{"@context":"https:\/\/schema.org","@graph":[{"@type":"WebPage","@id":"https:\/\/programme.capitalofdemocracy.eu\/produkt\/truth-lies-democracy-game-jam-2\/","url":"https:\/\/programme.capitalofdemocracy.eu\/produkt\/truth-lies-democracy-game-jam-2\/","name":"Truth, Lies &amp; Democracy Game Jam - ECoD - European Capital of Democracy","isPartOf":{"@id":"https:\/\/programme.capitalofdemocracy.eu\/es\/#website"},"datePublished":"2024-02-05T16:34:03+00:00","dateModified":"2024-04-30T03:05:14+00:00","breadcrumb":{"@id":"https:\/\/programme.capitalofdemocracy.eu\/produkt\/truth-lies-democracy-game-jam-2\/#breadcrumb"},"inLanguage":"ca","potentialAction":[{"@type":"ReadAction","target":["https:\/\/programme.capitalofdemocracy.eu\/produkt\/truth-lies-democracy-game-jam-2\/"]}]},{"@type":"BreadcrumbList","@id":"https:\/\/programme.capitalofdemocracy.eu\/produkt\/truth-lies-democracy-game-jam-2\/#breadcrumb","itemListElement":[{"@type":"ListItem","position":1,"name":"Startseite","item":"https:\/\/programme.capitalofdemocracy.eu\/ca\/startseite\/"},{"@type":"ListItem","position":2,"name":"Shop","item":"https:\/\/programme.capitalofdemocracy.eu\/shop\/"},{"@type":"ListItem","position":3,"name":"Truth, Lies &amp; Democracy Game Jam"}]},{"@type":"WebSite","@id":"https:\/\/programme.capitalofdemocracy.eu\/es\/#website","url":"https:\/\/programme.capitalofdemocracy.eu\/es\/","name":"ECoD - European Capital of Democracy","description":"Barcelona, 2023-2024","potentialAction":[{"@type":"SearchAction","target":{"@type":"EntryPoint","urlTemplate":"https:\/\/programme.capitalofdemocracy.eu\/es\/?s={search_term_string}"},"query-input":"required name=search_term_string"}],"inLanguage":"ca"}]}},"_links":{"self":[{"href":"https:\/\/programme.capitalofdemocracy.eu\/ca\/wp-json\/wp\/v2\/product\/7021","targetHints":{"allow":["GET"]}}],"collection":[{"href":"https:\/\/programme.capitalofdemocracy.eu\/ca\/wp-json\/wp\/v2\/product"}],"about":[{"href":"https:\/\/programme.capitalofdemocracy.eu\/ca\/wp-json\/wp\/v2\/types\/product"}],"author":[{"embeddable":true,"href":"https:\/\/programme.capitalofdemocracy.eu\/ca\/wp-json\/wp\/v2\/users\/5"}],"wp:featuredmedia":[{"embeddable":true,"href":"https:\/\/programme.capitalofdemocracy.eu\/ca\/wp-json\/wp\/v2\/media\/9067"}],"wp:attachment":[{"href":"https:\/\/programme.capitalofdemocracy.eu\/ca\/wp-json\/wp\/v2\/media?parent=7021"}],"wp:term":[{"taxonomy":"ecod-events-districts","embeddable":true,"href":"https:\/\/programme.capitalofdemocracy.eu\/ca\/wp-json\/wp\/v2\/ecod-events-districts?post=7021"},{"taxonomy":"ecod-events-organizers","embeddable":true,"href":"https:\/\/programme.capitalofdemocracy.eu\/ca\/wp-json\/wp\/v2\/ecod-events-organizers?post=7021"},{"taxonomy":"product_cat","embeddable":true,"href":"https:\/\/programme.capitalofdemocracy.eu\/ca\/wp-json\/wp\/v2\/product_cat?post=7021"},{"taxonomy":"product_tag","embeddable":true,"href":"https:\/\/programme.capitalofdemocracy.eu\/ca\/wp-json\/wp\/v2\/product_tag?post=7021"}],"curies":[{"name":"wp","href":"https:\/\/api.w.org\/{rel}","templated":true}]}}