{"id":7051,"date":"2024-02-05T17:34:57","date_gmt":"2024-02-05T16:34:57","guid":{"rendered":"https:\/\/programme.capitalofdemocracy.eu\/produkt\/cimera-europea-dalcaldes-i-alcaldesses-strengthening-democracy-and-the-role-of-cities-in-the-european-union\/"},"modified":"2024-02-08T11:44:20","modified_gmt":"2024-02-08T10:44:20","slug":"cimera-europea-dalcaldes-i-alcaldesses-strengthening-democracy-and-the-role-of-cities-in-the-european-union","status":"publish","type":"product","link":"https:\/\/programme.capitalofdemocracy.eu\/ca\/produkt\/cimera-europea-dalcaldes-i-alcaldesses-strengthening-democracy-and-the-role-of-cities-in-the-european-union\/","title":{"rendered":"Cimera Europea d\u2019alcaldes i alcaldesses: \u2018Strengthening democracy and the role of cities in the European Union\u2019"},"content":{"rendered":"","protected":false},"excerpt":{"rendered":"<p>Donat que Barcelona ostenta el t\u00edtol distingit de primera capital europea de la democr\u00e0cia, es volen promoure les contribucions de les ciutats als valors i la democr\u00e0cia europeus. Durant la Cimera, que se celebra en el marc de l&#8217;Smart City World Congress 2023, els alcaldes i alcaldesses tindran l&#8217;oportunitat de signar una declaraci\u00f3 adre\u00e7ada al Consell Europeu\/Estats membres de la Uni\u00f3 Europea, reconeixent el paper fonamental que tenen les ciutats per afrontar amb efic\u00e0cia els grans reptes. A m\u00e9s, es pret\u00e9n enfortir la relaci\u00f3 institucional entre les ciutats i la Comissi\u00f3 Europea i el Parlament Europeu revisant les col\u00b7laboracions existents i definint nous instruments de governan\u00e7a de la UE dissenyats espec\u00edficament per a les ciutats. Els resultats de la cimera es presentaran a la Presid\u00e8ncia espanyola de la Uni\u00f3 Europea.<\/p>\n<p>La Cimera est\u00e0 organitzada conjuntament per l&#8217;Ajuntament de Barcelona i EUROCITIES, arran de les converses i l&#8217;impuls del ministre espanyol d&#8217;Afers Exteriors, Uni\u00f3 Europea i Cooperaci\u00f3.<\/p>\n<ul>\n<li>7 de novembre: 9.45 &#8211; 19.30 h<\/li>\n<li>8 de novembre: 9.30 &#8211; 18.00 h<\/li>\n<\/ul>\n<p><strong><u>Acte institucional<\/u><\/strong><\/p>\n<p>&nbsp;<\/p>\n<p><img decoding=\"async\" src=\"https:\/\/capitalofdemocracy.barcelona\/rails\/active_storage\/blobs\/redirect\/eyJfcmFpbHMiOnsibWVzc2FnZSI6IkJBaHBBdUVCIiwiZXhwIjpudWxsLCJwdXIiOiJibG9iX2lkIn19--bd10438f3e7a3362e0b93cab5c3cadeba94f18fa\/Logo_Ajuntament%20Barcelona.png\" width=\"160\" \/> <img decoding=\"async\" src=\"https:\/\/capitalofdemocracy.barcelona\/rails\/active_storage\/blobs\/redirect\/eyJfcmFpbHMiOnsibWVzc2FnZSI6IkJBaHBBcGtCIiwiZXhwIjpudWxsLCJwdXIiOiJibG9iX2lkIn19--3377380f0f5a72c2ffc65d32349f2add55f46583\/1._Eurocities-Logo-with_text.png\" width=\"153\" \/><\/p>\n","protected":false},"featured_media":7057,"template":"","meta":{"_acf_changed":false,"inline_featured_image":false},"ecod-events-districts":[],"ecod-events-organizers":[256],"product_cat":[228],"product_tag":[],"class_list":{"0":"post-7051","1":"product","2":"type-product","3":"status-publish","4":"has-post-thumbnail","6":"ecod-events-organizers-city-of-barcelona-ca","7":"product_cat-local-ca","9":"first","10":"instock","11":"shipping-taxable","12":"product-type-simple"},"acf":[],"yoast_head":"<!-- This site is optimized with the Yoast SEO plugin v22.0 - https:\/\/yoast.com\/wordpress\/plugins\/seo\/ -->\n<title>Cimera Europea d\u2019alcaldes i alcaldesses: \u2018Strengthening democracy and the role of cities in the European Union\u2019 - ECoD - European Capital of Democracy<\/title>\n<meta name=\"robots\" content=\"noindex, follow, max-snippet:-1, max-image-preview:large, max-video-preview:-1\" \/>\n<meta property=\"og:locale\" content=\"ca_ES\" \/>\n<meta property=\"og:type\" content=\"article\" \/>\n<meta property=\"og:title\" content=\"Cimera Europea d\u2019alcaldes i alcaldesses: \u2018Strengthening democracy and the role of cities in the European Union\u2019 - ECoD - European Capital of Democracy\" \/>\n<meta property=\"og:description\" content=\"Donat que Barcelona ostenta el t\u00edtol distingit de primera capital europea de la democr\u00e0cia, es volen promoure les contribucions de les ciutats als valors i la democr\u00e0cia europeus. Durant la Cimera, que se celebra en el marc de l&#039;Smart City World Congress 2023, els alcaldes i alcaldesses tindran l&#039;oportunitat de signar una declaraci\u00f3 adre\u00e7ada al Consell Europeu\/Estats membres de la Uni\u00f3 Europea, reconeixent el paper fonamental que tenen les ciutats per afrontar amb efic\u00e0cia els grans reptes. A m\u00e9s, es pret\u00e9n enfortir la relaci\u00f3 institucional entre les ciutats i la Comissi\u00f3 Europea i el Parlament Europeu revisant les col\u00b7laboracions existents i definint nous instruments de governan\u00e7a de la UE dissenyats espec\u00edficament per a les ciutats. Els resultats de la cimera es presentaran a la Presid\u00e8ncia espanyola de la Uni\u00f3 Europea.  La Cimera est\u00e0 organitzada conjuntament per l&#039;Ajuntament de Barcelona i EUROCITIES, arran de les converses i l&#039;impuls del ministre espanyol d&#039;Afers Exteriors, Uni\u00f3 Europea i Cooperaci\u00f3.   7 de novembre: 9.45 - 19.30 h  8 de novembre: 9.30 - 18.00 h  Acte institucional  &nbsp;\" \/>\n<meta property=\"og:url\" content=\"https:\/\/programme.capitalofdemocracy.eu\/ca\/produkt\/cimera-europea-dalcaldes-i-alcaldesses-strengthening-democracy-and-the-role-of-cities-in-the-european-union\/\" \/>\n<meta property=\"og:site_name\" content=\"ECoD - European Capital of Democracy\" \/>\n<meta property=\"article:modified_time\" content=\"2024-02-08T10:44:20+00:00\" \/>\n<meta property=\"og:image\" content=\"https:\/\/programme.capitalofdemocracy.eu\/wp-content\/uploads\/2024\/02\/Captura%20de%20pantalla%202023-11-09%20a%20las%2011.17.02-1024x390.png\" \/>\n\t<meta property=\"og:image:width\" content=\"1024\" \/>\n\t<meta property=\"og:image:height\" content=\"390\" \/>\n\t<meta property=\"og:image:type\" content=\"image\/png\" \/>\n<meta name=\"twitter:card\" content=\"summary_large_image\" \/>\n<script type=\"application\/ld+json\" class=\"yoast-schema-graph\">{\"@context\":\"https:\/\/schema.org\",\"@graph\":[{\"@type\":\"WebPage\",\"@id\":\"https:\/\/programme.capitalofdemocracy.eu\/ca\/produkt\/cimera-europea-dalcaldes-i-alcaldesses-strengthening-democracy-and-the-role-of-cities-in-the-european-union\/\",\"url\":\"https:\/\/programme.capitalofdemocracy.eu\/ca\/produkt\/cimera-europea-dalcaldes-i-alcaldesses-strengthening-democracy-and-the-role-of-cities-in-the-european-union\/\",\"name\":\"Cimera Europea d\u2019alcaldes i alcaldesses: \u2018Strengthening democracy and the role of cities in the European Union\u2019 - ECoD - European Capital of Democracy\",\"isPartOf\":{\"@id\":\"https:\/\/programme.capitalofdemocracy.eu\/es\/#website\"},\"datePublished\":\"2024-02-05T16:34:57+00:00\",\"dateModified\":\"2024-02-08T10:44:20+00:00\",\"breadcrumb\":{\"@id\":\"https:\/\/programme.capitalofdemocracy.eu\/ca\/produkt\/cimera-europea-dalcaldes-i-alcaldesses-strengthening-democracy-and-the-role-of-cities-in-the-european-union\/#breadcrumb\"},\"inLanguage\":\"ca\",\"potentialAction\":[{\"@type\":\"ReadAction\",\"target\":[\"https:\/\/programme.capitalofdemocracy.eu\/ca\/produkt\/cimera-europea-dalcaldes-i-alcaldesses-strengthening-democracy-and-the-role-of-cities-in-the-european-union\/\"]}]},{\"@type\":\"BreadcrumbList\",\"@id\":\"https:\/\/programme.capitalofdemocracy.eu\/ca\/produkt\/cimera-europea-dalcaldes-i-alcaldesses-strengthening-democracy-and-the-role-of-cities-in-the-european-union\/#breadcrumb\",\"itemListElement\":[{\"@type\":\"ListItem\",\"position\":1,\"name\":\"Startseite\",\"item\":\"https:\/\/programme.capitalofdemocracy.eu\/ca\/startseite\/\"},{\"@type\":\"ListItem\",\"position\":2,\"name\":\"Shop\",\"item\":\"https:\/\/programme.capitalofdemocracy.eu\/shop\/\"},{\"@type\":\"ListItem\",\"position\":3,\"name\":\"Cimera Europea d\u2019alcaldes i alcaldesses: \u2018Strengthening democracy and the role of cities in the European Union\u2019\"}]},{\"@type\":\"WebSite\",\"@id\":\"https:\/\/programme.capitalofdemocracy.eu\/es\/#website\",\"url\":\"https:\/\/programme.capitalofdemocracy.eu\/es\/\",\"name\":\"ECoD - European Capital of Democracy\",\"description\":\"Barcelona, 2023-2024\",\"potentialAction\":[{\"@type\":\"SearchAction\",\"target\":{\"@type\":\"EntryPoint\",\"urlTemplate\":\"https:\/\/programme.capitalofdemocracy.eu\/es\/?s={search_term_string}\"},\"query-input\":\"required name=search_term_string\"}],\"inLanguage\":\"ca\"}]}<\/script>\n<!-- \/ Yoast SEO plugin. -->","yoast_head_json":{"title":"Cimera Europea d\u2019alcaldes i alcaldesses: \u2018Strengthening democracy and the role of cities in the European Union\u2019 - ECoD - European Capital of Democracy","robots":{"index":"noindex","follow":"follow","max-snippet":"max-snippet:-1","max-image-preview":"max-image-preview:large","max-video-preview":"max-video-preview:-1"},"og_locale":"ca_ES","og_type":"article","og_title":"Cimera Europea d\u2019alcaldes i alcaldesses: \u2018Strengthening democracy and the role of cities in the European Union\u2019 - ECoD - European Capital of Democracy","og_description":"Donat que Barcelona ostenta el t\u00edtol distingit de primera capital europea de la democr\u00e0cia, es volen promoure les contribucions de les ciutats als valors i la democr\u00e0cia europeus. Durant la Cimera, que se celebra en el marc de l'Smart City World Congress 2023, els alcaldes i alcaldesses tindran l'oportunitat de signar una declaraci\u00f3 adre\u00e7ada al Consell Europeu\/Estats membres de la Uni\u00f3 Europea, reconeixent el paper fonamental que tenen les ciutats per afrontar amb efic\u00e0cia els grans reptes. A m\u00e9s, es pret\u00e9n enfortir la relaci\u00f3 institucional entre les ciutats i la Comissi\u00f3 Europea i el Parlament Europeu revisant les col\u00b7laboracions existents i definint nous instruments de governan\u00e7a de la UE dissenyats espec\u00edficament per a les ciutats. Els resultats de la cimera es presentaran a la Presid\u00e8ncia espanyola de la Uni\u00f3 Europea.  La Cimera est\u00e0 organitzada conjuntament per l'Ajuntament de Barcelona i EUROCITIES, arran de les converses i l'impuls del ministre espanyol d'Afers Exteriors, Uni\u00f3 Europea i Cooperaci\u00f3.   7 de novembre: 9.45 - 19.30 h  8 de novembre: 9.30 - 18.00 h  Acte institucional  &nbsp;","og_url":"https:\/\/programme.capitalofdemocracy.eu\/ca\/produkt\/cimera-europea-dalcaldes-i-alcaldesses-strengthening-democracy-and-the-role-of-cities-in-the-european-union\/","og_site_name":"ECoD - European Capital of Democracy","article_modified_time":"2024-02-08T10:44:20+00:00","og_image":[{"width":1024,"height":390,"url":"https:\/\/programme.capitalofdemocracy.eu\/wp-content\/uploads\/2024\/02\/Captura%20de%20pantalla%202023-11-09%20a%20las%2011.17.02-1024x390.png","type":"image\/png"}],"twitter_card":"summary_large_image","schema":{"@context":"https:\/\/schema.org","@graph":[{"@type":"WebPage","@id":"https:\/\/programme.capitalofdemocracy.eu\/ca\/produkt\/cimera-europea-dalcaldes-i-alcaldesses-strengthening-democracy-and-the-role-of-cities-in-the-european-union\/","url":"https:\/\/programme.capitalofdemocracy.eu\/ca\/produkt\/cimera-europea-dalcaldes-i-alcaldesses-strengthening-democracy-and-the-role-of-cities-in-the-european-union\/","name":"Cimera Europea d\u2019alcaldes i alcaldesses: \u2018Strengthening democracy and the role of cities in the European Union\u2019 - ECoD - European Capital of Democracy","isPartOf":{"@id":"https:\/\/programme.capitalofdemocracy.eu\/es\/#website"},"datePublished":"2024-02-05T16:34:57+00:00","dateModified":"2024-02-08T10:44:20+00:00","breadcrumb":{"@id":"https:\/\/programme.capitalofdemocracy.eu\/ca\/produkt\/cimera-europea-dalcaldes-i-alcaldesses-strengthening-democracy-and-the-role-of-cities-in-the-european-union\/#breadcrumb"},"inLanguage":"ca","potentialAction":[{"@type":"ReadAction","target":["https:\/\/programme.capitalofdemocracy.eu\/ca\/produkt\/cimera-europea-dalcaldes-i-alcaldesses-strengthening-democracy-and-the-role-of-cities-in-the-european-union\/"]}]},{"@type":"BreadcrumbList","@id":"https:\/\/programme.capitalofdemocracy.eu\/ca\/produkt\/cimera-europea-dalcaldes-i-alcaldesses-strengthening-democracy-and-the-role-of-cities-in-the-european-union\/#breadcrumb","itemListElement":[{"@type":"ListItem","position":1,"name":"Startseite","item":"https:\/\/programme.capitalofdemocracy.eu\/ca\/startseite\/"},{"@type":"ListItem","position":2,"name":"Shop","item":"https:\/\/programme.capitalofdemocracy.eu\/shop\/"},{"@type":"ListItem","position":3,"name":"Cimera Europea d\u2019alcaldes i alcaldesses: \u2018Strengthening democracy and the role of cities in the European Union\u2019"}]},{"@type":"WebSite","@id":"https:\/\/programme.capitalofdemocracy.eu\/es\/#website","url":"https:\/\/programme.capitalofdemocracy.eu\/es\/","name":"ECoD - European Capital of Democracy","description":"Barcelona, 2023-2024","potentialAction":[{"@type":"SearchAction","target":{"@type":"EntryPoint","urlTemplate":"https:\/\/programme.capitalofdemocracy.eu\/es\/?s={search_term_string}"},"query-input":"required name=search_term_string"}],"inLanguage":"ca"}]}},"_links":{"self":[{"href":"https:\/\/programme.capitalofdemocracy.eu\/ca\/wp-json\/wp\/v2\/product\/7051","targetHints":{"allow":["GET"]}}],"collection":[{"href":"https:\/\/programme.capitalofdemocracy.eu\/ca\/wp-json\/wp\/v2\/product"}],"about":[{"href":"https:\/\/programme.capitalofdemocracy.eu\/ca\/wp-json\/wp\/v2\/types\/product"}],"wp:featuredmedia":[{"embeddable":true,"href":"https:\/\/programme.capitalofdemocracy.eu\/ca\/wp-json\/wp\/v2\/media\/7057"}],"wp:attachment":[{"href":"https:\/\/programme.capitalofdemocracy.eu\/ca\/wp-json\/wp\/v2\/media?parent=7051"}],"wp:term":[{"taxonomy":"ecod-events-districts","embeddable":true,"href":"https:\/\/programme.capitalofdemocracy.eu\/ca\/wp-json\/wp\/v2\/ecod-events-districts?post=7051"},{"taxonomy":"ecod-events-organizers","embeddable":true,"href":"https:\/\/programme.capitalofdemocracy.eu\/ca\/wp-json\/wp\/v2\/ecod-events-organizers?post=7051"},{"taxonomy":"product_cat","embeddable":true,"href":"https:\/\/programme.capitalofdemocracy.eu\/ca\/wp-json\/wp\/v2\/product_cat?post=7051"},{"taxonomy":"product_tag","embeddable":true,"href":"https:\/\/programme.capitalofdemocracy.eu\/ca\/wp-json\/wp\/v2\/product_tag?post=7051"}],"curies":[{"name":"wp","href":"https:\/\/api.w.org\/{rel}","templated":true}]}}