{"id":7066,"date":"2024-02-05T17:35:31","date_gmt":"2024-02-05T16:35:31","guid":{"rendered":"https:\/\/programme.capitalofdemocracy.eu\/produkt\/jornades-sobre-participacio-i-democracia\/"},"modified":"2024-03-15T04:08:52","modified_gmt":"2024-03-15T03:08:52","slug":"jornades-sobre-participacio-i-democracia","status":"publish","type":"product","link":"https:\/\/programme.capitalofdemocracy.eu\/ca\/produkt\/jornades-sobre-participacio-i-democracia\/","title":{"rendered":"Jornades sobre participaci\u00f3 i democr\u00e0cia"},"content":{"rendered":"","protected":false},"excerpt":{"rendered":"<p>Les jornades<a target=\"_blank\" href=\"https:\/\/www.diba.cat\/web\/jornades-innovacio-democratica-i-participacio-al-mon-local\/inici\" rel=\"noopener noreferrer\"> Innovaci\u00f3 democr\u00e0tica i participaci\u00f3 al m\u00f3n local<\/a>, que tindran lloc l&#8217;<strong>11 i 12 d&#8217;abril a l&#8217;Espai Francesca Bonnemaison<\/strong>, volen ser un espai de trobada amb el territori per intercanviar idees i experi\u00e8ncies entre tots aquells actors vinculats al m\u00f3n de la innovaci\u00f3 democr\u00e0tica i la participaci\u00f3.<\/p>\n<p>Organitzades amb la col\u00b7laboraci\u00f3 de l&#8217;Ajuntament de Barcelona i la Generalitat de Catalunya, les jornades s&#8217;emmarquen en la celebraci\u00f3 de la Capital Europea de la Democr\u00e0cia Barcelona 2023-2024 i s\u00f3n una oportunitat per<strong> aprofundir en les l\u00f2giques de participaci\u00f3 i innovaci\u00f3 democr\u00e0tica, consolidar les relacions entre els actors vinculats a la innovaci\u00f3 i la participaci\u00f3 del territori i plantejar reptes i desafiaments de futur.<\/strong><\/p>\n<p><\/p>\n<div class=\"editor-content-image\" data-image=\"\"><img decoding=\"async\" src=\"https:\/\/capitalofdemocracy.barcelona\/rails\/active_storage\/blobs\/redirect\/eyJfcmFpbHMiOnsibWVzc2FnZSI6IkJBaHBBaHNDIiwiZXhwIjpudWxsLCJwdXIiOiJibG9iX2lkIn19--201ce188cdf918783da733d78885c3dfb7d0fe1d\/Logotipo_de_la_Generalitat_de_Catalunya.svg%20(1).png\" alt=\"\" width=\"177\"><\/div>\n<\/p>\n<div class=\"editor-content-image\" data-image=\"\"><img decoding=\"async\" src=\"https:\/\/capitalofdemocracy.barcelona\/rails\/active_storage\/blobs\/redirect\/eyJfcmFpbHMiOnsibWVzc2FnZSI6IkJBaHBBcU1DIiwiZXhwIjpudWxsLCJwdXIiOiJibG9iX2lkIn19--2827f74a1d81537fd85f13aa41388c90e7796267\/Logotip_Diputacio%CC%81_de_Barcelona.png\" alt=\"\" width=\"149\"><\/div>\n<\/p>\n<div class=\"editor-content-image\" data-image=\"\"><img decoding=\"async\" src=\"https:\/\/capitalofdemocracy.barcelona\/rails\/active_storage\/blobs\/redirect\/eyJfcmFpbHMiOnsibWVzc2FnZSI6IkJBaHBBaHdDIiwiZXhwIjpudWxsLCJwdXIiOiJibG9iX2lkIn19--13a273a2eaf7ea2e74b660a6a9a82c175753560e\/Sin%20ti%CC%81tulo-2-01.png\" alt=\"\" width=\"141\"><\/div>\n","protected":false},"featured_media":8332,"template":"","meta":{"_acf_changed":false,"inline_featured_image":false},"ecod-events-districts":[],"ecod-events-organizers":[256,223],"product_cat":[228,227],"product_tag":[],"class_list":{"0":"post-7066","1":"product","2":"type-product","3":"status-publish","4":"has-post-thumbnail","6":"ecod-events-organizers-city-of-barcelona-ca","7":"ecod-events-organizers-city-of-barcelona","8":"product_cat-local-ca","9":"product_cat-local","11":"first","12":"instock","13":"shipping-taxable","14":"product-type-simple"},"acf":[],"yoast_head":"<!-- This site is optimized with the Yoast SEO plugin v22.0 - https:\/\/yoast.com\/wordpress\/plugins\/seo\/ -->\n<title>Jornades sobre participaci\u00f3 i democr\u00e0cia - ECoD - European Capital of Democracy<\/title>\n<meta name=\"robots\" content=\"noindex, follow, max-snippet:-1, max-image-preview:large, max-video-preview:-1\" \/>\n<meta property=\"og:locale\" content=\"ca_ES\" \/>\n<meta property=\"og:type\" content=\"article\" \/>\n<meta property=\"og:title\" content=\"Jornades sobre participaci\u00f3 i democr\u00e0cia - ECoD - European Capital of Democracy\" \/>\n<meta property=\"og:description\" content=\"Les jornades Innovaci\u00f3 democr\u00e0tica i participaci\u00f3 al m\u00f3n local, que tindran lloc l&#039;11 i 12 d&#039;abril a l&#039;Espai Francesca Bonnemaison, volen ser un espai de trobada amb el territori per intercanviar idees i experi\u00e8ncies entre tots aquells actors vinculats al m\u00f3n de la innovaci\u00f3 democr\u00e0tica i la participaci\u00f3.Organitzades amb la col\u00b7laboraci\u00f3 de l&#039;Ajuntament de Barcelona i la Generalitat de Catalunya, les jornades s&#039;emmarquen en la celebraci\u00f3 de la Capital Europea de la Democr\u00e0cia Barcelona 2023-2024 i s\u00f3n una oportunitat per aprofundir en les l\u00f2giques de participaci\u00f3 i innovaci\u00f3 democr\u00e0tica, consolidar les relacions entre els actors vinculats a la innovaci\u00f3 i la participaci\u00f3 del territori i plantejar reptes i desafiaments de futur.\" \/>\n<meta property=\"og:url\" content=\"https:\/\/programme.capitalofdemocracy.eu\/produkt\/conference-on-participation-and-democracy-2\/\" \/>\n<meta property=\"og:site_name\" content=\"ECoD - European Capital of Democracy\" \/>\n<meta property=\"article:modified_time\" content=\"2024-03-15T03:08:52+00:00\" \/>\n<meta property=\"og:image\" content=\"https:\/\/programme.capitalofdemocracy.eu\/wp-content\/uploads\/2024\/03\/IMG-targeto.png\" \/>\n\t<meta property=\"og:image:width\" content=\"1773\" \/>\n\t<meta property=\"og:image:height\" content=\"1000\" \/>\n\t<meta property=\"og:image:type\" content=\"image\/png\" \/>\n<meta name=\"twitter:card\" content=\"summary_large_image\" \/>\n<script type=\"application\/ld+json\" class=\"yoast-schema-graph\">{\"@context\":\"https:\/\/schema.org\",\"@graph\":[{\"@type\":\"WebPage\",\"@id\":\"https:\/\/programme.capitalofdemocracy.eu\/produkt\/conference-on-participation-and-democracy-2\/\",\"url\":\"https:\/\/programme.capitalofdemocracy.eu\/produkt\/conference-on-participation-and-democracy-2\/\",\"name\":\"Jornades sobre participaci\u00f3 i democr\u00e0cia - ECoD - European Capital of Democracy\",\"isPartOf\":{\"@id\":\"https:\/\/programme.capitalofdemocracy.eu\/es\/#website\"},\"datePublished\":\"2024-02-05T16:35:31+00:00\",\"dateModified\":\"2024-03-15T03:08:52+00:00\",\"breadcrumb\":{\"@id\":\"https:\/\/programme.capitalofdemocracy.eu\/produkt\/conference-on-participation-and-democracy-2\/#breadcrumb\"},\"inLanguage\":\"ca\",\"potentialAction\":[{\"@type\":\"ReadAction\",\"target\":[\"https:\/\/programme.capitalofdemocracy.eu\/produkt\/conference-on-participation-and-democracy-2\/\"]}]},{\"@type\":\"BreadcrumbList\",\"@id\":\"https:\/\/programme.capitalofdemocracy.eu\/produkt\/conference-on-participation-and-democracy-2\/#breadcrumb\",\"itemListElement\":[{\"@type\":\"ListItem\",\"position\":1,\"name\":\"Startseite\",\"item\":\"https:\/\/programme.capitalofdemocracy.eu\/ca\/startseite\/\"},{\"@type\":\"ListItem\",\"position\":2,\"name\":\"Shop\",\"item\":\"https:\/\/programme.capitalofdemocracy.eu\/shop\/\"},{\"@type\":\"ListItem\",\"position\":3,\"name\":\"Jornades sobre participaci\u00f3 i democr\u00e0cia\"}]},{\"@type\":\"WebSite\",\"@id\":\"https:\/\/programme.capitalofdemocracy.eu\/es\/#website\",\"url\":\"https:\/\/programme.capitalofdemocracy.eu\/es\/\",\"name\":\"ECoD - European Capital of Democracy\",\"description\":\"Barcelona, 2023-2024\",\"potentialAction\":[{\"@type\":\"SearchAction\",\"target\":{\"@type\":\"EntryPoint\",\"urlTemplate\":\"https:\/\/programme.capitalofdemocracy.eu\/es\/?s={search_term_string}\"},\"query-input\":\"required name=search_term_string\"}],\"inLanguage\":\"ca\"}]}<\/script>\n<!-- \/ Yoast SEO plugin. -->","yoast_head_json":{"title":"Jornades sobre participaci\u00f3 i democr\u00e0cia - ECoD - European Capital of Democracy","robots":{"index":"noindex","follow":"follow","max-snippet":"max-snippet:-1","max-image-preview":"max-image-preview:large","max-video-preview":"max-video-preview:-1"},"og_locale":"ca_ES","og_type":"article","og_title":"Jornades sobre participaci\u00f3 i democr\u00e0cia - ECoD - European Capital of Democracy","og_description":"Les jornades Innovaci\u00f3 democr\u00e0tica i participaci\u00f3 al m\u00f3n local, que tindran lloc l'11 i 12 d'abril a l'Espai Francesca Bonnemaison, volen ser un espai de trobada amb el territori per intercanviar idees i experi\u00e8ncies entre tots aquells actors vinculats al m\u00f3n de la innovaci\u00f3 democr\u00e0tica i la participaci\u00f3.Organitzades amb la col\u00b7laboraci\u00f3 de l'Ajuntament de Barcelona i la Generalitat de Catalunya, les jornades s'emmarquen en la celebraci\u00f3 de la Capital Europea de la Democr\u00e0cia Barcelona 2023-2024 i s\u00f3n una oportunitat per aprofundir en les l\u00f2giques de participaci\u00f3 i innovaci\u00f3 democr\u00e0tica, consolidar les relacions entre els actors vinculats a la innovaci\u00f3 i la participaci\u00f3 del territori i plantejar reptes i desafiaments de futur.","og_url":"https:\/\/programme.capitalofdemocracy.eu\/produkt\/conference-on-participation-and-democracy-2\/","og_site_name":"ECoD - European Capital of Democracy","article_modified_time":"2024-03-15T03:08:52+00:00","og_image":[{"width":1773,"height":1000,"url":"https:\/\/programme.capitalofdemocracy.eu\/wp-content\/uploads\/2024\/03\/IMG-targeto.png","type":"image\/png"}],"twitter_card":"summary_large_image","schema":{"@context":"https:\/\/schema.org","@graph":[{"@type":"WebPage","@id":"https:\/\/programme.capitalofdemocracy.eu\/produkt\/conference-on-participation-and-democracy-2\/","url":"https:\/\/programme.capitalofdemocracy.eu\/produkt\/conference-on-participation-and-democracy-2\/","name":"Jornades sobre participaci\u00f3 i democr\u00e0cia - ECoD - European Capital of Democracy","isPartOf":{"@id":"https:\/\/programme.capitalofdemocracy.eu\/es\/#website"},"datePublished":"2024-02-05T16:35:31+00:00","dateModified":"2024-03-15T03:08:52+00:00","breadcrumb":{"@id":"https:\/\/programme.capitalofdemocracy.eu\/produkt\/conference-on-participation-and-democracy-2\/#breadcrumb"},"inLanguage":"ca","potentialAction":[{"@type":"ReadAction","target":["https:\/\/programme.capitalofdemocracy.eu\/produkt\/conference-on-participation-and-democracy-2\/"]}]},{"@type":"BreadcrumbList","@id":"https:\/\/programme.capitalofdemocracy.eu\/produkt\/conference-on-participation-and-democracy-2\/#breadcrumb","itemListElement":[{"@type":"ListItem","position":1,"name":"Startseite","item":"https:\/\/programme.capitalofdemocracy.eu\/ca\/startseite\/"},{"@type":"ListItem","position":2,"name":"Shop","item":"https:\/\/programme.capitalofdemocracy.eu\/shop\/"},{"@type":"ListItem","position":3,"name":"Jornades sobre participaci\u00f3 i democr\u00e0cia"}]},{"@type":"WebSite","@id":"https:\/\/programme.capitalofdemocracy.eu\/es\/#website","url":"https:\/\/programme.capitalofdemocracy.eu\/es\/","name":"ECoD - European Capital of Democracy","description":"Barcelona, 2023-2024","potentialAction":[{"@type":"SearchAction","target":{"@type":"EntryPoint","urlTemplate":"https:\/\/programme.capitalofdemocracy.eu\/es\/?s={search_term_string}"},"query-input":"required name=search_term_string"}],"inLanguage":"ca"}]}},"_links":{"self":[{"href":"https:\/\/programme.capitalofdemocracy.eu\/ca\/wp-json\/wp\/v2\/product\/7066","targetHints":{"allow":["GET"]}}],"collection":[{"href":"https:\/\/programme.capitalofdemocracy.eu\/ca\/wp-json\/wp\/v2\/product"}],"about":[{"href":"https:\/\/programme.capitalofdemocracy.eu\/ca\/wp-json\/wp\/v2\/types\/product"}],"wp:featuredmedia":[{"embeddable":true,"href":"https:\/\/programme.capitalofdemocracy.eu\/ca\/wp-json\/wp\/v2\/media\/8332"}],"wp:attachment":[{"href":"https:\/\/programme.capitalofdemocracy.eu\/ca\/wp-json\/wp\/v2\/media?parent=7066"}],"wp:term":[{"taxonomy":"ecod-events-districts","embeddable":true,"href":"https:\/\/programme.capitalofdemocracy.eu\/ca\/wp-json\/wp\/v2\/ecod-events-districts?post=7066"},{"taxonomy":"ecod-events-organizers","embeddable":true,"href":"https:\/\/programme.capitalofdemocracy.eu\/ca\/wp-json\/wp\/v2\/ecod-events-organizers?post=7066"},{"taxonomy":"product_cat","embeddable":true,"href":"https:\/\/programme.capitalofdemocracy.eu\/ca\/wp-json\/wp\/v2\/product_cat?post=7066"},{"taxonomy":"product_tag","embeddable":true,"href":"https:\/\/programme.capitalofdemocracy.eu\/ca\/wp-json\/wp\/v2\/product_tag?post=7066"}],"curies":[{"name":"wp","href":"https:\/\/api.w.org\/{rel}","templated":true}]}}