{"id":7096,"date":"2024-02-05T17:36:10","date_gmt":"2024-02-05T16:36:10","guid":{"rendered":"https:\/\/programme.capitalofdemocracy.eu\/produkt\/assemblea-metropolitana-manifesta\/"},"modified":"2024-03-22T04:05:39","modified_gmt":"2024-03-22T03:05:39","slug":"assemblea-metropolitana-manifesta","status":"publish","type":"product","link":"https:\/\/programme.capitalofdemocracy.eu\/ca\/produkt\/assemblea-metropolitana-manifesta\/","title":{"rendered":"Assemblea Metropolitana Manifesta"},"content":{"rendered":"","protected":false},"excerpt":{"rendered":"<p>La pregunta de la qual partir\u00e0 l\u2019Assemblea Metropolitana Manifesta ser\u00e0:&nbsp;<strong>Com podem imaginar espais col\u00b7laboratius metropolitans que puguin influir en les pol\u00edtiques culturals des de la perspectiva de la transici\u00f3 ecosocial?<\/strong>&nbsp;I mitjan\u00e7ant aquest proc\u00e9s els i les participants hauran de reflexionar sobre tres q\u00fcestions fonamentals:<\/p>\n<ul>\n<li>\n<p>Com aplicar la futura Llei de Drets Culturals?<\/p>\n<\/li>\n<li>\n<p>Com pot la cultura inspirar i contribuir a la transici\u00f3 ecosocial?<\/p>\n<\/li>\n<li>\n<p>Com articular la cultura a la regi\u00f3 metropolitana?<\/p>\n<\/li>\n<\/ul>\n<p><strong>L\u2019objectiu del proc\u00e9s deliberatiu \u00e9s explorar i experimentar nous espais de governan\u00e7a i processos democr\u00e0tics en el desenvolupament de pol\u00edtiques culturals, aix\u00ed com impulsar la col\u00b7laboraci\u00f3 a escala regional<\/strong>. L&#8217;Assemblea constar\u00e0 de tres trobades presencials els dies 21 de mar\u00e7 (Barcelona), 25 d&#8217;abril (Sabadell) i 23 de maig (L&#8217;Hospitalet), de 9.00 h a 14.00 h. Les persones participants rebran 50\u20ac bruts per cada sessi\u00f3 i hauran d\u2019assumir el comprom\u00eds d\u2019assistir a les tres. En aquestes sessions es faran debats din\u00e0mics i es vetllar\u00e0 per desenvolupar continguts col\u00b7laboratius per una proposta compartida. A m\u00e9s, des de la web de la Capital Europea de la Democr\u00e0cia els i les participants podran accedir a la plataforma de participaci\u00f3 ciutadana que servir\u00e0 com a eix central de tot el proc\u00e9s.<\/p>\n<blockquote>\n<p><a target=\"_blank\" href=\"https:\/\/capitalofdemocracy.barcelona\/processes\/assembleamanifesta?locale=ca\" rel=\"noopener noreferrer\">M\u00e9s informaci\u00f3 i el proc\u00e9s<\/a><\/p>\n<\/blockquote>\n<blockquote>\n<p>Consulta la <a target=\"_blank\" href=\"https:\/\/capitalofdemocracy.barcelona\/processes\/news\/f\/4\/posts\/12\" rel=\"noopener noreferrer\">not\u00edcia<\/a><\/p>\n<\/blockquote>\n<p><\/p>\n<div class=\"editor-content-image\" data-image=\"\"><img decoding=\"async\" src=\"https:\/\/capitalofdemocracy.barcelona\/rails\/active_storage\/blobs\/redirect\/eyJfcmFpbHMiOnsibWVzc2FnZSI6IkJBaHBBanNGIiwiZXhwIjpudWxsLCJwdXIiOiJibG9iX2lkIn19--c52164ceda849e024b181a485a7068d17922bfb8\/MANIFESTA15_opt1_BLUE.jpg\" alt=\"\" width=\"255\"><\/div>\n","protected":false},"featured_media":8700,"template":"","meta":{"_acf_changed":false,"inline_featured_image":false},"ecod-events-districts":[],"ecod-events-organizers":[223,256],"product_cat":[227,228],"product_tag":[],"class_list":{"0":"post-7096","1":"product","2":"type-product","3":"status-publish","4":"has-post-thumbnail","6":"ecod-events-organizers-city-of-barcelona","7":"ecod-events-organizers-city-of-barcelona-ca","8":"product_cat-local","9":"product_cat-local-ca","11":"first","12":"instock","13":"shipping-taxable","14":"product-type-simple"},"acf":[],"yoast_head":"<!-- This site is optimized with the Yoast SEO plugin v22.0 - https:\/\/yoast.com\/wordpress\/plugins\/seo\/ -->\n<title>Assemblea Metropolitana Manifesta - ECoD - European Capital of Democracy<\/title>\n<meta name=\"robots\" content=\"noindex, follow, max-snippet:-1, max-image-preview:large, max-video-preview:-1\" \/>\n<meta property=\"og:locale\" content=\"ca_ES\" \/>\n<meta property=\"og:type\" content=\"article\" \/>\n<meta property=\"og:title\" content=\"Assemblea Metropolitana Manifesta - ECoD - European Capital of Democracy\" \/>\n<meta property=\"og:description\" content=\"La pregunta de la qual partir\u00e0 l\u2019Assemblea Metropolitana Manifesta ser\u00e0:&nbsp;Com podem imaginar espais col\u00b7laboratius metropolitans que puguin influir en les pol\u00edtiques culturals des de la perspectiva de la transici\u00f3 ecosocial?&nbsp;I mitjan\u00e7ant aquest proc\u00e9s els i les participants hauran de reflexionar sobre tres q\u00fcestions fonamentals:Com aplicar la futura Llei de Drets Culturals?Com pot la cultura inspirar i contribuir a la transici\u00f3 ecosocial?Com articular la cultura a la regi\u00f3 metropolitana?L\u2019objectiu del proc\u00e9s deliberatiu \u00e9s explorar i experimentar nous espais de governan\u00e7a i processos democr\u00e0tics en el desenvolupament de pol\u00edtiques culturals, aix\u00ed com impulsar la col\u00b7laboraci\u00f3 a escala regional. L&#039;Assemblea constar\u00e0 de tres trobades presencials els dies 21 de mar\u00e7 (Barcelona), 25 d&#039;abril (Sabadell) i 23 de maig (L&#039;Hospitalet), de 9.00 h a 14.00 h. Les persones participants rebran 50\u20ac bruts per cada sessi\u00f3 i hauran d\u2019assumir el comprom\u00eds d\u2019assistir a les tres. En aquestes sessions es faran debats din\u00e0mics i es vetllar\u00e0 per desenvolupar continguts col\u00b7laboratius per una proposta compartida. A m\u00e9s, des de la web de la Capital Europea de la Democr\u00e0cia els i les participants podran accedir a la plataforma de participaci\u00f3 ciutadana que servir\u00e0 com a eix central de tot el proc\u00e9s.M\u00e9s informaci\u00f3 i el proc\u00e9sConsulta la not\u00edcia\" \/>\n<meta property=\"og:url\" content=\"https:\/\/programme.capitalofdemocracy.eu\/produkt\/metropolitan-assembly-manifesta-2\/\" \/>\n<meta property=\"og:site_name\" content=\"ECoD - European Capital of Democracy\" \/>\n<meta property=\"article:modified_time\" content=\"2024-03-22T03:05:39+00:00\" \/>\n<meta property=\"og:image\" content=\"https:\/\/programme.capitalofdemocracy.eu\/wp-content\/uploads\/2024\/03\/Captura%20de%20pantalla%202024-01-29%20154919.png\" \/>\n\t<meta property=\"og:image:width\" content=\"1367\" \/>\n\t<meta property=\"og:image:height\" content=\"407\" \/>\n\t<meta property=\"og:image:type\" content=\"image\/png\" \/>\n<meta name=\"twitter:card\" content=\"summary_large_image\" \/>\n<script type=\"application\/ld+json\" class=\"yoast-schema-graph\">{\"@context\":\"https:\/\/schema.org\",\"@graph\":[{\"@type\":\"WebPage\",\"@id\":\"https:\/\/programme.capitalofdemocracy.eu\/produkt\/metropolitan-assembly-manifesta-2\/\",\"url\":\"https:\/\/programme.capitalofdemocracy.eu\/produkt\/metropolitan-assembly-manifesta-2\/\",\"name\":\"Assemblea Metropolitana Manifesta - ECoD - European Capital of Democracy\",\"isPartOf\":{\"@id\":\"https:\/\/programme.capitalofdemocracy.eu\/es\/#website\"},\"datePublished\":\"2024-02-05T16:36:10+00:00\",\"dateModified\":\"2024-03-22T03:05:39+00:00\",\"breadcrumb\":{\"@id\":\"https:\/\/programme.capitalofdemocracy.eu\/produkt\/metropolitan-assembly-manifesta-2\/#breadcrumb\"},\"inLanguage\":\"ca\",\"potentialAction\":[{\"@type\":\"ReadAction\",\"target\":[\"https:\/\/programme.capitalofdemocracy.eu\/produkt\/metropolitan-assembly-manifesta-2\/\"]}]},{\"@type\":\"BreadcrumbList\",\"@id\":\"https:\/\/programme.capitalofdemocracy.eu\/produkt\/metropolitan-assembly-manifesta-2\/#breadcrumb\",\"itemListElement\":[{\"@type\":\"ListItem\",\"position\":1,\"name\":\"Startseite\",\"item\":\"https:\/\/programme.capitalofdemocracy.eu\/ca\/startseite\/\"},{\"@type\":\"ListItem\",\"position\":2,\"name\":\"Shop\",\"item\":\"https:\/\/programme.capitalofdemocracy.eu\/shop\/\"},{\"@type\":\"ListItem\",\"position\":3,\"name\":\"Assemblea Metropolitana Manifesta\"}]},{\"@type\":\"WebSite\",\"@id\":\"https:\/\/programme.capitalofdemocracy.eu\/es\/#website\",\"url\":\"https:\/\/programme.capitalofdemocracy.eu\/es\/\",\"name\":\"ECoD - European Capital of Democracy\",\"description\":\"Barcelona, 2023-2024\",\"potentialAction\":[{\"@type\":\"SearchAction\",\"target\":{\"@type\":\"EntryPoint\",\"urlTemplate\":\"https:\/\/programme.capitalofdemocracy.eu\/es\/?s={search_term_string}\"},\"query-input\":\"required name=search_term_string\"}],\"inLanguage\":\"ca\"}]}<\/script>\n<!-- \/ Yoast SEO plugin. -->","yoast_head_json":{"title":"Assemblea Metropolitana Manifesta - ECoD - European Capital of Democracy","robots":{"index":"noindex","follow":"follow","max-snippet":"max-snippet:-1","max-image-preview":"max-image-preview:large","max-video-preview":"max-video-preview:-1"},"og_locale":"ca_ES","og_type":"article","og_title":"Assemblea Metropolitana Manifesta - ECoD - European Capital of Democracy","og_description":"La pregunta de la qual partir\u00e0 l\u2019Assemblea Metropolitana Manifesta ser\u00e0:&nbsp;Com podem imaginar espais col\u00b7laboratius metropolitans que puguin influir en les pol\u00edtiques culturals des de la perspectiva de la transici\u00f3 ecosocial?&nbsp;I mitjan\u00e7ant aquest proc\u00e9s els i les participants hauran de reflexionar sobre tres q\u00fcestions fonamentals:Com aplicar la futura Llei de Drets Culturals?Com pot la cultura inspirar i contribuir a la transici\u00f3 ecosocial?Com articular la cultura a la regi\u00f3 metropolitana?L\u2019objectiu del proc\u00e9s deliberatiu \u00e9s explorar i experimentar nous espais de governan\u00e7a i processos democr\u00e0tics en el desenvolupament de pol\u00edtiques culturals, aix\u00ed com impulsar la col\u00b7laboraci\u00f3 a escala regional. L'Assemblea constar\u00e0 de tres trobades presencials els dies 21 de mar\u00e7 (Barcelona), 25 d'abril (Sabadell) i 23 de maig (L'Hospitalet), de 9.00 h a 14.00 h. Les persones participants rebran 50\u20ac bruts per cada sessi\u00f3 i hauran d\u2019assumir el comprom\u00eds d\u2019assistir a les tres. En aquestes sessions es faran debats din\u00e0mics i es vetllar\u00e0 per desenvolupar continguts col\u00b7laboratius per una proposta compartida. A m\u00e9s, des de la web de la Capital Europea de la Democr\u00e0cia els i les participants podran accedir a la plataforma de participaci\u00f3 ciutadana que servir\u00e0 com a eix central de tot el proc\u00e9s.M\u00e9s informaci\u00f3 i el proc\u00e9sConsulta la not\u00edcia","og_url":"https:\/\/programme.capitalofdemocracy.eu\/produkt\/metropolitan-assembly-manifesta-2\/","og_site_name":"ECoD - European Capital of Democracy","article_modified_time":"2024-03-22T03:05:39+00:00","og_image":[{"width":1367,"height":407,"url":"https:\/\/programme.capitalofdemocracy.eu\/wp-content\/uploads\/2024\/03\/Captura%20de%20pantalla%202024-01-29%20154919.png","type":"image\/png"}],"twitter_card":"summary_large_image","schema":{"@context":"https:\/\/schema.org","@graph":[{"@type":"WebPage","@id":"https:\/\/programme.capitalofdemocracy.eu\/produkt\/metropolitan-assembly-manifesta-2\/","url":"https:\/\/programme.capitalofdemocracy.eu\/produkt\/metropolitan-assembly-manifesta-2\/","name":"Assemblea Metropolitana Manifesta - ECoD - European Capital of Democracy","isPartOf":{"@id":"https:\/\/programme.capitalofdemocracy.eu\/es\/#website"},"datePublished":"2024-02-05T16:36:10+00:00","dateModified":"2024-03-22T03:05:39+00:00","breadcrumb":{"@id":"https:\/\/programme.capitalofdemocracy.eu\/produkt\/metropolitan-assembly-manifesta-2\/#breadcrumb"},"inLanguage":"ca","potentialAction":[{"@type":"ReadAction","target":["https:\/\/programme.capitalofdemocracy.eu\/produkt\/metropolitan-assembly-manifesta-2\/"]}]},{"@type":"BreadcrumbList","@id":"https:\/\/programme.capitalofdemocracy.eu\/produkt\/metropolitan-assembly-manifesta-2\/#breadcrumb","itemListElement":[{"@type":"ListItem","position":1,"name":"Startseite","item":"https:\/\/programme.capitalofdemocracy.eu\/ca\/startseite\/"},{"@type":"ListItem","position":2,"name":"Shop","item":"https:\/\/programme.capitalofdemocracy.eu\/shop\/"},{"@type":"ListItem","position":3,"name":"Assemblea Metropolitana Manifesta"}]},{"@type":"WebSite","@id":"https:\/\/programme.capitalofdemocracy.eu\/es\/#website","url":"https:\/\/programme.capitalofdemocracy.eu\/es\/","name":"ECoD - European Capital of Democracy","description":"Barcelona, 2023-2024","potentialAction":[{"@type":"SearchAction","target":{"@type":"EntryPoint","urlTemplate":"https:\/\/programme.capitalofdemocracy.eu\/es\/?s={search_term_string}"},"query-input":"required name=search_term_string"}],"inLanguage":"ca"}]}},"_links":{"self":[{"href":"https:\/\/programme.capitalofdemocracy.eu\/ca\/wp-json\/wp\/v2\/product\/7096","targetHints":{"allow":["GET"]}}],"collection":[{"href":"https:\/\/programme.capitalofdemocracy.eu\/ca\/wp-json\/wp\/v2\/product"}],"about":[{"href":"https:\/\/programme.capitalofdemocracy.eu\/ca\/wp-json\/wp\/v2\/types\/product"}],"wp:featuredmedia":[{"embeddable":true,"href":"https:\/\/programme.capitalofdemocracy.eu\/ca\/wp-json\/wp\/v2\/media\/8700"}],"wp:attachment":[{"href":"https:\/\/programme.capitalofdemocracy.eu\/ca\/wp-json\/wp\/v2\/media?parent=7096"}],"wp:term":[{"taxonomy":"ecod-events-districts","embeddable":true,"href":"https:\/\/programme.capitalofdemocracy.eu\/ca\/wp-json\/wp\/v2\/ecod-events-districts?post=7096"},{"taxonomy":"ecod-events-organizers","embeddable":true,"href":"https:\/\/programme.capitalofdemocracy.eu\/ca\/wp-json\/wp\/v2\/ecod-events-organizers?post=7096"},{"taxonomy":"product_cat","embeddable":true,"href":"https:\/\/programme.capitalofdemocracy.eu\/ca\/wp-json\/wp\/v2\/product_cat?post=7096"},{"taxonomy":"product_tag","embeddable":true,"href":"https:\/\/programme.capitalofdemocracy.eu\/ca\/wp-json\/wp\/v2\/product_tag?post=7096"}],"curies":[{"name":"wp","href":"https:\/\/api.w.org\/{rel}","templated":true}]}}