{"id":7156,"date":"2024-02-05T17:37:00","date_gmt":"2024-02-05T16:37:00","guid":{"rendered":"https:\/\/programme.capitalofdemocracy.eu\/produkt\/iytts-fifth-annual-international-youth-conference-2\/"},"modified":"2024-02-08T11:38:21","modified_gmt":"2024-02-08T10:38:21","slug":"iytts-fifth-annual-international-youth-conference-2","status":"publish","type":"product","link":"https:\/\/programme.capitalofdemocracy.eu\/ca\/produkt\/iytts-fifth-annual-international-youth-conference-2\/","title":{"rendered":"IYTT*s fifth annual International Youth Conference"},"content":{"rendered":"","protected":false},"excerpt":{"rendered":"<p>Moltes persones del m\u00f3n romanen sense ser escoltades o estan excloses de la democr\u00e0cia representativa, mentre els r\u00e8gims autoritaris manipulen c\u00ednicament i revessen processos democr\u00e0tics. Els reptes socials han de ser afrontats amb les fortaleses persistents d&#8217;una democr\u00e0cia oberta i viva que faci realitat la igualtat pol\u00edtica, l&#8217;empoderament, la participaci\u00f3 i l&#8217;alliberament de les persones de noves maneres.<\/p>\n<p>En una competici\u00f3 renyida, de 540 sol\u00b7licituds de 68 nacionalitats diferents, s&#8217;han seleccionat 24 joves innovadors\/es en democr\u00e0cia de 12 pa\u00efsos diferents per assistir a la cinquena Confer\u00e8ncia Internacional de Joventut a Barcelona. Durant la Capital Europea de la Democr\u00e0cia, aquest &#8220;cercle de pensament&#8221; jove es reunir\u00e0 amb l&#8217;enc\u00e0rrec de desenvolupar propostes tangibles sobre com donar poder a les persones i innovar en la democr\u00e0cia.<\/p>\n<p>Les persones participants es reuniran amb professionals executius i investigadors com a part d&#8217;un programa estructurat i moderat. S&#8217;espera que fonamentin les seves idees vision\u00e0ries en raons raonades i que les discuteixin i desenvolupin en un espai de col\u00b7laboraci\u00f3.<\/p>\n<p>La confer\u00e8ncia conclour\u00e0 amb un informe i una presentaci\u00f3 l&#8217;\u00faltim dia, el 23 de novembre, que ser\u00e0 obert al p\u00fablic i es podr\u00e0 seguir de manera presencial, a Barcelona, i en l\u00ednia.<\/p>\n<ul>\n<li>Si desitgeu ser convidats o convidades a l&#8217;esdeveniment cal apuntar-se en <a href=\"https:\/\/iythinktank.com\/international-youth-conference-2023\/#sign-up\" target=\"_blank\" rel=\"noopener noreferrer\">aquesta llista de correu<\/a>.<\/li>\n<li>Per obtenir m\u00e9s informaci\u00f3 sobre les participants i les moderadores de la confer\u00e8ncia, <a href=\"https:\/\/iythinktank.com\/international-youth-conference-2023\/\" target=\"_blank\" rel=\"noopener noreferrer\">visiteu el lloc web de l&#8217;IYTT<\/a>.<\/li>\n<\/ul>\n<p><strong>Programa:<\/strong><\/p>\n<ul>\n<li>20 de novembre: 9.00 \u2013 19.15 h<\/li>\n<li>21 de novembre: 8.00 \u2013 22.00 h<\/li>\n<li>22 de novembre: 9.00 \u2013 19.45 h<\/li>\n<li>23 de novembre: 9.00 \u2013 16.15 h<\/li>\n<\/ul>\n<p><img decoding=\"async\" src=\"https:\/\/capitalofdemocracy.barcelona\/rails\/active_storage\/blobs\/redirect\/eyJfcmFpbHMiOnsibWVzc2FnZSI6IkJBaHBBcUVCIiwiZXhwIjpudWxsLCJwdXIiOiJibG9iX2lkIn19--c85843aa55a8fb73a1d1efe1b12762c4e285e198\/Internacional%20Youth%20Think%20Tank.png\" width=\"158\" \/><\/p>\n","protected":false},"author":5,"featured_media":7162,"template":"","meta":{"_acf_changed":false,"inline_featured_image":false},"ecod-events-districts":[],"ecod-events-organizers":[256],"product_cat":[228],"product_tag":[],"class_list":{"0":"post-7156","1":"product","2":"type-product","3":"status-publish","4":"has-post-thumbnail","6":"ecod-events-organizers-city-of-barcelona-ca","7":"product_cat-local-ca","9":"first","10":"instock","11":"shipping-taxable","12":"product-type-simple"},"acf":[],"yoast_head":"<!-- This site is optimized with the Yoast SEO plugin v22.0 - https:\/\/yoast.com\/wordpress\/plugins\/seo\/ -->\n<title>IYTT*s fifth annual International Youth Conference - ECoD - European Capital of Democracy<\/title>\n<meta name=\"robots\" content=\"noindex, follow, max-snippet:-1, max-image-preview:large, max-video-preview:-1\" \/>\n<meta property=\"og:locale\" content=\"ca_ES\" \/>\n<meta property=\"og:type\" content=\"article\" \/>\n<meta property=\"og:title\" content=\"IYTT*s fifth annual International Youth Conference - ECoD - European Capital of Democracy\" \/>\n<meta property=\"og:description\" content=\"Moltes persones del m\u00f3n romanen sense ser escoltades o estan excloses de la democr\u00e0cia representativa, mentre els r\u00e8gims autoritaris manipulen c\u00ednicament i revessen processos democr\u00e0tics. Els reptes socials han de ser afrontats amb les fortaleses persistents d&#039;una democr\u00e0cia oberta i viva que faci realitat la igualtat pol\u00edtica, l&#039;empoderament, la participaci\u00f3 i l&#039;alliberament de les persones de noves maneres.  En una competici\u00f3 renyida, de 540 sol\u00b7licituds de 68 nacionalitats diferents, s&#039;han seleccionat 24 joves innovadors\/es en democr\u00e0cia de 12 pa\u00efsos diferents per assistir a la cinquena Confer\u00e8ncia Internacional de Joventut a Barcelona. Durant la Capital Europea de la Democr\u00e0cia, aquest &quot;cercle de pensament&quot; jove es reunir\u00e0 amb l&#039;enc\u00e0rrec de desenvolupar propostes tangibles sobre com donar poder a les persones i innovar en la democr\u00e0cia.  Les persones participants es reuniran amb professionals executius i investigadors com a part d&#039;un programa estructurat i moderat. S&#039;espera que fonamentin les seves idees vision\u00e0ries en raons raonades i que les discuteixin i desenvolupin en un espai de col\u00b7laboraci\u00f3.  La confer\u00e8ncia conclour\u00e0 amb un informe i una presentaci\u00f3 l&#039;\u00faltim dia, el 23 de novembre, que ser\u00e0 obert al p\u00fablic i es podr\u00e0 seguir de manera presencial, a Barcelona, i en l\u00ednia.   Si desitgeu ser convidats o convidades a l&#039;esdeveniment cal apuntar-se en aquesta llista de correu.  Per obtenir m\u00e9s informaci\u00f3 sobre les participants i les moderadores de la confer\u00e8ncia, visiteu el lloc web de l&#039;IYTT.  Programa:   20 de novembre: 9.00 \u2013 19.15 h  21 de novembre: 8.00 \u2013 22.00 h  22 de novembre: 9.00 \u2013 19.45 h  23 de novembre: 9.00 \u2013 16.15 h\" \/>\n<meta property=\"og:url\" content=\"https:\/\/programme.capitalofdemocracy.eu\/ca\/produkt\/iytts-fifth-annual-international-youth-conference-2\/\" \/>\n<meta property=\"og:site_name\" content=\"ECoD - European Capital of Democracy\" \/>\n<meta property=\"article:modified_time\" content=\"2024-02-08T10:38:21+00:00\" \/>\n<meta property=\"og:image\" content=\"https:\/\/programme.capitalofdemocracy.eu\/wp-content\/uploads\/2024\/02\/F_nPuY4XoAA9GXv.jpg\" \/>\n\t<meta property=\"og:image:width\" content=\"1535\" \/>\n\t<meta property=\"og:image:height\" content=\"879\" \/>\n\t<meta property=\"og:image:type\" content=\"image\/jpeg\" \/>\n<meta name=\"twitter:card\" content=\"summary_large_image\" \/>\n<script type=\"application\/ld+json\" class=\"yoast-schema-graph\">{\"@context\":\"https:\/\/schema.org\",\"@graph\":[{\"@type\":\"WebPage\",\"@id\":\"https:\/\/programme.capitalofdemocracy.eu\/ca\/produkt\/iytts-fifth-annual-international-youth-conference-2\/\",\"url\":\"https:\/\/programme.capitalofdemocracy.eu\/ca\/produkt\/iytts-fifth-annual-international-youth-conference-2\/\",\"name\":\"IYTT*s fifth annual International Youth Conference - ECoD - European Capital of Democracy\",\"isPartOf\":{\"@id\":\"https:\/\/programme.capitalofdemocracy.eu\/es\/#website\"},\"datePublished\":\"2024-02-05T16:37:00+00:00\",\"dateModified\":\"2024-02-08T10:38:21+00:00\",\"breadcrumb\":{\"@id\":\"https:\/\/programme.capitalofdemocracy.eu\/ca\/produkt\/iytts-fifth-annual-international-youth-conference-2\/#breadcrumb\"},\"inLanguage\":\"ca\",\"potentialAction\":[{\"@type\":\"ReadAction\",\"target\":[\"https:\/\/programme.capitalofdemocracy.eu\/ca\/produkt\/iytts-fifth-annual-international-youth-conference-2\/\"]}]},{\"@type\":\"BreadcrumbList\",\"@id\":\"https:\/\/programme.capitalofdemocracy.eu\/ca\/produkt\/iytts-fifth-annual-international-youth-conference-2\/#breadcrumb\",\"itemListElement\":[{\"@type\":\"ListItem\",\"position\":1,\"name\":\"Startseite\",\"item\":\"https:\/\/programme.capitalofdemocracy.eu\/ca\/startseite\/\"},{\"@type\":\"ListItem\",\"position\":2,\"name\":\"Shop\",\"item\":\"https:\/\/programme.capitalofdemocracy.eu\/shop\/\"},{\"@type\":\"ListItem\",\"position\":3,\"name\":\"IYTT*s fifth annual International Youth Conference\"}]},{\"@type\":\"WebSite\",\"@id\":\"https:\/\/programme.capitalofdemocracy.eu\/es\/#website\",\"url\":\"https:\/\/programme.capitalofdemocracy.eu\/es\/\",\"name\":\"ECoD - European Capital of Democracy\",\"description\":\"Barcelona, 2023-2024\",\"potentialAction\":[{\"@type\":\"SearchAction\",\"target\":{\"@type\":\"EntryPoint\",\"urlTemplate\":\"https:\/\/programme.capitalofdemocracy.eu\/es\/?s={search_term_string}\"},\"query-input\":\"required name=search_term_string\"}],\"inLanguage\":\"ca\"}]}<\/script>\n<!-- \/ Yoast SEO plugin. -->","yoast_head_json":{"title":"IYTT*s fifth annual International Youth Conference - ECoD - European Capital of Democracy","robots":{"index":"noindex","follow":"follow","max-snippet":"max-snippet:-1","max-image-preview":"max-image-preview:large","max-video-preview":"max-video-preview:-1"},"og_locale":"ca_ES","og_type":"article","og_title":"IYTT*s fifth annual International Youth Conference - ECoD - European Capital of Democracy","og_description":"Moltes persones del m\u00f3n romanen sense ser escoltades o estan excloses de la democr\u00e0cia representativa, mentre els r\u00e8gims autoritaris manipulen c\u00ednicament i revessen processos democr\u00e0tics. Els reptes socials han de ser afrontats amb les fortaleses persistents d'una democr\u00e0cia oberta i viva que faci realitat la igualtat pol\u00edtica, l'empoderament, la participaci\u00f3 i l'alliberament de les persones de noves maneres.  En una competici\u00f3 renyida, de 540 sol\u00b7licituds de 68 nacionalitats diferents, s'han seleccionat 24 joves innovadors\/es en democr\u00e0cia de 12 pa\u00efsos diferents per assistir a la cinquena Confer\u00e8ncia Internacional de Joventut a Barcelona. Durant la Capital Europea de la Democr\u00e0cia, aquest \"cercle de pensament\" jove es reunir\u00e0 amb l'enc\u00e0rrec de desenvolupar propostes tangibles sobre com donar poder a les persones i innovar en la democr\u00e0cia.  Les persones participants es reuniran amb professionals executius i investigadors com a part d'un programa estructurat i moderat. S'espera que fonamentin les seves idees vision\u00e0ries en raons raonades i que les discuteixin i desenvolupin en un espai de col\u00b7laboraci\u00f3.  La confer\u00e8ncia conclour\u00e0 amb un informe i una presentaci\u00f3 l'\u00faltim dia, el 23 de novembre, que ser\u00e0 obert al p\u00fablic i es podr\u00e0 seguir de manera presencial, a Barcelona, i en l\u00ednia.   Si desitgeu ser convidats o convidades a l'esdeveniment cal apuntar-se en aquesta llista de correu.  Per obtenir m\u00e9s informaci\u00f3 sobre les participants i les moderadores de la confer\u00e8ncia, visiteu el lloc web de l'IYTT.  Programa:   20 de novembre: 9.00 \u2013 19.15 h  21 de novembre: 8.00 \u2013 22.00 h  22 de novembre: 9.00 \u2013 19.45 h  23 de novembre: 9.00 \u2013 16.15 h","og_url":"https:\/\/programme.capitalofdemocracy.eu\/ca\/produkt\/iytts-fifth-annual-international-youth-conference-2\/","og_site_name":"ECoD - European Capital of Democracy","article_modified_time":"2024-02-08T10:38:21+00:00","og_image":[{"width":1535,"height":879,"url":"https:\/\/programme.capitalofdemocracy.eu\/wp-content\/uploads\/2024\/02\/F_nPuY4XoAA9GXv.jpg","type":"image\/jpeg"}],"twitter_card":"summary_large_image","schema":{"@context":"https:\/\/schema.org","@graph":[{"@type":"WebPage","@id":"https:\/\/programme.capitalofdemocracy.eu\/ca\/produkt\/iytts-fifth-annual-international-youth-conference-2\/","url":"https:\/\/programme.capitalofdemocracy.eu\/ca\/produkt\/iytts-fifth-annual-international-youth-conference-2\/","name":"IYTT*s fifth annual International Youth Conference - ECoD - European Capital of Democracy","isPartOf":{"@id":"https:\/\/programme.capitalofdemocracy.eu\/es\/#website"},"datePublished":"2024-02-05T16:37:00+00:00","dateModified":"2024-02-08T10:38:21+00:00","breadcrumb":{"@id":"https:\/\/programme.capitalofdemocracy.eu\/ca\/produkt\/iytts-fifth-annual-international-youth-conference-2\/#breadcrumb"},"inLanguage":"ca","potentialAction":[{"@type":"ReadAction","target":["https:\/\/programme.capitalofdemocracy.eu\/ca\/produkt\/iytts-fifth-annual-international-youth-conference-2\/"]}]},{"@type":"BreadcrumbList","@id":"https:\/\/programme.capitalofdemocracy.eu\/ca\/produkt\/iytts-fifth-annual-international-youth-conference-2\/#breadcrumb","itemListElement":[{"@type":"ListItem","position":1,"name":"Startseite","item":"https:\/\/programme.capitalofdemocracy.eu\/ca\/startseite\/"},{"@type":"ListItem","position":2,"name":"Shop","item":"https:\/\/programme.capitalofdemocracy.eu\/shop\/"},{"@type":"ListItem","position":3,"name":"IYTT*s fifth annual International Youth Conference"}]},{"@type":"WebSite","@id":"https:\/\/programme.capitalofdemocracy.eu\/es\/#website","url":"https:\/\/programme.capitalofdemocracy.eu\/es\/","name":"ECoD - European Capital of Democracy","description":"Barcelona, 2023-2024","potentialAction":[{"@type":"SearchAction","target":{"@type":"EntryPoint","urlTemplate":"https:\/\/programme.capitalofdemocracy.eu\/es\/?s={search_term_string}"},"query-input":"required name=search_term_string"}],"inLanguage":"ca"}]}},"_links":{"self":[{"href":"https:\/\/programme.capitalofdemocracy.eu\/ca\/wp-json\/wp\/v2\/product\/7156","targetHints":{"allow":["GET"]}}],"collection":[{"href":"https:\/\/programme.capitalofdemocracy.eu\/ca\/wp-json\/wp\/v2\/product"}],"about":[{"href":"https:\/\/programme.capitalofdemocracy.eu\/ca\/wp-json\/wp\/v2\/types\/product"}],"author":[{"embeddable":true,"href":"https:\/\/programme.capitalofdemocracy.eu\/ca\/wp-json\/wp\/v2\/users\/5"}],"wp:featuredmedia":[{"embeddable":true,"href":"https:\/\/programme.capitalofdemocracy.eu\/ca\/wp-json\/wp\/v2\/media\/7162"}],"wp:attachment":[{"href":"https:\/\/programme.capitalofdemocracy.eu\/ca\/wp-json\/wp\/v2\/media?parent=7156"}],"wp:term":[{"taxonomy":"ecod-events-districts","embeddable":true,"href":"https:\/\/programme.capitalofdemocracy.eu\/ca\/wp-json\/wp\/v2\/ecod-events-districts?post=7156"},{"taxonomy":"ecod-events-organizers","embeddable":true,"href":"https:\/\/programme.capitalofdemocracy.eu\/ca\/wp-json\/wp\/v2\/ecod-events-organizers?post=7156"},{"taxonomy":"product_cat","embeddable":true,"href":"https:\/\/programme.capitalofdemocracy.eu\/ca\/wp-json\/wp\/v2\/product_cat?post=7156"},{"taxonomy":"product_tag","embeddable":true,"href":"https:\/\/programme.capitalofdemocracy.eu\/ca\/wp-json\/wp\/v2\/product_tag?post=7156"}],"curies":[{"name":"wp","href":"https:\/\/api.w.org\/{rel}","templated":true}]}}