{"id":7186,"date":"2024-02-05T17:37:11","date_gmt":"2024-02-05T16:37:11","guid":{"rendered":"https:\/\/programme.capitalofdemocracy.eu\/produkt\/saving-civics-in-the-digital-age-2\/"},"modified":"2024-02-08T11:37:27","modified_gmt":"2024-02-08T10:37:27","slug":"saving-civics-in-the-digital-age-2","status":"publish","type":"product","link":"https:\/\/programme.capitalofdemocracy.eu\/ca\/produkt\/saving-civics-in-the-digital-age-2\/","title":{"rendered":"Saving civics in the digital age"},"content":{"rendered":"","protected":false},"excerpt":{"rendered":"<p>Uneix-te a &#8216;Saving civics in the digital age&#8217; per explorar el paper de la tecnologia c\u00edvica en la revitalitzaci\u00f3 de l&#8217;<em>engagement<\/em> c\u00edvic. Escolta les presentacions de Tectonica i Osoigo, organitzacions europees que empoderen la ciutadania mitjan\u00e7ant la tecnologia i la democr\u00e0cia participativa. Es debatr\u00e0 sobre la disminuci\u00f3 de la participaci\u00f3 ciutadana en l&#8217;era digital, sobre solucions innovadores per a la participaci\u00f3 pol\u00edtica i es veuran exemples de la vida real, seguits d&#8217;una sessi\u00f3 interactiva de preguntes i respostes.<\/p>\n<p>\u00c9s un esdeveniment multiling\u00fce amb presentacions en angl\u00e8s i espanyol, i hi haur\u00e0 traduccions en angl\u00e8s, espanyol i catal\u00e0 disponibles. Tothom \u00e9s benvingut, i s&#8217;oferiran begudes i refrigeri!<\/p>\n<p><a href=\"https:\/\/www.tectonica.co\/saving_civics_ca\" target=\"_blank\" rel=\"noopener noreferrer\">INSCRIPCIONS<\/a><\/p>\n<ul>\n<li>22 de novembre<\/li>\n<li>18:00 &#8211; 21:00 h<\/li>\n<li>Ca l&#8217;Alier &#8211; Sala &#8216;Taller de Ciutats&#8217;<\/li>\n<li>C\/ de Pere IV, 362, 08019 Barcelona<\/li>\n<\/ul>\n<p><img decoding=\"async\" src=\"https:\/\/capitalofdemocracy.barcelona\/rails\/active_storage\/blobs\/redirect\/eyJfcmFpbHMiOnsibWVzc2FnZSI6IkJBaHBBaWNDIiwiZXhwIjpudWxsLCJwdXIiOiJibG9iX2lkIn19--170827ca0387bb0457e1904614b2d23414206dba\/logo-osoigo.png\" width=\"165\" \/><\/p>\n<p>&nbsp;<\/p>\n<p><img decoding=\"async\" src=\"https:\/\/capitalofdemocracy.barcelona\/rails\/active_storage\/blobs\/redirect\/eyJfcmFpbHMiOnsibWVzc2FnZSI6IkJBaHBBbnNDIiwiZXhwIjpudWxsLCJwdXIiOiJibG9iX2lkIn19--2bb49b2f76adfe0169a02be75dc0c51322c1bdf0\/Tectonica%20Logo%20Text%20Only.png\" width=\"207\" \/><\/p>\n<p>&nbsp;<\/p>\n<p><img decoding=\"async\" src=\"https:\/\/capitalofdemocracy.barcelona\/rails\/active_storage\/blobs\/redirect\/eyJfcmFpbHMiOnsibWVzc2FnZSI6IkJBaHBBdXNDIiwiZXhwIjpudWxsLCJwdXIiOiJibG9iX2lkIn19--71245d2c01bde8c997651df6bdba1d7b90eb36a1\/Logo%20ACTE.jpg\" width=\"124\" \/><\/p>\n","protected":false},"author":5,"featured_media":7192,"template":"","meta":{"_acf_changed":false,"inline_featured_image":false},"ecod-events-districts":[],"ecod-events-organizers":[256],"product_cat":[228],"product_tag":[],"class_list":{"0":"post-7186","1":"product","2":"type-product","3":"status-publish","4":"has-post-thumbnail","6":"ecod-events-organizers-city-of-barcelona-ca","7":"product_cat-local-ca","9":"first","10":"instock","11":"shipping-taxable","12":"product-type-simple"},"acf":[],"yoast_head":"<!-- This site is optimized with the Yoast SEO plugin v22.0 - https:\/\/yoast.com\/wordpress\/plugins\/seo\/ -->\n<title>Saving civics in the digital age - ECoD - European Capital of Democracy<\/title>\n<meta name=\"robots\" content=\"noindex, follow, max-snippet:-1, max-image-preview:large, max-video-preview:-1\" \/>\n<meta property=\"og:locale\" content=\"ca_ES\" \/>\n<meta property=\"og:type\" content=\"article\" \/>\n<meta property=\"og:title\" content=\"Saving civics in the digital age - ECoD - European Capital of Democracy\" \/>\n<meta property=\"og:description\" content=\"Uneix-te a &#039;Saving civics in the digital age&#039; per explorar el paper de la tecnologia c\u00edvica en la revitalitzaci\u00f3 de l&#039;engagement c\u00edvic. Escolta les presentacions de Tectonica i Osoigo, organitzacions europees que empoderen la ciutadania mitjan\u00e7ant la tecnologia i la democr\u00e0cia participativa. Es debatr\u00e0 sobre la disminuci\u00f3 de la participaci\u00f3 ciutadana en l&#039;era digital, sobre solucions innovadores per a la participaci\u00f3 pol\u00edtica i es veuran exemples de la vida real, seguits d&#039;una sessi\u00f3 interactiva de preguntes i respostes.  \u00c9s un esdeveniment multiling\u00fce amb presentacions en angl\u00e8s i espanyol, i hi haur\u00e0 traduccions en angl\u00e8s, espanyol i catal\u00e0 disponibles. Tothom \u00e9s benvingut, i s&#039;oferiran begudes i refrigeri!  INSCRIPCIONS   22 de novembre  18:00 - 21:00 h  Ca l&#039;Alier - Sala &#039;Taller de Ciutats&#039;  C\/ de Pere IV, 362, 08019 Barcelona    &nbsp;    &nbsp;\" \/>\n<meta property=\"og:url\" content=\"https:\/\/programme.capitalofdemocracy.eu\/ca\/produkt\/saving-civics-in-the-digital-age-2\/\" \/>\n<meta property=\"og:site_name\" content=\"ECoD - European Capital of Democracy\" \/>\n<meta property=\"article:modified_time\" content=\"2024-02-08T10:37:27+00:00\" \/>\n<meta property=\"og:image\" content=\"https:\/\/programme.capitalofdemocracy.eu\/wp-content\/uploads\/2024\/02\/PHOTO-2023-11-23-14-54-45.jpg\" \/>\n\t<meta property=\"og:image:width\" content=\"2048\" \/>\n\t<meta property=\"og:image:height\" content=\"1536\" \/>\n\t<meta property=\"og:image:type\" content=\"image\/jpeg\" \/>\n<meta name=\"twitter:card\" content=\"summary_large_image\" \/>\n<script type=\"application\/ld+json\" class=\"yoast-schema-graph\">{\"@context\":\"https:\/\/schema.org\",\"@graph\":[{\"@type\":\"WebPage\",\"@id\":\"https:\/\/programme.capitalofdemocracy.eu\/ca\/produkt\/saving-civics-in-the-digital-age-2\/\",\"url\":\"https:\/\/programme.capitalofdemocracy.eu\/ca\/produkt\/saving-civics-in-the-digital-age-2\/\",\"name\":\"Saving civics in the digital age - ECoD - European Capital of Democracy\",\"isPartOf\":{\"@id\":\"https:\/\/programme.capitalofdemocracy.eu\/es\/#website\"},\"datePublished\":\"2024-02-05T16:37:11+00:00\",\"dateModified\":\"2024-02-08T10:37:27+00:00\",\"breadcrumb\":{\"@id\":\"https:\/\/programme.capitalofdemocracy.eu\/ca\/produkt\/saving-civics-in-the-digital-age-2\/#breadcrumb\"},\"inLanguage\":\"ca\",\"potentialAction\":[{\"@type\":\"ReadAction\",\"target\":[\"https:\/\/programme.capitalofdemocracy.eu\/ca\/produkt\/saving-civics-in-the-digital-age-2\/\"]}]},{\"@type\":\"BreadcrumbList\",\"@id\":\"https:\/\/programme.capitalofdemocracy.eu\/ca\/produkt\/saving-civics-in-the-digital-age-2\/#breadcrumb\",\"itemListElement\":[{\"@type\":\"ListItem\",\"position\":1,\"name\":\"Startseite\",\"item\":\"https:\/\/programme.capitalofdemocracy.eu\/ca\/startseite\/\"},{\"@type\":\"ListItem\",\"position\":2,\"name\":\"Shop\",\"item\":\"https:\/\/programme.capitalofdemocracy.eu\/shop\/\"},{\"@type\":\"ListItem\",\"position\":3,\"name\":\"Saving civics in the digital age\"}]},{\"@type\":\"WebSite\",\"@id\":\"https:\/\/programme.capitalofdemocracy.eu\/es\/#website\",\"url\":\"https:\/\/programme.capitalofdemocracy.eu\/es\/\",\"name\":\"ECoD - European Capital of Democracy\",\"description\":\"Barcelona, 2023-2024\",\"potentialAction\":[{\"@type\":\"SearchAction\",\"target\":{\"@type\":\"EntryPoint\",\"urlTemplate\":\"https:\/\/programme.capitalofdemocracy.eu\/es\/?s={search_term_string}\"},\"query-input\":\"required name=search_term_string\"}],\"inLanguage\":\"ca\"}]}<\/script>\n<!-- \/ Yoast SEO plugin. -->","yoast_head_json":{"title":"Saving civics in the digital age - ECoD - European Capital of Democracy","robots":{"index":"noindex","follow":"follow","max-snippet":"max-snippet:-1","max-image-preview":"max-image-preview:large","max-video-preview":"max-video-preview:-1"},"og_locale":"ca_ES","og_type":"article","og_title":"Saving civics in the digital age - ECoD - European Capital of Democracy","og_description":"Uneix-te a 'Saving civics in the digital age' per explorar el paper de la tecnologia c\u00edvica en la revitalitzaci\u00f3 de l'engagement c\u00edvic. Escolta les presentacions de Tectonica i Osoigo, organitzacions europees que empoderen la ciutadania mitjan\u00e7ant la tecnologia i la democr\u00e0cia participativa. Es debatr\u00e0 sobre la disminuci\u00f3 de la participaci\u00f3 ciutadana en l'era digital, sobre solucions innovadores per a la participaci\u00f3 pol\u00edtica i es veuran exemples de la vida real, seguits d'una sessi\u00f3 interactiva de preguntes i respostes.  \u00c9s un esdeveniment multiling\u00fce amb presentacions en angl\u00e8s i espanyol, i hi haur\u00e0 traduccions en angl\u00e8s, espanyol i catal\u00e0 disponibles. Tothom \u00e9s benvingut, i s'oferiran begudes i refrigeri!  INSCRIPCIONS   22 de novembre  18:00 - 21:00 h  Ca l'Alier - Sala 'Taller de Ciutats'  C\/ de Pere IV, 362, 08019 Barcelona    &nbsp;    &nbsp;","og_url":"https:\/\/programme.capitalofdemocracy.eu\/ca\/produkt\/saving-civics-in-the-digital-age-2\/","og_site_name":"ECoD - European Capital of Democracy","article_modified_time":"2024-02-08T10:37:27+00:00","og_image":[{"width":2048,"height":1536,"url":"https:\/\/programme.capitalofdemocracy.eu\/wp-content\/uploads\/2024\/02\/PHOTO-2023-11-23-14-54-45.jpg","type":"image\/jpeg"}],"twitter_card":"summary_large_image","schema":{"@context":"https:\/\/schema.org","@graph":[{"@type":"WebPage","@id":"https:\/\/programme.capitalofdemocracy.eu\/ca\/produkt\/saving-civics-in-the-digital-age-2\/","url":"https:\/\/programme.capitalofdemocracy.eu\/ca\/produkt\/saving-civics-in-the-digital-age-2\/","name":"Saving civics in the digital age - ECoD - European Capital of Democracy","isPartOf":{"@id":"https:\/\/programme.capitalofdemocracy.eu\/es\/#website"},"datePublished":"2024-02-05T16:37:11+00:00","dateModified":"2024-02-08T10:37:27+00:00","breadcrumb":{"@id":"https:\/\/programme.capitalofdemocracy.eu\/ca\/produkt\/saving-civics-in-the-digital-age-2\/#breadcrumb"},"inLanguage":"ca","potentialAction":[{"@type":"ReadAction","target":["https:\/\/programme.capitalofdemocracy.eu\/ca\/produkt\/saving-civics-in-the-digital-age-2\/"]}]},{"@type":"BreadcrumbList","@id":"https:\/\/programme.capitalofdemocracy.eu\/ca\/produkt\/saving-civics-in-the-digital-age-2\/#breadcrumb","itemListElement":[{"@type":"ListItem","position":1,"name":"Startseite","item":"https:\/\/programme.capitalofdemocracy.eu\/ca\/startseite\/"},{"@type":"ListItem","position":2,"name":"Shop","item":"https:\/\/programme.capitalofdemocracy.eu\/shop\/"},{"@type":"ListItem","position":3,"name":"Saving civics in the digital age"}]},{"@type":"WebSite","@id":"https:\/\/programme.capitalofdemocracy.eu\/es\/#website","url":"https:\/\/programme.capitalofdemocracy.eu\/es\/","name":"ECoD - European Capital of Democracy","description":"Barcelona, 2023-2024","potentialAction":[{"@type":"SearchAction","target":{"@type":"EntryPoint","urlTemplate":"https:\/\/programme.capitalofdemocracy.eu\/es\/?s={search_term_string}"},"query-input":"required name=search_term_string"}],"inLanguage":"ca"}]}},"_links":{"self":[{"href":"https:\/\/programme.capitalofdemocracy.eu\/ca\/wp-json\/wp\/v2\/product\/7186","targetHints":{"allow":["GET"]}}],"collection":[{"href":"https:\/\/programme.capitalofdemocracy.eu\/ca\/wp-json\/wp\/v2\/product"}],"about":[{"href":"https:\/\/programme.capitalofdemocracy.eu\/ca\/wp-json\/wp\/v2\/types\/product"}],"author":[{"embeddable":true,"href":"https:\/\/programme.capitalofdemocracy.eu\/ca\/wp-json\/wp\/v2\/users\/5"}],"wp:featuredmedia":[{"embeddable":true,"href":"https:\/\/programme.capitalofdemocracy.eu\/ca\/wp-json\/wp\/v2\/media\/7192"}],"wp:attachment":[{"href":"https:\/\/programme.capitalofdemocracy.eu\/ca\/wp-json\/wp\/v2\/media?parent=7186"}],"wp:term":[{"taxonomy":"ecod-events-districts","embeddable":true,"href":"https:\/\/programme.capitalofdemocracy.eu\/ca\/wp-json\/wp\/v2\/ecod-events-districts?post=7186"},{"taxonomy":"ecod-events-organizers","embeddable":true,"href":"https:\/\/programme.capitalofdemocracy.eu\/ca\/wp-json\/wp\/v2\/ecod-events-organizers?post=7186"},{"taxonomy":"product_cat","embeddable":true,"href":"https:\/\/programme.capitalofdemocracy.eu\/ca\/wp-json\/wp\/v2\/product_cat?post=7186"},{"taxonomy":"product_tag","embeddable":true,"href":"https:\/\/programme.capitalofdemocracy.eu\/ca\/wp-json\/wp\/v2\/product_tag?post=7186"}],"curies":[{"name":"wp","href":"https:\/\/api.w.org\/{rel}","templated":true}]}}