{"id":7231,"date":"2024-02-05T17:38:26","date_gmt":"2024-02-05T16:38:26","guid":{"rendered":"https:\/\/programme.capitalofdemocracy.eu\/produkt\/acte-de-lliurament-de-la-i-edicio-dels-premis-compromis-metropolita\/"},"modified":"2024-02-08T11:34:25","modified_gmt":"2024-02-08T10:34:25","slug":"acte-de-lliurament-de-la-i-edicio-dels-premis-compromis-metropolita","status":"publish","type":"product","link":"https:\/\/programme.capitalofdemocracy.eu\/ca\/produkt\/acte-de-lliurament-de-la-i-edicio-dels-premis-compromis-metropolita\/","title":{"rendered":"Acte de lliurament de la I edici\u00f3 dels Premis Comprom\u00eds Metropolit\u00e0"},"content":{"rendered":"","protected":false},"excerpt":{"rendered":"<p>El dia <strong>12 de desembre del 2023<\/strong> el PEMB convocar\u00e0 <strong>la I edici\u00f3 dels Premis Comprom\u00eds Metropolit\u00e0<\/strong>, un acte de reconeixement p\u00fablic per part de l\u2019associaci\u00f3 a programes, projectes i iniciatives que s&#8217;aline\u00efn amb els principis que han regit el proc\u00e9s Barcelona Dem\u00e0 i que s\u00f3n vigents en el desplegament del Comprom\u00eds Metropolit\u00e0 2030.&nbsp;<\/p>\n<p>D\u2019acord amb aix\u00f2 s\u2019han establert<strong> tres modalitats de premis:<\/strong>&nbsp;<\/p>\n<ul>\n<li><strong>Premi &#8220;Dimensi\u00f3 metropolitana\u201d. <\/strong>Reconeixement al programa, projecte o iniciativa que m\u00e9s contribueixi a posar en relleu l&#8217;abast metropolit\u00e0 a l\u2019hora de fer front als reptes en el context de les missions del CM2030.<strong>\u202f<\/strong>&nbsp;<\/li>\n<li><strong>Premi &#8220;Missions 2030\u201d. <\/strong>Reconeixement al programa, projecte o iniciativa que m\u00e9s contribueixi a avan\u00e7ar en l\u2019objectiu fonamental del CM2030 (reducci\u00f3 de les desigualtats socials i territorials en context de canvi clim\u00e0tic), en el marc del desplegament de les vuit missions que el configuren<strong>.<\/strong>&nbsp;<\/li>\n<li><strong>Premi &#8220;Aliances estrat\u00e8giques\u201d. <\/strong>Reconeixement al programa, projecte o iniciativa que millor exemplifiqui la col\u00b7laboraci\u00f3 multiactor, per destacar especialment el fet que la cooperaci\u00f3 entre actors diversos de la qu\u00edntuple h\u00e8lix hagi estat clau.<\/li>\n<\/ul>\n<p>Durant l\u2019acte, tamb\u00e9 es donar\u00e0 a con\u00e8ixer la persona guanyadora de la 3a edici\u00f3 de la <a href=\"https:\/\/pemb.cat\/ca\/noticies\/beca_santacana_convocatoria_oberta_per_a_projectes_de_recerca_en_estrategies_urbanes_i_metropolitanes\/380\/\" rel=\"noopener noreferrer\" target=\"_blank\">Beca Santacana<\/a>, una beca convocada en mem\u00f2ria del primer coordinador general del PEMB, Francesc Santacana, i que est\u00e0 destinada a un projecte de recerca individual que abordi q\u00fcestions relacionades amb estrat\u00e8gies urbanes a la regi\u00f3 metropolitana de Barcelona.<\/p>\n<p>L\u2019acte de lliurament de la I edici\u00f3 dels premis Comprom\u00eds Metropolit\u00e0, a m\u00e9s, es realitzar\u00e0 sota el paraig\u00fces de la <strong>Capital Europea de la Democr\u00e0cia, de la qual el PEMB forma part de l&#8217;oficina t\u00e8cnica juntament amb l&#8217;Ajuntament de Barcelona.<\/strong><\/p>\n<p><strong>Programa<\/strong>:<\/p>\n<ul>\n<li>10:00 Caf\u00e8 de benvinguda i obertura de portes&nbsp;<\/li>\n<li>10:30 Benvinguda institucional&nbsp;&nbsp;<\/li>\n<li>10:40 Qu\u00e8 \u00e9s i com avan\u00e7a el Comprom\u00eds Metropolit\u00e0 2030&nbsp;&nbsp;<\/li>\n<li>11:00 Lliurament dels trofeus corresponents als premis Comprom\u00eds Metropolit\u00e0 2030 (I edici\u00f3) en les seves tres categories a les entitats impulsores dels projectes guanyadors&nbsp;<\/li>\n<li>11:40 Anunci de la proposta de recerca guanyadora de la 3a edici\u00f3 de la Beca Santacana i recollida del diploma per part de la persona guardonada de mans del jurat&nbsp;<\/li>\n<li>12:00 Tancament de l\u2019acte i vermut de <em>networking<\/em>&nbsp;<\/li>\n<\/ul>\n<p>L\u2019acte ser\u00e0 condu\u00eft per la periodista colomenca Odei Etxarte.&nbsp;&nbsp;<\/p>\n<p><img decoding=\"async\" src=\"https:\/\/capitalofdemocracy.barcelona\/rails\/active_storage\/blobs\/redirect\/eyJfcmFpbHMiOnsibWVzc2FnZSI6IkJBaHBBdU1CIiwiZXhwIjpudWxsLCJwdXIiOiJibG9iX2lkIn19--e5241a1a7ba38b4f6cd10c9ce5c317bbf67a926f\/NEGRE_logo%20fons%20TRANSPARENT.png\" width=\"159\"><\/p>\n","protected":false},"author":5,"featured_media":7237,"template":"","meta":{"_acf_changed":false,"inline_featured_image":false},"ecod-events-districts":[],"ecod-events-organizers":[256],"product_cat":[228],"product_tag":[],"class_list":{"0":"post-7231","1":"product","2":"type-product","3":"status-publish","4":"has-post-thumbnail","6":"ecod-events-organizers-city-of-barcelona-ca","7":"product_cat-local-ca","9":"first","10":"instock","11":"shipping-taxable","12":"product-type-simple"},"acf":[],"yoast_head":"<!-- This site is optimized with the Yoast SEO plugin v22.0 - https:\/\/yoast.com\/wordpress\/plugins\/seo\/ -->\n<title>Acte de lliurament de la I edici\u00f3 dels Premis Comprom\u00eds Metropolit\u00e0 - ECoD - European Capital of Democracy<\/title>\n<meta name=\"robots\" content=\"noindex, follow, max-snippet:-1, max-image-preview:large, max-video-preview:-1\" \/>\n<meta property=\"og:locale\" content=\"ca_ES\" \/>\n<meta property=\"og:type\" content=\"article\" \/>\n<meta property=\"og:title\" content=\"Acte de lliurament de la I edici\u00f3 dels Premis Comprom\u00eds Metropolit\u00e0 - ECoD - European Capital of Democracy\" \/>\n<meta property=\"og:description\" content=\"El dia 12 de desembre del 2023 el PEMB convocar\u00e0 la I edici\u00f3 dels Premis Comprom\u00eds Metropolit\u00e0, un acte de reconeixement p\u00fablic per part de l\u2019associaci\u00f3 a programes, projectes i iniciatives que s&#039;aline\u00efn amb els principis que han regit el proc\u00e9s Barcelona Dem\u00e0 i que s\u00f3n vigents en el desplegament del Comprom\u00eds Metropolit\u00e0 2030.&nbsp;D\u2019acord amb aix\u00f2 s\u2019han establert tres modalitats de premis:&nbsp;Premi &quot;Dimensi\u00f3 metropolitana\u201d. Reconeixement al programa, projecte o iniciativa que m\u00e9s contribueixi a posar en relleu l&#039;abast metropolit\u00e0 a l\u2019hora de fer front als reptes en el context de les missions del CM2030.\u202f&nbsp;Premi &quot;Missions 2030\u201d. Reconeixement al programa, projecte o iniciativa que m\u00e9s contribueixi a avan\u00e7ar en l\u2019objectiu fonamental del CM2030 (reducci\u00f3 de les desigualtats socials i territorials en context de canvi clim\u00e0tic), en el marc del desplegament de les vuit missions que el configuren.&nbsp;Premi &quot;Aliances estrat\u00e8giques\u201d. Reconeixement al programa, projecte o iniciativa que millor exemplifiqui la col\u00b7laboraci\u00f3 multiactor, per destacar especialment el fet que la cooperaci\u00f3 entre actors diversos de la qu\u00edntuple h\u00e8lix hagi estat clau.Durant l\u2019acte, tamb\u00e9 es donar\u00e0 a con\u00e8ixer la persona guanyadora de la 3a edici\u00f3 de la Beca Santacana, una beca convocada en mem\u00f2ria del primer coordinador general del PEMB, Francesc Santacana, i que est\u00e0 destinada a un projecte de recerca individual que abordi q\u00fcestions relacionades amb estrat\u00e8gies urbanes a la regi\u00f3 metropolitana de Barcelona.L\u2019acte de lliurament de la I edici\u00f3 dels premis Comprom\u00eds Metropolit\u00e0, a m\u00e9s, es realitzar\u00e0 sota el paraig\u00fces de la Capital Europea de la Democr\u00e0cia, de la qual el PEMB forma part de l&#039;oficina t\u00e8cnica juntament amb l&#039;Ajuntament de Barcelona.Programa:10:00 Caf\u00e8 de benvinguda i obertura de portes&nbsp;10:30 Benvinguda institucional&nbsp;&nbsp;10:40 Qu\u00e8 \u00e9s i com avan\u00e7a el Comprom\u00eds Metropolit\u00e0 2030&nbsp;&nbsp;11:00 Lliurament dels trofeus corresponents als premis Comprom\u00eds Metropolit\u00e0 2030 (I edici\u00f3) en les seves tres categories a les entitats impulsores dels projectes guanyadors&nbsp;11:40 Anunci de la proposta de recerca guanyadora de la 3a edici\u00f3 de la Beca Santacana i recollida del diploma per part de la persona guardonada de mans del jurat&nbsp;12:00 Tancament de l\u2019acte i vermut de networking&nbsp;L\u2019acte ser\u00e0 condu\u00eft per la periodista colomenca Odei Etxarte.&nbsp;&nbsp;\" \/>\n<meta property=\"og:url\" content=\"https:\/\/programme.capitalofdemocracy.eu\/ca\/produkt\/acte-de-lliurament-de-la-i-edicio-dels-premis-compromis-metropolita\/\" \/>\n<meta property=\"og:site_name\" content=\"ECoD - European Capital of Democracy\" \/>\n<meta property=\"article:modified_time\" content=\"2024-02-08T10:34:25+00:00\" \/>\n<meta property=\"og:image\" content=\"https:\/\/programme.capitalofdemocracy.eu\/wp-content\/uploads\/2024\/02\/_F4A0303-scaled.jpg\" \/>\n\t<meta property=\"og:image:width\" content=\"2560\" \/>\n\t<meta property=\"og:image:height\" content=\"1707\" \/>\n\t<meta property=\"og:image:type\" content=\"image\/jpeg\" \/>\n<meta name=\"twitter:card\" content=\"summary_large_image\" \/>\n<script type=\"application\/ld+json\" class=\"yoast-schema-graph\">{\"@context\":\"https:\/\/schema.org\",\"@graph\":[{\"@type\":\"WebPage\",\"@id\":\"https:\/\/programme.capitalofdemocracy.eu\/ca\/produkt\/acte-de-lliurament-de-la-i-edicio-dels-premis-compromis-metropolita\/\",\"url\":\"https:\/\/programme.capitalofdemocracy.eu\/ca\/produkt\/acte-de-lliurament-de-la-i-edicio-dels-premis-compromis-metropolita\/\",\"name\":\"Acte de lliurament de la I edici\u00f3 dels Premis Comprom\u00eds Metropolit\u00e0 - ECoD - European Capital of Democracy\",\"isPartOf\":{\"@id\":\"https:\/\/programme.capitalofdemocracy.eu\/es\/#website\"},\"datePublished\":\"2024-02-05T16:38:26+00:00\",\"dateModified\":\"2024-02-08T10:34:25+00:00\",\"breadcrumb\":{\"@id\":\"https:\/\/programme.capitalofdemocracy.eu\/ca\/produkt\/acte-de-lliurament-de-la-i-edicio-dels-premis-compromis-metropolita\/#breadcrumb\"},\"inLanguage\":\"ca\",\"potentialAction\":[{\"@type\":\"ReadAction\",\"target\":[\"https:\/\/programme.capitalofdemocracy.eu\/ca\/produkt\/acte-de-lliurament-de-la-i-edicio-dels-premis-compromis-metropolita\/\"]}]},{\"@type\":\"BreadcrumbList\",\"@id\":\"https:\/\/programme.capitalofdemocracy.eu\/ca\/produkt\/acte-de-lliurament-de-la-i-edicio-dels-premis-compromis-metropolita\/#breadcrumb\",\"itemListElement\":[{\"@type\":\"ListItem\",\"position\":1,\"name\":\"Startseite\",\"item\":\"https:\/\/programme.capitalofdemocracy.eu\/ca\/startseite\/\"},{\"@type\":\"ListItem\",\"position\":2,\"name\":\"Shop\",\"item\":\"https:\/\/programme.capitalofdemocracy.eu\/shop\/\"},{\"@type\":\"ListItem\",\"position\":3,\"name\":\"Acte de lliurament de la I edici\u00f3 dels Premis Comprom\u00eds Metropolit\u00e0\"}]},{\"@type\":\"WebSite\",\"@id\":\"https:\/\/programme.capitalofdemocracy.eu\/es\/#website\",\"url\":\"https:\/\/programme.capitalofdemocracy.eu\/es\/\",\"name\":\"ECoD - European Capital of Democracy\",\"description\":\"Barcelona, 2023-2024\",\"potentialAction\":[{\"@type\":\"SearchAction\",\"target\":{\"@type\":\"EntryPoint\",\"urlTemplate\":\"https:\/\/programme.capitalofdemocracy.eu\/es\/?s={search_term_string}\"},\"query-input\":\"required name=search_term_string\"}],\"inLanguage\":\"ca\"}]}<\/script>\n<!-- \/ Yoast SEO plugin. -->","yoast_head_json":{"title":"Acte de lliurament de la I edici\u00f3 dels Premis Comprom\u00eds Metropolit\u00e0 - ECoD - European Capital of Democracy","robots":{"index":"noindex","follow":"follow","max-snippet":"max-snippet:-1","max-image-preview":"max-image-preview:large","max-video-preview":"max-video-preview:-1"},"og_locale":"ca_ES","og_type":"article","og_title":"Acte de lliurament de la I edici\u00f3 dels Premis Comprom\u00eds Metropolit\u00e0 - ECoD - European Capital of Democracy","og_description":"El dia 12 de desembre del 2023 el PEMB convocar\u00e0 la I edici\u00f3 dels Premis Comprom\u00eds Metropolit\u00e0, un acte de reconeixement p\u00fablic per part de l\u2019associaci\u00f3 a programes, projectes i iniciatives que s'aline\u00efn amb els principis que han regit el proc\u00e9s Barcelona Dem\u00e0 i que s\u00f3n vigents en el desplegament del Comprom\u00eds Metropolit\u00e0 2030.&nbsp;D\u2019acord amb aix\u00f2 s\u2019han establert tres modalitats de premis:&nbsp;Premi \"Dimensi\u00f3 metropolitana\u201d. Reconeixement al programa, projecte o iniciativa que m\u00e9s contribueixi a posar en relleu l'abast metropolit\u00e0 a l\u2019hora de fer front als reptes en el context de les missions del CM2030.\u202f&nbsp;Premi \"Missions 2030\u201d. Reconeixement al programa, projecte o iniciativa que m\u00e9s contribueixi a avan\u00e7ar en l\u2019objectiu fonamental del CM2030 (reducci\u00f3 de les desigualtats socials i territorials en context de canvi clim\u00e0tic), en el marc del desplegament de les vuit missions que el configuren.&nbsp;Premi \"Aliances estrat\u00e8giques\u201d. Reconeixement al programa, projecte o iniciativa que millor exemplifiqui la col\u00b7laboraci\u00f3 multiactor, per destacar especialment el fet que la cooperaci\u00f3 entre actors diversos de la qu\u00edntuple h\u00e8lix hagi estat clau.Durant l\u2019acte, tamb\u00e9 es donar\u00e0 a con\u00e8ixer la persona guanyadora de la 3a edici\u00f3 de la Beca Santacana, una beca convocada en mem\u00f2ria del primer coordinador general del PEMB, Francesc Santacana, i que est\u00e0 destinada a un projecte de recerca individual que abordi q\u00fcestions relacionades amb estrat\u00e8gies urbanes a la regi\u00f3 metropolitana de Barcelona.L\u2019acte de lliurament de la I edici\u00f3 dels premis Comprom\u00eds Metropolit\u00e0, a m\u00e9s, es realitzar\u00e0 sota el paraig\u00fces de la Capital Europea de la Democr\u00e0cia, de la qual el PEMB forma part de l'oficina t\u00e8cnica juntament amb l'Ajuntament de Barcelona.Programa:10:00 Caf\u00e8 de benvinguda i obertura de portes&nbsp;10:30 Benvinguda institucional&nbsp;&nbsp;10:40 Qu\u00e8 \u00e9s i com avan\u00e7a el Comprom\u00eds Metropolit\u00e0 2030&nbsp;&nbsp;11:00 Lliurament dels trofeus corresponents als premis Comprom\u00eds Metropolit\u00e0 2030 (I edici\u00f3) en les seves tres categories a les entitats impulsores dels projectes guanyadors&nbsp;11:40 Anunci de la proposta de recerca guanyadora de la 3a edici\u00f3 de la Beca Santacana i recollida del diploma per part de la persona guardonada de mans del jurat&nbsp;12:00 Tancament de l\u2019acte i vermut de networking&nbsp;L\u2019acte ser\u00e0 condu\u00eft per la periodista colomenca Odei Etxarte.&nbsp;&nbsp;","og_url":"https:\/\/programme.capitalofdemocracy.eu\/ca\/produkt\/acte-de-lliurament-de-la-i-edicio-dels-premis-compromis-metropolita\/","og_site_name":"ECoD - European Capital of Democracy","article_modified_time":"2024-02-08T10:34:25+00:00","og_image":[{"width":2560,"height":1707,"url":"https:\/\/programme.capitalofdemocracy.eu\/wp-content\/uploads\/2024\/02\/_F4A0303-scaled.jpg","type":"image\/jpeg"}],"twitter_card":"summary_large_image","schema":{"@context":"https:\/\/schema.org","@graph":[{"@type":"WebPage","@id":"https:\/\/programme.capitalofdemocracy.eu\/ca\/produkt\/acte-de-lliurament-de-la-i-edicio-dels-premis-compromis-metropolita\/","url":"https:\/\/programme.capitalofdemocracy.eu\/ca\/produkt\/acte-de-lliurament-de-la-i-edicio-dels-premis-compromis-metropolita\/","name":"Acte de lliurament de la I edici\u00f3 dels Premis Comprom\u00eds Metropolit\u00e0 - ECoD - European Capital of Democracy","isPartOf":{"@id":"https:\/\/programme.capitalofdemocracy.eu\/es\/#website"},"datePublished":"2024-02-05T16:38:26+00:00","dateModified":"2024-02-08T10:34:25+00:00","breadcrumb":{"@id":"https:\/\/programme.capitalofdemocracy.eu\/ca\/produkt\/acte-de-lliurament-de-la-i-edicio-dels-premis-compromis-metropolita\/#breadcrumb"},"inLanguage":"ca","potentialAction":[{"@type":"ReadAction","target":["https:\/\/programme.capitalofdemocracy.eu\/ca\/produkt\/acte-de-lliurament-de-la-i-edicio-dels-premis-compromis-metropolita\/"]}]},{"@type":"BreadcrumbList","@id":"https:\/\/programme.capitalofdemocracy.eu\/ca\/produkt\/acte-de-lliurament-de-la-i-edicio-dels-premis-compromis-metropolita\/#breadcrumb","itemListElement":[{"@type":"ListItem","position":1,"name":"Startseite","item":"https:\/\/programme.capitalofdemocracy.eu\/ca\/startseite\/"},{"@type":"ListItem","position":2,"name":"Shop","item":"https:\/\/programme.capitalofdemocracy.eu\/shop\/"},{"@type":"ListItem","position":3,"name":"Acte de lliurament de la I edici\u00f3 dels Premis Comprom\u00eds Metropolit\u00e0"}]},{"@type":"WebSite","@id":"https:\/\/programme.capitalofdemocracy.eu\/es\/#website","url":"https:\/\/programme.capitalofdemocracy.eu\/es\/","name":"ECoD - European Capital of Democracy","description":"Barcelona, 2023-2024","potentialAction":[{"@type":"SearchAction","target":{"@type":"EntryPoint","urlTemplate":"https:\/\/programme.capitalofdemocracy.eu\/es\/?s={search_term_string}"},"query-input":"required name=search_term_string"}],"inLanguage":"ca"}]}},"_links":{"self":[{"href":"https:\/\/programme.capitalofdemocracy.eu\/ca\/wp-json\/wp\/v2\/product\/7231","targetHints":{"allow":["GET"]}}],"collection":[{"href":"https:\/\/programme.capitalofdemocracy.eu\/ca\/wp-json\/wp\/v2\/product"}],"about":[{"href":"https:\/\/programme.capitalofdemocracy.eu\/ca\/wp-json\/wp\/v2\/types\/product"}],"author":[{"embeddable":true,"href":"https:\/\/programme.capitalofdemocracy.eu\/ca\/wp-json\/wp\/v2\/users\/5"}],"wp:featuredmedia":[{"embeddable":true,"href":"https:\/\/programme.capitalofdemocracy.eu\/ca\/wp-json\/wp\/v2\/media\/7237"}],"wp:attachment":[{"href":"https:\/\/programme.capitalofdemocracy.eu\/ca\/wp-json\/wp\/v2\/media?parent=7231"}],"wp:term":[{"taxonomy":"ecod-events-districts","embeddable":true,"href":"https:\/\/programme.capitalofdemocracy.eu\/ca\/wp-json\/wp\/v2\/ecod-events-districts?post=7231"},{"taxonomy":"ecod-events-organizers","embeddable":true,"href":"https:\/\/programme.capitalofdemocracy.eu\/ca\/wp-json\/wp\/v2\/ecod-events-organizers?post=7231"},{"taxonomy":"product_cat","embeddable":true,"href":"https:\/\/programme.capitalofdemocracy.eu\/ca\/wp-json\/wp\/v2\/product_cat?post=7231"},{"taxonomy":"product_tag","embeddable":true,"href":"https:\/\/programme.capitalofdemocracy.eu\/ca\/wp-json\/wp\/v2\/product_tag?post=7231"}],"curies":[{"name":"wp","href":"https:\/\/api.w.org\/{rel}","templated":true}]}}