{"id":7276,"date":"2024-02-05T17:39:18","date_gmt":"2024-02-05T16:39:18","guid":{"rendered":"https:\/\/programme.capitalofdemocracy.eu\/produkt\/jornada-sobre-la-tracabilitat-de-les-decisions-publiques\/"},"modified":"2024-02-08T11:30:24","modified_gmt":"2024-02-08T10:30:24","slug":"jornada-sobre-la-tracabilitat-de-les-decisions-publiques","status":"publish","type":"product","link":"https:\/\/programme.capitalofdemocracy.eu\/ca\/produkt\/jornada-sobre-la-tracabilitat-de-les-decisions-publiques\/","title":{"rendered":"Jornada sobre la tra\u00e7abilitat de les decisions p\u00fabliques"},"content":{"rendered":"","protected":false},"excerpt":{"rendered":"<p>La Direcci\u00f3 General de Bon Govern, Innovaci\u00f3 i Qualitat Democr\u00e0tiques organitza una Jornada sobre la tra\u00e7abilitat de les decisions p\u00fabliques el <strong>11 de desembre de 2023 a les 9.30 hores a l&#8217;Auditori del Districte Administratiu<\/strong>. L&#8217;esdeveniment inclour\u00e0 sessions introduct\u00f2ries sobre la missi\u00f3 de la Direcci\u00f3 General i perspectives normatives, aix\u00ed com taules rodones amb experts sobre la tra\u00e7abilitat de l&#8217;activitat d&#8217;influ\u00e8ncia i l&#8217;explicabilitat de les decisions autom\u00e0tiques.<\/p>\n<p><strong>Programa<\/strong>:<\/p>\n<ul>\n<li>9.30 h &#8211; Benvinguda<\/li>\n<li>10.00 h &#8211; Perspectiva normativa<\/li>\n<li>10.30 h &#8211; Reptes d&#8217;innovaci\u00f3<\/li>\n<li>11.00 h &#8211; Pausa caf\u00e8<\/li>\n<\/ul>\n<p><strong>BLOC I: LA TRA\u00c7ABILITAT DE L\u2019ACTIVITAT D\u2019INFLU\u00c8NCIA EN LES DECISIONS P\u00daBLIQUES<\/strong><\/p>\n<p>11.45 h &#8211; Taula rodona. Modera\u00a0<strong>Gemma Calvet Barot<\/strong><\/p>\n<ul>\n<li><strong>\u00c0ngel Mesado Jard\u00ed<\/strong>, vocal de l\u2019Associaci\u00f3 de professionals de les relacions institucionals (APRI).<\/li>\n<li><strong>N\u00faria Almir\u00f3n Roig<\/strong>, professora titular de la Universitat Pompeu Fabra i membre del grup de recerca Critical communication (CRITICC)<\/li>\n<li><strong>Llu\u00eds Corominas D\u00edaz<\/strong>, director de la Fundaci\u00f3 Transpar\u00e8ncia i Bon Govern de l\u2019Associaci\u00f3 Catalana de\u00a0Municipis (ACM)<\/li>\n<\/ul>\n<p><strong>BLOC II: LA TRA\u00c7ABILITAT DE LES DECISIONS PRESES PER SISTEMES DE DECISI\u00d3 AUTOMATITZADA<\/strong><\/p>\n<p>12.55 h &#8211; Taula rodona. Modera\u00a0<strong>Albert Ca\u00f1igueral Bag\u00f3<\/strong><\/p>\n<ul>\n<li><strong>Mireia Artigot Golobardes<\/strong>, investigadora Ramon y Cajal de la Universitat Pompeu Fabra<\/li>\n<li><strong>Oriol Mir Puigpelat<\/strong>, catedr\u00e0tic de dret administratiu de la Universitat Pompeu Fabra<\/li>\n<li><strong>Ricard Faura Homedes<\/strong>, cap del Servei d&#8217;Inclusi\u00f3 i Capacitaci\u00f3 Digital de l\u2019Administraci\u00f3 de la Generalitat de Catalunya<\/li>\n<\/ul>\n<p>13.55 h &#8211; Torn obert de paraula<\/p>\n<p>14.15 h &#8211; Cloenda: <strong>Jaume L\u00f3pez Hern\u00e1ndez<\/strong>, director general de Bon Govern, Innovaci\u00f3 i Qualitat Democr\u00e0tiques<\/p>\n<p>&nbsp;<\/p>\n<p><a href=\"https:\/\/governobert.gencat.cat\/ca\/actualitat\/actes-i-jornades\/jornada-tracabilitat-decisions-publiques\/\" target=\"_blank\" rel=\"noopener noreferrer\"><strong>M<\/strong>\u00e9s informaci\u00f3<\/a><\/p>\n<h6>11 de desembre de 2023<\/h6>\n<h6>9.30 h &#8211; 14.30 h<\/h6>\n<h6>Auditori del Districte Administratiu de la Generalitat de Catalunya<\/h6>\n<h6>Carrer del Foc 57, Barcelona (08038)<\/h6>\n<h5><\/h5>\n<p><img decoding=\"async\" src=\"https:\/\/capitalofdemocracy.barcelona\/rails\/active_storage\/blobs\/redirect\/eyJfcmFpbHMiOnsibWVzc2FnZSI6IkJBaHBBcVVDIiwiZXhwIjpudWxsLCJwdXIiOiJibG9iX2lkIn19--f53be019688828e9907531015f3d6d67041ab134\/Logotipo_de_la_Generalitat_de_Catalunya.svg.png\" width=\"171\" \/><\/p>\n","protected":false},"featured_media":7282,"template":"","meta":{"_acf_changed":false,"inline_featured_image":false},"ecod-events-districts":[],"ecod-events-organizers":[256],"product_cat":[228],"product_tag":[],"class_list":{"0":"post-7276","1":"product","2":"type-product","3":"status-publish","4":"has-post-thumbnail","6":"ecod-events-organizers-city-of-barcelona-ca","7":"product_cat-local-ca","9":"first","10":"instock","11":"shipping-taxable","12":"product-type-simple"},"acf":[],"yoast_head":"<!-- This site is optimized with the Yoast SEO plugin v22.0 - https:\/\/yoast.com\/wordpress\/plugins\/seo\/ -->\n<title>Jornada sobre la tra\u00e7abilitat de les decisions p\u00fabliques - ECoD - European Capital of Democracy<\/title>\n<meta name=\"robots\" content=\"noindex, follow, max-snippet:-1, max-image-preview:large, max-video-preview:-1\" \/>\n<meta property=\"og:locale\" content=\"ca_ES\" \/>\n<meta property=\"og:type\" content=\"article\" \/>\n<meta property=\"og:title\" content=\"Jornada sobre la tra\u00e7abilitat de les decisions p\u00fabliques - ECoD - European Capital of Democracy\" \/>\n<meta property=\"og:description\" content=\"La Direcci\u00f3 General de Bon Govern, Innovaci\u00f3 i Qualitat Democr\u00e0tiques organitza una Jornada sobre la tra\u00e7abilitat de les decisions p\u00fabliques el 11 de desembre de 2023 a les 9.30 hores a l&#039;Auditori del Districte Administratiu. L&#039;esdeveniment inclour\u00e0 sessions introduct\u00f2ries sobre la missi\u00f3 de la Direcci\u00f3 General i perspectives normatives, aix\u00ed com taules rodones amb experts sobre la tra\u00e7abilitat de l&#039;activitat d&#039;influ\u00e8ncia i l&#039;explicabilitat de les decisions autom\u00e0tiques.  Programa:   9.30 h - Benvinguda  10.00 h - Perspectiva normativa  10.30 h - Reptes d&#039;innovaci\u00f3  11.00 h - Pausa caf\u00e8  BLOC I: LA TRA\u00c7ABILITAT DE L\u2019ACTIVITAT D\u2019INFLU\u00c8NCIA EN LES DECISIONS P\u00daBLIQUES  11.45 h - Taula rodona. Modera\u00a0Gemma Calvet Barot   \u00c0ngel Mesado Jard\u00ed, vocal de l\u2019Associaci\u00f3 de professionals de les relacions institucionals (APRI).  N\u00faria Almir\u00f3n Roig, professora titular de la Universitat Pompeu Fabra i membre del grup de recerca Critical communication (CRITICC)  Llu\u00eds Corominas D\u00edaz, director de la Fundaci\u00f3 Transpar\u00e8ncia i Bon Govern de l\u2019Associaci\u00f3 Catalana de\u00a0Municipis (ACM)  BLOC II: LA TRA\u00c7ABILITAT DE LES DECISIONS PRESES PER SISTEMES DE DECISI\u00d3 AUTOMATITZADA  12.55 h - Taula rodona. Modera\u00a0Albert Ca\u00f1igueral Bag\u00f3   Mireia Artigot Golobardes, investigadora Ramon y Cajal de la Universitat Pompeu Fabra  Oriol Mir Puigpelat, catedr\u00e0tic de dret administratiu de la Universitat Pompeu Fabra  Ricard Faura Homedes, cap del Servei d&#039;Inclusi\u00f3 i Capacitaci\u00f3 Digital de l\u2019Administraci\u00f3 de la Generalitat de Catalunya  13.55 h - Torn obert de paraula  14.15 h - Cloenda: Jaume L\u00f3pez Hern\u00e1ndez, director general de Bon Govern, Innovaci\u00f3 i Qualitat Democr\u00e0tiques  &nbsp;  M\u00e9s informaci\u00f3 11 de desembre de 2023 9.30 h - 14.30 h Auditori del Districte Administratiu de la Generalitat de Catalunya Carrer del Foc 57, Barcelona (08038)\" \/>\n<meta property=\"og:url\" content=\"https:\/\/programme.capitalofdemocracy.eu\/ca\/produkt\/jornada-sobre-la-tracabilitat-de-les-decisions-publiques\/\" \/>\n<meta property=\"og:site_name\" content=\"ECoD - European Capital of Democracy\" \/>\n<meta property=\"article:modified_time\" content=\"2024-02-08T10:30:24+00:00\" \/>\n<meta property=\"og:image\" content=\"https:\/\/programme.capitalofdemocracy.eu\/wp-content\/uploads\/2024\/02\/231211%20Jornada%20tra%C3%A7abilitat%202.jpg\" \/>\n\t<meta property=\"og:image:width\" content=\"2048\" \/>\n\t<meta property=\"og:image:height\" content=\"1368\" \/>\n\t<meta property=\"og:image:type\" content=\"image\/jpeg\" \/>\n<meta name=\"twitter:card\" content=\"summary_large_image\" \/>\n<script type=\"application\/ld+json\" class=\"yoast-schema-graph\">{\"@context\":\"https:\/\/schema.org\",\"@graph\":[{\"@type\":\"WebPage\",\"@id\":\"https:\/\/programme.capitalofdemocracy.eu\/ca\/produkt\/jornada-sobre-la-tracabilitat-de-les-decisions-publiques\/\",\"url\":\"https:\/\/programme.capitalofdemocracy.eu\/ca\/produkt\/jornada-sobre-la-tracabilitat-de-les-decisions-publiques\/\",\"name\":\"Jornada sobre la tra\u00e7abilitat de les decisions p\u00fabliques - ECoD - European Capital of Democracy\",\"isPartOf\":{\"@id\":\"https:\/\/programme.capitalofdemocracy.eu\/es\/#website\"},\"datePublished\":\"2024-02-05T16:39:18+00:00\",\"dateModified\":\"2024-02-08T10:30:24+00:00\",\"breadcrumb\":{\"@id\":\"https:\/\/programme.capitalofdemocracy.eu\/ca\/produkt\/jornada-sobre-la-tracabilitat-de-les-decisions-publiques\/#breadcrumb\"},\"inLanguage\":\"ca\",\"potentialAction\":[{\"@type\":\"ReadAction\",\"target\":[\"https:\/\/programme.capitalofdemocracy.eu\/ca\/produkt\/jornada-sobre-la-tracabilitat-de-les-decisions-publiques\/\"]}]},{\"@type\":\"BreadcrumbList\",\"@id\":\"https:\/\/programme.capitalofdemocracy.eu\/ca\/produkt\/jornada-sobre-la-tracabilitat-de-les-decisions-publiques\/#breadcrumb\",\"itemListElement\":[{\"@type\":\"ListItem\",\"position\":1,\"name\":\"Startseite\",\"item\":\"https:\/\/programme.capitalofdemocracy.eu\/ca\/startseite\/\"},{\"@type\":\"ListItem\",\"position\":2,\"name\":\"Shop\",\"item\":\"https:\/\/programme.capitalofdemocracy.eu\/shop\/\"},{\"@type\":\"ListItem\",\"position\":3,\"name\":\"Jornada sobre la tra\u00e7abilitat de les decisions p\u00fabliques\"}]},{\"@type\":\"WebSite\",\"@id\":\"https:\/\/programme.capitalofdemocracy.eu\/es\/#website\",\"url\":\"https:\/\/programme.capitalofdemocracy.eu\/es\/\",\"name\":\"ECoD - European Capital of Democracy\",\"description\":\"Barcelona, 2023-2024\",\"potentialAction\":[{\"@type\":\"SearchAction\",\"target\":{\"@type\":\"EntryPoint\",\"urlTemplate\":\"https:\/\/programme.capitalofdemocracy.eu\/es\/?s={search_term_string}\"},\"query-input\":\"required name=search_term_string\"}],\"inLanguage\":\"ca\"}]}<\/script>\n<!-- \/ Yoast SEO plugin. -->","yoast_head_json":{"title":"Jornada sobre la tra\u00e7abilitat de les decisions p\u00fabliques - ECoD - European Capital of Democracy","robots":{"index":"noindex","follow":"follow","max-snippet":"max-snippet:-1","max-image-preview":"max-image-preview:large","max-video-preview":"max-video-preview:-1"},"og_locale":"ca_ES","og_type":"article","og_title":"Jornada sobre la tra\u00e7abilitat de les decisions p\u00fabliques - ECoD - European Capital of Democracy","og_description":"La Direcci\u00f3 General de Bon Govern, Innovaci\u00f3 i Qualitat Democr\u00e0tiques organitza una Jornada sobre la tra\u00e7abilitat de les decisions p\u00fabliques el 11 de desembre de 2023 a les 9.30 hores a l'Auditori del Districte Administratiu. L'esdeveniment inclour\u00e0 sessions introduct\u00f2ries sobre la missi\u00f3 de la Direcci\u00f3 General i perspectives normatives, aix\u00ed com taules rodones amb experts sobre la tra\u00e7abilitat de l'activitat d'influ\u00e8ncia i l'explicabilitat de les decisions autom\u00e0tiques.  Programa:   9.30 h - Benvinguda  10.00 h - Perspectiva normativa  10.30 h - Reptes d'innovaci\u00f3  11.00 h - Pausa caf\u00e8  BLOC I: LA TRA\u00c7ABILITAT DE L\u2019ACTIVITAT D\u2019INFLU\u00c8NCIA EN LES DECISIONS P\u00daBLIQUES  11.45 h - Taula rodona. Modera\u00a0Gemma Calvet Barot   \u00c0ngel Mesado Jard\u00ed, vocal de l\u2019Associaci\u00f3 de professionals de les relacions institucionals (APRI).  N\u00faria Almir\u00f3n Roig, professora titular de la Universitat Pompeu Fabra i membre del grup de recerca Critical communication (CRITICC)  Llu\u00eds Corominas D\u00edaz, director de la Fundaci\u00f3 Transpar\u00e8ncia i Bon Govern de l\u2019Associaci\u00f3 Catalana de\u00a0Municipis (ACM)  BLOC II: LA TRA\u00c7ABILITAT DE LES DECISIONS PRESES PER SISTEMES DE DECISI\u00d3 AUTOMATITZADA  12.55 h - Taula rodona. Modera\u00a0Albert Ca\u00f1igueral Bag\u00f3   Mireia Artigot Golobardes, investigadora Ramon y Cajal de la Universitat Pompeu Fabra  Oriol Mir Puigpelat, catedr\u00e0tic de dret administratiu de la Universitat Pompeu Fabra  Ricard Faura Homedes, cap del Servei d'Inclusi\u00f3 i Capacitaci\u00f3 Digital de l\u2019Administraci\u00f3 de la Generalitat de Catalunya  13.55 h - Torn obert de paraula  14.15 h - Cloenda: Jaume L\u00f3pez Hern\u00e1ndez, director general de Bon Govern, Innovaci\u00f3 i Qualitat Democr\u00e0tiques  &nbsp;  M\u00e9s informaci\u00f3 11 de desembre de 2023 9.30 h - 14.30 h Auditori del Districte Administratiu de la Generalitat de Catalunya Carrer del Foc 57, Barcelona (08038)","og_url":"https:\/\/programme.capitalofdemocracy.eu\/ca\/produkt\/jornada-sobre-la-tracabilitat-de-les-decisions-publiques\/","og_site_name":"ECoD - European Capital of Democracy","article_modified_time":"2024-02-08T10:30:24+00:00","og_image":[{"width":2048,"height":1368,"url":"https:\/\/programme.capitalofdemocracy.eu\/wp-content\/uploads\/2024\/02\/231211%20Jornada%20tra%C3%A7abilitat%202.jpg","type":"image\/jpeg"}],"twitter_card":"summary_large_image","schema":{"@context":"https:\/\/schema.org","@graph":[{"@type":"WebPage","@id":"https:\/\/programme.capitalofdemocracy.eu\/ca\/produkt\/jornada-sobre-la-tracabilitat-de-les-decisions-publiques\/","url":"https:\/\/programme.capitalofdemocracy.eu\/ca\/produkt\/jornada-sobre-la-tracabilitat-de-les-decisions-publiques\/","name":"Jornada sobre la tra\u00e7abilitat de les decisions p\u00fabliques - ECoD - European Capital of Democracy","isPartOf":{"@id":"https:\/\/programme.capitalofdemocracy.eu\/es\/#website"},"datePublished":"2024-02-05T16:39:18+00:00","dateModified":"2024-02-08T10:30:24+00:00","breadcrumb":{"@id":"https:\/\/programme.capitalofdemocracy.eu\/ca\/produkt\/jornada-sobre-la-tracabilitat-de-les-decisions-publiques\/#breadcrumb"},"inLanguage":"ca","potentialAction":[{"@type":"ReadAction","target":["https:\/\/programme.capitalofdemocracy.eu\/ca\/produkt\/jornada-sobre-la-tracabilitat-de-les-decisions-publiques\/"]}]},{"@type":"BreadcrumbList","@id":"https:\/\/programme.capitalofdemocracy.eu\/ca\/produkt\/jornada-sobre-la-tracabilitat-de-les-decisions-publiques\/#breadcrumb","itemListElement":[{"@type":"ListItem","position":1,"name":"Startseite","item":"https:\/\/programme.capitalofdemocracy.eu\/ca\/startseite\/"},{"@type":"ListItem","position":2,"name":"Shop","item":"https:\/\/programme.capitalofdemocracy.eu\/shop\/"},{"@type":"ListItem","position":3,"name":"Jornada sobre la tra\u00e7abilitat de les decisions p\u00fabliques"}]},{"@type":"WebSite","@id":"https:\/\/programme.capitalofdemocracy.eu\/es\/#website","url":"https:\/\/programme.capitalofdemocracy.eu\/es\/","name":"ECoD - European Capital of Democracy","description":"Barcelona, 2023-2024","potentialAction":[{"@type":"SearchAction","target":{"@type":"EntryPoint","urlTemplate":"https:\/\/programme.capitalofdemocracy.eu\/es\/?s={search_term_string}"},"query-input":"required name=search_term_string"}],"inLanguage":"ca"}]}},"_links":{"self":[{"href":"https:\/\/programme.capitalofdemocracy.eu\/ca\/wp-json\/wp\/v2\/product\/7276","targetHints":{"allow":["GET"]}}],"collection":[{"href":"https:\/\/programme.capitalofdemocracy.eu\/ca\/wp-json\/wp\/v2\/product"}],"about":[{"href":"https:\/\/programme.capitalofdemocracy.eu\/ca\/wp-json\/wp\/v2\/types\/product"}],"wp:featuredmedia":[{"embeddable":true,"href":"https:\/\/programme.capitalofdemocracy.eu\/ca\/wp-json\/wp\/v2\/media\/7282"}],"wp:attachment":[{"href":"https:\/\/programme.capitalofdemocracy.eu\/ca\/wp-json\/wp\/v2\/media?parent=7276"}],"wp:term":[{"taxonomy":"ecod-events-districts","embeddable":true,"href":"https:\/\/programme.capitalofdemocracy.eu\/ca\/wp-json\/wp\/v2\/ecod-events-districts?post=7276"},{"taxonomy":"ecod-events-organizers","embeddable":true,"href":"https:\/\/programme.capitalofdemocracy.eu\/ca\/wp-json\/wp\/v2\/ecod-events-organizers?post=7276"},{"taxonomy":"product_cat","embeddable":true,"href":"https:\/\/programme.capitalofdemocracy.eu\/ca\/wp-json\/wp\/v2\/product_cat?post=7276"},{"taxonomy":"product_tag","embeddable":true,"href":"https:\/\/programme.capitalofdemocracy.eu\/ca\/wp-json\/wp\/v2\/product_tag?post=7276"}],"curies":[{"name":"wp","href":"https:\/\/api.w.org\/{rel}","templated":true}]}}