{"id":7426,"date":"2024-02-05T17:42:17","date_gmt":"2024-02-05T16:42:17","guid":{"rendered":"https:\/\/programme.capitalofdemocracy.eu\/produkt\/alda-festival-general-assembly-2024-2\/"},"modified":"2024-04-30T05:05:18","modified_gmt":"2024-04-30T03:05:18","slug":"alda-festival-general-assembly-2024-2","status":"publish","type":"product","link":"https:\/\/programme.capitalofdemocracy.eu\/ca\/produkt\/alda-festival-general-assembly-2024-2\/","title":{"rendered":"ALDA Festival &amp; General Assembly 2024"},"content":{"rendered":"","protected":false},"excerpt":{"rendered":"<p>El <a target=\"_blank\" href=\"https:\/\/www.alda-europe.eu\/events\/local-democracy-for-global-impact-alda-festival-and-general-assembly-2024\/\" rel=\"noopener noreferrer\">Festival i Assemblea General de l&#8217;ALDA<\/a> del 2024 promet ser una ocasi\u00f3 transcendental, assenyalant un punt d&#8217;inflexi\u00f3 significatiu en la dedicaci\u00f3 constant de l&#8217;organitzaci\u00f3 a la seva missi\u00f3 i impacte. <strong>Del 13 al 15 de maig de 2024 a Barcelona<\/strong>, aquest esdeveniment s&#8217;emmarca dins la Capital Europea de la Democr\u00e0cia, amplificant la resson\u00e0ncia de la seva missi\u00f3 a la ciutat.<\/p>\n<p>Mitjan\u00e7ant metodologies participatives i cooperaci\u00f3 descentralitzada, ALDA capacita i empodera comunitats locals no nom\u00e9s a Europa, sin\u00f3 arreu del m\u00f3n. La seva missi\u00f3 essencial de construir ponts entre les autoritats locals i les comunitats assumeix una rellev\u00e0ncia crucial, fomentant un di\u00e0leg transfronterer i col\u00b7laboraci\u00f3 que s&#8217;est\u00e9n m\u00e9s enll\u00e0 de les barreres geogr\u00e0fiques. Aquest comprom\u00eds, aix\u00ed, consolida la posici\u00f3 d&#8217;<strong>ALDA com un facilitador local amb un impacte global, mostrant de manera contundent com les iniciatives locals poden impulsar canvis transcendentals a escala global.<\/strong><\/p>\n<p>Sota el lema<strong> &#8220;Democr\u00e0cia Local per a un Impacte Global&#8221;,<\/strong> l&#8217;ALDA Festival i Assemblea General del 2024 oferir\u00e0 als participants una <strong>oportunitat \u00fanica per explorar les sinergies entre els nivells de govern local i europeu.<\/strong> Aquesta converg\u00e8ncia refor\u00e7a el comprom\u00eds d&#8217;ALDA de fomentar les connexions entre ciutadans, autoritats locals i el context europeu m\u00e9s ampli, contribuint a la missi\u00f3 vital de l&#8217;organitzaci\u00f3 per promoure la democr\u00e0cia local com a garantia de resili\u00e8ncia.<\/p>\n<p>Aquest esdeveniment transcendental, que no deixa de cr\u00e9ixer despr\u00e9s de l&#8217;\u00e8xit de l&#8217;edici\u00f3 anterior, convida tota la ciutadania interessada a ser part\u00edcip d&#8217;aquesta celebraci\u00f3 \u00fanica a la ciutat condal.<\/p>\n<p><a target=\"_blank\" href=\"https:\/\/www.alda-europe.eu\/alda-festival-general-assembly-2024\/\" rel=\"noopener noreferrer\">M\u00e9s informaci\u00f3<\/a><\/p>\n<div class=\"editor-content-image\" data-image=\"\"><img decoding=\"async\" src=\"https:\/\/capitalofdemocracy.barcelona\/rails\/active_storage\/blobs\/redirect\/eyJfcmFpbHMiOnsibWVzc2FnZSI6IkJBaHBBaGdDIiwiZXhwIjpudWxsLCJwdXIiOiJibG9iX2lkIn19--b09f72e7ec96541d305fc77216dd15535c73e6a9\/descarga%20(4)%20copia.png\" alt=\"\" width=\"140\"><\/div>\n","protected":false},"author":5,"featured_media":9091,"template":"","meta":{"_acf_changed":false,"inline_featured_image":false},"ecod-events-districts":[],"ecod-events-organizers":[256,223],"product_cat":[228,227],"product_tag":[],"class_list":{"0":"post-7426","1":"product","2":"type-product","3":"status-publish","4":"has-post-thumbnail","6":"ecod-events-organizers-city-of-barcelona-ca","7":"ecod-events-organizers-city-of-barcelona","8":"product_cat-local-ca","9":"product_cat-local","11":"first","12":"instock","13":"shipping-taxable","14":"product-type-simple"},"acf":[],"yoast_head":"<!-- This site is optimized with the Yoast SEO plugin v22.0 - https:\/\/yoast.com\/wordpress\/plugins\/seo\/ -->\n<title>ALDA Festival &amp; General Assembly 2024 - ECoD - European Capital of Democracy<\/title>\n<meta name=\"robots\" content=\"noindex, follow, max-snippet:-1, max-image-preview:large, max-video-preview:-1\" \/>\n<meta property=\"og:locale\" content=\"ca_ES\" \/>\n<meta property=\"og:type\" content=\"article\" \/>\n<meta property=\"og:title\" content=\"ALDA Festival &amp; General Assembly 2024 - ECoD - European Capital of Democracy\" \/>\n<meta property=\"og:description\" content=\"El Festival i Assemblea General de l&#039;ALDA del 2024 promet ser una ocasi\u00f3 transcendental, assenyalant un punt d&#039;inflexi\u00f3 significatiu en la dedicaci\u00f3 constant de l&#039;organitzaci\u00f3 a la seva missi\u00f3 i impacte. Del 13 al 15 de maig de 2024 a Barcelona, aquest esdeveniment s&#039;emmarca dins la Capital Europea de la Democr\u00e0cia, amplificant la resson\u00e0ncia de la seva missi\u00f3 a la ciutat.Mitjan\u00e7ant metodologies participatives i cooperaci\u00f3 descentralitzada, ALDA capacita i empodera comunitats locals no nom\u00e9s a Europa, sin\u00f3 arreu del m\u00f3n. La seva missi\u00f3 essencial de construir ponts entre les autoritats locals i les comunitats assumeix una rellev\u00e0ncia crucial, fomentant un di\u00e0leg transfronterer i col\u00b7laboraci\u00f3 que s&#039;est\u00e9n m\u00e9s enll\u00e0 de les barreres geogr\u00e0fiques. Aquest comprom\u00eds, aix\u00ed, consolida la posici\u00f3 d&#039;ALDA com un facilitador local amb un impacte global, mostrant de manera contundent com les iniciatives locals poden impulsar canvis transcendentals a escala global.Sota el lema &quot;Democr\u00e0cia Local per a un Impacte Global&quot;, l&#039;ALDA Festival i Assemblea General del 2024 oferir\u00e0 als participants una oportunitat \u00fanica per explorar les sinergies entre els nivells de govern local i europeu. Aquesta converg\u00e8ncia refor\u00e7a el comprom\u00eds d&#039;ALDA de fomentar les connexions entre ciutadans, autoritats locals i el context europeu m\u00e9s ampli, contribuint a la missi\u00f3 vital de l&#039;organitzaci\u00f3 per promoure la democr\u00e0cia local com a garantia de resili\u00e8ncia.Aquest esdeveniment transcendental, que no deixa de cr\u00e9ixer despr\u00e9s de l&#039;\u00e8xit de l&#039;edici\u00f3 anterior, convida tota la ciutadania interessada a ser part\u00edcip d&#039;aquesta celebraci\u00f3 \u00fanica a la ciutat condal.M\u00e9s informaci\u00f3\" \/>\n<meta property=\"og:url\" content=\"https:\/\/programme.capitalofdemocracy.eu\/produkt\/alda-festival-general-assembly-2024-3\/\" \/>\n<meta property=\"og:site_name\" content=\"ECoD - European Capital of Democracy\" \/>\n<meta property=\"article:modified_time\" content=\"2024-04-30T03:05:18+00:00\" \/>\n<meta property=\"og:image\" content=\"https:\/\/programme.capitalofdemocracy.eu\/wp-content\/uploads\/GA2024_NC-1.png\" \/>\n\t<meta property=\"og:image:width\" content=\"1\" \/>\n\t<meta property=\"og:image:height\" content=\"1\" \/>\n\t<meta property=\"og:image:type\" content=\"image\/png\" \/>\n<meta name=\"twitter:card\" content=\"summary_large_image\" \/>\n<script type=\"application\/ld+json\" class=\"yoast-schema-graph\">{\"@context\":\"https:\/\/schema.org\",\"@graph\":[{\"@type\":\"WebPage\",\"@id\":\"https:\/\/programme.capitalofdemocracy.eu\/produkt\/alda-festival-general-assembly-2024-3\/\",\"url\":\"https:\/\/programme.capitalofdemocracy.eu\/produkt\/alda-festival-general-assembly-2024-3\/\",\"name\":\"ALDA Festival &amp; General Assembly 2024 - ECoD - European Capital of Democracy\",\"isPartOf\":{\"@id\":\"https:\/\/programme.capitalofdemocracy.eu\/es\/#website\"},\"datePublished\":\"2024-02-05T16:42:17+00:00\",\"dateModified\":\"2024-04-30T03:05:18+00:00\",\"breadcrumb\":{\"@id\":\"https:\/\/programme.capitalofdemocracy.eu\/produkt\/alda-festival-general-assembly-2024-3\/#breadcrumb\"},\"inLanguage\":\"ca\",\"potentialAction\":[{\"@type\":\"ReadAction\",\"target\":[\"https:\/\/programme.capitalofdemocracy.eu\/produkt\/alda-festival-general-assembly-2024-3\/\"]}]},{\"@type\":\"BreadcrumbList\",\"@id\":\"https:\/\/programme.capitalofdemocracy.eu\/produkt\/alda-festival-general-assembly-2024-3\/#breadcrumb\",\"itemListElement\":[{\"@type\":\"ListItem\",\"position\":1,\"name\":\"Startseite\",\"item\":\"https:\/\/programme.capitalofdemocracy.eu\/ca\/startseite\/\"},{\"@type\":\"ListItem\",\"position\":2,\"name\":\"Shop\",\"item\":\"https:\/\/programme.capitalofdemocracy.eu\/shop\/\"},{\"@type\":\"ListItem\",\"position\":3,\"name\":\"ALDA Festival &amp; General Assembly 2024\"}]},{\"@type\":\"WebSite\",\"@id\":\"https:\/\/programme.capitalofdemocracy.eu\/es\/#website\",\"url\":\"https:\/\/programme.capitalofdemocracy.eu\/es\/\",\"name\":\"ECoD - European Capital of Democracy\",\"description\":\"Barcelona, 2023-2024\",\"potentialAction\":[{\"@type\":\"SearchAction\",\"target\":{\"@type\":\"EntryPoint\",\"urlTemplate\":\"https:\/\/programme.capitalofdemocracy.eu\/es\/?s={search_term_string}\"},\"query-input\":\"required name=search_term_string\"}],\"inLanguage\":\"ca\"}]}<\/script>\n<!-- \/ Yoast SEO plugin. -->","yoast_head_json":{"title":"ALDA Festival &amp; General Assembly 2024 - ECoD - European Capital of Democracy","robots":{"index":"noindex","follow":"follow","max-snippet":"max-snippet:-1","max-image-preview":"max-image-preview:large","max-video-preview":"max-video-preview:-1"},"og_locale":"ca_ES","og_type":"article","og_title":"ALDA Festival &amp; General Assembly 2024 - ECoD - European Capital of Democracy","og_description":"El Festival i Assemblea General de l'ALDA del 2024 promet ser una ocasi\u00f3 transcendental, assenyalant un punt d'inflexi\u00f3 significatiu en la dedicaci\u00f3 constant de l'organitzaci\u00f3 a la seva missi\u00f3 i impacte. Del 13 al 15 de maig de 2024 a Barcelona, aquest esdeveniment s'emmarca dins la Capital Europea de la Democr\u00e0cia, amplificant la resson\u00e0ncia de la seva missi\u00f3 a la ciutat.Mitjan\u00e7ant metodologies participatives i cooperaci\u00f3 descentralitzada, ALDA capacita i empodera comunitats locals no nom\u00e9s a Europa, sin\u00f3 arreu del m\u00f3n. La seva missi\u00f3 essencial de construir ponts entre les autoritats locals i les comunitats assumeix una rellev\u00e0ncia crucial, fomentant un di\u00e0leg transfronterer i col\u00b7laboraci\u00f3 que s'est\u00e9n m\u00e9s enll\u00e0 de les barreres geogr\u00e0fiques. Aquest comprom\u00eds, aix\u00ed, consolida la posici\u00f3 d'ALDA com un facilitador local amb un impacte global, mostrant de manera contundent com les iniciatives locals poden impulsar canvis transcendentals a escala global.Sota el lema \"Democr\u00e0cia Local per a un Impacte Global\", l'ALDA Festival i Assemblea General del 2024 oferir\u00e0 als participants una oportunitat \u00fanica per explorar les sinergies entre els nivells de govern local i europeu. Aquesta converg\u00e8ncia refor\u00e7a el comprom\u00eds d'ALDA de fomentar les connexions entre ciutadans, autoritats locals i el context europeu m\u00e9s ampli, contribuint a la missi\u00f3 vital de l'organitzaci\u00f3 per promoure la democr\u00e0cia local com a garantia de resili\u00e8ncia.Aquest esdeveniment transcendental, que no deixa de cr\u00e9ixer despr\u00e9s de l'\u00e8xit de l'edici\u00f3 anterior, convida tota la ciutadania interessada a ser part\u00edcip d'aquesta celebraci\u00f3 \u00fanica a la ciutat condal.M\u00e9s informaci\u00f3","og_url":"https:\/\/programme.capitalofdemocracy.eu\/produkt\/alda-festival-general-assembly-2024-3\/","og_site_name":"ECoD - European Capital of Democracy","article_modified_time":"2024-04-30T03:05:18+00:00","og_image":[{"url":"https:\/\/programme.capitalofdemocracy.eu\/wp-content\/uploads\/GA2024_NC-1.png","width":1,"height":1,"type":"image\/png"}],"twitter_card":"summary_large_image","schema":{"@context":"https:\/\/schema.org","@graph":[{"@type":"WebPage","@id":"https:\/\/programme.capitalofdemocracy.eu\/produkt\/alda-festival-general-assembly-2024-3\/","url":"https:\/\/programme.capitalofdemocracy.eu\/produkt\/alda-festival-general-assembly-2024-3\/","name":"ALDA Festival &amp; General Assembly 2024 - ECoD - European Capital of Democracy","isPartOf":{"@id":"https:\/\/programme.capitalofdemocracy.eu\/es\/#website"},"datePublished":"2024-02-05T16:42:17+00:00","dateModified":"2024-04-30T03:05:18+00:00","breadcrumb":{"@id":"https:\/\/programme.capitalofdemocracy.eu\/produkt\/alda-festival-general-assembly-2024-3\/#breadcrumb"},"inLanguage":"ca","potentialAction":[{"@type":"ReadAction","target":["https:\/\/programme.capitalofdemocracy.eu\/produkt\/alda-festival-general-assembly-2024-3\/"]}]},{"@type":"BreadcrumbList","@id":"https:\/\/programme.capitalofdemocracy.eu\/produkt\/alda-festival-general-assembly-2024-3\/#breadcrumb","itemListElement":[{"@type":"ListItem","position":1,"name":"Startseite","item":"https:\/\/programme.capitalofdemocracy.eu\/ca\/startseite\/"},{"@type":"ListItem","position":2,"name":"Shop","item":"https:\/\/programme.capitalofdemocracy.eu\/shop\/"},{"@type":"ListItem","position":3,"name":"ALDA Festival &amp; General Assembly 2024"}]},{"@type":"WebSite","@id":"https:\/\/programme.capitalofdemocracy.eu\/es\/#website","url":"https:\/\/programme.capitalofdemocracy.eu\/es\/","name":"ECoD - European Capital of Democracy","description":"Barcelona, 2023-2024","potentialAction":[{"@type":"SearchAction","target":{"@type":"EntryPoint","urlTemplate":"https:\/\/programme.capitalofdemocracy.eu\/es\/?s={search_term_string}"},"query-input":"required name=search_term_string"}],"inLanguage":"ca"}]}},"_links":{"self":[{"href":"https:\/\/programme.capitalofdemocracy.eu\/ca\/wp-json\/wp\/v2\/product\/7426","targetHints":{"allow":["GET"]}}],"collection":[{"href":"https:\/\/programme.capitalofdemocracy.eu\/ca\/wp-json\/wp\/v2\/product"}],"about":[{"href":"https:\/\/programme.capitalofdemocracy.eu\/ca\/wp-json\/wp\/v2\/types\/product"}],"author":[{"embeddable":true,"href":"https:\/\/programme.capitalofdemocracy.eu\/ca\/wp-json\/wp\/v2\/users\/5"}],"wp:featuredmedia":[{"embeddable":true,"href":"https:\/\/programme.capitalofdemocracy.eu\/ca\/wp-json\/wp\/v2\/media\/9091"}],"wp:attachment":[{"href":"https:\/\/programme.capitalofdemocracy.eu\/ca\/wp-json\/wp\/v2\/media?parent=7426"}],"wp:term":[{"taxonomy":"ecod-events-districts","embeddable":true,"href":"https:\/\/programme.capitalofdemocracy.eu\/ca\/wp-json\/wp\/v2\/ecod-events-districts?post=7426"},{"taxonomy":"ecod-events-organizers","embeddable":true,"href":"https:\/\/programme.capitalofdemocracy.eu\/ca\/wp-json\/wp\/v2\/ecod-events-organizers?post=7426"},{"taxonomy":"product_cat","embeddable":true,"href":"https:\/\/programme.capitalofdemocracy.eu\/ca\/wp-json\/wp\/v2\/product_cat?post=7426"},{"taxonomy":"product_tag","embeddable":true,"href":"https:\/\/programme.capitalofdemocracy.eu\/ca\/wp-json\/wp\/v2\/product_tag?post=7426"}],"curies":[{"name":"wp","href":"https:\/\/api.w.org\/{rel}","templated":true}]}}