{"id":7486,"date":"2024-02-05T17:43:40","date_gmt":"2024-02-05T16:43:40","guid":{"rendered":"https:\/\/programme.capitalofdemocracy.eu\/produkt\/entrega-de-lagenda-dels-infants-a-lajuntament-de-barcelona\/"},"modified":"2024-02-08T11:16:10","modified_gmt":"2024-02-08T10:16:10","slug":"entrega-de-lagenda-dels-infants-a-lajuntament-de-barcelona","status":"publish","type":"product","link":"https:\/\/programme.capitalofdemocracy.eu\/ca\/produkt\/entrega-de-lagenda-dels-infants-a-lajuntament-de-barcelona\/","title":{"rendered":"Entrega de l&#8217;agenda dels infants a l&#8217;Ajuntament de Barcelona"},"content":{"rendered":"","protected":false},"excerpt":{"rendered":"<p>En el marc del programa municipal de recerca i participaci\u00f3 \u201c<a href=\"https:\/\/ajuntament.barcelona.cat\/infancia\/ca\/canal\/parlen-els-nens-i-nenes-el-benestar-subjectiu-de-la-infancia-barcelona\" target=\"_blank\" rel=\"noopener noreferrer\">Parlen els nens i nenes: el benestar de la inf\u00e0ncia a Barcelona<\/a>\u201d, els nens i nenes de\u00a0les escoles implicades en el programa presenten i entreguen\u00a0l\u2019Agenda dels infants a la nova Alcaldia de l\u2019Ajuntament de Barcelona.<\/p>\n<p>En l\u2019acte de lliurament de l\u2019Agenda els infants explicaran quines s\u00f3n les demandes dels infants per millorar el seu benestar en base als resultats de l\u2019enquesta de benestar subjectiu (on han participat m\u00e9s de 5.000 nens i nenes) i els seus tallers participatius (on han participat 2.000 nens i nenes).<\/p>\n<p>Posteriorment es preveu una segona trobada amb l&#8217;Alcaldia cap al mes d&#8217;abril on l&#8217;Alcaldia traslladar\u00e0 la seva resposta a les propostes fetes pels infants a l&#8217;Agenda lliurada pr\u00e8viament.<\/p>\n<p><a href=\"https:\/\/institutinfancia.cat\/noticies\/presentacio-agenda-2ed-ajuntament\/\" target=\"_blank\" rel=\"noopener noreferrer\">M\u00e9s informaci\u00f3<\/a><\/p>\n<ul>\n<li>21 de novembre de 2023<\/li>\n<li>10.30-11.15 h<\/li>\n<\/ul>\n<p><strong>Acte privat sota invitaci\u00f3.<\/strong><\/p>\n<p><img decoding=\"async\" src=\"https:\/\/capitalofdemocracy.barcelona\/rails\/active_storage\/blobs\/redirect\/eyJfcmFpbHMiOnsibWVzc2FnZSI6IkJBaHBBdW9CIiwiZXhwIjpudWxsLCJwdXIiOiJibG9iX2lkIn19--29fa3c866a97dc5de9e58a2c106c3682ce2d86b4\/Sin%20ti%CC%81tulo-2-01.png\" width=\"153\" \/><\/p>\n","protected":false},"featured_media":7492,"template":"","meta":{"_acf_changed":false,"inline_featured_image":false},"ecod-events-districts":[],"ecod-events-organizers":[256],"product_cat":[228],"product_tag":[],"class_list":{"0":"post-7486","1":"product","2":"type-product","3":"status-publish","4":"has-post-thumbnail","6":"ecod-events-organizers-city-of-barcelona-ca","7":"product_cat-local-ca","9":"first","10":"instock","11":"shipping-taxable","12":"product-type-simple"},"acf":[],"yoast_head":"<!-- This site is optimized with the Yoast SEO plugin v22.0 - https:\/\/yoast.com\/wordpress\/plugins\/seo\/ -->\n<title>Entrega de l&#039;agenda dels infants a l&#039;Ajuntament de Barcelona - ECoD - European Capital of Democracy<\/title>\n<meta name=\"robots\" content=\"noindex, follow, max-snippet:-1, max-image-preview:large, max-video-preview:-1\" \/>\n<meta property=\"og:locale\" content=\"ca_ES\" \/>\n<meta property=\"og:type\" content=\"article\" \/>\n<meta property=\"og:title\" content=\"Entrega de l&#039;agenda dels infants a l&#039;Ajuntament de Barcelona - ECoD - European Capital of Democracy\" \/>\n<meta property=\"og:description\" content=\"En el marc del programa municipal de recerca i participaci\u00f3 \u201cParlen els nens i nenes: el benestar de la inf\u00e0ncia a Barcelona\u201d, els nens i nenes de\u00a0les escoles implicades en el programa presenten i entreguen\u00a0l\u2019Agenda dels infants a la nova Alcaldia de l\u2019Ajuntament de Barcelona.  En l\u2019acte de lliurament de l\u2019Agenda els infants explicaran quines s\u00f3n les demandes dels infants per millorar el seu benestar en base als resultats de l\u2019enquesta de benestar subjectiu (on han participat m\u00e9s de 5.000 nens i nenes) i els seus tallers participatius (on han participat 2.000 nens i nenes).  Posteriorment es preveu una segona trobada amb l&#039;Alcaldia cap al mes d&#039;abril on l&#039;Alcaldia traslladar\u00e0 la seva resposta a les propostes fetes pels infants a l&#039;Agenda lliurada pr\u00e8viament.  M\u00e9s informaci\u00f3   21 de novembre de 2023  10.30-11.15 h  Acte privat sota invitaci\u00f3.\" \/>\n<meta property=\"og:url\" content=\"https:\/\/programme.capitalofdemocracy.eu\/ca\/produkt\/entrega-de-lagenda-dels-infants-a-lajuntament-de-barcelona\/\" \/>\n<meta property=\"og:site_name\" content=\"ECoD - European Capital of Democracy\" \/>\n<meta property=\"article:modified_time\" content=\"2024-02-08T10:16:10+00:00\" \/>\n<meta property=\"og:image\" content=\"https:\/\/programme.capitalofdemocracy.eu\/wp-content\/uploads\/2024\/02\/IMG_6518-scaled.jpg\" \/>\n\t<meta property=\"og:image:width\" content=\"2560\" \/>\n\t<meta property=\"og:image:height\" content=\"1709\" \/>\n\t<meta property=\"og:image:type\" content=\"image\/jpeg\" \/>\n<meta name=\"twitter:card\" content=\"summary_large_image\" \/>\n<script type=\"application\/ld+json\" class=\"yoast-schema-graph\">{\"@context\":\"https:\/\/schema.org\",\"@graph\":[{\"@type\":\"WebPage\",\"@id\":\"https:\/\/programme.capitalofdemocracy.eu\/ca\/produkt\/entrega-de-lagenda-dels-infants-a-lajuntament-de-barcelona\/\",\"url\":\"https:\/\/programme.capitalofdemocracy.eu\/ca\/produkt\/entrega-de-lagenda-dels-infants-a-lajuntament-de-barcelona\/\",\"name\":\"Entrega de l'agenda dels infants a l'Ajuntament de Barcelona - ECoD - European Capital of Democracy\",\"isPartOf\":{\"@id\":\"https:\/\/programme.capitalofdemocracy.eu\/es\/#website\"},\"datePublished\":\"2024-02-05T16:43:40+00:00\",\"dateModified\":\"2024-02-08T10:16:10+00:00\",\"breadcrumb\":{\"@id\":\"https:\/\/programme.capitalofdemocracy.eu\/ca\/produkt\/entrega-de-lagenda-dels-infants-a-lajuntament-de-barcelona\/#breadcrumb\"},\"inLanguage\":\"ca\",\"potentialAction\":[{\"@type\":\"ReadAction\",\"target\":[\"https:\/\/programme.capitalofdemocracy.eu\/ca\/produkt\/entrega-de-lagenda-dels-infants-a-lajuntament-de-barcelona\/\"]}]},{\"@type\":\"BreadcrumbList\",\"@id\":\"https:\/\/programme.capitalofdemocracy.eu\/ca\/produkt\/entrega-de-lagenda-dels-infants-a-lajuntament-de-barcelona\/#breadcrumb\",\"itemListElement\":[{\"@type\":\"ListItem\",\"position\":1,\"name\":\"Startseite\",\"item\":\"https:\/\/programme.capitalofdemocracy.eu\/ca\/startseite\/\"},{\"@type\":\"ListItem\",\"position\":2,\"name\":\"Shop\",\"item\":\"https:\/\/programme.capitalofdemocracy.eu\/shop\/\"},{\"@type\":\"ListItem\",\"position\":3,\"name\":\"Entrega de l&#8217;agenda dels infants a l&#8217;Ajuntament de Barcelona\"}]},{\"@type\":\"WebSite\",\"@id\":\"https:\/\/programme.capitalofdemocracy.eu\/es\/#website\",\"url\":\"https:\/\/programme.capitalofdemocracy.eu\/es\/\",\"name\":\"ECoD - European Capital of Democracy\",\"description\":\"Barcelona, 2023-2024\",\"potentialAction\":[{\"@type\":\"SearchAction\",\"target\":{\"@type\":\"EntryPoint\",\"urlTemplate\":\"https:\/\/programme.capitalofdemocracy.eu\/es\/?s={search_term_string}\"},\"query-input\":\"required name=search_term_string\"}],\"inLanguage\":\"ca\"}]}<\/script>\n<!-- \/ Yoast SEO plugin. -->","yoast_head_json":{"title":"Entrega de l'agenda dels infants a l'Ajuntament de Barcelona - ECoD - European Capital of Democracy","robots":{"index":"noindex","follow":"follow","max-snippet":"max-snippet:-1","max-image-preview":"max-image-preview:large","max-video-preview":"max-video-preview:-1"},"og_locale":"ca_ES","og_type":"article","og_title":"Entrega de l'agenda dels infants a l'Ajuntament de Barcelona - ECoD - European Capital of Democracy","og_description":"En el marc del programa municipal de recerca i participaci\u00f3 \u201cParlen els nens i nenes: el benestar de la inf\u00e0ncia a Barcelona\u201d, els nens i nenes de\u00a0les escoles implicades en el programa presenten i entreguen\u00a0l\u2019Agenda dels infants a la nova Alcaldia de l\u2019Ajuntament de Barcelona.  En l\u2019acte de lliurament de l\u2019Agenda els infants explicaran quines s\u00f3n les demandes dels infants per millorar el seu benestar en base als resultats de l\u2019enquesta de benestar subjectiu (on han participat m\u00e9s de 5.000 nens i nenes) i els seus tallers participatius (on han participat 2.000 nens i nenes).  Posteriorment es preveu una segona trobada amb l'Alcaldia cap al mes d'abril on l'Alcaldia traslladar\u00e0 la seva resposta a les propostes fetes pels infants a l'Agenda lliurada pr\u00e8viament.  M\u00e9s informaci\u00f3   21 de novembre de 2023  10.30-11.15 h  Acte privat sota invitaci\u00f3.","og_url":"https:\/\/programme.capitalofdemocracy.eu\/ca\/produkt\/entrega-de-lagenda-dels-infants-a-lajuntament-de-barcelona\/","og_site_name":"ECoD - European Capital of Democracy","article_modified_time":"2024-02-08T10:16:10+00:00","og_image":[{"width":2560,"height":1709,"url":"https:\/\/programme.capitalofdemocracy.eu\/wp-content\/uploads\/2024\/02\/IMG_6518-scaled.jpg","type":"image\/jpeg"}],"twitter_card":"summary_large_image","schema":{"@context":"https:\/\/schema.org","@graph":[{"@type":"WebPage","@id":"https:\/\/programme.capitalofdemocracy.eu\/ca\/produkt\/entrega-de-lagenda-dels-infants-a-lajuntament-de-barcelona\/","url":"https:\/\/programme.capitalofdemocracy.eu\/ca\/produkt\/entrega-de-lagenda-dels-infants-a-lajuntament-de-barcelona\/","name":"Entrega de l'agenda dels infants a l'Ajuntament de Barcelona - ECoD - European Capital of Democracy","isPartOf":{"@id":"https:\/\/programme.capitalofdemocracy.eu\/es\/#website"},"datePublished":"2024-02-05T16:43:40+00:00","dateModified":"2024-02-08T10:16:10+00:00","breadcrumb":{"@id":"https:\/\/programme.capitalofdemocracy.eu\/ca\/produkt\/entrega-de-lagenda-dels-infants-a-lajuntament-de-barcelona\/#breadcrumb"},"inLanguage":"ca","potentialAction":[{"@type":"ReadAction","target":["https:\/\/programme.capitalofdemocracy.eu\/ca\/produkt\/entrega-de-lagenda-dels-infants-a-lajuntament-de-barcelona\/"]}]},{"@type":"BreadcrumbList","@id":"https:\/\/programme.capitalofdemocracy.eu\/ca\/produkt\/entrega-de-lagenda-dels-infants-a-lajuntament-de-barcelona\/#breadcrumb","itemListElement":[{"@type":"ListItem","position":1,"name":"Startseite","item":"https:\/\/programme.capitalofdemocracy.eu\/ca\/startseite\/"},{"@type":"ListItem","position":2,"name":"Shop","item":"https:\/\/programme.capitalofdemocracy.eu\/shop\/"},{"@type":"ListItem","position":3,"name":"Entrega de l&#8217;agenda dels infants a l&#8217;Ajuntament de Barcelona"}]},{"@type":"WebSite","@id":"https:\/\/programme.capitalofdemocracy.eu\/es\/#website","url":"https:\/\/programme.capitalofdemocracy.eu\/es\/","name":"ECoD - European Capital of Democracy","description":"Barcelona, 2023-2024","potentialAction":[{"@type":"SearchAction","target":{"@type":"EntryPoint","urlTemplate":"https:\/\/programme.capitalofdemocracy.eu\/es\/?s={search_term_string}"},"query-input":"required name=search_term_string"}],"inLanguage":"ca"}]}},"_links":{"self":[{"href":"https:\/\/programme.capitalofdemocracy.eu\/ca\/wp-json\/wp\/v2\/product\/7486","targetHints":{"allow":["GET"]}}],"collection":[{"href":"https:\/\/programme.capitalofdemocracy.eu\/ca\/wp-json\/wp\/v2\/product"}],"about":[{"href":"https:\/\/programme.capitalofdemocracy.eu\/ca\/wp-json\/wp\/v2\/types\/product"}],"wp:featuredmedia":[{"embeddable":true,"href":"https:\/\/programme.capitalofdemocracy.eu\/ca\/wp-json\/wp\/v2\/media\/7492"}],"wp:attachment":[{"href":"https:\/\/programme.capitalofdemocracy.eu\/ca\/wp-json\/wp\/v2\/media?parent=7486"}],"wp:term":[{"taxonomy":"ecod-events-districts","embeddable":true,"href":"https:\/\/programme.capitalofdemocracy.eu\/ca\/wp-json\/wp\/v2\/ecod-events-districts?post=7486"},{"taxonomy":"ecod-events-organizers","embeddable":true,"href":"https:\/\/programme.capitalofdemocracy.eu\/ca\/wp-json\/wp\/v2\/ecod-events-organizers?post=7486"},{"taxonomy":"product_cat","embeddable":true,"href":"https:\/\/programme.capitalofdemocracy.eu\/ca\/wp-json\/wp\/v2\/product_cat?post=7486"},{"taxonomy":"product_tag","embeddable":true,"href":"https:\/\/programme.capitalofdemocracy.eu\/ca\/wp-json\/wp\/v2\/product_tag?post=7486"}],"curies":[{"name":"wp","href":"https:\/\/api.w.org\/{rel}","templated":true}]}}