{"id":7516,"date":"2024-02-05T17:45:16","date_gmt":"2024-02-05T16:45:16","guid":{"rendered":"https:\/\/programme.capitalofdemocracy.eu\/produkt\/ii-jornades-pensar-la-justicia-digital-global\/"},"modified":"2024-02-08T11:12:44","modified_gmt":"2024-02-08T10:12:44","slug":"ii-jornades-pensar-la-justicia-digital-global","status":"publish","type":"product","link":"https:\/\/programme.capitalofdemocracy.eu\/ca\/produkt\/ii-jornades-pensar-la-justicia-digital-global\/","title":{"rendered":"II Jornades Pensar la Just\u00edcia Digital Global"},"content":{"rendered":"","protected":false},"excerpt":{"rendered":"<p><strong>Agenda:<\/strong><\/p>\n<p><strong>Jornada de l&#8217;11 de desembre del 2023 (oberta al p\u00fablic)<\/strong><\/p>\n<p><strong>16.30-17.00. Benvinguda i obertura<\/strong><\/p>\n<p><em>Explicaci\u00f3 del marc del projecte i el perqu\u00e8 daquest acte central<\/em><\/p>\n<p>\u25e6 David Llistar. Director de Just\u00edcia Global de l?Ajuntament de Barcelona.<\/p>\n<p>\u25e6Andrea Costafreda. Directora Program\u00e0tica per a Am\u00e8rica Llatina i el Carib d&#8217;Oxfam Interm\u00f3n.<\/p>\n<p><strong>17.00-18.00. La IA m\u00e9s enll\u00e0 de l&#8217;apocalipsi i de la dist\u00f2pia tecnofuturista<\/strong><\/p>\n<p><em>Es pret\u00e9n oferir una mirada cr\u00edtica a la tecnologia d&#8217;Intel\u00b7lig\u00e8ncia Artificial que situ\u00ef de manera realista els riscos i les oportunitats, aix\u00ed com les estrat\u00e8gies per minimitzar-ne l&#8217;impacte negatiu<\/em><\/p>\n<p>\u25e6 Renata \u00c0vila, advocada i activista pels drets digitals. Directora executiva de l&#8217;Open Knowledge Foundation.<\/p>\n<p>\u25e6 Susie Alegre, jurista internacional especialitzada en drets humans i tecnologia, autora del llibre Llibertat de pensament. La llarga lluita per alliberar la nostra ment.<\/p>\n<p><strong>18.00 \u2013 18.15. Pausa<\/strong><\/p>\n<p><em>Oportunitat per fer relacions socials i converses disteses<\/em><\/p>\n<p><strong>18.15 \u2013 19.15. Plantar-se davant de les grans plataformes<\/strong><\/p>\n<p><em>Intenta visibilitzar les iniciatives que apunten a la responsabilitat de les grans companyies en els impactes negatius de la seva activitat i que mostren que se&#8217;ls poden marcar certs l\u00edmits<\/em><\/p>\n<p>\u25e6 Paz Pe\u00f1a, investigadora independent especialitzada en la intersecci\u00f3 entre tecnologies digitals, feminisme i just\u00edcia social.<\/p>\n<p>\u25e6 Cori Crider, cofundadora de Foxglove, una organitzaci\u00f3 brit\u00e0nica dedicada al litigi estrat\u00e8gic que impulsa processos contra les grans tecnol\u00f2giques.<\/p>\n<p>&nbsp;<\/p>\n<p>(Les jornades del dia 12 s\u00f3n d&#8217;acc\u00e9s restringit pensat com a espai de treball col\u00b7lectiu i orientat a propiciar l&#8217;intercanvi i reflexi\u00f3 col\u00b7lectiva entre les participants internacionals, participants diversos del projecte, les inst\u00e0ncies d&#8217;Oxfam implicades en aquesta iniciativa i altres relacionades amb el proc\u00e9s de digitalitzaci\u00f3 i organitzacions i col\u00b7lectius de l&#8217;ecosistema digital i transformador de Barcelona.)<\/p>\n<p><img decoding=\"async\" src=\"https:\/\/capitalofdemocracy.barcelona\/rails\/active_storage\/blobs\/redirect\/eyJfcmFpbHMiOnsibWVzc2FnZSI6IkJBaHBBaklFIiwiZXhwIjpudWxsLCJwdXIiOiJibG9iX2lkIn19--5ed118e445b807bee1b7f26ef1bbb577a5f2adbb\/OX_OSP_HL_C_RGB.png\" width=\"204\" \/><\/p>\n","protected":false},"featured_media":7522,"template":"","meta":{"_acf_changed":false,"inline_featured_image":false},"ecod-events-districts":[],"ecod-events-organizers":[256],"product_cat":[228],"product_tag":[],"class_list":{"0":"post-7516","1":"product","2":"type-product","3":"status-publish","4":"has-post-thumbnail","6":"ecod-events-organizers-city-of-barcelona-ca","7":"product_cat-local-ca","9":"first","10":"instock","11":"shipping-taxable","12":"product-type-simple"},"acf":[],"yoast_head":"<!-- This site is optimized with the Yoast SEO plugin v22.0 - https:\/\/yoast.com\/wordpress\/plugins\/seo\/ -->\n<title>II Jornades Pensar la Just\u00edcia Digital Global - ECoD - European Capital of Democracy<\/title>\n<meta name=\"robots\" content=\"noindex, follow, max-snippet:-1, max-image-preview:large, max-video-preview:-1\" \/>\n<meta property=\"og:locale\" content=\"ca_ES\" \/>\n<meta property=\"og:type\" content=\"article\" \/>\n<meta property=\"og:title\" content=\"II Jornades Pensar la Just\u00edcia Digital Global - ECoD - European Capital of Democracy\" \/>\n<meta property=\"og:description\" content=\"Agenda:  Jornada de l&#039;11 de desembre del 2023 (oberta al p\u00fablic)  16.30-17.00. Benvinguda i obertura  Explicaci\u00f3 del marc del projecte i el perqu\u00e8 daquest acte central  \u25e6 David Llistar. Director de Just\u00edcia Global de l?Ajuntament de Barcelona.  \u25e6Andrea Costafreda. Directora Program\u00e0tica per a Am\u00e8rica Llatina i el Carib d&#039;Oxfam Interm\u00f3n.  17.00-18.00. La IA m\u00e9s enll\u00e0 de l&#039;apocalipsi i de la dist\u00f2pia tecnofuturista  Es pret\u00e9n oferir una mirada cr\u00edtica a la tecnologia d&#039;Intel\u00b7lig\u00e8ncia Artificial que situ\u00ef de manera realista els riscos i les oportunitats, aix\u00ed com les estrat\u00e8gies per minimitzar-ne l&#039;impacte negatiu  \u25e6 Renata \u00c0vila, advocada i activista pels drets digitals. Directora executiva de l&#039;Open Knowledge Foundation.  \u25e6 Susie Alegre, jurista internacional especialitzada en drets humans i tecnologia, autora del llibre Llibertat de pensament. La llarga lluita per alliberar la nostra ment.  18.00 \u2013 18.15. Pausa  Oportunitat per fer relacions socials i converses disteses  18.15 \u2013 19.15. Plantar-se davant de les grans plataformes  Intenta visibilitzar les iniciatives que apunten a la responsabilitat de les grans companyies en els impactes negatius de la seva activitat i que mostren que se&#039;ls poden marcar certs l\u00edmits  \u25e6 Paz Pe\u00f1a, investigadora independent especialitzada en la intersecci\u00f3 entre tecnologies digitals, feminisme i just\u00edcia social.  \u25e6 Cori Crider, cofundadora de Foxglove, una organitzaci\u00f3 brit\u00e0nica dedicada al litigi estrat\u00e8gic que impulsa processos contra les grans tecnol\u00f2giques.  &nbsp;  (Les jornades del dia 12 s\u00f3n d&#039;acc\u00e9s restringit pensat com a espai de treball col\u00b7lectiu i orientat a propiciar l&#039;intercanvi i reflexi\u00f3 col\u00b7lectiva entre les participants internacionals, participants diversos del projecte, les inst\u00e0ncies d&#039;Oxfam implicades en aquesta iniciativa i altres relacionades amb el proc\u00e9s de digitalitzaci\u00f3 i organitzacions i col\u00b7lectius de l&#039;ecosistema digital i transformador de Barcelona.)\" \/>\n<meta property=\"og:url\" content=\"https:\/\/programme.capitalofdemocracy.eu\/ca\/produkt\/ii-jornades-pensar-la-justicia-digital-global\/\" \/>\n<meta property=\"og:site_name\" content=\"ECoD - European Capital of Democracy\" \/>\n<meta property=\"article:modified_time\" content=\"2024-02-08T10:12:44+00:00\" \/>\n<meta property=\"og:image\" content=\"https:\/\/programme.capitalofdemocracy.eu\/wp-content\/uploads\/2024\/02\/IMG_20231211_185719.jpg\" \/>\n\t<meta property=\"og:image:width\" content=\"2000\" \/>\n\t<meta property=\"og:image:height\" content=\"1500\" \/>\n\t<meta property=\"og:image:type\" content=\"image\/jpeg\" \/>\n<meta name=\"twitter:card\" content=\"summary_large_image\" \/>\n<script type=\"application\/ld+json\" class=\"yoast-schema-graph\">{\"@context\":\"https:\/\/schema.org\",\"@graph\":[{\"@type\":\"WebPage\",\"@id\":\"https:\/\/programme.capitalofdemocracy.eu\/ca\/produkt\/ii-jornades-pensar-la-justicia-digital-global\/\",\"url\":\"https:\/\/programme.capitalofdemocracy.eu\/ca\/produkt\/ii-jornades-pensar-la-justicia-digital-global\/\",\"name\":\"II Jornades Pensar la Just\u00edcia Digital Global - ECoD - European Capital of Democracy\",\"isPartOf\":{\"@id\":\"https:\/\/programme.capitalofdemocracy.eu\/es\/#website\"},\"datePublished\":\"2024-02-05T16:45:16+00:00\",\"dateModified\":\"2024-02-08T10:12:44+00:00\",\"breadcrumb\":{\"@id\":\"https:\/\/programme.capitalofdemocracy.eu\/ca\/produkt\/ii-jornades-pensar-la-justicia-digital-global\/#breadcrumb\"},\"inLanguage\":\"ca\",\"potentialAction\":[{\"@type\":\"ReadAction\",\"target\":[\"https:\/\/programme.capitalofdemocracy.eu\/ca\/produkt\/ii-jornades-pensar-la-justicia-digital-global\/\"]}]},{\"@type\":\"BreadcrumbList\",\"@id\":\"https:\/\/programme.capitalofdemocracy.eu\/ca\/produkt\/ii-jornades-pensar-la-justicia-digital-global\/#breadcrumb\",\"itemListElement\":[{\"@type\":\"ListItem\",\"position\":1,\"name\":\"Startseite\",\"item\":\"https:\/\/programme.capitalofdemocracy.eu\/ca\/startseite\/\"},{\"@type\":\"ListItem\",\"position\":2,\"name\":\"Shop\",\"item\":\"https:\/\/programme.capitalofdemocracy.eu\/shop\/\"},{\"@type\":\"ListItem\",\"position\":3,\"name\":\"II Jornades Pensar la Just\u00edcia Digital Global\"}]},{\"@type\":\"WebSite\",\"@id\":\"https:\/\/programme.capitalofdemocracy.eu\/es\/#website\",\"url\":\"https:\/\/programme.capitalofdemocracy.eu\/es\/\",\"name\":\"ECoD - European Capital of Democracy\",\"description\":\"Barcelona, 2023-2024\",\"potentialAction\":[{\"@type\":\"SearchAction\",\"target\":{\"@type\":\"EntryPoint\",\"urlTemplate\":\"https:\/\/programme.capitalofdemocracy.eu\/es\/?s={search_term_string}\"},\"query-input\":\"required name=search_term_string\"}],\"inLanguage\":\"ca\"}]}<\/script>\n<!-- \/ Yoast SEO plugin. -->","yoast_head_json":{"title":"II Jornades Pensar la Just\u00edcia Digital Global - ECoD - European Capital of Democracy","robots":{"index":"noindex","follow":"follow","max-snippet":"max-snippet:-1","max-image-preview":"max-image-preview:large","max-video-preview":"max-video-preview:-1"},"og_locale":"ca_ES","og_type":"article","og_title":"II Jornades Pensar la Just\u00edcia Digital Global - ECoD - European Capital of Democracy","og_description":"Agenda:  Jornada de l'11 de desembre del 2023 (oberta al p\u00fablic)  16.30-17.00. Benvinguda i obertura  Explicaci\u00f3 del marc del projecte i el perqu\u00e8 daquest acte central  \u25e6 David Llistar. Director de Just\u00edcia Global de l?Ajuntament de Barcelona.  \u25e6Andrea Costafreda. Directora Program\u00e0tica per a Am\u00e8rica Llatina i el Carib d'Oxfam Interm\u00f3n.  17.00-18.00. La IA m\u00e9s enll\u00e0 de l'apocalipsi i de la dist\u00f2pia tecnofuturista  Es pret\u00e9n oferir una mirada cr\u00edtica a la tecnologia d'Intel\u00b7lig\u00e8ncia Artificial que situ\u00ef de manera realista els riscos i les oportunitats, aix\u00ed com les estrat\u00e8gies per minimitzar-ne l'impacte negatiu  \u25e6 Renata \u00c0vila, advocada i activista pels drets digitals. Directora executiva de l'Open Knowledge Foundation.  \u25e6 Susie Alegre, jurista internacional especialitzada en drets humans i tecnologia, autora del llibre Llibertat de pensament. La llarga lluita per alliberar la nostra ment.  18.00 \u2013 18.15. Pausa  Oportunitat per fer relacions socials i converses disteses  18.15 \u2013 19.15. Plantar-se davant de les grans plataformes  Intenta visibilitzar les iniciatives que apunten a la responsabilitat de les grans companyies en els impactes negatius de la seva activitat i que mostren que se'ls poden marcar certs l\u00edmits  \u25e6 Paz Pe\u00f1a, investigadora independent especialitzada en la intersecci\u00f3 entre tecnologies digitals, feminisme i just\u00edcia social.  \u25e6 Cori Crider, cofundadora de Foxglove, una organitzaci\u00f3 brit\u00e0nica dedicada al litigi estrat\u00e8gic que impulsa processos contra les grans tecnol\u00f2giques.  &nbsp;  (Les jornades del dia 12 s\u00f3n d'acc\u00e9s restringit pensat com a espai de treball col\u00b7lectiu i orientat a propiciar l'intercanvi i reflexi\u00f3 col\u00b7lectiva entre les participants internacionals, participants diversos del projecte, les inst\u00e0ncies d'Oxfam implicades en aquesta iniciativa i altres relacionades amb el proc\u00e9s de digitalitzaci\u00f3 i organitzacions i col\u00b7lectius de l'ecosistema digital i transformador de Barcelona.)","og_url":"https:\/\/programme.capitalofdemocracy.eu\/ca\/produkt\/ii-jornades-pensar-la-justicia-digital-global\/","og_site_name":"ECoD - European Capital of Democracy","article_modified_time":"2024-02-08T10:12:44+00:00","og_image":[{"width":2000,"height":1500,"url":"https:\/\/programme.capitalofdemocracy.eu\/wp-content\/uploads\/2024\/02\/IMG_20231211_185719.jpg","type":"image\/jpeg"}],"twitter_card":"summary_large_image","schema":{"@context":"https:\/\/schema.org","@graph":[{"@type":"WebPage","@id":"https:\/\/programme.capitalofdemocracy.eu\/ca\/produkt\/ii-jornades-pensar-la-justicia-digital-global\/","url":"https:\/\/programme.capitalofdemocracy.eu\/ca\/produkt\/ii-jornades-pensar-la-justicia-digital-global\/","name":"II Jornades Pensar la Just\u00edcia Digital Global - ECoD - European Capital of Democracy","isPartOf":{"@id":"https:\/\/programme.capitalofdemocracy.eu\/es\/#website"},"datePublished":"2024-02-05T16:45:16+00:00","dateModified":"2024-02-08T10:12:44+00:00","breadcrumb":{"@id":"https:\/\/programme.capitalofdemocracy.eu\/ca\/produkt\/ii-jornades-pensar-la-justicia-digital-global\/#breadcrumb"},"inLanguage":"ca","potentialAction":[{"@type":"ReadAction","target":["https:\/\/programme.capitalofdemocracy.eu\/ca\/produkt\/ii-jornades-pensar-la-justicia-digital-global\/"]}]},{"@type":"BreadcrumbList","@id":"https:\/\/programme.capitalofdemocracy.eu\/ca\/produkt\/ii-jornades-pensar-la-justicia-digital-global\/#breadcrumb","itemListElement":[{"@type":"ListItem","position":1,"name":"Startseite","item":"https:\/\/programme.capitalofdemocracy.eu\/ca\/startseite\/"},{"@type":"ListItem","position":2,"name":"Shop","item":"https:\/\/programme.capitalofdemocracy.eu\/shop\/"},{"@type":"ListItem","position":3,"name":"II Jornades Pensar la Just\u00edcia Digital Global"}]},{"@type":"WebSite","@id":"https:\/\/programme.capitalofdemocracy.eu\/es\/#website","url":"https:\/\/programme.capitalofdemocracy.eu\/es\/","name":"ECoD - European Capital of Democracy","description":"Barcelona, 2023-2024","potentialAction":[{"@type":"SearchAction","target":{"@type":"EntryPoint","urlTemplate":"https:\/\/programme.capitalofdemocracy.eu\/es\/?s={search_term_string}"},"query-input":"required name=search_term_string"}],"inLanguage":"ca"}]}},"_links":{"self":[{"href":"https:\/\/programme.capitalofdemocracy.eu\/ca\/wp-json\/wp\/v2\/product\/7516","targetHints":{"allow":["GET"]}}],"collection":[{"href":"https:\/\/programme.capitalofdemocracy.eu\/ca\/wp-json\/wp\/v2\/product"}],"about":[{"href":"https:\/\/programme.capitalofdemocracy.eu\/ca\/wp-json\/wp\/v2\/types\/product"}],"wp:featuredmedia":[{"embeddable":true,"href":"https:\/\/programme.capitalofdemocracy.eu\/ca\/wp-json\/wp\/v2\/media\/7522"}],"wp:attachment":[{"href":"https:\/\/programme.capitalofdemocracy.eu\/ca\/wp-json\/wp\/v2\/media?parent=7516"}],"wp:term":[{"taxonomy":"ecod-events-districts","embeddable":true,"href":"https:\/\/programme.capitalofdemocracy.eu\/ca\/wp-json\/wp\/v2\/ecod-events-districts?post=7516"},{"taxonomy":"ecod-events-organizers","embeddable":true,"href":"https:\/\/programme.capitalofdemocracy.eu\/ca\/wp-json\/wp\/v2\/ecod-events-organizers?post=7516"},{"taxonomy":"product_cat","embeddable":true,"href":"https:\/\/programme.capitalofdemocracy.eu\/ca\/wp-json\/wp\/v2\/product_cat?post=7516"},{"taxonomy":"product_tag","embeddable":true,"href":"https:\/\/programme.capitalofdemocracy.eu\/ca\/wp-json\/wp\/v2\/product_tag?post=7516"}],"curies":[{"name":"wp","href":"https:\/\/api.w.org\/{rel}","templated":true}]}}