{"id":7891,"date":"2024-03-04T11:30:30","date_gmt":"2024-03-04T10:30:30","guid":{"rendered":"https:\/\/programme.capitalofdemocracy.eu\/produkt\/conferencia-inaugural-els-reptes-de-la-democracia-europea\/"},"modified":"2024-03-04T11:30:32","modified_gmt":"2024-03-04T10:30:32","slug":"conferencia-inaugural-els-reptes-de-la-democracia-europea-2","status":"publish","type":"product","link":"https:\/\/programme.capitalofdemocracy.eu\/ca\/produkt\/conferencia-inaugural-els-reptes-de-la-democracia-europea-2\/","title":{"rendered":"Confer\u00e8ncia inaugural: Els reptes de la democr\u00e0cia europea"},"content":{"rendered":"","protected":false},"excerpt":{"rendered":"<p>La democr\u00e0cia, aquell concepte ampli i abstracte, torna a estar en boca de tothom. En un sentit etimol\u00f2gic parteix d\u2019una idea senzilla i concreta, el govern del poble o de la gent, tot i aix\u00ed aquest conceptes s\u2019ha anat construint a mesura que es desplegava en diverses formes d&#8217;organitzaci\u00f3 pol\u00edtica de la societat a trav\u00e9s de la democr\u00e0cia representativa, la deliberativa, la directa o la participativa. Diferents declinacions amb concepcions molt diferents d\u2019aquesta idea radical i concreta de democr\u00e0cia.<\/p>\n<p>En aquesta confer\u00e8ncia es vol posar a debat el concepte de democr\u00e0cia a Europa avui, quins s\u00f3n els seus l\u00edmits en el context de crisis m\u00faltiples actuals i quins reptes s\u2019obren davant d&#8217;un escenari tan complex en termes de governan\u00e7a pol\u00edtica a m\u00faltiples escales. L&#8217;objectiu tamb\u00e9 \u00e9s dialogar amb una mirada cr\u00edtica i reflexiva sobre la crisis de la democr\u00e0cia amb la defensa dels drets fonamentals i la lluita contra les desigualtats. Al mateix temps, es vol aprofundir sobre el paper d\u2019Europa en l\u2019escena global i quin ha de ser el seu rol en un horitz\u00f3 de defensa i aven\u00e7 cap a una democr\u00e0cia global o una democr\u00e0cia de democr\u00e0cies.<\/p>\n<p>Ponents:<strong><br \/><\/strong><\/p>\n<ul>\n<li><strong>Daniel Innerarity<\/strong>, Premi Nacional de Recerca en Humanitats pel seu rellevant paper en l&#8217;adaptaci\u00f3 dels principis normatius de la democr\u00e0cia a les din\u00e0miques socials actuals<strong>.<\/strong> \u00c9s tamb\u00e9 catedr\u00e0tic de filosofia pol\u00edtica i social, investigador Ikerbasque a la Universitat del Pa\u00eds Basc i director de l\u2019Institut de Governan\u00e7a Democr\u00e0tica. <\/li>\n<li><strong>Viviane Reding<\/strong>, per motius personals, finalment no hi podr\u00e0 assistir.<\/li>\n<\/ul>\n<p>Moderaci\u00f3:<\/p>\n<ul>\n<li><strong>Karlos Castilla<\/strong>, advocat per la Universitat Nacional Aut\u00f2noma de M\u00e8xic. Doctor en dret per la Universitat Pompeu Fabra. Actualment \u00e9s responsable de recerca i incid\u00e8ncia internacional de l&#8217;Institut de Drets Humans de Catalunya i professor associat de dret internacional a la Universitat Pompeu Fabra.<\/li>\n<\/ul>\n<p>Programa:<\/p>\n<ul>\n<li>17.30 h &#8211;<strong> Obertura de portes<\/strong><\/li>\n<li>17.45 h &#8211; <strong>Presentaci\u00f3 de l&#8217;acte<\/strong><\/li>\n<li>18.00 h &#8211; <strong>Confer\u00e8ncia Daniel Innerarity &amp; torn de preguntes<\/strong><\/li>\n<\/ul>\n","protected":false},"author":0,"featured_media":7897,"template":"","meta":{"_acf_changed":false,"inline_featured_image":false},"ecod-events-districts":[],"ecod-events-organizers":[],"product_cat":[15],"product_tag":[],"class_list":{"0":"post-7891","1":"product","2":"type-product","3":"status-publish","4":"has-post-thumbnail","6":"product_cat-unkategorisiert","8":"first","9":"instock","10":"shipping-taxable","11":"product-type-simple"},"acf":[],"yoast_head":"<!-- This site is optimized with the Yoast SEO plugin v22.0 - https:\/\/yoast.com\/wordpress\/plugins\/seo\/ -->\n<title>Confer\u00e8ncia inaugural: Els reptes de la democr\u00e0cia europea - ECoD - European Capital of Democracy<\/title>\n<meta name=\"robots\" content=\"noindex, follow, max-snippet:-1, max-image-preview:large, max-video-preview:-1\" \/>\n<meta property=\"og:locale\" content=\"ca_ES\" \/>\n<meta property=\"og:type\" content=\"article\" \/>\n<meta property=\"og:title\" content=\"Confer\u00e8ncia inaugural: Els reptes de la democr\u00e0cia europea - ECoD - European Capital of Democracy\" \/>\n<meta property=\"og:description\" content=\"La democr\u00e0cia, aquell concepte ampli i abstracte, torna a estar en boca de tothom. En un sentit etimol\u00f2gic parteix d\u2019una idea senzilla i concreta, el govern del poble o de la gent, tot i aix\u00ed aquest conceptes s\u2019ha anat construint a mesura que es desplegava en diverses formes d&#039;organitzaci\u00f3 pol\u00edtica de la societat a trav\u00e9s de la democr\u00e0cia representativa, la deliberativa, la directa o la participativa. Diferents declinacions amb concepcions molt diferents d\u2019aquesta idea radical i concreta de democr\u00e0cia.En aquesta confer\u00e8ncia es vol posar a debat el concepte de democr\u00e0cia a Europa avui, quins s\u00f3n els seus l\u00edmits en el context de crisis m\u00faltiples actuals i quins reptes s\u2019obren davant d&#039;un escenari tan complex en termes de governan\u00e7a pol\u00edtica a m\u00faltiples escales. L&#039;objectiu tamb\u00e9 \u00e9s dialogar amb una mirada cr\u00edtica i reflexiva sobre la crisis de la democr\u00e0cia amb la defensa dels drets fonamentals i la lluita contra les desigualtats. Al mateix temps, es vol aprofundir sobre el paper d\u2019Europa en l\u2019escena global i quin ha de ser el seu rol en un horitz\u00f3 de defensa i aven\u00e7 cap a una democr\u00e0cia global o una democr\u00e0cia de democr\u00e0cies.Ponents:Daniel Innerarity, Premi Nacional de Recerca en Humanitats pel seu rellevant paper en l&#039;adaptaci\u00f3 dels principis normatius de la democr\u00e0cia a les din\u00e0miques socials actuals. \u00c9s tamb\u00e9 catedr\u00e0tic de filosofia pol\u00edtica i social, investigador Ikerbasque a la Universitat del Pa\u00eds Basc i director de l\u2019Institut de Governan\u00e7a Democr\u00e0tica. Viviane Reding, per motius personals, finalment no hi podr\u00e0 assistir.Moderaci\u00f3:Karlos Castilla, advocat per la Universitat Nacional Aut\u00f2noma de M\u00e8xic. Doctor en dret per la Universitat Pompeu Fabra. Actualment \u00e9s responsable de recerca i incid\u00e8ncia internacional de l&#039;Institut de Drets Humans de Catalunya i professor associat de dret internacional a la Universitat Pompeu Fabra.Programa:17.30 h - Obertura de portes17.45 h - Presentaci\u00f3 de l&#039;acte18.00 h - Confer\u00e8ncia Daniel Innerarity &amp; torn de preguntes\" \/>\n<meta property=\"og:url\" content=\"https:\/\/programme.capitalofdemocracy.eu\/produkt\/inaugural-conference-the-challenges-of-european-democracy-2\/\" \/>\n<meta property=\"og:site_name\" content=\"ECoD - European Capital of Democracy\" \/>\n<meta property=\"article:modified_time\" content=\"2024-03-04T10:30:32+00:00\" \/>\n<meta name=\"twitter:card\" content=\"summary_large_image\" \/>\n<script type=\"application\/ld+json\" class=\"yoast-schema-graph\">{\"@context\":\"https:\/\/schema.org\",\"@graph\":[{\"@type\":\"WebPage\",\"@id\":\"https:\/\/programme.capitalofdemocracy.eu\/produkt\/inaugural-conference-the-challenges-of-european-democracy-2\/\",\"url\":\"https:\/\/programme.capitalofdemocracy.eu\/produkt\/inaugural-conference-the-challenges-of-european-democracy-2\/\",\"name\":\"Confer\u00e8ncia inaugural: Els reptes de la democr\u00e0cia europea - ECoD - European Capital of Democracy\",\"isPartOf\":{\"@id\":\"https:\/\/programme.capitalofdemocracy.eu\/es\/#website\"},\"datePublished\":\"2024-03-04T10:30:30+00:00\",\"dateModified\":\"2024-03-04T10:30:32+00:00\",\"breadcrumb\":{\"@id\":\"https:\/\/programme.capitalofdemocracy.eu\/produkt\/inaugural-conference-the-challenges-of-european-democracy-2\/#breadcrumb\"},\"inLanguage\":\"ca\",\"potentialAction\":[{\"@type\":\"ReadAction\",\"target\":[\"https:\/\/programme.capitalofdemocracy.eu\/produkt\/inaugural-conference-the-challenges-of-european-democracy-2\/\"]}]},{\"@type\":\"BreadcrumbList\",\"@id\":\"https:\/\/programme.capitalofdemocracy.eu\/produkt\/inaugural-conference-the-challenges-of-european-democracy-2\/#breadcrumb\",\"itemListElement\":[{\"@type\":\"ListItem\",\"position\":1,\"name\":\"Startseite\",\"item\":\"https:\/\/programme.capitalofdemocracy.eu\/ca\/startseite\/\"},{\"@type\":\"ListItem\",\"position\":2,\"name\":\"Shop\",\"item\":\"https:\/\/programme.capitalofdemocracy.eu\/shop\/\"},{\"@type\":\"ListItem\",\"position\":3,\"name\":\"Confer\u00e8ncia inaugural: Els reptes de la democr\u00e0cia europea\"}]},{\"@type\":\"WebSite\",\"@id\":\"https:\/\/programme.capitalofdemocracy.eu\/es\/#website\",\"url\":\"https:\/\/programme.capitalofdemocracy.eu\/es\/\",\"name\":\"ECoD - European Capital of Democracy\",\"description\":\"Barcelona, 2023-2024\",\"potentialAction\":[{\"@type\":\"SearchAction\",\"target\":{\"@type\":\"EntryPoint\",\"urlTemplate\":\"https:\/\/programme.capitalofdemocracy.eu\/es\/?s={search_term_string}\"},\"query-input\":\"required name=search_term_string\"}],\"inLanguage\":\"ca\"}]}<\/script>\n<!-- \/ Yoast SEO plugin. -->","yoast_head_json":{"title":"Confer\u00e8ncia inaugural: Els reptes de la democr\u00e0cia europea - ECoD - European Capital of Democracy","robots":{"index":"noindex","follow":"follow","max-snippet":"max-snippet:-1","max-image-preview":"max-image-preview:large","max-video-preview":"max-video-preview:-1"},"og_locale":"ca_ES","og_type":"article","og_title":"Confer\u00e8ncia inaugural: Els reptes de la democr\u00e0cia europea - ECoD - European Capital of Democracy","og_description":"La democr\u00e0cia, aquell concepte ampli i abstracte, torna a estar en boca de tothom. En un sentit etimol\u00f2gic parteix d\u2019una idea senzilla i concreta, el govern del poble o de la gent, tot i aix\u00ed aquest conceptes s\u2019ha anat construint a mesura que es desplegava en diverses formes d'organitzaci\u00f3 pol\u00edtica de la societat a trav\u00e9s de la democr\u00e0cia representativa, la deliberativa, la directa o la participativa. Diferents declinacions amb concepcions molt diferents d\u2019aquesta idea radical i concreta de democr\u00e0cia.En aquesta confer\u00e8ncia es vol posar a debat el concepte de democr\u00e0cia a Europa avui, quins s\u00f3n els seus l\u00edmits en el context de crisis m\u00faltiples actuals i quins reptes s\u2019obren davant d'un escenari tan complex en termes de governan\u00e7a pol\u00edtica a m\u00faltiples escales. L'objectiu tamb\u00e9 \u00e9s dialogar amb una mirada cr\u00edtica i reflexiva sobre la crisis de la democr\u00e0cia amb la defensa dels drets fonamentals i la lluita contra les desigualtats. Al mateix temps, es vol aprofundir sobre el paper d\u2019Europa en l\u2019escena global i quin ha de ser el seu rol en un horitz\u00f3 de defensa i aven\u00e7 cap a una democr\u00e0cia global o una democr\u00e0cia de democr\u00e0cies.Ponents:Daniel Innerarity, Premi Nacional de Recerca en Humanitats pel seu rellevant paper en l'adaptaci\u00f3 dels principis normatius de la democr\u00e0cia a les din\u00e0miques socials actuals. \u00c9s tamb\u00e9 catedr\u00e0tic de filosofia pol\u00edtica i social, investigador Ikerbasque a la Universitat del Pa\u00eds Basc i director de l\u2019Institut de Governan\u00e7a Democr\u00e0tica. Viviane Reding, per motius personals, finalment no hi podr\u00e0 assistir.Moderaci\u00f3:Karlos Castilla, advocat per la Universitat Nacional Aut\u00f2noma de M\u00e8xic. Doctor en dret per la Universitat Pompeu Fabra. Actualment \u00e9s responsable de recerca i incid\u00e8ncia internacional de l'Institut de Drets Humans de Catalunya i professor associat de dret internacional a la Universitat Pompeu Fabra.Programa:17.30 h - Obertura de portes17.45 h - Presentaci\u00f3 de l'acte18.00 h - Confer\u00e8ncia Daniel Innerarity &amp; torn de preguntes","og_url":"https:\/\/programme.capitalofdemocracy.eu\/produkt\/inaugural-conference-the-challenges-of-european-democracy-2\/","og_site_name":"ECoD - European Capital of Democracy","article_modified_time":"2024-03-04T10:30:32+00:00","twitter_card":"summary_large_image","schema":{"@context":"https:\/\/schema.org","@graph":[{"@type":"WebPage","@id":"https:\/\/programme.capitalofdemocracy.eu\/produkt\/inaugural-conference-the-challenges-of-european-democracy-2\/","url":"https:\/\/programme.capitalofdemocracy.eu\/produkt\/inaugural-conference-the-challenges-of-european-democracy-2\/","name":"Confer\u00e8ncia inaugural: Els reptes de la democr\u00e0cia europea - ECoD - European Capital of Democracy","isPartOf":{"@id":"https:\/\/programme.capitalofdemocracy.eu\/es\/#website"},"datePublished":"2024-03-04T10:30:30+00:00","dateModified":"2024-03-04T10:30:32+00:00","breadcrumb":{"@id":"https:\/\/programme.capitalofdemocracy.eu\/produkt\/inaugural-conference-the-challenges-of-european-democracy-2\/#breadcrumb"},"inLanguage":"ca","potentialAction":[{"@type":"ReadAction","target":["https:\/\/programme.capitalofdemocracy.eu\/produkt\/inaugural-conference-the-challenges-of-european-democracy-2\/"]}]},{"@type":"BreadcrumbList","@id":"https:\/\/programme.capitalofdemocracy.eu\/produkt\/inaugural-conference-the-challenges-of-european-democracy-2\/#breadcrumb","itemListElement":[{"@type":"ListItem","position":1,"name":"Startseite","item":"https:\/\/programme.capitalofdemocracy.eu\/ca\/startseite\/"},{"@type":"ListItem","position":2,"name":"Shop","item":"https:\/\/programme.capitalofdemocracy.eu\/shop\/"},{"@type":"ListItem","position":3,"name":"Confer\u00e8ncia inaugural: Els reptes de la democr\u00e0cia europea"}]},{"@type":"WebSite","@id":"https:\/\/programme.capitalofdemocracy.eu\/es\/#website","url":"https:\/\/programme.capitalofdemocracy.eu\/es\/","name":"ECoD - European Capital of Democracy","description":"Barcelona, 2023-2024","potentialAction":[{"@type":"SearchAction","target":{"@type":"EntryPoint","urlTemplate":"https:\/\/programme.capitalofdemocracy.eu\/es\/?s={search_term_string}"},"query-input":"required name=search_term_string"}],"inLanguage":"ca"}]}},"_links":{"self":[{"href":"https:\/\/programme.capitalofdemocracy.eu\/ca\/wp-json\/wp\/v2\/product\/7891","targetHints":{"allow":["GET"]}}],"collection":[{"href":"https:\/\/programme.capitalofdemocracy.eu\/ca\/wp-json\/wp\/v2\/product"}],"about":[{"href":"https:\/\/programme.capitalofdemocracy.eu\/ca\/wp-json\/wp\/v2\/types\/product"}],"wp:featuredmedia":[{"embeddable":true,"href":"https:\/\/programme.capitalofdemocracy.eu\/ca\/wp-json\/wp\/v2\/media\/7897"}],"wp:attachment":[{"href":"https:\/\/programme.capitalofdemocracy.eu\/ca\/wp-json\/wp\/v2\/media?parent=7891"}],"wp:term":[{"taxonomy":"ecod-events-districts","embeddable":true,"href":"https:\/\/programme.capitalofdemocracy.eu\/ca\/wp-json\/wp\/v2\/ecod-events-districts?post=7891"},{"taxonomy":"ecod-events-organizers","embeddable":true,"href":"https:\/\/programme.capitalofdemocracy.eu\/ca\/wp-json\/wp\/v2\/ecod-events-organizers?post=7891"},{"taxonomy":"product_cat","embeddable":true,"href":"https:\/\/programme.capitalofdemocracy.eu\/ca\/wp-json\/wp\/v2\/product_cat?post=7891"},{"taxonomy":"product_tag","embeddable":true,"href":"https:\/\/programme.capitalofdemocracy.eu\/ca\/wp-json\/wp\/v2\/product_tag?post=7891"}],"curies":[{"name":"wp","href":"https:\/\/api.w.org\/{rel}","templated":true}]}}