{"id":7968,"date":"2024-03-04T11:33:30","date_gmt":"2024-03-04T10:33:30","guid":{"rendered":"https:\/\/programme.capitalofdemocracy.eu\/produkt\/jornada-sobre-etica-publica-el-rol-de-la-xarxa-de-comites-etics-com-a-impulsor-de-letica-publica\/"},"modified":"2024-03-13T04:16:27","modified_gmt":"2024-03-13T03:16:27","slug":"jornada-sobre-etica-publica-el-rol-de-la-xarxa-de-comites-etics-com-a-impulsor-de-letica-publica-2","status":"publish","type":"product","link":"https:\/\/programme.capitalofdemocracy.eu\/ca\/produkt\/jornada-sobre-etica-publica-el-rol-de-la-xarxa-de-comites-etics-com-a-impulsor-de-letica-publica-2\/","title":{"rendered":"Jornada sobre \u00e8tica p\u00fablica: el rol de la xarxa de comit\u00e8s \u00e8tics com a impulsor de l\u2019\u00e8tica p\u00fablica"},"content":{"rendered":"","protected":false},"excerpt":{"rendered":"<p>La Xarxa de Comit\u00e8s d&#8217;\u00c8tica de Catalunya (XCd&#8217;E) \u00e9s un espai de col\u00b7laboraci\u00f3 entre comit\u00e8s d&#8217;\u00e8tica en Catalunya amb l&#8217;objectiu de promoure la cultura \u00e8tica i la integritat en les administracions p\u00fabliques catalanes. Aquesta xarxa est\u00e0 composta per comit\u00e8s de diverses \u00e0rees de l&#8217;Administraci\u00f3 de la Generalitat, administracions locals, universitats i el seu sector p\u00fablic. En els darrers dos anys, hi ha hagut canvis rellevants en les pol\u00edtiques d&#8217;integritat, com els plans antifrau dels fons europeus i altres iniciatives. Tamb\u00e9 s&#8217;afronten reptes com la implementaci\u00f3 del Codi \u00e8tic del servei p\u00fablic de Catalunya i la consolidaci\u00f3 de la XCd&#8217;E com una comunitat de pr\u00e0ctica.<\/p>\n<p>Els objectius principals d&#8217;aquesta iniciativa inclouen <strong>impulsar l&#8217;\u00e8tica p\u00fablica en el nou marc normatiu, reflexionar sobre el desenvolupament de la Xarxa de Comit\u00e8s d&#8217;\u00c8tica i dirigir les seves evolucions futures.<\/strong> Aquesta jornada est\u00e0 destinada a persones interessades en pol\u00edtiques d&#8217;integritat i \u00e8tica p\u00fablica, especialment membres dels comit\u00e8s d&#8217;\u00e8tica de l&#8217;\u00e0mbit p\u00fablic a Catalunya.<\/p>\n<p>El <a target=\"_blank\" href=\"https:\/\/formacio.eapc.gencat.cat\/infoactivitats\/AppJava\/DetalleActividad.do?codi=10410&amp;ambit=1&amp;edicio=1&amp;any=2023\" rel=\"noopener noreferrer\">programa <\/a>de la jornada inclou diverses pon\u00e8ncies i taules rodones amb representants de comit\u00e8s \u00e8tics de diferents organismes i institucions. Tamb\u00e9 hi ha una metodologia presencial per a la jornada, que es realitzar\u00e0 a la sala d&#8217;actes del Districte Administratiu.<\/p>\n<p>Organitza la Secretaria d&#8217;Administraci\u00f3 i Funci\u00f3 P\u00fablica, Departament de la Presid\u00e8ncia de la Generalitat de Catalunya. Escola d&#8217;Administraci\u00f3 P\u00fablica de Catalunya.<\/p>\n<p>20 de novembre de 2023 &#8211; 9-14 h<\/p>\n<p>Edifici Districte Administratiu de la Generalitat de Catalunya (Sala d&#8217;Actes)<br \/>Carrer del Foc, 57<br \/>08038 Barcelona<\/p>\n<p><a target=\"_blank\" href=\"https:\/\/formacio.eapc.gencat.cat\/infoactivitats\/AppJava\/DetalleActividad.do?codi=10410&amp;ambit=1&amp;edicio=1&amp;any=2023\" rel=\"noopener noreferrer\">M\u00e9s informaci\u00f3<\/a><\/p>\n<div class=\"editor-content-image\" data-image=\"\"><img decoding=\"async\" src=\"\/rails\/active_storage\/blobs\/redirect\/eyJfcmFpbHMiOnsibWVzc2FnZSI6IkJBaHBBcU1HIiwiZXhwIjpudWxsLCJwdXIiOiJibG9iX2lkIn19--cbbff3b9566045d6c0305c8160827901303e0256\/image.png\" alt=\"image\" width=\"200\"><\/div>\n","protected":false},"author":0,"featured_media":8258,"template":"","meta":{"_acf_changed":false,"inline_featured_image":false},"ecod-events-districts":[],"ecod-events-organizers":[223],"product_cat":[227],"product_tag":[],"class_list":{"0":"post-7968","1":"product","2":"type-product","3":"status-publish","4":"has-post-thumbnail","6":"ecod-events-organizers-city-of-barcelona","7":"product_cat-local","9":"first","10":"instock","11":"shipping-taxable","12":"product-type-simple"},"acf":[],"yoast_head":"<!-- This site is optimized with the Yoast SEO plugin v22.0 - https:\/\/yoast.com\/wordpress\/plugins\/seo\/ -->\n<title>Jornada sobre \u00e8tica p\u00fablica: el rol de la xarxa de comit\u00e8s \u00e8tics com a impulsor de l\u2019\u00e8tica p\u00fablica - ECoD - European Capital of Democracy<\/title>\n<meta name=\"robots\" content=\"noindex, follow, max-snippet:-1, max-image-preview:large, max-video-preview:-1\" \/>\n<meta property=\"og:locale\" content=\"ca_ES\" \/>\n<meta property=\"og:type\" content=\"article\" \/>\n<meta property=\"og:title\" content=\"Jornada sobre \u00e8tica p\u00fablica: el rol de la xarxa de comit\u00e8s \u00e8tics com a impulsor de l\u2019\u00e8tica p\u00fablica - ECoD - European Capital of Democracy\" \/>\n<meta property=\"og:description\" content=\"La Xarxa de Comit\u00e8s d&#039;\u00c8tica de Catalunya (XCd&#039;E) \u00e9s un espai de col\u00b7laboraci\u00f3 entre comit\u00e8s d&#039;\u00e8tica en Catalunya amb l&#039;objectiu de promoure la cultura \u00e8tica i la integritat en les administracions p\u00fabliques catalanes. Aquesta xarxa est\u00e0 composta per comit\u00e8s de diverses \u00e0rees de l&#039;Administraci\u00f3 de la Generalitat, administracions locals, universitats i el seu sector p\u00fablic. En els darrers dos anys, hi ha hagut canvis rellevants en les pol\u00edtiques d&#039;integritat, com els plans antifrau dels fons europeus i altres iniciatives. Tamb\u00e9 s&#039;afronten reptes com la implementaci\u00f3 del Codi \u00e8tic del servei p\u00fablic de Catalunya i la consolidaci\u00f3 de la XCd&#039;E com una comunitat de pr\u00e0ctica.Els objectius principals d&#039;aquesta iniciativa inclouen impulsar l&#039;\u00e8tica p\u00fablica en el nou marc normatiu, reflexionar sobre el desenvolupament de la Xarxa de Comit\u00e8s d&#039;\u00c8tica i dirigir les seves evolucions futures. Aquesta jornada est\u00e0 destinada a persones interessades en pol\u00edtiques d&#039;integritat i \u00e8tica p\u00fablica, especialment membres dels comit\u00e8s d&#039;\u00e8tica de l&#039;\u00e0mbit p\u00fablic a Catalunya.El programa de la jornada inclou diverses pon\u00e8ncies i taules rodones amb representants de comit\u00e8s \u00e8tics de diferents organismes i institucions. Tamb\u00e9 hi ha una metodologia presencial per a la jornada, que es realitzar\u00e0 a la sala d&#039;actes del Districte Administratiu.Organitza la Secretaria d&#039;Administraci\u00f3 i Funci\u00f3 P\u00fablica, Departament de la Presid\u00e8ncia de la Generalitat de Catalunya. Escola d&#039;Administraci\u00f3 P\u00fablica de Catalunya.20 de novembre de 2023 - 9-14 hEdifici Districte Administratiu de la Generalitat de Catalunya (Sala d&#039;Actes)Carrer del Foc, 5708038 BarcelonaM\u00e9s informaci\u00f3\" \/>\n<meta property=\"og:url\" content=\"https:\/\/programme.capitalofdemocracy.eu\/produkt\/conference-on-public-ethics-the-role-of-the-network-of-ethics-committees-as-a-driver-of-public-ethics-2\/\" \/>\n<meta property=\"og:site_name\" content=\"ECoD - European Capital of Democracy\" \/>\n<meta property=\"article:modified_time\" content=\"2024-03-13T03:16:27+00:00\" \/>\n<meta property=\"og:image\" content=\"https:\/\/programme.capitalofdemocracy.eu\/wp-content\/uploads\/2024\/03\/231120_jornada_etica_safp.jpg_1726795037.jpg\" \/>\n\t<meta property=\"og:image:width\" content=\"600\" \/>\n\t<meta property=\"og:image:height\" content=\"349\" \/>\n\t<meta property=\"og:image:type\" content=\"image\/jpeg\" \/>\n<meta name=\"twitter:card\" content=\"summary_large_image\" \/>\n<script type=\"application\/ld+json\" class=\"yoast-schema-graph\">{\"@context\":\"https:\/\/schema.org\",\"@graph\":[{\"@type\":\"WebPage\",\"@id\":\"https:\/\/programme.capitalofdemocracy.eu\/produkt\/conference-on-public-ethics-the-role-of-the-network-of-ethics-committees-as-a-driver-of-public-ethics-2\/\",\"url\":\"https:\/\/programme.capitalofdemocracy.eu\/produkt\/conference-on-public-ethics-the-role-of-the-network-of-ethics-committees-as-a-driver-of-public-ethics-2\/\",\"name\":\"Jornada sobre \u00e8tica p\u00fablica: el rol de la xarxa de comit\u00e8s \u00e8tics com a impulsor de l\u2019\u00e8tica p\u00fablica - ECoD - European Capital of Democracy\",\"isPartOf\":{\"@id\":\"https:\/\/programme.capitalofdemocracy.eu\/es\/#website\"},\"datePublished\":\"2024-03-04T10:33:30+00:00\",\"dateModified\":\"2024-03-13T03:16:27+00:00\",\"breadcrumb\":{\"@id\":\"https:\/\/programme.capitalofdemocracy.eu\/produkt\/conference-on-public-ethics-the-role-of-the-network-of-ethics-committees-as-a-driver-of-public-ethics-2\/#breadcrumb\"},\"inLanguage\":\"ca\",\"potentialAction\":[{\"@type\":\"ReadAction\",\"target\":[\"https:\/\/programme.capitalofdemocracy.eu\/produkt\/conference-on-public-ethics-the-role-of-the-network-of-ethics-committees-as-a-driver-of-public-ethics-2\/\"]}]},{\"@type\":\"BreadcrumbList\",\"@id\":\"https:\/\/programme.capitalofdemocracy.eu\/produkt\/conference-on-public-ethics-the-role-of-the-network-of-ethics-committees-as-a-driver-of-public-ethics-2\/#breadcrumb\",\"itemListElement\":[{\"@type\":\"ListItem\",\"position\":1,\"name\":\"Startseite\",\"item\":\"https:\/\/programme.capitalofdemocracy.eu\/ca\/startseite\/\"},{\"@type\":\"ListItem\",\"position\":2,\"name\":\"Shop\",\"item\":\"https:\/\/programme.capitalofdemocracy.eu\/shop\/\"},{\"@type\":\"ListItem\",\"position\":3,\"name\":\"Jornada sobre \u00e8tica p\u00fablica: el rol de la xarxa de comit\u00e8s \u00e8tics com a impulsor de l\u2019\u00e8tica p\u00fablica\"}]},{\"@type\":\"WebSite\",\"@id\":\"https:\/\/programme.capitalofdemocracy.eu\/es\/#website\",\"url\":\"https:\/\/programme.capitalofdemocracy.eu\/es\/\",\"name\":\"ECoD - European Capital of Democracy\",\"description\":\"Barcelona, 2023-2024\",\"potentialAction\":[{\"@type\":\"SearchAction\",\"target\":{\"@type\":\"EntryPoint\",\"urlTemplate\":\"https:\/\/programme.capitalofdemocracy.eu\/es\/?s={search_term_string}\"},\"query-input\":\"required name=search_term_string\"}],\"inLanguage\":\"ca\"}]}<\/script>\n<!-- \/ Yoast SEO plugin. -->","yoast_head_json":{"title":"Jornada sobre \u00e8tica p\u00fablica: el rol de la xarxa de comit\u00e8s \u00e8tics com a impulsor de l\u2019\u00e8tica p\u00fablica - ECoD - European Capital of Democracy","robots":{"index":"noindex","follow":"follow","max-snippet":"max-snippet:-1","max-image-preview":"max-image-preview:large","max-video-preview":"max-video-preview:-1"},"og_locale":"ca_ES","og_type":"article","og_title":"Jornada sobre \u00e8tica p\u00fablica: el rol de la xarxa de comit\u00e8s \u00e8tics com a impulsor de l\u2019\u00e8tica p\u00fablica - ECoD - European Capital of Democracy","og_description":"La Xarxa de Comit\u00e8s d'\u00c8tica de Catalunya (XCd'E) \u00e9s un espai de col\u00b7laboraci\u00f3 entre comit\u00e8s d'\u00e8tica en Catalunya amb l'objectiu de promoure la cultura \u00e8tica i la integritat en les administracions p\u00fabliques catalanes. Aquesta xarxa est\u00e0 composta per comit\u00e8s de diverses \u00e0rees de l'Administraci\u00f3 de la Generalitat, administracions locals, universitats i el seu sector p\u00fablic. En els darrers dos anys, hi ha hagut canvis rellevants en les pol\u00edtiques d'integritat, com els plans antifrau dels fons europeus i altres iniciatives. Tamb\u00e9 s'afronten reptes com la implementaci\u00f3 del Codi \u00e8tic del servei p\u00fablic de Catalunya i la consolidaci\u00f3 de la XCd'E com una comunitat de pr\u00e0ctica.Els objectius principals d'aquesta iniciativa inclouen impulsar l'\u00e8tica p\u00fablica en el nou marc normatiu, reflexionar sobre el desenvolupament de la Xarxa de Comit\u00e8s d'\u00c8tica i dirigir les seves evolucions futures. Aquesta jornada est\u00e0 destinada a persones interessades en pol\u00edtiques d'integritat i \u00e8tica p\u00fablica, especialment membres dels comit\u00e8s d'\u00e8tica de l'\u00e0mbit p\u00fablic a Catalunya.El programa de la jornada inclou diverses pon\u00e8ncies i taules rodones amb representants de comit\u00e8s \u00e8tics de diferents organismes i institucions. Tamb\u00e9 hi ha una metodologia presencial per a la jornada, que es realitzar\u00e0 a la sala d'actes del Districte Administratiu.Organitza la Secretaria d'Administraci\u00f3 i Funci\u00f3 P\u00fablica, Departament de la Presid\u00e8ncia de la Generalitat de Catalunya. Escola d'Administraci\u00f3 P\u00fablica de Catalunya.20 de novembre de 2023 - 9-14 hEdifici Districte Administratiu de la Generalitat de Catalunya (Sala d'Actes)Carrer del Foc, 5708038 BarcelonaM\u00e9s informaci\u00f3","og_url":"https:\/\/programme.capitalofdemocracy.eu\/produkt\/conference-on-public-ethics-the-role-of-the-network-of-ethics-committees-as-a-driver-of-public-ethics-2\/","og_site_name":"ECoD - European Capital of Democracy","article_modified_time":"2024-03-13T03:16:27+00:00","og_image":[{"width":600,"height":349,"url":"https:\/\/programme.capitalofdemocracy.eu\/wp-content\/uploads\/2024\/03\/231120_jornada_etica_safp.jpg_1726795037.jpg","type":"image\/jpeg"}],"twitter_card":"summary_large_image","schema":{"@context":"https:\/\/schema.org","@graph":[{"@type":"WebPage","@id":"https:\/\/programme.capitalofdemocracy.eu\/produkt\/conference-on-public-ethics-the-role-of-the-network-of-ethics-committees-as-a-driver-of-public-ethics-2\/","url":"https:\/\/programme.capitalofdemocracy.eu\/produkt\/conference-on-public-ethics-the-role-of-the-network-of-ethics-committees-as-a-driver-of-public-ethics-2\/","name":"Jornada sobre \u00e8tica p\u00fablica: el rol de la xarxa de comit\u00e8s \u00e8tics com a impulsor de l\u2019\u00e8tica p\u00fablica - ECoD - European Capital of Democracy","isPartOf":{"@id":"https:\/\/programme.capitalofdemocracy.eu\/es\/#website"},"datePublished":"2024-03-04T10:33:30+00:00","dateModified":"2024-03-13T03:16:27+00:00","breadcrumb":{"@id":"https:\/\/programme.capitalofdemocracy.eu\/produkt\/conference-on-public-ethics-the-role-of-the-network-of-ethics-committees-as-a-driver-of-public-ethics-2\/#breadcrumb"},"inLanguage":"ca","potentialAction":[{"@type":"ReadAction","target":["https:\/\/programme.capitalofdemocracy.eu\/produkt\/conference-on-public-ethics-the-role-of-the-network-of-ethics-committees-as-a-driver-of-public-ethics-2\/"]}]},{"@type":"BreadcrumbList","@id":"https:\/\/programme.capitalofdemocracy.eu\/produkt\/conference-on-public-ethics-the-role-of-the-network-of-ethics-committees-as-a-driver-of-public-ethics-2\/#breadcrumb","itemListElement":[{"@type":"ListItem","position":1,"name":"Startseite","item":"https:\/\/programme.capitalofdemocracy.eu\/ca\/startseite\/"},{"@type":"ListItem","position":2,"name":"Shop","item":"https:\/\/programme.capitalofdemocracy.eu\/shop\/"},{"@type":"ListItem","position":3,"name":"Jornada sobre \u00e8tica p\u00fablica: el rol de la xarxa de comit\u00e8s \u00e8tics com a impulsor de l\u2019\u00e8tica p\u00fablica"}]},{"@type":"WebSite","@id":"https:\/\/programme.capitalofdemocracy.eu\/es\/#website","url":"https:\/\/programme.capitalofdemocracy.eu\/es\/","name":"ECoD - European Capital of Democracy","description":"Barcelona, 2023-2024","potentialAction":[{"@type":"SearchAction","target":{"@type":"EntryPoint","urlTemplate":"https:\/\/programme.capitalofdemocracy.eu\/es\/?s={search_term_string}"},"query-input":"required name=search_term_string"}],"inLanguage":"ca"}]}},"_links":{"self":[{"href":"https:\/\/programme.capitalofdemocracy.eu\/ca\/wp-json\/wp\/v2\/product\/7968","targetHints":{"allow":["GET"]}}],"collection":[{"href":"https:\/\/programme.capitalofdemocracy.eu\/ca\/wp-json\/wp\/v2\/product"}],"about":[{"href":"https:\/\/programme.capitalofdemocracy.eu\/ca\/wp-json\/wp\/v2\/types\/product"}],"wp:featuredmedia":[{"embeddable":true,"href":"https:\/\/programme.capitalofdemocracy.eu\/ca\/wp-json\/wp\/v2\/media\/8258"}],"wp:attachment":[{"href":"https:\/\/programme.capitalofdemocracy.eu\/ca\/wp-json\/wp\/v2\/media?parent=7968"}],"wp:term":[{"taxonomy":"ecod-events-districts","embeddable":true,"href":"https:\/\/programme.capitalofdemocracy.eu\/ca\/wp-json\/wp\/v2\/ecod-events-districts?post=7968"},{"taxonomy":"ecod-events-organizers","embeddable":true,"href":"https:\/\/programme.capitalofdemocracy.eu\/ca\/wp-json\/wp\/v2\/ecod-events-organizers?post=7968"},{"taxonomy":"product_cat","embeddable":true,"href":"https:\/\/programme.capitalofdemocracy.eu\/ca\/wp-json\/wp\/v2\/product_cat?post=7968"},{"taxonomy":"product_tag","embeddable":true,"href":"https:\/\/programme.capitalofdemocracy.eu\/ca\/wp-json\/wp\/v2\/product_tag?post=7968"}],"curies":[{"name":"wp","href":"https:\/\/api.w.org\/{rel}","templated":true}]}}