{"id":8146,"date":"2024-03-04T11:49:20","date_gmt":"2024-03-04T10:49:20","guid":{"rendered":"https:\/\/programme.capitalofdemocracy.eu\/produkt\/sessio-regional-de-barcelona-del-european-youth-parliament-espana-2024\/"},"modified":"2024-03-28T04:05:49","modified_gmt":"2024-03-28T03:05:49","slug":"sessio-regional-de-barcelona-del-european-youth-parliament-espana-2024","status":"publish","type":"product","link":"https:\/\/programme.capitalofdemocracy.eu\/ca\/produkt\/sessio-regional-de-barcelona-del-european-youth-parliament-espana-2024\/","title":{"rendered":"Sessi\u00f3 Regional de Barcelona del European Youth Parliament Espa\u00f1a 2024"},"content":{"rendered":"","protected":false},"excerpt":{"rendered":"<p>Dividits per comit\u00e8s segons les tem\u00e0tiques a tractar, els i les diferents participants hauran&nbsp;d&#8217;identificar les problem\u00e0tiques que envolta el tema proposat, el qual planteja un escenari de la pol\u00edtica actual amb una pregunta adre\u00e7ada a les institucions europees, sobre com ha de ser dirigida la q\u00fcesti\u00f3. En acabar l&#8217;esdeveniment, alguns dels participants s\u00f3n seleccionats per la seg\u00fcent fase, la Sessi\u00f3 Nacional, per poder continuar el seu cam\u00ed dins de l&#8217;organitzaci\u00f3 i la participaci\u00f3 pol\u00edtica activa.<\/p>\n<p>A m\u00e9s a m\u00e9s, durant aquest proc\u00e9s, com en tota la sessi\u00f3, els\/les participants s\u00f3n guiats en tot moment per persones volunt\u00e0ries de l&#8217;organitzaci\u00f3 amb \u00e0mplia experi\u00e8ncia i coneixement sobre les institucions europees que s\u00f3n, d&#8217;aquesta manera, un suport fonamental per als participants. Els i les voluntaris provenen de&nbsp;la organitzaci\u00f3, sense \u00e0nim de lucre i apol\u00edtica, que emmarca l&#8217;EYPE, European Youth Parliament, present en 40 pa\u00efsos a tot Europa, fent d&#8217;aquest esdeveniment, una experi\u00e8ncia molt m\u00e9s positiva amb un clar car\u00e0cter&nbsp;internacional.<\/p>\n<p>Tanmateix, l&#8217;organitzaci\u00f3 de l&#8217;<a target=\"_blank\" href=\"https:\/\/www.eype.es\/\" rel=\"noopener noreferrer\">EYP<\/a>&nbsp;es basa en l&#8217;educaci\u00f3 no formal, did\u00e0ctica i activa amb l&#8217;objectiu principal de fer arribar el missatge&nbsp;i els valors europeus als milers de participants que, anualment, formen part dels nostres esdeveniments.<\/p>\n<\/p>\n<div class=\"editor-content-image\" data-image=\"\"><img decoding=\"async\" src=\"https:\/\/capitalofdemocracy.barcelona\/rails\/active_storage\/blobs\/redirect\/eyJfcmFpbHMiOnsibWVzc2FnZSI6IkJBaHBBdlVGIiwiZXhwIjpudWxsLCJwdXIiOiJibG9iX2lkIn19--a59d608bf0f6777953adff6d6327cac4be6adb4e\/Copia%20de%2020150717_JP_Spain-4C-noBG-wide.png\" alt=\"\" width=\"380\"><\/div>\n","protected":false},"featured_media":8823,"template":"","meta":{"_acf_changed":false,"inline_featured_image":false},"ecod-events-districts":[],"ecod-events-organizers":[256,223],"product_cat":[227,228],"product_tag":[],"class_list":{"0":"post-8146","1":"product","2":"type-product","3":"status-publish","4":"has-post-thumbnail","6":"ecod-events-organizers-city-of-barcelona-ca","7":"ecod-events-organizers-city-of-barcelona","8":"product_cat-local","9":"product_cat-local-ca","11":"first","12":"instock","13":"shipping-taxable","14":"product-type-simple"},"acf":[],"yoast_head":"<!-- This site is optimized with the Yoast SEO plugin v22.0 - https:\/\/yoast.com\/wordpress\/plugins\/seo\/ -->\n<title>Sessi\u00f3 Regional de Barcelona del European Youth Parliament Espa\u00f1a 2024 - ECoD - European Capital of Democracy<\/title>\n<meta name=\"robots\" content=\"noindex, follow, max-snippet:-1, max-image-preview:large, max-video-preview:-1\" \/>\n<meta property=\"og:locale\" content=\"ca_ES\" \/>\n<meta property=\"og:type\" content=\"article\" \/>\n<meta property=\"og:title\" content=\"Sessi\u00f3 Regional de Barcelona del European Youth Parliament Espa\u00f1a 2024 - ECoD - European Capital of Democracy\" \/>\n<meta property=\"og:description\" content=\"Dividits per comit\u00e8s segons les tem\u00e0tiques a tractar, els i les diferents participants hauran&nbsp;d&#039;identificar les problem\u00e0tiques que envolta el tema proposat, el qual planteja un escenari de la pol\u00edtica actual amb una pregunta adre\u00e7ada a les institucions europees, sobre com ha de ser dirigida la q\u00fcesti\u00f3. En acabar l&#039;esdeveniment, alguns dels participants s\u00f3n seleccionats per la seg\u00fcent fase, la Sessi\u00f3 Nacional, per poder continuar el seu cam\u00ed dins de l&#039;organitzaci\u00f3 i la participaci\u00f3 pol\u00edtica activa.A m\u00e9s a m\u00e9s, durant aquest proc\u00e9s, com en tota la sessi\u00f3, els\/les participants s\u00f3n guiats en tot moment per persones volunt\u00e0ries de l&#039;organitzaci\u00f3 amb \u00e0mplia experi\u00e8ncia i coneixement sobre les institucions europees que s\u00f3n, d&#039;aquesta manera, un suport fonamental per als participants. Els i les voluntaris provenen de&nbsp;la organitzaci\u00f3, sense \u00e0nim de lucre i apol\u00edtica, que emmarca l&#039;EYPE, European Youth Parliament, present en 40 pa\u00efsos a tot Europa, fent d&#039;aquest esdeveniment, una experi\u00e8ncia molt m\u00e9s positiva amb un clar car\u00e0cter&nbsp;internacional.Tanmateix, l&#039;organitzaci\u00f3 de l&#039;EYP&nbsp;es basa en l&#039;educaci\u00f3 no formal, did\u00e0ctica i activa amb l&#039;objectiu principal de fer arribar el missatge&nbsp;i els valors europeus als milers de participants que, anualment, formen part dels nostres esdeveniments.\" \/>\n<meta property=\"og:url\" content=\"https:\/\/programme.capitalofdemocracy.eu\/produkt\/barcelona-regional-selection-conference-of-the-european-youth-parliament-espana-2024\/\" \/>\n<meta property=\"og:site_name\" content=\"ECoD - European Capital of Democracy\" \/>\n<meta property=\"article:modified_time\" content=\"2024-03-28T03:05:49+00:00\" \/>\n<meta property=\"og:image\" content=\"https:\/\/programme.capitalofdemocracy.eu\/wp-content\/uploads\/2024\/03\/Copia%20de%20Copia%20de%20FloresLayoutColor.png\" \/>\n\t<meta property=\"og:image:width\" content=\"1981\" \/>\n\t<meta property=\"og:image:height\" content=\"1500\" \/>\n\t<meta property=\"og:image:type\" content=\"image\/png\" \/>\n<meta name=\"twitter:card\" content=\"summary_large_image\" \/>\n<script type=\"application\/ld+json\" class=\"yoast-schema-graph\">{\"@context\":\"https:\/\/schema.org\",\"@graph\":[{\"@type\":\"WebPage\",\"@id\":\"https:\/\/programme.capitalofdemocracy.eu\/produkt\/barcelona-regional-selection-conference-of-the-european-youth-parliament-espana-2024\/\",\"url\":\"https:\/\/programme.capitalofdemocracy.eu\/produkt\/barcelona-regional-selection-conference-of-the-european-youth-parliament-espana-2024\/\",\"name\":\"Sessi\u00f3 Regional de Barcelona del European Youth Parliament Espa\u00f1a 2024 - ECoD - European Capital of Democracy\",\"isPartOf\":{\"@id\":\"https:\/\/programme.capitalofdemocracy.eu\/es\/#website\"},\"datePublished\":\"2024-03-04T10:49:20+00:00\",\"dateModified\":\"2024-03-28T03:05:49+00:00\",\"breadcrumb\":{\"@id\":\"https:\/\/programme.capitalofdemocracy.eu\/produkt\/barcelona-regional-selection-conference-of-the-european-youth-parliament-espana-2024\/#breadcrumb\"},\"inLanguage\":\"ca\",\"potentialAction\":[{\"@type\":\"ReadAction\",\"target\":[\"https:\/\/programme.capitalofdemocracy.eu\/produkt\/barcelona-regional-selection-conference-of-the-european-youth-parliament-espana-2024\/\"]}]},{\"@type\":\"BreadcrumbList\",\"@id\":\"https:\/\/programme.capitalofdemocracy.eu\/produkt\/barcelona-regional-selection-conference-of-the-european-youth-parliament-espana-2024\/#breadcrumb\",\"itemListElement\":[{\"@type\":\"ListItem\",\"position\":1,\"name\":\"Startseite\",\"item\":\"https:\/\/programme.capitalofdemocracy.eu\/ca\/startseite\/\"},{\"@type\":\"ListItem\",\"position\":2,\"name\":\"Shop\",\"item\":\"https:\/\/programme.capitalofdemocracy.eu\/shop\/\"},{\"@type\":\"ListItem\",\"position\":3,\"name\":\"Sessi\u00f3 Regional de Barcelona del European Youth Parliament Espa\u00f1a 2024\"}]},{\"@type\":\"WebSite\",\"@id\":\"https:\/\/programme.capitalofdemocracy.eu\/es\/#website\",\"url\":\"https:\/\/programme.capitalofdemocracy.eu\/es\/\",\"name\":\"ECoD - European Capital of Democracy\",\"description\":\"Barcelona, 2023-2024\",\"potentialAction\":[{\"@type\":\"SearchAction\",\"target\":{\"@type\":\"EntryPoint\",\"urlTemplate\":\"https:\/\/programme.capitalofdemocracy.eu\/es\/?s={search_term_string}\"},\"query-input\":\"required name=search_term_string\"}],\"inLanguage\":\"ca\"}]}<\/script>\n<!-- \/ Yoast SEO plugin. -->","yoast_head_json":{"title":"Sessi\u00f3 Regional de Barcelona del European Youth Parliament Espa\u00f1a 2024 - ECoD - European Capital of Democracy","robots":{"index":"noindex","follow":"follow","max-snippet":"max-snippet:-1","max-image-preview":"max-image-preview:large","max-video-preview":"max-video-preview:-1"},"og_locale":"ca_ES","og_type":"article","og_title":"Sessi\u00f3 Regional de Barcelona del European Youth Parliament Espa\u00f1a 2024 - ECoD - European Capital of Democracy","og_description":"Dividits per comit\u00e8s segons les tem\u00e0tiques a tractar, els i les diferents participants hauran&nbsp;d'identificar les problem\u00e0tiques que envolta el tema proposat, el qual planteja un escenari de la pol\u00edtica actual amb una pregunta adre\u00e7ada a les institucions europees, sobre com ha de ser dirigida la q\u00fcesti\u00f3. En acabar l'esdeveniment, alguns dels participants s\u00f3n seleccionats per la seg\u00fcent fase, la Sessi\u00f3 Nacional, per poder continuar el seu cam\u00ed dins de l'organitzaci\u00f3 i la participaci\u00f3 pol\u00edtica activa.A m\u00e9s a m\u00e9s, durant aquest proc\u00e9s, com en tota la sessi\u00f3, els\/les participants s\u00f3n guiats en tot moment per persones volunt\u00e0ries de l'organitzaci\u00f3 amb \u00e0mplia experi\u00e8ncia i coneixement sobre les institucions europees que s\u00f3n, d'aquesta manera, un suport fonamental per als participants. Els i les voluntaris provenen de&nbsp;la organitzaci\u00f3, sense \u00e0nim de lucre i apol\u00edtica, que emmarca l'EYPE, European Youth Parliament, present en 40 pa\u00efsos a tot Europa, fent d'aquest esdeveniment, una experi\u00e8ncia molt m\u00e9s positiva amb un clar car\u00e0cter&nbsp;internacional.Tanmateix, l'organitzaci\u00f3 de l'EYP&nbsp;es basa en l'educaci\u00f3 no formal, did\u00e0ctica i activa amb l'objectiu principal de fer arribar el missatge&nbsp;i els valors europeus als milers de participants que, anualment, formen part dels nostres esdeveniments.","og_url":"https:\/\/programme.capitalofdemocracy.eu\/produkt\/barcelona-regional-selection-conference-of-the-european-youth-parliament-espana-2024\/","og_site_name":"ECoD - European Capital of Democracy","article_modified_time":"2024-03-28T03:05:49+00:00","og_image":[{"width":1981,"height":1500,"url":"https:\/\/programme.capitalofdemocracy.eu\/wp-content\/uploads\/2024\/03\/Copia%20de%20Copia%20de%20FloresLayoutColor.png","type":"image\/png"}],"twitter_card":"summary_large_image","schema":{"@context":"https:\/\/schema.org","@graph":[{"@type":"WebPage","@id":"https:\/\/programme.capitalofdemocracy.eu\/produkt\/barcelona-regional-selection-conference-of-the-european-youth-parliament-espana-2024\/","url":"https:\/\/programme.capitalofdemocracy.eu\/produkt\/barcelona-regional-selection-conference-of-the-european-youth-parliament-espana-2024\/","name":"Sessi\u00f3 Regional de Barcelona del European Youth Parliament Espa\u00f1a 2024 - ECoD - European Capital of Democracy","isPartOf":{"@id":"https:\/\/programme.capitalofdemocracy.eu\/es\/#website"},"datePublished":"2024-03-04T10:49:20+00:00","dateModified":"2024-03-28T03:05:49+00:00","breadcrumb":{"@id":"https:\/\/programme.capitalofdemocracy.eu\/produkt\/barcelona-regional-selection-conference-of-the-european-youth-parliament-espana-2024\/#breadcrumb"},"inLanguage":"ca","potentialAction":[{"@type":"ReadAction","target":["https:\/\/programme.capitalofdemocracy.eu\/produkt\/barcelona-regional-selection-conference-of-the-european-youth-parliament-espana-2024\/"]}]},{"@type":"BreadcrumbList","@id":"https:\/\/programme.capitalofdemocracy.eu\/produkt\/barcelona-regional-selection-conference-of-the-european-youth-parliament-espana-2024\/#breadcrumb","itemListElement":[{"@type":"ListItem","position":1,"name":"Startseite","item":"https:\/\/programme.capitalofdemocracy.eu\/ca\/startseite\/"},{"@type":"ListItem","position":2,"name":"Shop","item":"https:\/\/programme.capitalofdemocracy.eu\/shop\/"},{"@type":"ListItem","position":3,"name":"Sessi\u00f3 Regional de Barcelona del European Youth Parliament Espa\u00f1a 2024"}]},{"@type":"WebSite","@id":"https:\/\/programme.capitalofdemocracy.eu\/es\/#website","url":"https:\/\/programme.capitalofdemocracy.eu\/es\/","name":"ECoD - European Capital of Democracy","description":"Barcelona, 2023-2024","potentialAction":[{"@type":"SearchAction","target":{"@type":"EntryPoint","urlTemplate":"https:\/\/programme.capitalofdemocracy.eu\/es\/?s={search_term_string}"},"query-input":"required name=search_term_string"}],"inLanguage":"ca"}]}},"_links":{"self":[{"href":"https:\/\/programme.capitalofdemocracy.eu\/ca\/wp-json\/wp\/v2\/product\/8146","targetHints":{"allow":["GET"]}}],"collection":[{"href":"https:\/\/programme.capitalofdemocracy.eu\/ca\/wp-json\/wp\/v2\/product"}],"about":[{"href":"https:\/\/programme.capitalofdemocracy.eu\/ca\/wp-json\/wp\/v2\/types\/product"}],"wp:featuredmedia":[{"embeddable":true,"href":"https:\/\/programme.capitalofdemocracy.eu\/ca\/wp-json\/wp\/v2\/media\/8823"}],"wp:attachment":[{"href":"https:\/\/programme.capitalofdemocracy.eu\/ca\/wp-json\/wp\/v2\/media?parent=8146"}],"wp:term":[{"taxonomy":"ecod-events-districts","embeddable":true,"href":"https:\/\/programme.capitalofdemocracy.eu\/ca\/wp-json\/wp\/v2\/ecod-events-districts?post=8146"},{"taxonomy":"ecod-events-organizers","embeddable":true,"href":"https:\/\/programme.capitalofdemocracy.eu\/ca\/wp-json\/wp\/v2\/ecod-events-organizers?post=8146"},{"taxonomy":"product_cat","embeddable":true,"href":"https:\/\/programme.capitalofdemocracy.eu\/ca\/wp-json\/wp\/v2\/product_cat?post=8146"},{"taxonomy":"product_tag","embeddable":true,"href":"https:\/\/programme.capitalofdemocracy.eu\/ca\/wp-json\/wp\/v2\/product_tag?post=8146"}],"curies":[{"name":"wp","href":"https:\/\/api.w.org\/{rel}","templated":true}]}}