{"id":8832,"date":"2024-03-28T04:05:57","date_gmt":"2024-03-28T03:05:57","guid":{"rendered":"https:\/\/programme.capitalofdemocracy.eu\/produkt\/eleccions-europees-2024-lhora-de-la-veritat-per-europa\/"},"modified":"2024-05-01T05:01:15","modified_gmt":"2024-05-01T03:01:15","slug":"eleccions-europees-2024-lhora-de-la-veritat-per-europa","status":"publish","type":"product","link":"https:\/\/programme.capitalofdemocracy.eu\/ca\/produkt\/eleccions-europees-2024-lhora-de-la-veritat-per-europa\/","title":{"rendered":"Eleccions Europees 2024: l&#8217;hora de la veritat per Europa?"},"content":{"rendered":"","protected":false},"excerpt":{"rendered":"<p>Les Eleccions europees del 2024 marquen un moment de veritat per al continent i la composici\u00f3 del seu Parlament determinar\u00e0 fortament el futur de la Uni\u00f3 Europea. Tot i que les generacions m\u00e9s joves viuran amb els possibles canvis durant m\u00e9s temps, les investigacions mostren que voten en menor nombre i nom\u00e9s decideixen a qui votar en les hores i els dies previs a les eleccions. Tenint aix\u00f2 en compte, Palumba EU presentar\u00e0 per primera vegada la seva innovadora aplicaci\u00f3 m\u00f2bil per augmentar la participaci\u00f3 informada dels joves en les eleccions, en un esdeveniment on els joves europeus prendran el protagonisme. La primera part de l&#8217;esdeveniment inclour\u00e0 una sessi\u00f3 de preguntes i respostes oberta amb Jaume Duch, portaveu del Parlament Europeu i Director General de Comunicaci\u00f3, la presentaci\u00f3 de la Palumba app, aix\u00ed com una taula rodona amb Carme Colomina (CIDOB) i joves activistes i cient\u00edfics\/ques pol\u00edtics. Finalment, es seguir\u00e0 amb un &#8220;Drinks for Democracy&#8221; informal amb els participants joves.<\/p>\n<p>El programa ser\u00e0 en catal\u00e0, excepte la presentaci\u00f3 de l&#8217;aplicaci\u00f3 de 10 minuts, que es realitzar\u00e0 en angl\u00e8s. L&#8217;esdeveniment es retransmetr\u00e0 en directe a <a target=\"_blank\" href=\"http:\/\/ateneubcn.cat\/endirecte\" rel=\"noopener\">ateneubcn.cat\/endirecte<\/a>.<\/p>\n<p><strong><br \/><u>PROGRAMA<\/u>:<\/strong><\/p>\n<p><strong>17.45 &#8211; 18.00 h &#8211; Discurs de benvinguda<\/strong><\/p>\n<ul>\n<li>\n<p><strong>Maria Eug\u00e8nia Gay<\/strong>, segona Tinenta d&#8217;Alcaldia de l&#8217;Ajuntament de Barcelona<\/p>\n<\/li>\n<li>\n<p><strong>Alexander Heichlinger<\/strong>, representant de la Capital Europea de la Democr\u00e0cia<\/p>\n<\/li>\n<li>\n<p><strong>Isona Passola<\/strong>, presidenta de l&#8217;Ateneu Barcelon\u00e8s<\/p>\n<\/p>\n<\/li>\n<\/ul>\n<p><strong>18.00 &#8211; 18.45 h &#8211; Eleccions Europees 2024: el moment de la veritat per a Europa<\/strong><\/p>\n<p>Presentaci\u00f3 inicial sobre l&#8217;excepcional rellev\u00e0ncia de l&#8217;EE24 seguida d&#8217;una sessi\u00f3 de preguntes i respostes oberta afavorint l&#8217;intercanvi amb els i les joves assistents presents.<\/p>\n<ul>\n<li>\n<p><strong>Jaume Duch<\/strong>, director General de Comunicacions del Parlament Europeu<\/p>\n<\/li>\n<\/ul>\n<p><strong>18.45 &#8211; 18.55 h &#8211; Presentaci\u00f3 de Palumba, l&#8217;aplicaci\u00f3 per a involucrar els i les joves europeus<\/strong><\/p>\n<p>Presentaci\u00f3 de l&#8217;aplicaci\u00f3 Palumba i la seva hist\u00f2ria darrere de les escenes.<\/p>\n<ul>\n<li>\n<p><strong>Pol Villaverde<\/strong>, president de l&#8217;Associaci\u00f3 Juvenil Palumba EU<\/p>\n<\/li>\n<\/ul>\n<p><strong>18.55 &#8211; 19.45 h &#8211; Taula rodona: \u201cCom votaran i s&#8217;impliquen les generacions m\u00e9s joves en el futur?\u201d<\/strong><\/p>\n<p>Discussi\u00f3 sobre el comportament electoral juvenil, les prioritats i el futur de la democr\u00e0cia a Europa.<\/p>\n<ul>\n<li>\n<p><strong>Carme Colomina<\/strong>, periodista i investigadora s\u00e8nior al CIDOB<\/p>\n<\/li>\n<li>\n<p><strong>Maria Serra<\/strong>, <em>influencer<\/em> i activista clim\u00e0tica<\/p>\n<\/li>\n<li>\n<p><strong>C\u00e8lia Estruch<\/strong>, investigadora i membre de l&#8217;Ateneu Barcelon\u00e8s (moderadora)<\/p>\n<\/li>\n<\/ul>\n<p><strong>19.45 &#8211; 20.45 h &#8211; C\u00f2ctels per a la democr\u00e0cia: \u201cM\u00e9s enll\u00e0 de la bombolla c\u00edvica: reptes i oportunitats\u201d<\/strong><\/p>\n<p>Tert\u00falia i primera experi\u00e8ncia pr\u00e0ctica de l&#8217;aplicaci\u00f3, exclusiva per a joves de 18 a 30 anys.<\/p>\n<\/p>\n<div class=\"editor-content-image\" data-image=\"\"><img decoding=\"async\" src=\"\/rails\/active_storage\/blobs\/redirect\/eyJfcmFpbHMiOnsibWVzc2FnZSI6IkJBaHBBa29IIiwiZXhwIjpudWxsLCJwdXIiOiJibG9iX2lkIn19--1129bd1393d61265f0400f6c8cea8568e9be1c13\/Palumba%20EU_badge-1.png\" alt=\"Palumba EU_badge-1\" width=\"200\"><\/div>\n<div class=\"editor-content-image\" data-image=\"\"><img decoding=\"async\" src=\"\/rails\/active_storage\/blobs\/redirect\/eyJfcmFpbHMiOnsibWVzc2FnZSI6IkJBaHBBazhIIiwiZXhwIjpudWxsLCJwdXIiOiJibG9iX2lkIn19--2be703c39ec9a1b586d0e6a6c7d5e19ed1f52d3c\/logo_ab_web_capcalera.png\" alt=\"logo_ab_web_capcalera\" width=\"200\"><\/div>\n","protected":false},"author":0,"featured_media":9129,"template":"","meta":{"_acf_changed":false,"inline_featured_image":false},"ecod-events-districts":[],"ecod-events-organizers":[223],"product_cat":[227],"product_tag":[],"class_list":{"0":"post-8832","1":"product","2":"type-product","3":"status-publish","4":"has-post-thumbnail","6":"ecod-events-organizers-city-of-barcelona","7":"product_cat-local","9":"first","10":"instock","11":"shipping-taxable","12":"product-type-simple"},"acf":[],"yoast_head":"<!-- This site is optimized with the Yoast SEO plugin v22.0 - https:\/\/yoast.com\/wordpress\/plugins\/seo\/ -->\n<title>Eleccions Europees 2024: l&#039;hora de la veritat per Europa? - ECoD - European Capital of Democracy<\/title>\n<meta name=\"robots\" content=\"noindex, follow, max-snippet:-1, max-image-preview:large, max-video-preview:-1\" \/>\n<meta property=\"og:locale\" content=\"ca_ES\" \/>\n<meta property=\"og:type\" content=\"article\" \/>\n<meta property=\"og:title\" content=\"Eleccions Europees 2024: l&#039;hora de la veritat per Europa? - ECoD - European Capital of Democracy\" \/>\n<meta property=\"og:description\" content=\"Les Eleccions europees del 2024 marquen un moment de veritat per al continent i la composici\u00f3 del seu Parlament determinar\u00e0 fortament el futur de la Uni\u00f3 Europea. Tot i que les generacions m\u00e9s joves viuran amb els possibles canvis durant m\u00e9s temps, les investigacions mostren que voten en menor nombre i nom\u00e9s decideixen a qui votar en les hores i els dies previs a les eleccions. Tenint aix\u00f2 en compte, Palumba EU presentar\u00e0 per primera vegada la seva innovadora aplicaci\u00f3 m\u00f2bil per augmentar la participaci\u00f3 informada dels joves en les eleccions, en un esdeveniment on els joves europeus prendran el protagonisme. La primera part de l&#039;esdeveniment inclour\u00e0 una sessi\u00f3 de preguntes i respostes oberta amb Jaume Duch, portaveu del Parlament Europeu i Director General de Comunicaci\u00f3, la presentaci\u00f3 de la Palumba app, aix\u00ed com una taula rodona amb Carme Colomina (CIDOB) i joves activistes i cient\u00edfics\/ques pol\u00edtics. Finalment, es seguir\u00e0 amb un &quot;Drinks for Democracy&quot; informal amb els participants joves.El programa ser\u00e0 en catal\u00e0, excepte la presentaci\u00f3 de l&#039;aplicaci\u00f3 de 10 minuts, que es realitzar\u00e0 en angl\u00e8s. L&#039;esdeveniment es retransmetr\u00e0 en directe a ateneubcn.cat\/endirecte.PROGRAMA:17.45 - 18.00 h - Discurs de benvingudaMaria Eug\u00e8nia Gay, segona Tinenta d&#039;Alcaldia de l&#039;Ajuntament de BarcelonaAlexander Heichlinger, representant de la Capital Europea de la Democr\u00e0ciaIsona Passola, presidenta de l&#039;Ateneu Barcelon\u00e8s18.00 - 18.45 h - Eleccions Europees 2024: el moment de la veritat per a EuropaPresentaci\u00f3 inicial sobre l&#039;excepcional rellev\u00e0ncia de l&#039;EE24 seguida d&#039;una sessi\u00f3 de preguntes i respostes oberta afavorint l&#039;intercanvi amb els i les joves assistents presents.Jaume Duch, director General de Comunicacions del Parlament Europeu18.45 - 18.55 h - Presentaci\u00f3 de Palumba, l&#039;aplicaci\u00f3 per a involucrar els i les joves europeusPresentaci\u00f3 de l&#039;aplicaci\u00f3 Palumba i la seva hist\u00f2ria darrere de les escenes.Pol Villaverde, president de l&#039;Associaci\u00f3 Juvenil Palumba EU18.55 - 19.45 h - Taula rodona: \u201cCom votaran i s&#039;impliquen les generacions m\u00e9s joves en el futur?\u201dDiscussi\u00f3 sobre el comportament electoral juvenil, les prioritats i el futur de la democr\u00e0cia a Europa.Carme Colomina, periodista i investigadora s\u00e8nior al CIDOBMaria Serra, influencer i activista clim\u00e0ticaC\u00e8lia Estruch, investigadora i membre de l&#039;Ateneu Barcelon\u00e8s (moderadora)19.45 - 20.45 h - C\u00f2ctels per a la democr\u00e0cia: \u201cM\u00e9s enll\u00e0 de la bombolla c\u00edvica: reptes i oportunitats\u201dTert\u00falia i primera experi\u00e8ncia pr\u00e0ctica de l&#039;aplicaci\u00f3, exclusiva per a joves de 18 a 30 anys.\" \/>\n<meta property=\"og:url\" content=\"https:\/\/programme.capitalofdemocracy.eu\/produkt\/european-elections-2024-the-moment-of-truth-for-europe\/\" \/>\n<meta property=\"og:site_name\" content=\"ECoD - European Capital of Democracy\" \/>\n<meta property=\"article:modified_time\" content=\"2024-05-01T03:01:15+00:00\" \/>\n<meta property=\"og:image\" content=\"https:\/\/programme.capitalofdemocracy.eu\/wp-content\/uploads\/lukas-s-dyBoCDncvX4-unsplash.jpg\" \/>\n\t<meta property=\"og:image:width\" content=\"1\" \/>\n\t<meta property=\"og:image:height\" content=\"1\" \/>\n\t<meta property=\"og:image:type\" content=\"image\/jpeg\" \/>\n<meta name=\"twitter:card\" content=\"summary_large_image\" \/>\n<script type=\"application\/ld+json\" class=\"yoast-schema-graph\">{\"@context\":\"https:\/\/schema.org\",\"@graph\":[{\"@type\":\"WebPage\",\"@id\":\"https:\/\/programme.capitalofdemocracy.eu\/produkt\/european-elections-2024-the-moment-of-truth-for-europe\/\",\"url\":\"https:\/\/programme.capitalofdemocracy.eu\/produkt\/european-elections-2024-the-moment-of-truth-for-europe\/\",\"name\":\"Eleccions Europees 2024: l'hora de la veritat per Europa? - ECoD - European Capital of Democracy\",\"isPartOf\":{\"@id\":\"https:\/\/programme.capitalofdemocracy.eu\/es\/#website\"},\"datePublished\":\"2024-03-28T03:05:57+00:00\",\"dateModified\":\"2024-05-01T03:01:15+00:00\",\"breadcrumb\":{\"@id\":\"https:\/\/programme.capitalofdemocracy.eu\/produkt\/european-elections-2024-the-moment-of-truth-for-europe\/#breadcrumb\"},\"inLanguage\":\"ca\",\"potentialAction\":[{\"@type\":\"ReadAction\",\"target\":[\"https:\/\/programme.capitalofdemocracy.eu\/produkt\/european-elections-2024-the-moment-of-truth-for-europe\/\"]}]},{\"@type\":\"BreadcrumbList\",\"@id\":\"https:\/\/programme.capitalofdemocracy.eu\/produkt\/european-elections-2024-the-moment-of-truth-for-europe\/#breadcrumb\",\"itemListElement\":[{\"@type\":\"ListItem\",\"position\":1,\"name\":\"Startseite\",\"item\":\"https:\/\/programme.capitalofdemocracy.eu\/ca\/startseite\/\"},{\"@type\":\"ListItem\",\"position\":2,\"name\":\"Shop\",\"item\":\"https:\/\/programme.capitalofdemocracy.eu\/shop\/\"},{\"@type\":\"ListItem\",\"position\":3,\"name\":\"Eleccions Europees 2024: l&#8217;hora de la veritat per Europa?\"}]},{\"@type\":\"WebSite\",\"@id\":\"https:\/\/programme.capitalofdemocracy.eu\/es\/#website\",\"url\":\"https:\/\/programme.capitalofdemocracy.eu\/es\/\",\"name\":\"ECoD - European Capital of Democracy\",\"description\":\"Barcelona, 2023-2024\",\"potentialAction\":[{\"@type\":\"SearchAction\",\"target\":{\"@type\":\"EntryPoint\",\"urlTemplate\":\"https:\/\/programme.capitalofdemocracy.eu\/es\/?s={search_term_string}\"},\"query-input\":\"required name=search_term_string\"}],\"inLanguage\":\"ca\"}]}<\/script>\n<!-- \/ Yoast SEO plugin. -->","yoast_head_json":{"title":"Eleccions Europees 2024: l'hora de la veritat per Europa? - ECoD - European Capital of Democracy","robots":{"index":"noindex","follow":"follow","max-snippet":"max-snippet:-1","max-image-preview":"max-image-preview:large","max-video-preview":"max-video-preview:-1"},"og_locale":"ca_ES","og_type":"article","og_title":"Eleccions Europees 2024: l'hora de la veritat per Europa? - ECoD - European Capital of Democracy","og_description":"Les Eleccions europees del 2024 marquen un moment de veritat per al continent i la composici\u00f3 del seu Parlament determinar\u00e0 fortament el futur de la Uni\u00f3 Europea. Tot i que les generacions m\u00e9s joves viuran amb els possibles canvis durant m\u00e9s temps, les investigacions mostren que voten en menor nombre i nom\u00e9s decideixen a qui votar en les hores i els dies previs a les eleccions. Tenint aix\u00f2 en compte, Palumba EU presentar\u00e0 per primera vegada la seva innovadora aplicaci\u00f3 m\u00f2bil per augmentar la participaci\u00f3 informada dels joves en les eleccions, en un esdeveniment on els joves europeus prendran el protagonisme. La primera part de l'esdeveniment inclour\u00e0 una sessi\u00f3 de preguntes i respostes oberta amb Jaume Duch, portaveu del Parlament Europeu i Director General de Comunicaci\u00f3, la presentaci\u00f3 de la Palumba app, aix\u00ed com una taula rodona amb Carme Colomina (CIDOB) i joves activistes i cient\u00edfics\/ques pol\u00edtics. Finalment, es seguir\u00e0 amb un \"Drinks for Democracy\" informal amb els participants joves.El programa ser\u00e0 en catal\u00e0, excepte la presentaci\u00f3 de l'aplicaci\u00f3 de 10 minuts, que es realitzar\u00e0 en angl\u00e8s. L'esdeveniment es retransmetr\u00e0 en directe a ateneubcn.cat\/endirecte.PROGRAMA:17.45 - 18.00 h - Discurs de benvingudaMaria Eug\u00e8nia Gay, segona Tinenta d'Alcaldia de l'Ajuntament de BarcelonaAlexander Heichlinger, representant de la Capital Europea de la Democr\u00e0ciaIsona Passola, presidenta de l'Ateneu Barcelon\u00e8s18.00 - 18.45 h - Eleccions Europees 2024: el moment de la veritat per a EuropaPresentaci\u00f3 inicial sobre l'excepcional rellev\u00e0ncia de l'EE24 seguida d'una sessi\u00f3 de preguntes i respostes oberta afavorint l'intercanvi amb els i les joves assistents presents.Jaume Duch, director General de Comunicacions del Parlament Europeu18.45 - 18.55 h - Presentaci\u00f3 de Palumba, l'aplicaci\u00f3 per a involucrar els i les joves europeusPresentaci\u00f3 de l'aplicaci\u00f3 Palumba i la seva hist\u00f2ria darrere de les escenes.Pol Villaverde, president de l'Associaci\u00f3 Juvenil Palumba EU18.55 - 19.45 h - Taula rodona: \u201cCom votaran i s'impliquen les generacions m\u00e9s joves en el futur?\u201dDiscussi\u00f3 sobre el comportament electoral juvenil, les prioritats i el futur de la democr\u00e0cia a Europa.Carme Colomina, periodista i investigadora s\u00e8nior al CIDOBMaria Serra, influencer i activista clim\u00e0ticaC\u00e8lia Estruch, investigadora i membre de l'Ateneu Barcelon\u00e8s (moderadora)19.45 - 20.45 h - C\u00f2ctels per a la democr\u00e0cia: \u201cM\u00e9s enll\u00e0 de la bombolla c\u00edvica: reptes i oportunitats\u201dTert\u00falia i primera experi\u00e8ncia pr\u00e0ctica de l'aplicaci\u00f3, exclusiva per a joves de 18 a 30 anys.","og_url":"https:\/\/programme.capitalofdemocracy.eu\/produkt\/european-elections-2024-the-moment-of-truth-for-europe\/","og_site_name":"ECoD - European Capital of Democracy","article_modified_time":"2024-05-01T03:01:15+00:00","og_image":[{"url":"https:\/\/programme.capitalofdemocracy.eu\/wp-content\/uploads\/lukas-s-dyBoCDncvX4-unsplash.jpg","width":1,"height":1,"type":"image\/jpeg"}],"twitter_card":"summary_large_image","schema":{"@context":"https:\/\/schema.org","@graph":[{"@type":"WebPage","@id":"https:\/\/programme.capitalofdemocracy.eu\/produkt\/european-elections-2024-the-moment-of-truth-for-europe\/","url":"https:\/\/programme.capitalofdemocracy.eu\/produkt\/european-elections-2024-the-moment-of-truth-for-europe\/","name":"Eleccions Europees 2024: l'hora de la veritat per Europa? - ECoD - European Capital of Democracy","isPartOf":{"@id":"https:\/\/programme.capitalofdemocracy.eu\/es\/#website"},"datePublished":"2024-03-28T03:05:57+00:00","dateModified":"2024-05-01T03:01:15+00:00","breadcrumb":{"@id":"https:\/\/programme.capitalofdemocracy.eu\/produkt\/european-elections-2024-the-moment-of-truth-for-europe\/#breadcrumb"},"inLanguage":"ca","potentialAction":[{"@type":"ReadAction","target":["https:\/\/programme.capitalofdemocracy.eu\/produkt\/european-elections-2024-the-moment-of-truth-for-europe\/"]}]},{"@type":"BreadcrumbList","@id":"https:\/\/programme.capitalofdemocracy.eu\/produkt\/european-elections-2024-the-moment-of-truth-for-europe\/#breadcrumb","itemListElement":[{"@type":"ListItem","position":1,"name":"Startseite","item":"https:\/\/programme.capitalofdemocracy.eu\/ca\/startseite\/"},{"@type":"ListItem","position":2,"name":"Shop","item":"https:\/\/programme.capitalofdemocracy.eu\/shop\/"},{"@type":"ListItem","position":3,"name":"Eleccions Europees 2024: l&#8217;hora de la veritat per Europa?"}]},{"@type":"WebSite","@id":"https:\/\/programme.capitalofdemocracy.eu\/es\/#website","url":"https:\/\/programme.capitalofdemocracy.eu\/es\/","name":"ECoD - European Capital of Democracy","description":"Barcelona, 2023-2024","potentialAction":[{"@type":"SearchAction","target":{"@type":"EntryPoint","urlTemplate":"https:\/\/programme.capitalofdemocracy.eu\/es\/?s={search_term_string}"},"query-input":"required name=search_term_string"}],"inLanguage":"ca"}]}},"_links":{"self":[{"href":"https:\/\/programme.capitalofdemocracy.eu\/ca\/wp-json\/wp\/v2\/product\/8832","targetHints":{"allow":["GET"]}}],"collection":[{"href":"https:\/\/programme.capitalofdemocracy.eu\/ca\/wp-json\/wp\/v2\/product"}],"about":[{"href":"https:\/\/programme.capitalofdemocracy.eu\/ca\/wp-json\/wp\/v2\/types\/product"}],"wp:featuredmedia":[{"embeddable":true,"href":"https:\/\/programme.capitalofdemocracy.eu\/ca\/wp-json\/wp\/v2\/media\/9129"}],"wp:attachment":[{"href":"https:\/\/programme.capitalofdemocracy.eu\/ca\/wp-json\/wp\/v2\/media?parent=8832"}],"wp:term":[{"taxonomy":"ecod-events-districts","embeddable":true,"href":"https:\/\/programme.capitalofdemocracy.eu\/ca\/wp-json\/wp\/v2\/ecod-events-districts?post=8832"},{"taxonomy":"ecod-events-organizers","embeddable":true,"href":"https:\/\/programme.capitalofdemocracy.eu\/ca\/wp-json\/wp\/v2\/ecod-events-organizers?post=8832"},{"taxonomy":"product_cat","embeddable":true,"href":"https:\/\/programme.capitalofdemocracy.eu\/ca\/wp-json\/wp\/v2\/product_cat?post=8832"},{"taxonomy":"product_tag","embeddable":true,"href":"https:\/\/programme.capitalofdemocracy.eu\/ca\/wp-json\/wp\/v2\/product_tag?post=8832"}],"curies":[{"name":"wp","href":"https:\/\/api.w.org\/{rel}","templated":true}]}}