{"id":9268,"date":"2024-09-19T13:04:20","date_gmt":"2024-09-19T11:04:20","guid":{"rendered":"https:\/\/programme.capitalofdemocracy.eu\/?post_type=product&#038;p=9268"},"modified":"2024-09-19T13:36:08","modified_gmt":"2024-09-19T11:36:08","slug":"the-2024-biennial-of-thought","status":"publish","type":"product","link":"https:\/\/programme.capitalofdemocracy.eu\/ca\/produkt\/the-2024-biennial-of-thought\/","title":{"rendered":"Round table: hate speech on social media"},"content":{"rendered":"","protected":false},"excerpt":{"rendered":"<section class=\"content-block conference__content-block\">\n<div class=\"content-block__description editor-content\">\n<div class=\"rich-text-display\">\n<section class=\"content-block\">\n<h2 class=\"h2 decorator\">Introduction<\/h2>\n<div class=\"content-block__description editor-content\">\n<div class=\"rich-text-display\">\n<p>Round table, composed of experts from \u00c9s Pa\u00eds Valenci\u00e0, Cuellilargo, Fembloc, and Proyecto Una within the framework of the European Capital of Democracy.<\/p>\n<\/div>\n<\/div>\n<\/section>\n<section class=\"content-block conference__content-block\">\n<h2 class=\"h2 decorator\">Details<\/h2>\n<div class=\"content-block__description editor-content\">\n<div class=\"rich-text-display\">\n<ul>\n<li>Why are social media platforms such fertile ground for hate speech?<\/li>\n<li>How is money related to this phenomenon?<\/li>\n<li>What can we do to build a different internet and leave no one behind?<\/li>\n<\/ul>\n<p>We will attempt to answer all these questions and more in this round table, composed of experts from \u00c9s Pa\u00eds Valenci\u00e0, Cuellilargo, Fembloc, and Proyecto Una on <strong><u>October 31st at 6:30 p.m. at Can\u00f2drom &#8211; Ateneu d&#8217;Innovaci\u00f3 Digital i Democr\u00e0tica<\/u><\/strong>.<\/p>\n<div class=\"editor-content-image\"><img decoding=\"async\" class=\"alignleft\" src=\"https:\/\/capitalofdemocracy.barcelona\/rails\/active_storage\/blobs\/redirect\/eyJfcmFpbHMiOnsibWVzc2FnZSI6IkJBaHBBbjhLIiwiZXhwIjpudWxsLCJwdXIiOiJibG9iX2lkIn19--5375208b7570db57e11433c081d805b4cb92fa73\/Fembloc_logo.jpg\" alt=\"Fembloc_logo\" width=\"172\" height=\"127\" \/><\/div>\n<\/div>\n<\/div>\n<\/section>\n<p>&nbsp;<\/p>\n<\/div>\n<\/div>\n<\/section>\n","protected":false},"featured_media":9279,"template":"","meta":{"_acf_changed":false,"inline_featured_image":false},"ecod-events-districts":[],"ecod-events-organizers":[],"product_cat":[106,224,108,110],"product_tag":[],"class_list":{"0":"post-9268","1":"product","2":"type-product","3":"status-publish","4":"has-post-thumbnail","6":"product_cat-community","7":"product_cat-international","8":"product_cat-participation","9":"product_cat-technology","11":"first","12":"instock","13":"shipping-taxable","14":"product-type-simple"},"acf":[],"yoast_head":"<!-- This site is optimized with the Yoast SEO plugin v22.0 - https:\/\/yoast.com\/wordpress\/plugins\/seo\/ -->\n<title>Round table: hate speech on social media - ECoD - European Capital of Democracy<\/title>\n<meta name=\"robots\" content=\"noindex, follow, max-snippet:-1, max-image-preview:large, max-video-preview:-1\" \/>\n<meta property=\"og:locale\" content=\"ca_ES\" \/>\n<meta property=\"og:type\" content=\"article\" \/>\n<meta property=\"og:title\" content=\"Round table: hate speech on social media - ECoD - European Capital of Democracy\" \/>\n<meta property=\"og:description\" content=\"Introduction    Round table, composed of experts from \u00c9s Pa\u00eds Valenci\u00e0, Cuellilargo, Fembloc, and Proyecto Una within the framework of the European Capital of Democracy.     Details     Why are social media platforms such fertile ground for hate speech?  How is money related to this phenomenon?  What can we do to build a different internet and leave no one behind?  We will attempt to answer all these questions and more in this round table, composed of experts from \u00c9s Pa\u00eds Valenci\u00e0, Cuellilargo, Fembloc, and Proyecto Una on October 31st at 6:30 p.m. at Can\u00f2drom - Ateneu d&#039;Innovaci\u00f3 Digital i Democr\u00e0tica.    &nbsp;\" \/>\n<meta property=\"og:url\" content=\"https:\/\/programme.capitalofdemocracy.eu\/produkt\/the-2024-biennial-of-thought\/\" \/>\n<meta property=\"og:site_name\" content=\"ECoD - European Capital of Democracy\" \/>\n<meta property=\"article:modified_time\" content=\"2024-09-19T11:36:08+00:00\" \/>\n<meta property=\"og:image\" content=\"https:\/\/programme.capitalofdemocracy.eu\/wp-content\/uploads\/2024\/09\/Untitled-design-7.png\" \/>\n\t<meta property=\"og:image:width\" content=\"1080\" \/>\n\t<meta property=\"og:image:height\" content=\"1080\" \/>\n\t<meta property=\"og:image:type\" content=\"image\/png\" \/>\n<meta name=\"twitter:card\" content=\"summary_large_image\" \/>\n<meta name=\"twitter:label1\" content=\"Temps estimat de lectura\" \/>\n\t<meta name=\"twitter:data1\" content=\"1 minut\" \/>\n<script type=\"application\/ld+json\" class=\"yoast-schema-graph\">{\"@context\":\"https:\/\/schema.org\",\"@graph\":[{\"@type\":\"WebPage\",\"@id\":\"https:\/\/programme.capitalofdemocracy.eu\/produkt\/the-2024-biennial-of-thought\/\",\"url\":\"https:\/\/programme.capitalofdemocracy.eu\/produkt\/the-2024-biennial-of-thought\/\",\"name\":\"Round table: hate speech on social media - ECoD - European Capital of Democracy\",\"isPartOf\":{\"@id\":\"https:\/\/programme.capitalofdemocracy.eu\/es\/#website\"},\"datePublished\":\"2024-09-19T11:04:20+00:00\",\"dateModified\":\"2024-09-19T11:36:08+00:00\",\"breadcrumb\":{\"@id\":\"https:\/\/programme.capitalofdemocracy.eu\/produkt\/the-2024-biennial-of-thought\/#breadcrumb\"},\"inLanguage\":\"ca\",\"potentialAction\":[{\"@type\":\"ReadAction\",\"target\":[\"https:\/\/programme.capitalofdemocracy.eu\/produkt\/the-2024-biennial-of-thought\/\"]}]},{\"@type\":\"BreadcrumbList\",\"@id\":\"https:\/\/programme.capitalofdemocracy.eu\/produkt\/the-2024-biennial-of-thought\/#breadcrumb\",\"itemListElement\":[{\"@type\":\"ListItem\",\"position\":1,\"name\":\"Startseite\",\"item\":\"https:\/\/programme.capitalofdemocracy.eu\/ca\/startseite\/\"},{\"@type\":\"ListItem\",\"position\":2,\"name\":\"Shop\",\"item\":\"https:\/\/programme.capitalofdemocracy.eu\/shop\/\"},{\"@type\":\"ListItem\",\"position\":3,\"name\":\"Round table: hate speech on social media\"}]},{\"@type\":\"WebSite\",\"@id\":\"https:\/\/programme.capitalofdemocracy.eu\/es\/#website\",\"url\":\"https:\/\/programme.capitalofdemocracy.eu\/es\/\",\"name\":\"ECoD - European Capital of Democracy\",\"description\":\"Barcelona, 2023-2024\",\"potentialAction\":[{\"@type\":\"SearchAction\",\"target\":{\"@type\":\"EntryPoint\",\"urlTemplate\":\"https:\/\/programme.capitalofdemocracy.eu\/es\/?s={search_term_string}\"},\"query-input\":\"required name=search_term_string\"}],\"inLanguage\":\"ca\"}]}<\/script>\n<!-- \/ Yoast SEO plugin. -->","yoast_head_json":{"title":"Round table: hate speech on social media - ECoD - European Capital of Democracy","robots":{"index":"noindex","follow":"follow","max-snippet":"max-snippet:-1","max-image-preview":"max-image-preview:large","max-video-preview":"max-video-preview:-1"},"og_locale":"ca_ES","og_type":"article","og_title":"Round table: hate speech on social media - ECoD - European Capital of Democracy","og_description":"Introduction    Round table, composed of experts from \u00c9s Pa\u00eds Valenci\u00e0, Cuellilargo, Fembloc, and Proyecto Una within the framework of the European Capital of Democracy.     Details     Why are social media platforms such fertile ground for hate speech?  How is money related to this phenomenon?  What can we do to build a different internet and leave no one behind?  We will attempt to answer all these questions and more in this round table, composed of experts from \u00c9s Pa\u00eds Valenci\u00e0, Cuellilargo, Fembloc, and Proyecto Una on October 31st at 6:30 p.m. at Can\u00f2drom - Ateneu d'Innovaci\u00f3 Digital i Democr\u00e0tica.    &nbsp;","og_url":"https:\/\/programme.capitalofdemocracy.eu\/produkt\/the-2024-biennial-of-thought\/","og_site_name":"ECoD - European Capital of Democracy","article_modified_time":"2024-09-19T11:36:08+00:00","og_image":[{"width":1080,"height":1080,"url":"https:\/\/programme.capitalofdemocracy.eu\/wp-content\/uploads\/2024\/09\/Untitled-design-7.png","type":"image\/png"}],"twitter_card":"summary_large_image","twitter_misc":{"Temps estimat de lectura":"1 minut"},"schema":{"@context":"https:\/\/schema.org","@graph":[{"@type":"WebPage","@id":"https:\/\/programme.capitalofdemocracy.eu\/produkt\/the-2024-biennial-of-thought\/","url":"https:\/\/programme.capitalofdemocracy.eu\/produkt\/the-2024-biennial-of-thought\/","name":"Round table: hate speech on social media - ECoD - European Capital of Democracy","isPartOf":{"@id":"https:\/\/programme.capitalofdemocracy.eu\/es\/#website"},"datePublished":"2024-09-19T11:04:20+00:00","dateModified":"2024-09-19T11:36:08+00:00","breadcrumb":{"@id":"https:\/\/programme.capitalofdemocracy.eu\/produkt\/the-2024-biennial-of-thought\/#breadcrumb"},"inLanguage":"ca","potentialAction":[{"@type":"ReadAction","target":["https:\/\/programme.capitalofdemocracy.eu\/produkt\/the-2024-biennial-of-thought\/"]}]},{"@type":"BreadcrumbList","@id":"https:\/\/programme.capitalofdemocracy.eu\/produkt\/the-2024-biennial-of-thought\/#breadcrumb","itemListElement":[{"@type":"ListItem","position":1,"name":"Startseite","item":"https:\/\/programme.capitalofdemocracy.eu\/ca\/startseite\/"},{"@type":"ListItem","position":2,"name":"Shop","item":"https:\/\/programme.capitalofdemocracy.eu\/shop\/"},{"@type":"ListItem","position":3,"name":"Round table: hate speech on social media"}]},{"@type":"WebSite","@id":"https:\/\/programme.capitalofdemocracy.eu\/es\/#website","url":"https:\/\/programme.capitalofdemocracy.eu\/es\/","name":"ECoD - European Capital of Democracy","description":"Barcelona, 2023-2024","potentialAction":[{"@type":"SearchAction","target":{"@type":"EntryPoint","urlTemplate":"https:\/\/programme.capitalofdemocracy.eu\/es\/?s={search_term_string}"},"query-input":"required name=search_term_string"}],"inLanguage":"ca"}]}},"_links":{"self":[{"href":"https:\/\/programme.capitalofdemocracy.eu\/ca\/wp-json\/wp\/v2\/product\/9268","targetHints":{"allow":["GET"]}}],"collection":[{"href":"https:\/\/programme.capitalofdemocracy.eu\/ca\/wp-json\/wp\/v2\/product"}],"about":[{"href":"https:\/\/programme.capitalofdemocracy.eu\/ca\/wp-json\/wp\/v2\/types\/product"}],"wp:featuredmedia":[{"embeddable":true,"href":"https:\/\/programme.capitalofdemocracy.eu\/ca\/wp-json\/wp\/v2\/media\/9279"}],"wp:attachment":[{"href":"https:\/\/programme.capitalofdemocracy.eu\/ca\/wp-json\/wp\/v2\/media?parent=9268"}],"wp:term":[{"taxonomy":"ecod-events-districts","embeddable":true,"href":"https:\/\/programme.capitalofdemocracy.eu\/ca\/wp-json\/wp\/v2\/ecod-events-districts?post=9268"},{"taxonomy":"ecod-events-organizers","embeddable":true,"href":"https:\/\/programme.capitalofdemocracy.eu\/ca\/wp-json\/wp\/v2\/ecod-events-organizers?post=9268"},{"taxonomy":"product_cat","embeddable":true,"href":"https:\/\/programme.capitalofdemocracy.eu\/ca\/wp-json\/wp\/v2\/product_cat?post=9268"},{"taxonomy":"product_tag","embeddable":true,"href":"https:\/\/programme.capitalofdemocracy.eu\/ca\/wp-json\/wp\/v2\/product_tag?post=9268"}],"curies":[{"name":"wp","href":"https:\/\/api.w.org\/{rel}","templated":true}]}}