{"id":9270,"date":"2024-09-19T13:10:34","date_gmt":"2024-09-19T11:10:34","guid":{"rendered":"https:\/\/programme.capitalofdemocracy.eu\/?post_type=product&#038;p=9270"},"modified":"2024-09-20T09:18:59","modified_gmt":"2024-09-20T07:18:59","slug":"the-2024-biennial-of-thought-2","status":"publish","type":"product","link":"https:\/\/programme.capitalofdemocracy.eu\/ca\/produkt\/the-2024-biennial-of-thought-2\/","title":{"rendered":"The 2024 Biennial of Thought"},"content":{"rendered":"","protected":false},"excerpt":{"rendered":"<section class=\"content-block conference__content-block\">\n<div class=\"content-block__description editor-content\">\n<p class=\"rich-text-display\">The fourth edition of the <a href=\"https:\/\/www.biennaldepensament.barcelona\/ca\" target=\"_blank\" rel=\"noopener\">Biennial of Thought<span class=\"inline-block mx-0.5\" data-external-link=\"true\"><span class=\"sr-only\">(External link)<\/span><\/span><\/a> will take place from October 8 to 13 under the theme &#8220;The Day After Everything.&#8221; This event, organized by the Barcelona Institute of Culture, will feature prominent figures from literature, science, sociology, and anthropology.<\/p>\n<div class=\"rich-text-display\">\n<p>Among this year&#8217;s participants are <strong>Herta M\u00fcller<\/strong>, Nobel Prize in Literature 2009; <strong>Wajdi Mouawad<\/strong>, Canadian playwright and writer of Lebanese origin; <strong>Zadie Smith<\/strong>, British writer and essayist; <strong>Oy\u00e8r\u00f3nk\u00e9 Oy\u00e8w\u00f9mi<\/strong>, Nigerian feminist scholar specializing in African studies; <strong>Jason Hickel<\/strong>, economist and anthropologist; <strong>Perejaume<\/strong>, Catalan artist and poet; <strong>Bego\u00f1a Rom\u00e1n<\/strong>, philosopher and researcher, and <strong>Las hijas de Felipe<\/strong>, a duo of doctors in Baroque literature.As part of <strong><u>the European Capital of Democracy, the Biennial will also be held at the Can\u00f2drom on October 10 and 11<\/u><\/strong>, offering a space for reflection and citizen participation.The <strong>curation<\/strong> of the fourth edition of the Biennial of Thought is composed of <strong>Xavier Fina, Mar Ros\u00e0s, Ra\u00fcl Garrigasait, CCCB<\/strong>, and <strong>the European Capital of Democracy <\/strong>team.<\/p>\n<h3><strong>Key Dates and Venues<\/strong><\/h3>\n<ul>\n<li><strong>October 8-13<\/strong>: Celebration of the fourth edition of the Biennial of Thought at various locations in Barcelona.<\/li>\n<li><strong>October 10-11<\/strong>: Special events at the Can\u00f2drom, as part of the European Capital of Democracy.<\/li>\n<\/ul>\n<p>This year, the Biennial invites everyone to collectively reflect on the uses and abuses of memory, nostalgia, life compatible with our planet, and an open humanism embracing diversity, freedom, and care. Don\u2019t miss this unique opportunity to participate in an experience of reflection and debate!<\/p>\n<\/div>\n<div class=\"rich-text-display\"><a href=\"https:\/\/www.biennaldepensament.barcelona\/ca\/espais\/canodrom\" target=\"_blank\" rel=\"noopener\">More information<\/a><\/div>\n<\/div>\n<\/section>\n","protected":false},"featured_media":9276,"template":"","meta":{"_acf_changed":false,"inline_featured_image":false},"ecod-events-districts":[],"ecod-events-organizers":[],"product_cat":[106,224,108],"product_tag":[],"class_list":{"0":"post-9270","1":"product","2":"type-product","3":"status-publish","4":"has-post-thumbnail","6":"product_cat-community","7":"product_cat-international","8":"product_cat-participation","10":"first","11":"instock","12":"shipping-taxable","13":"product-type-simple"},"acf":[],"yoast_head":"<!-- This site is optimized with the Yoast SEO plugin v22.0 - https:\/\/yoast.com\/wordpress\/plugins\/seo\/ -->\n<title>The 2024 Biennial of Thought - ECoD - European Capital of Democracy<\/title>\n<meta name=\"robots\" content=\"noindex, follow, max-snippet:-1, max-image-preview:large, max-video-preview:-1\" \/>\n<meta property=\"og:locale\" content=\"ca_ES\" \/>\n<meta property=\"og:type\" content=\"article\" \/>\n<meta property=\"og:title\" content=\"The 2024 Biennial of Thought - ECoD - European Capital of Democracy\" \/>\n<meta property=\"og:description\" content=\"The fourth edition of the Biennial of Thought(External link) will take place from October 8 to 13 under the theme &quot;The Day After Everything.&quot; This event, organized by the Barcelona Institute of Culture, will feature prominent figures from literature, science, sociology, and anthropology.    Among this year&#039;s participants are Herta M\u00fcller, Nobel Prize in Literature 2009; Wajdi Mouawad, Canadian playwright and writer of Lebanese origin; Zadie Smith, British writer and essayist; Oy\u00e8r\u00f3nk\u00e9 Oy\u00e8w\u00f9mi, Nigerian feminist scholar specializing in African studies; Jason Hickel, economist and anthropologist; Perejaume, Catalan artist and poet; Bego\u00f1a Rom\u00e1n, philosopher and researcher, and Las hijas de Felipe, a duo of doctors in Baroque literature.As part of the European Capital of Democracy, the Biennial will also be held at the Can\u00f2drom on October 10 and 11, offering a space for reflection and citizen participation.The curation of the fourth edition of the Biennial of Thought is composed of Xavier Fina, Mar Ros\u00e0s, Ra\u00fcl Garrigasait, CCCB, and the European Capital of Democracy team. Key Dates and Venues   October 8-13: Celebration of the fourth edition of the Biennial of Thought at various locations in Barcelona.  October 10-11: Special events at the Can\u00f2drom, as part of the European Capital of Democracy.  This year, the Biennial invites everyone to collectively reflect on the uses and abuses of memory, nostalgia, life compatible with our planet, and an open humanism embracing diversity, freedom, and care. Don\u2019t miss this unique opportunity to participate in an experience of reflection and debate!   More information\" \/>\n<meta property=\"og:url\" content=\"https:\/\/programme.capitalofdemocracy.eu\/produkt\/the-2024-biennial-of-thought-2\/\" \/>\n<meta property=\"og:site_name\" content=\"ECoD - European Capital of Democracy\" \/>\n<meta property=\"article:modified_time\" content=\"2024-09-20T07:18:59+00:00\" \/>\n<meta property=\"og:image\" content=\"https:\/\/programme.capitalofdemocracy.eu\/wp-content\/uploads\/2024\/09\/Untitled-design-5.png\" \/>\n\t<meta property=\"og:image:width\" content=\"1080\" \/>\n\t<meta property=\"og:image:height\" content=\"1080\" \/>\n\t<meta property=\"og:image:type\" content=\"image\/png\" \/>\n<meta name=\"twitter:card\" content=\"summary_large_image\" \/>\n<meta name=\"twitter:label1\" content=\"Temps estimat de lectura\" \/>\n\t<meta name=\"twitter:data1\" content=\"1 minut\" \/>\n<script type=\"application\/ld+json\" class=\"yoast-schema-graph\">{\"@context\":\"https:\/\/schema.org\",\"@graph\":[{\"@type\":\"WebPage\",\"@id\":\"https:\/\/programme.capitalofdemocracy.eu\/produkt\/the-2024-biennial-of-thought-2\/\",\"url\":\"https:\/\/programme.capitalofdemocracy.eu\/produkt\/the-2024-biennial-of-thought-2\/\",\"name\":\"The 2024 Biennial of Thought - ECoD - European Capital of Democracy\",\"isPartOf\":{\"@id\":\"https:\/\/programme.capitalofdemocracy.eu\/es\/#website\"},\"datePublished\":\"2024-09-19T11:10:34+00:00\",\"dateModified\":\"2024-09-20T07:18:59+00:00\",\"breadcrumb\":{\"@id\":\"https:\/\/programme.capitalofdemocracy.eu\/produkt\/the-2024-biennial-of-thought-2\/#breadcrumb\"},\"inLanguage\":\"ca\",\"potentialAction\":[{\"@type\":\"ReadAction\",\"target\":[\"https:\/\/programme.capitalofdemocracy.eu\/produkt\/the-2024-biennial-of-thought-2\/\"]}]},{\"@type\":\"BreadcrumbList\",\"@id\":\"https:\/\/programme.capitalofdemocracy.eu\/produkt\/the-2024-biennial-of-thought-2\/#breadcrumb\",\"itemListElement\":[{\"@type\":\"ListItem\",\"position\":1,\"name\":\"Startseite\",\"item\":\"https:\/\/programme.capitalofdemocracy.eu\/ca\/startseite\/\"},{\"@type\":\"ListItem\",\"position\":2,\"name\":\"Shop\",\"item\":\"https:\/\/programme.capitalofdemocracy.eu\/shop\/\"},{\"@type\":\"ListItem\",\"position\":3,\"name\":\"The 2024 Biennial of Thought\"}]},{\"@type\":\"WebSite\",\"@id\":\"https:\/\/programme.capitalofdemocracy.eu\/es\/#website\",\"url\":\"https:\/\/programme.capitalofdemocracy.eu\/es\/\",\"name\":\"ECoD - European Capital of Democracy\",\"description\":\"Barcelona, 2023-2024\",\"potentialAction\":[{\"@type\":\"SearchAction\",\"target\":{\"@type\":\"EntryPoint\",\"urlTemplate\":\"https:\/\/programme.capitalofdemocracy.eu\/es\/?s={search_term_string}\"},\"query-input\":\"required name=search_term_string\"}],\"inLanguage\":\"ca\"}]}<\/script>\n<!-- \/ Yoast SEO plugin. -->","yoast_head_json":{"title":"The 2024 Biennial of Thought - ECoD - European Capital of Democracy","robots":{"index":"noindex","follow":"follow","max-snippet":"max-snippet:-1","max-image-preview":"max-image-preview:large","max-video-preview":"max-video-preview:-1"},"og_locale":"ca_ES","og_type":"article","og_title":"The 2024 Biennial of Thought - ECoD - European Capital of Democracy","og_description":"The fourth edition of the Biennial of Thought(External link) will take place from October 8 to 13 under the theme \"The Day After Everything.\" This event, organized by the Barcelona Institute of Culture, will feature prominent figures from literature, science, sociology, and anthropology.    Among this year's participants are Herta M\u00fcller, Nobel Prize in Literature 2009; Wajdi Mouawad, Canadian playwright and writer of Lebanese origin; Zadie Smith, British writer and essayist; Oy\u00e8r\u00f3nk\u00e9 Oy\u00e8w\u00f9mi, Nigerian feminist scholar specializing in African studies; Jason Hickel, economist and anthropologist; Perejaume, Catalan artist and poet; Bego\u00f1a Rom\u00e1n, philosopher and researcher, and Las hijas de Felipe, a duo of doctors in Baroque literature.As part of the European Capital of Democracy, the Biennial will also be held at the Can\u00f2drom on October 10 and 11, offering a space for reflection and citizen participation.The curation of the fourth edition of the Biennial of Thought is composed of Xavier Fina, Mar Ros\u00e0s, Ra\u00fcl Garrigasait, CCCB, and the European Capital of Democracy team. Key Dates and Venues   October 8-13: Celebration of the fourth edition of the Biennial of Thought at various locations in Barcelona.  October 10-11: Special events at the Can\u00f2drom, as part of the European Capital of Democracy.  This year, the Biennial invites everyone to collectively reflect on the uses and abuses of memory, nostalgia, life compatible with our planet, and an open humanism embracing diversity, freedom, and care. Don\u2019t miss this unique opportunity to participate in an experience of reflection and debate!   More information","og_url":"https:\/\/programme.capitalofdemocracy.eu\/produkt\/the-2024-biennial-of-thought-2\/","og_site_name":"ECoD - European Capital of Democracy","article_modified_time":"2024-09-20T07:18:59+00:00","og_image":[{"width":1080,"height":1080,"url":"https:\/\/programme.capitalofdemocracy.eu\/wp-content\/uploads\/2024\/09\/Untitled-design-5.png","type":"image\/png"}],"twitter_card":"summary_large_image","twitter_misc":{"Temps estimat de lectura":"1 minut"},"schema":{"@context":"https:\/\/schema.org","@graph":[{"@type":"WebPage","@id":"https:\/\/programme.capitalofdemocracy.eu\/produkt\/the-2024-biennial-of-thought-2\/","url":"https:\/\/programme.capitalofdemocracy.eu\/produkt\/the-2024-biennial-of-thought-2\/","name":"The 2024 Biennial of Thought - ECoD - European Capital of Democracy","isPartOf":{"@id":"https:\/\/programme.capitalofdemocracy.eu\/es\/#website"},"datePublished":"2024-09-19T11:10:34+00:00","dateModified":"2024-09-20T07:18:59+00:00","breadcrumb":{"@id":"https:\/\/programme.capitalofdemocracy.eu\/produkt\/the-2024-biennial-of-thought-2\/#breadcrumb"},"inLanguage":"ca","potentialAction":[{"@type":"ReadAction","target":["https:\/\/programme.capitalofdemocracy.eu\/produkt\/the-2024-biennial-of-thought-2\/"]}]},{"@type":"BreadcrumbList","@id":"https:\/\/programme.capitalofdemocracy.eu\/produkt\/the-2024-biennial-of-thought-2\/#breadcrumb","itemListElement":[{"@type":"ListItem","position":1,"name":"Startseite","item":"https:\/\/programme.capitalofdemocracy.eu\/ca\/startseite\/"},{"@type":"ListItem","position":2,"name":"Shop","item":"https:\/\/programme.capitalofdemocracy.eu\/shop\/"},{"@type":"ListItem","position":3,"name":"The 2024 Biennial of Thought"}]},{"@type":"WebSite","@id":"https:\/\/programme.capitalofdemocracy.eu\/es\/#website","url":"https:\/\/programme.capitalofdemocracy.eu\/es\/","name":"ECoD - European Capital of Democracy","description":"Barcelona, 2023-2024","potentialAction":[{"@type":"SearchAction","target":{"@type":"EntryPoint","urlTemplate":"https:\/\/programme.capitalofdemocracy.eu\/es\/?s={search_term_string}"},"query-input":"required name=search_term_string"}],"inLanguage":"ca"}]}},"_links":{"self":[{"href":"https:\/\/programme.capitalofdemocracy.eu\/ca\/wp-json\/wp\/v2\/product\/9270","targetHints":{"allow":["GET"]}}],"collection":[{"href":"https:\/\/programme.capitalofdemocracy.eu\/ca\/wp-json\/wp\/v2\/product"}],"about":[{"href":"https:\/\/programme.capitalofdemocracy.eu\/ca\/wp-json\/wp\/v2\/types\/product"}],"wp:featuredmedia":[{"embeddable":true,"href":"https:\/\/programme.capitalofdemocracy.eu\/ca\/wp-json\/wp\/v2\/media\/9276"}],"wp:attachment":[{"href":"https:\/\/programme.capitalofdemocracy.eu\/ca\/wp-json\/wp\/v2\/media?parent=9270"}],"wp:term":[{"taxonomy":"ecod-events-districts","embeddable":true,"href":"https:\/\/programme.capitalofdemocracy.eu\/ca\/wp-json\/wp\/v2\/ecod-events-districts?post=9270"},{"taxonomy":"ecod-events-organizers","embeddable":true,"href":"https:\/\/programme.capitalofdemocracy.eu\/ca\/wp-json\/wp\/v2\/ecod-events-organizers?post=9270"},{"taxonomy":"product_cat","embeddable":true,"href":"https:\/\/programme.capitalofdemocracy.eu\/ca\/wp-json\/wp\/v2\/product_cat?post=9270"},{"taxonomy":"product_tag","embeddable":true,"href":"https:\/\/programme.capitalofdemocracy.eu\/ca\/wp-json\/wp\/v2\/product_tag?post=9270"}],"curies":[{"name":"wp","href":"https:\/\/api.w.org\/{rel}","templated":true}]}}