{"id":917,"date":"2023-08-07T09:37:47","date_gmt":"2023-08-07T07:37:47","guid":{"rendered":"https:\/\/23-24.ecod.rechnerherz.at\/events\/"},"modified":"2023-12-14T11:22:59","modified_gmt":"2023-12-14T10:22:59","slug":"events","status":"publish","type":"page","link":"https:\/\/programme.capitalofdemocracy.eu\/es\/events\/","title":{"rendered":"Eventos"},"content":{"rendered":"<div class=\"fusion-fullwidth fullwidth-box fusion-builder-row-1 fusion-flex-container has-pattern-background has-mask-background mobile-container nonhundred-percent-fullwidth non-hundred-percent-height-scrolling\" style=\"--awb-border-radius-top-left:0px;--awb-border-radius-top-right:0px;--awb-border-radius-bottom-right:0px;--awb-border-radius-bottom-left:0px;--awb-padding-top-small:0px;--awb-flex-wrap:wrap;\" ><div class=\"fusion-builder-row fusion-row fusion-flex-align-items-flex-start fusion-flex-content-wrap\" style=\"max-width:780px;margin-left: calc(-4% \/ 2 );margin-right: calc(-4% \/ 2 );\"><div class=\"fusion-layout-column fusion_builder_column fusion-builder-column-0 fusion-flex-column\" style=\"--awb-padding-top:5vh;--awb-padding-right:32px;--awb-padding-bottom:5vh;--awb-padding-left:32px;--awb-padding-top-small:0px;--awb-padding-right-small:0px;--awb-padding-left-small:0px;--awb-bg-color:var(--awb-color1);--awb-bg-color-hover:var(--awb-color1);--awb-bg-size:cover;--awb-width-large:100%;--awb-margin-top-large:0px;--awb-spacing-right-large:1.92%;--awb-margin-bottom-large:20px;--awb-spacing-left-large:1.92%;--awb-width-medium:100%;--awb-order-medium:0;--awb-spacing-right-medium:1.92%;--awb-spacing-left-medium:1.92%;--awb-width-small:100%;--awb-order-small:0;--awb-spacing-right-small:1.92%;--awb-spacing-left-small:1.92%;\" data-motion-effects=\"[{&quot;type&quot;:&quot;&quot;,&quot;scroll_type&quot;:&quot;transition&quot;,&quot;scroll_direction&quot;:&quot;up&quot;,&quot;transition_speed&quot;:&quot;1&quot;,&quot;fade_type&quot;:&quot;in&quot;,&quot;scale_type&quot;:&quot;up&quot;,&quot;initial_scale&quot;:&quot;1&quot;,&quot;max_scale&quot;:&quot;1.5&quot;,&quot;min_scale&quot;:&quot;0.5&quot;,&quot;initial_rotate&quot;:&quot;0&quot;,&quot;end_rotate&quot;:&quot;30&quot;,&quot;initial_blur&quot;:&quot;0&quot;,&quot;end_blur&quot;:&quot;3&quot;,&quot;start_element&quot;:&quot;top&quot;,&quot;start_viewport&quot;:&quot;bottom&quot;,&quot;end_element&quot;:&quot;bottom&quot;,&quot;end_viewport&quot;:&quot;top&quot;,&quot;mouse_effect&quot;:&quot;track&quot;,&quot;mouse_effect_direction&quot;:&quot;opposite&quot;,&quot;mouse_effect_speed&quot;:&quot;2&quot;,&quot;infinite_animation&quot;:&quot;float&quot;,&quot;infinite_animation_speed&quot;:&quot;2&quot;}]\" data-scroll-devices=\"small-visibility,medium-visibility,large-visibility\"><div class=\"fusion-column-wrapper fusion-column-has-shadow fusion-flex-justify-content-flex-start fusion-content-layout-column\"><div class=\"fusion-title title fusion-title-1 fusion-sep-none fusion-title-text fusion-title-size-one\" style=\"--awb-font-size:var(--awb-typography1-font-size);\"><h1 class=\"fusion-title-heading title-heading-left\" style=\"font-family:var(--awb-typography1-font-family);font-weight:var(--awb-typography1-font-weight);font-style:var(--awb-typography1-font-style);margin:0;font-size:1em;letter-spacing:var(--awb-typography1-letter-spacing);text-transform:var(--awb-typography1-text-transform);line-height:var(--awb-typography1-line-height);\">Eventos<\/h1><\/div><div class=\"fusion-text fusion-text-1\" style=\"--awb-font-size:var(--awb-typography4-font-size);--awb-line-height:var(--awb-typography4-line-height);--awb-letter-spacing:var(--awb-typography4-letter-spacing);--awb-text-transform:var(--awb-typography4-text-transform);--awb-text-font-family:var(--awb-typography4-font-family);--awb-text-font-weight:var(--awb-typography4-font-weight);--awb-text-font-style:var(--awb-typography4-font-style);\"><p>Un jurado ciudadano paneuropeo eligi\u00f3 a Barcelona como la primera Capital Europea de la Democracia. Hasta el oto\u00f1o de 2024 ser\u00e1 el escenario europeo para fortalecer e innovar la democracia durante un a\u00f1o.<\/p>\n<\/div><div class=\"fusion-builder-row fusion-builder-row-inner fusion-row fusion-flex-align-items-flex-start fusion-flex-content-wrap\" style=\"width:104% !important;max-width:104% !important;margin-left: calc(-4% \/ 2 );margin-right: calc(-4% \/ 2 );\"><div class=\"fusion-layout-column fusion_builder_column_inner fusion-builder-nested-column-0 fusion_builder_column_inner_1_1 1_1 fusion-flex-column\" style=\"--awb-bg-size:cover;--awb-width-large:100%;--awb-margin-top-large:0px;--awb-spacing-right-large:1.92%;--awb-margin-bottom-large:20px;--awb-spacing-left-large:1.92%;--awb-width-medium:100%;--awb-order-medium:0;--awb-spacing-right-medium:1.92%;--awb-spacing-left-medium:1.92%;--awb-width-small:100%;--awb-order-small:0;--awb-spacing-right-small:1.92%;--awb-spacing-left-small:1.92%;\"><div class=\"fusion-column-wrapper fusion-column-has-shadow fusion-flex-justify-content-flex-start fusion-content-layout-column\"><div class=\"fusion-post-cards fusion-post-cards-1 awb-carousel awb-swiper awb-swiper-slider awb-swiper-dots-position-bottom\" style=\"--awb-dots-align:center;--awb-active-filter-border-size:3px;--awb-filters-height:36px;\" data-autoplay=\"yes\" data-loop=\"yes\" data-columns=\"4\" data-columnsmedium=\"0\" data-columnssmall=\"0\" data-itemmargin=\"40\" data-itemwidth=\"180\" data-touchscroll=\"no\" data-imagesize=\"auto\" data-scrollitems=\"0\" data-mousepointer=\"default\" data-layout=\"slider\" data-slide-effect=\"fade\"><div class=\"swiper-wrapper\"><div class=\"fusion_builder_column fusion-builder-column-1 fusion-flex-column fusion-column-inner-bg-wrapper post-card swiper-slide\" style=\"--awb-padding-top:30px;--awb-padding-right:30px;--awb-padding-bottom:120px;--awb-padding-left:30px;--awb-overflow:hidden;--awb-inner-bg-image:linear-gradient(180deg, rgba(249,249,251,0.8) 0%,rgba(255,255,255,0.2) 100%),url(https:\/\/programme.capitalofdemocracy.eu\/wp-content\/uploads\/2023\/11\/drew-hays-0fxg9U_Ye-s-unsplash-scaled.jpeg);;--awb-inner-bg-position:center center;--awb-inner-bg-blend:color-dodge;--awb-inner-bg-size:cover;--awb-border-radius:24px 24px 24px 24px;--awb-inner-bg-border-radius:24px 24px 24px 24px;--awb-inner-bg-overflow:hidden;\" data-motion-effects=\"[{&quot;type&quot;:&quot;&quot;,&quot;scroll_type&quot;:&quot;transition&quot;,&quot;scroll_direction&quot;:&quot;up&quot;,&quot;transition_speed&quot;:&quot;1&quot;,&quot;fade_type&quot;:&quot;in&quot;,&quot;scale_type&quot;:&quot;up&quot;,&quot;initial_scale&quot;:&quot;1&quot;,&quot;max_scale&quot;:&quot;1.5&quot;,&quot;min_scale&quot;:&quot;0.5&quot;,&quot;initial_rotate&quot;:&quot;0&quot;,&quot;end_rotate&quot;:&quot;30&quot;,&quot;initial_blur&quot;:&quot;0&quot;,&quot;end_blur&quot;:&quot;3&quot;,&quot;start_element&quot;:&quot;top&quot;,&quot;start_viewport&quot;:&quot;bottom&quot;,&quot;end_element&quot;:&quot;bottom&quot;,&quot;end_viewport&quot;:&quot;top&quot;,&quot;mouse_effect&quot;:&quot;track&quot;,&quot;mouse_effect_direction&quot;:&quot;opposite&quot;,&quot;mouse_effect_speed&quot;:&quot;2&quot;,&quot;infinite_animation&quot;:&quot;float&quot;,&quot;infinite_animation_speed&quot;:&quot;2&quot;}]\" data-scroll-devices=\"small-visibility,medium-visibility,large-visibility\"><span class=\"fusion-column-inner-bg hover-type-none\"><a class=\"fusion-column-anchor\" href=\"https:\/\/programme.capitalofdemocracy.eu\/es\/entregando-la-democracia-dejar-de-luchar-contra-molinos-de-viento-para-reimaginar-nuestro-futuro-y-nuestro-mundo-juntos\/\"><span class=\"fusion-column-inner-bg-image\"><\/span><\/a><\/span><div class=\"fusion-column-wrapper fusion-column-has-shadow fusion-flex-justify-content-flex-start fusion-content-layout-column fusion-column-has-bg-image\" data-bg-url=\"https:\/\/programme.capitalofdemocracy.eu\/wp-content\/uploads\/2023\/11\/drew-hays-0fxg9U_Ye-s-unsplash-scaled.jpeg\"><div class=\"fusion-title title fusion-title-2 fusion-sep-none fusion-title-text fusion-title-size-two\" style=\"--awb-text-color:var(--awb-color8);--awb-font-size:21px;\"><h2 class=\"fusion-title-heading title-heading-left\" style=\"margin:0;font-size:1em;\">Entregando la democracia: dejar de luchar contra molinos de viento para reimaginar nuestro futuro y nuestro mundo juntos<\/h2><\/div><\/div><\/div>\n<div class=\"fusion_builder_column fusion-builder-column-2 fusion-flex-column fusion-column-inner-bg-wrapper post-card swiper-slide\" style=\"--awb-padding-top:30px;--awb-padding-right:30px;--awb-padding-bottom:120px;--awb-padding-left:30px;--awb-overflow:hidden;--awb-inner-bg-image:linear-gradient(180deg, rgba(249,249,251,0.8) 0%,rgba(255,255,255,0.2) 100%),url(https:\/\/programme.capitalofdemocracy.eu\/wp-content\/uploads\/2023\/11\/Citizens-Jury-Empty.png);;--awb-inner-bg-position:center center;--awb-inner-bg-blend:color-dodge;--awb-inner-bg-size:cover;--awb-border-radius:24px 24px 24px 24px;--awb-inner-bg-border-radius:24px 24px 24px 24px;--awb-inner-bg-overflow:hidden;\" data-motion-effects=\"[{&quot;type&quot;:&quot;&quot;,&quot;scroll_type&quot;:&quot;transition&quot;,&quot;scroll_direction&quot;:&quot;up&quot;,&quot;transition_speed&quot;:&quot;1&quot;,&quot;fade_type&quot;:&quot;in&quot;,&quot;scale_type&quot;:&quot;up&quot;,&quot;initial_scale&quot;:&quot;1&quot;,&quot;max_scale&quot;:&quot;1.5&quot;,&quot;min_scale&quot;:&quot;0.5&quot;,&quot;initial_rotate&quot;:&quot;0&quot;,&quot;end_rotate&quot;:&quot;30&quot;,&quot;initial_blur&quot;:&quot;0&quot;,&quot;end_blur&quot;:&quot;3&quot;,&quot;start_element&quot;:&quot;top&quot;,&quot;start_viewport&quot;:&quot;bottom&quot;,&quot;end_element&quot;:&quot;bottom&quot;,&quot;end_viewport&quot;:&quot;top&quot;,&quot;mouse_effect&quot;:&quot;track&quot;,&quot;mouse_effect_direction&quot;:&quot;opposite&quot;,&quot;mouse_effect_speed&quot;:&quot;2&quot;,&quot;infinite_animation&quot;:&quot;float&quot;,&quot;infinite_animation_speed&quot;:&quot;2&quot;}]\" data-scroll-devices=\"small-visibility,medium-visibility,large-visibility\"><span class=\"fusion-column-inner-bg hover-type-none\"><a class=\"fusion-column-anchor\" href=\"https:\/\/programme.capitalofdemocracy.eu\/es\/unete-al-jurado-de-ciudadanos\/\"><span class=\"fusion-column-inner-bg-image\"><\/span><\/a><\/span><div class=\"fusion-column-wrapper fusion-column-has-shadow fusion-flex-justify-content-flex-start fusion-content-layout-column fusion-column-has-bg-image\" data-bg-url=\"https:\/\/programme.capitalofdemocracy.eu\/wp-content\/uploads\/2023\/11\/Citizens-Jury-Empty.png\"><div class=\"fusion-title title fusion-title-3 fusion-sep-none fusion-title-text fusion-title-size-two\" style=\"--awb-text-color:var(--awb-color8);--awb-font-size:21px;\"><h2 class=\"fusion-title-heading title-heading-left\" style=\"margin:0;font-size:1em;\">\u00a1\u00danete al jurado de ciudadanos!<\/h2><\/div><\/div><\/div>\n<div class=\"fusion_builder_column fusion-builder-column-3 fusion-flex-column fusion-column-inner-bg-wrapper post-card swiper-slide\" style=\"--awb-padding-top:30px;--awb-padding-right:30px;--awb-padding-bottom:120px;--awb-padding-left:30px;--awb-overflow:hidden;--awb-inner-bg-image:linear-gradient(180deg, rgba(249,249,251,0.8) 0%,rgba(255,255,255,0.2) 100%),url(https:\/\/programme.capitalofdemocracy.eu\/wp-content\/uploads\/2023\/11\/EP-4559-1-scaled-e1701162322140.jpg);;--awb-inner-bg-position:center center;--awb-inner-bg-blend:color-dodge;--awb-inner-bg-size:cover;--awb-border-radius:24px 24px 24px 24px;--awb-inner-bg-border-radius:24px 24px 24px 24px;--awb-inner-bg-overflow:hidden;\" data-motion-effects=\"[{&quot;type&quot;:&quot;&quot;,&quot;scroll_type&quot;:&quot;transition&quot;,&quot;scroll_direction&quot;:&quot;up&quot;,&quot;transition_speed&quot;:&quot;1&quot;,&quot;fade_type&quot;:&quot;in&quot;,&quot;scale_type&quot;:&quot;up&quot;,&quot;initial_scale&quot;:&quot;1&quot;,&quot;max_scale&quot;:&quot;1.5&quot;,&quot;min_scale&quot;:&quot;0.5&quot;,&quot;initial_rotate&quot;:&quot;0&quot;,&quot;end_rotate&quot;:&quot;30&quot;,&quot;initial_blur&quot;:&quot;0&quot;,&quot;end_blur&quot;:&quot;3&quot;,&quot;start_element&quot;:&quot;top&quot;,&quot;start_viewport&quot;:&quot;bottom&quot;,&quot;end_element&quot;:&quot;bottom&quot;,&quot;end_viewport&quot;:&quot;top&quot;,&quot;mouse_effect&quot;:&quot;track&quot;,&quot;mouse_effect_direction&quot;:&quot;opposite&quot;,&quot;mouse_effect_speed&quot;:&quot;2&quot;,&quot;infinite_animation&quot;:&quot;float&quot;,&quot;infinite_animation_speed&quot;:&quot;2&quot;}]\" data-scroll-devices=\"small-visibility,medium-visibility,large-visibility\"><span class=\"fusion-column-inner-bg hover-type-none\"><a class=\"fusion-column-anchor\" href=\"https:\/\/programme.capitalofdemocracy.eu\/es\/mantente-informado-participa-suscribete-a-nuestro-boletin\/\"><span class=\"fusion-column-inner-bg-image\"><\/span><\/a><\/span><div class=\"fusion-column-wrapper fusion-column-has-shadow fusion-flex-justify-content-flex-start fusion-content-layout-column fusion-column-has-bg-image\" data-bg-url=\"https:\/\/programme.capitalofdemocracy.eu\/wp-content\/uploads\/2023\/11\/EP-4559-1-scaled-e1701162322140.jpg\"><div class=\"fusion-title title fusion-title-4 fusion-sep-none fusion-title-text fusion-title-size-two\" style=\"--awb-text-color:var(--awb-color8);--awb-font-size:21px;\"><h2 class=\"fusion-title-heading title-heading-left\" style=\"margin:0;font-size:1em;\">Mantente informado, \u00a1participa! \u00a1Suscr\u00edbete a nuestro bolet\u00edn!<\/h2><\/div><\/div><\/div>\n<\/div><div class=\"awb-swiper-button awb-swiper-button-prev\"><i class=\"awb-icon-angle-left\" aria-hidden=\"true\"><\/i><\/div><div class=\"awb-swiper-button awb-swiper-button-next\"><i class=\"awb-icon-angle-right\" aria-hidden=\"true\"><\/i><\/div><\/div><\/div><\/div><\/div><div class=\"fusion-separator fusion-full-width-sep\" style=\"align-self: center;margin-left: auto;margin-right: auto;margin-top:25px;width:100%;\"><\/div><div id=\"events\"><\/div><\/div><\/div><\/div><\/div>\n","protected":false},"excerpt":{"rendered":"","protected":false},"author":2,"featured_media":0,"parent":0,"menu_order":0,"comment_status":"closed","ping_status":"closed","template":"100-width.php","meta":{"_acf_changed":false,"inline_featured_image":false,"footnotes":""},"class_list":["post-917","page","type-page","status-publish","hentry"],"acf":[],"yoast_head":"<!-- This site is optimized with the Yoast SEO plugin v22.0 - https:\/\/yoast.com\/wordpress\/plugins\/seo\/ -->\n<title>Eventos - ECoD - European Capital of Democracy<\/title>\n<meta name=\"robots\" content=\"noindex, follow, max-snippet:-1, max-image-preview:large, max-video-preview:-1\" \/>\n<meta property=\"og:locale\" content=\"es_ES\" \/>\n<meta property=\"og:type\" content=\"article\" \/>\n<meta property=\"og:title\" content=\"Eventos - ECoD - European Capital of Democracy\" \/>\n<meta property=\"og:url\" content=\"https:\/\/programme.capitalofdemocracy.eu\/es\/events\/\" \/>\n<meta property=\"og:site_name\" content=\"ECoD - European Capital of Democracy\" \/>\n<meta property=\"article:modified_time\" content=\"2023-12-14T10:22:59+00:00\" \/>\n<meta name=\"twitter:card\" content=\"summary_large_image\" \/>\n<meta name=\"twitter:label1\" content=\"Tiempo de lectura\" \/>\n\t<meta name=\"twitter:data1\" content=\"12 minutos\" \/>\n<script type=\"application\/ld+json\" class=\"yoast-schema-graph\">{\"@context\":\"https:\/\/schema.org\",\"@graph\":[{\"@type\":\"WebPage\",\"@id\":\"https:\/\/programme.capitalofdemocracy.eu\/es\/events\/\",\"url\":\"https:\/\/programme.capitalofdemocracy.eu\/es\/events\/\",\"name\":\"Eventos - ECoD - European Capital of Democracy\",\"isPartOf\":{\"@id\":\"https:\/\/programme.capitalofdemocracy.eu\/es\/#website\"},\"datePublished\":\"2023-08-07T07:37:47+00:00\",\"dateModified\":\"2023-12-14T10:22:59+00:00\",\"breadcrumb\":{\"@id\":\"https:\/\/programme.capitalofdemocracy.eu\/es\/events\/#breadcrumb\"},\"inLanguage\":\"es\",\"potentialAction\":[{\"@type\":\"ReadAction\",\"target\":[\"https:\/\/programme.capitalofdemocracy.eu\/es\/events\/\"]}]},{\"@type\":\"BreadcrumbList\",\"@id\":\"https:\/\/programme.capitalofdemocracy.eu\/es\/events\/#breadcrumb\",\"itemListElement\":[{\"@type\":\"ListItem\",\"position\":1,\"name\":\"Startseite\",\"item\":\"https:\/\/programme.capitalofdemocracy.eu\/es\/startseite\/\"},{\"@type\":\"ListItem\",\"position\":2,\"name\":\"Eventos\"}]},{\"@type\":\"WebSite\",\"@id\":\"https:\/\/programme.capitalofdemocracy.eu\/es\/#website\",\"url\":\"https:\/\/programme.capitalofdemocracy.eu\/es\/\",\"name\":\"ECoD - European Capital of Democracy\",\"description\":\"Barcelona, 2023-2024\",\"potentialAction\":[{\"@type\":\"SearchAction\",\"target\":{\"@type\":\"EntryPoint\",\"urlTemplate\":\"https:\/\/programme.capitalofdemocracy.eu\/es\/?s={search_term_string}\"},\"query-input\":\"required name=search_term_string\"}],\"inLanguage\":\"es\"}]}<\/script>\n<!-- \/ Yoast SEO plugin. -->","yoast_head_json":{"title":"Eventos - ECoD - European Capital of Democracy","robots":{"index":"noindex","follow":"follow","max-snippet":"max-snippet:-1","max-image-preview":"max-image-preview:large","max-video-preview":"max-video-preview:-1"},"og_locale":"es_ES","og_type":"article","og_title":"Eventos - ECoD - European Capital of Democracy","og_url":"https:\/\/programme.capitalofdemocracy.eu\/es\/events\/","og_site_name":"ECoD - European Capital of Democracy","article_modified_time":"2023-12-14T10:22:59+00:00","twitter_card":"summary_large_image","twitter_misc":{"Tiempo de lectura":"12 minutos"},"schema":{"@context":"https:\/\/schema.org","@graph":[{"@type":"WebPage","@id":"https:\/\/programme.capitalofdemocracy.eu\/es\/events\/","url":"https:\/\/programme.capitalofdemocracy.eu\/es\/events\/","name":"Eventos - ECoD - European Capital of Democracy","isPartOf":{"@id":"https:\/\/programme.capitalofdemocracy.eu\/es\/#website"},"datePublished":"2023-08-07T07:37:47+00:00","dateModified":"2023-12-14T10:22:59+00:00","breadcrumb":{"@id":"https:\/\/programme.capitalofdemocracy.eu\/es\/events\/#breadcrumb"},"inLanguage":"es","potentialAction":[{"@type":"ReadAction","target":["https:\/\/programme.capitalofdemocracy.eu\/es\/events\/"]}]},{"@type":"BreadcrumbList","@id":"https:\/\/programme.capitalofdemocracy.eu\/es\/events\/#breadcrumb","itemListElement":[{"@type":"ListItem","position":1,"name":"Startseite","item":"https:\/\/programme.capitalofdemocracy.eu\/es\/startseite\/"},{"@type":"ListItem","position":2,"name":"Eventos"}]},{"@type":"WebSite","@id":"https:\/\/programme.capitalofdemocracy.eu\/es\/#website","url":"https:\/\/programme.capitalofdemocracy.eu\/es\/","name":"ECoD - European Capital of Democracy","description":"Barcelona, 2023-2024","potentialAction":[{"@type":"SearchAction","target":{"@type":"EntryPoint","urlTemplate":"https:\/\/programme.capitalofdemocracy.eu\/es\/?s={search_term_string}"},"query-input":"required name=search_term_string"}],"inLanguage":"es"}]}},"_links":{"self":[{"href":"https:\/\/programme.capitalofdemocracy.eu\/es\/wp-json\/wp\/v2\/pages\/917","targetHints":{"allow":["GET"]}}],"collection":[{"href":"https:\/\/programme.capitalofdemocracy.eu\/es\/wp-json\/wp\/v2\/pages"}],"about":[{"href":"https:\/\/programme.capitalofdemocracy.eu\/es\/wp-json\/wp\/v2\/types\/page"}],"author":[{"embeddable":true,"href":"https:\/\/programme.capitalofdemocracy.eu\/es\/wp-json\/wp\/v2\/users\/2"}],"replies":[{"embeddable":true,"href":"https:\/\/programme.capitalofdemocracy.eu\/es\/wp-json\/wp\/v2\/comments?post=917"}],"version-history":[{"count":19,"href":"https:\/\/programme.capitalofdemocracy.eu\/es\/wp-json\/wp\/v2\/pages\/917\/revisions"}],"predecessor-version":[{"id":5994,"href":"https:\/\/programme.capitalofdemocracy.eu\/es\/wp-json\/wp\/v2\/pages\/917\/revisions\/5994"}],"wp:attachment":[{"href":"https:\/\/programme.capitalofdemocracy.eu\/es\/wp-json\/wp\/v2\/media?parent=917"}],"curies":[{"name":"wp","href":"https:\/\/api.w.org\/{rel}","templated":true}]}}