{"id":6855,"date":"2023-10-16T08:45:18","date_gmt":"2023-10-16T06:45:18","guid":{"rendered":"https:\/\/programme.capitalofdemocracy.eu\/produkt\/encuentro-de-la-red-de-ciudades-ecod\/"},"modified":"2024-01-19T11:07:52","modified_gmt":"2024-01-19T10:07:52","slug":"encuentro-de-la-red-de-ciudades-ecod","status":"publish","type":"product","link":"https:\/\/programme.capitalofdemocracy.eu\/es\/produkt\/encuentro-de-la-red-de-ciudades-ecod\/","title":{"rendered":"Encuentro de la Red de Ciudades ECoD"},"content":{"rendered":"","protected":false},"excerpt":{"rendered":"<p>La Red de Ciudades ECoD es un s\u00f3lido grupo de 21 ciudades en 13 pa\u00edses que han presentado previamente una solicitud completa a la iniciativa ECoD. Las ciudades miembro se re\u00fanen regularmente para compartir su experiencia, vivencias y mejores pr\u00e1cticas en la promoci\u00f3n de la democracia a nivel municipal. Estas reuniones fomentan la colaboraci\u00f3n, el intercambio y la participaci\u00f3n, al tiempo que brindan a los expertos locales acceso a nuevas ideas y oportunidades de formaci\u00f3n. En Barcelona, la Red discutir\u00e1 sobre la transici\u00f3n digital y se apoyar\u00e1 mutuamente para superar desaf\u00edos urgentes.<\/p>\n","protected":false},"featured_media":2495,"template":"","meta":{"_acf_changed":false,"inline_featured_image":false},"ecod-events-districts":[],"ecod-events-organizers":[245],"product_cat":[225,231],"product_tag":[192,194,193,191],"class_list":{"0":"post-6855","1":"product","2":"type-product","3":"status-publish","4":"has-post-thumbnail","6":"ecod-events-organizers-ecod-npo-es","7":"product_cat-international-es","8":"product_cat-technology-es","9":"product_tag-city","10":"product_tag-ecod-city-network","11":"product_tag-exchange","12":"product_tag-network","14":"first","15":"instock","16":"shipping-taxable","17":"product-type-simple"},"acf":[],"yoast_head":"<!-- This site is optimized with the Yoast SEO plugin v22.0 - https:\/\/yoast.com\/wordpress\/plugins\/seo\/ -->\n<title>Encuentro de la Red de Ciudades ECoD - ECoD - European Capital of Democracy<\/title>\n<meta name=\"robots\" content=\"noindex, follow, max-snippet:-1, max-image-preview:large, max-video-preview:-1\" \/>\n<meta property=\"og:locale\" content=\"es_ES\" \/>\n<meta property=\"og:type\" content=\"article\" \/>\n<meta property=\"og:title\" content=\"Encuentro de la Red de Ciudades ECoD - ECoD - European Capital of Democracy\" \/>\n<meta property=\"og:description\" content=\"La Red de Ciudades ECoD es un s\u00f3lido grupo de 21 ciudades en 13 pa\u00edses que han presentado previamente una solicitud completa a la iniciativa ECoD. Las ciudades miembro se re\u00fanen regularmente para compartir su experiencia, vivencias y mejores pr\u00e1cticas en la promoci\u00f3n de la democracia a nivel municipal. Estas reuniones fomentan la colaboraci\u00f3n, el intercambio y la participaci\u00f3n, al tiempo que brindan a los expertos locales acceso a nuevas ideas y oportunidades de formaci\u00f3n. En Barcelona, la Red discutir\u00e1 sobre la transici\u00f3n digital y se apoyar\u00e1 mutuamente para superar desaf\u00edos urgentes.\" \/>\n<meta property=\"og:url\" content=\"https:\/\/programme.capitalofdemocracy.eu\/es\/produkt\/encuentro-de-la-red-de-ciudades-ecod\/\" \/>\n<meta property=\"og:site_name\" content=\"ECoD - European Capital of Democracy\" \/>\n<meta property=\"article:modified_time\" content=\"2024-01-19T10:07:52+00:00\" \/>\n<meta property=\"og:image\" content=\"https:\/\/programme.capitalofdemocracy.eu\/wp-content\/uploads\/2023\/10\/EP-7711-scaled.jpg\" \/>\n\t<meta property=\"og:image:width\" content=\"2560\" \/>\n\t<meta property=\"og:image:height\" content=\"1707\" \/>\n\t<meta property=\"og:image:type\" content=\"image\/jpeg\" \/>\n<meta name=\"twitter:card\" content=\"summary_large_image\" \/>\n<script type=\"application\/ld+json\" class=\"yoast-schema-graph\">{\"@context\":\"https:\/\/schema.org\",\"@graph\":[{\"@type\":\"WebPage\",\"@id\":\"https:\/\/programme.capitalofdemocracy.eu\/es\/produkt\/encuentro-de-la-red-de-ciudades-ecod\/\",\"url\":\"https:\/\/programme.capitalofdemocracy.eu\/es\/produkt\/encuentro-de-la-red-de-ciudades-ecod\/\",\"name\":\"Encuentro de la Red de Ciudades ECoD - ECoD - European Capital of Democracy\",\"isPartOf\":{\"@id\":\"https:\/\/programme.capitalofdemocracy.eu\/es\/#website\"},\"datePublished\":\"2023-10-16T06:45:18+00:00\",\"dateModified\":\"2024-01-19T10:07:52+00:00\",\"breadcrumb\":{\"@id\":\"https:\/\/programme.capitalofdemocracy.eu\/es\/produkt\/encuentro-de-la-red-de-ciudades-ecod\/#breadcrumb\"},\"inLanguage\":\"es\",\"potentialAction\":[{\"@type\":\"ReadAction\",\"target\":[\"https:\/\/programme.capitalofdemocracy.eu\/es\/produkt\/encuentro-de-la-red-de-ciudades-ecod\/\"]}]},{\"@type\":\"BreadcrumbList\",\"@id\":\"https:\/\/programme.capitalofdemocracy.eu\/es\/produkt\/encuentro-de-la-red-de-ciudades-ecod\/#breadcrumb\",\"itemListElement\":[{\"@type\":\"ListItem\",\"position\":1,\"name\":\"Startseite\",\"item\":\"https:\/\/programme.capitalofdemocracy.eu\/es\/startseite\/\"},{\"@type\":\"ListItem\",\"position\":2,\"name\":\"Shop\",\"item\":\"https:\/\/programme.capitalofdemocracy.eu\/shop\/\"},{\"@type\":\"ListItem\",\"position\":3,\"name\":\"Encuentro de la Red de Ciudades ECoD\"}]},{\"@type\":\"WebSite\",\"@id\":\"https:\/\/programme.capitalofdemocracy.eu\/es\/#website\",\"url\":\"https:\/\/programme.capitalofdemocracy.eu\/es\/\",\"name\":\"ECoD - European Capital of Democracy\",\"description\":\"Barcelona, 2023-2024\",\"potentialAction\":[{\"@type\":\"SearchAction\",\"target\":{\"@type\":\"EntryPoint\",\"urlTemplate\":\"https:\/\/programme.capitalofdemocracy.eu\/es\/?s={search_term_string}\"},\"query-input\":\"required name=search_term_string\"}],\"inLanguage\":\"es\"}]}<\/script>\n<!-- \/ Yoast SEO plugin. -->","yoast_head_json":{"title":"Encuentro de la Red de Ciudades ECoD - ECoD - European Capital of Democracy","robots":{"index":"noindex","follow":"follow","max-snippet":"max-snippet:-1","max-image-preview":"max-image-preview:large","max-video-preview":"max-video-preview:-1"},"og_locale":"es_ES","og_type":"article","og_title":"Encuentro de la Red de Ciudades ECoD - ECoD - European Capital of Democracy","og_description":"La Red de Ciudades ECoD es un s\u00f3lido grupo de 21 ciudades en 13 pa\u00edses que han presentado previamente una solicitud completa a la iniciativa ECoD. Las ciudades miembro se re\u00fanen regularmente para compartir su experiencia, vivencias y mejores pr\u00e1cticas en la promoci\u00f3n de la democracia a nivel municipal. Estas reuniones fomentan la colaboraci\u00f3n, el intercambio y la participaci\u00f3n, al tiempo que brindan a los expertos locales acceso a nuevas ideas y oportunidades de formaci\u00f3n. En Barcelona, la Red discutir\u00e1 sobre la transici\u00f3n digital y se apoyar\u00e1 mutuamente para superar desaf\u00edos urgentes.","og_url":"https:\/\/programme.capitalofdemocracy.eu\/es\/produkt\/encuentro-de-la-red-de-ciudades-ecod\/","og_site_name":"ECoD - European Capital of Democracy","article_modified_time":"2024-01-19T10:07:52+00:00","og_image":[{"width":2560,"height":1707,"url":"https:\/\/programme.capitalofdemocracy.eu\/wp-content\/uploads\/2023\/10\/EP-7711-scaled.jpg","type":"image\/jpeg"}],"twitter_card":"summary_large_image","schema":{"@context":"https:\/\/schema.org","@graph":[{"@type":"WebPage","@id":"https:\/\/programme.capitalofdemocracy.eu\/es\/produkt\/encuentro-de-la-red-de-ciudades-ecod\/","url":"https:\/\/programme.capitalofdemocracy.eu\/es\/produkt\/encuentro-de-la-red-de-ciudades-ecod\/","name":"Encuentro de la Red de Ciudades ECoD - ECoD - European Capital of Democracy","isPartOf":{"@id":"https:\/\/programme.capitalofdemocracy.eu\/es\/#website"},"datePublished":"2023-10-16T06:45:18+00:00","dateModified":"2024-01-19T10:07:52+00:00","breadcrumb":{"@id":"https:\/\/programme.capitalofdemocracy.eu\/es\/produkt\/encuentro-de-la-red-de-ciudades-ecod\/#breadcrumb"},"inLanguage":"es","potentialAction":[{"@type":"ReadAction","target":["https:\/\/programme.capitalofdemocracy.eu\/es\/produkt\/encuentro-de-la-red-de-ciudades-ecod\/"]}]},{"@type":"BreadcrumbList","@id":"https:\/\/programme.capitalofdemocracy.eu\/es\/produkt\/encuentro-de-la-red-de-ciudades-ecod\/#breadcrumb","itemListElement":[{"@type":"ListItem","position":1,"name":"Startseite","item":"https:\/\/programme.capitalofdemocracy.eu\/es\/startseite\/"},{"@type":"ListItem","position":2,"name":"Shop","item":"https:\/\/programme.capitalofdemocracy.eu\/shop\/"},{"@type":"ListItem","position":3,"name":"Encuentro de la Red de Ciudades ECoD"}]},{"@type":"WebSite","@id":"https:\/\/programme.capitalofdemocracy.eu\/es\/#website","url":"https:\/\/programme.capitalofdemocracy.eu\/es\/","name":"ECoD - European Capital of Democracy","description":"Barcelona, 2023-2024","potentialAction":[{"@type":"SearchAction","target":{"@type":"EntryPoint","urlTemplate":"https:\/\/programme.capitalofdemocracy.eu\/es\/?s={search_term_string}"},"query-input":"required name=search_term_string"}],"inLanguage":"es"}]}},"_links":{"self":[{"href":"https:\/\/programme.capitalofdemocracy.eu\/es\/wp-json\/wp\/v2\/product\/6855","targetHints":{"allow":["GET"]}}],"collection":[{"href":"https:\/\/programme.capitalofdemocracy.eu\/es\/wp-json\/wp\/v2\/product"}],"about":[{"href":"https:\/\/programme.capitalofdemocracy.eu\/es\/wp-json\/wp\/v2\/types\/product"}],"wp:featuredmedia":[{"embeddable":true,"href":"https:\/\/programme.capitalofdemocracy.eu\/es\/wp-json\/wp\/v2\/media\/2495"}],"wp:attachment":[{"href":"https:\/\/programme.capitalofdemocracy.eu\/es\/wp-json\/wp\/v2\/media?parent=6855"}],"wp:term":[{"taxonomy":"ecod-events-districts","embeddable":true,"href":"https:\/\/programme.capitalofdemocracy.eu\/es\/wp-json\/wp\/v2\/ecod-events-districts?post=6855"},{"taxonomy":"ecod-events-organizers","embeddable":true,"href":"https:\/\/programme.capitalofdemocracy.eu\/es\/wp-json\/wp\/v2\/ecod-events-organizers?post=6855"},{"taxonomy":"product_cat","embeddable":true,"href":"https:\/\/programme.capitalofdemocracy.eu\/es\/wp-json\/wp\/v2\/product_cat?post=6855"},{"taxonomy":"product_tag","embeddable":true,"href":"https:\/\/programme.capitalofdemocracy.eu\/es\/wp-json\/wp\/v2\/product_tag?post=6855"}],"curies":[{"name":"wp","href":"https:\/\/api.w.org\/{rel}","templated":true}]}}