{"id":6963,"date":"2024-02-05T17:31:43","date_gmt":"2024-02-05T16:31:43","guid":{"rendered":"https:\/\/programme.capitalofdemocracy.eu\/produkt\/conferencia-inaugural-la-democracia-a-debate-retos-europeos-y-globales\/"},"modified":"2024-02-08T15:38:22","modified_gmt":"2024-02-08T14:38:22","slug":"conferencia-inaugural-la-democracia-a-debate-retos-europeos-y-globales","status":"publish","type":"product","link":"https:\/\/programme.capitalofdemocracy.eu\/es\/produkt\/conferencia-inaugural-la-democracia-a-debate-retos-europeos-y-globales\/","title":{"rendered":"Conferencia inaugural: La democracia a debate. Retos europeos y globales"},"content":{"rendered":"","protected":false},"excerpt":{"rendered":"<p>En un sentido etimol\u00f3gico parte de una idea sencilla y concreta, el gobierno del pueblo o de la gente, sin embargo estos conceptos se ha ido construyendo a medida que se desplegaba en diversas formas de organizaci\u00f3n pol\u00edtica de la sociedad a trav\u00e9s de la democracia representativa, la deliberativa, la directa o la participativa. Diferentes declinaciones con concepciones muy distintas a esta idea radical y concreta de democracia.<\/p>\n<p>En esta conferencia quiere ponerse a debate el concepto de democracia en Europa hoy, cu\u00e1les son sus l\u00edmites en el contexto de crisis m\u00faltiples actuales y qu\u00e9 retos se abren ante un escenario tan complejo en t\u00e9rminos de gobernanza pol\u00edtica a m\u00faltiples escalas. El objetivo es tambi\u00e9n dialogar con una mirada cr\u00edtica y reflexiva sobre la crisis de la democracia con la defensa de los derechos fundamentales y la lucha contra las desigualdades. Al mismo tiempo, se quiere profundizar sobre el papel de Europa en la escena global y cu\u00e1l debe ser su rol en un horizonte de defensa y avance hacia una democracia global o una democracia de democracias.<\/p>\n<p>Por eso contar\u00e1 con un ponente clave en el debate sobre los retos de la democracia como son el fil\u00f3sofo Daniel Innerarity.<\/p>\n<p><strong>5 de octubre a las 17.30 h en el CCCB.<\/strong><\/p>\n<p>&nbsp;<\/p>\n<p>&nbsp;<\/p>\n","protected":false},"featured_media":6970,"template":"","meta":{"_acf_changed":false,"inline_featured_image":false},"ecod-events-districts":[],"ecod-events-organizers":[232],"product_cat":[229],"product_tag":[],"class_list":{"0":"post-6963","1":"product","2":"type-product","3":"status-publish","4":"has-post-thumbnail","6":"ecod-events-organizers-city-of-barcelona-es","7":"product_cat-local-es","9":"first","10":"instock","11":"shipping-taxable","12":"product-type-simple"},"acf":[],"yoast_head":"<!-- This site is optimized with the Yoast SEO plugin v22.0 - https:\/\/yoast.com\/wordpress\/plugins\/seo\/ -->\n<title>Conferencia inaugural: La democracia a debate. Retos europeos y globales - ECoD - European Capital of Democracy<\/title>\n<meta name=\"robots\" content=\"noindex, follow, max-snippet:-1, max-image-preview:large, max-video-preview:-1\" \/>\n<meta property=\"og:locale\" content=\"es_ES\" \/>\n<meta property=\"og:type\" content=\"article\" \/>\n<meta property=\"og:title\" content=\"Conferencia inaugural: La democracia a debate. Retos europeos y globales - ECoD - European Capital of Democracy\" \/>\n<meta property=\"og:description\" content=\"En un sentido etimol\u00f3gico parte de una idea sencilla y concreta, el gobierno del pueblo o de la gente, sin embargo estos conceptos se ha ido construyendo a medida que se desplegaba en diversas formas de organizaci\u00f3n pol\u00edtica de la sociedad a trav\u00e9s de la democracia representativa, la deliberativa, la directa o la participativa. Diferentes declinaciones con concepciones muy distintas a esta idea radical y concreta de democracia.  En esta conferencia quiere ponerse a debate el concepto de democracia en Europa hoy, cu\u00e1les son sus l\u00edmites en el contexto de crisis m\u00faltiples actuales y qu\u00e9 retos se abren ante un escenario tan complejo en t\u00e9rminos de gobernanza pol\u00edtica a m\u00faltiples escalas. El objetivo es tambi\u00e9n dialogar con una mirada cr\u00edtica y reflexiva sobre la crisis de la democracia con la defensa de los derechos fundamentales y la lucha contra las desigualdades. Al mismo tiempo, se quiere profundizar sobre el papel de Europa en la escena global y cu\u00e1l debe ser su rol en un horizonte de defensa y avance hacia una democracia global o una democracia de democracias.  Por eso contar\u00e1 con un ponente clave en el debate sobre los retos de la democracia como son el fil\u00f3sofo Daniel Innerarity.  5 de octubre a las 17.30 h en el CCCB.  &nbsp;  &nbsp;\" \/>\n<meta property=\"og:url\" content=\"https:\/\/programme.capitalofdemocracy.eu\/es\/produkt\/conferencia-inaugural-la-democracia-a-debate-retos-europeos-y-globales\/\" \/>\n<meta property=\"og:site_name\" content=\"ECoD - European Capital of Democracy\" \/>\n<meta property=\"article:modified_time\" content=\"2024-02-08T14:38:22+00:00\" \/>\n<meta property=\"og:image\" content=\"https:\/\/programme.capitalofdemocracy.eu\/wp-content\/uploads\/2024\/02\/Conferencia%20Inaugural-51-scaled.jpg\" \/>\n\t<meta property=\"og:image:width\" content=\"2560\" \/>\n\t<meta property=\"og:image:height\" content=\"1703\" \/>\n\t<meta property=\"og:image:type\" content=\"image\/jpeg\" \/>\n<meta name=\"twitter:card\" content=\"summary_large_image\" \/>\n<meta name=\"twitter:label1\" content=\"Tiempo de lectura\" \/>\n\t<meta name=\"twitter:data1\" content=\"1 minuto\" \/>\n<script type=\"application\/ld+json\" class=\"yoast-schema-graph\">{\"@context\":\"https:\/\/schema.org\",\"@graph\":[{\"@type\":\"WebPage\",\"@id\":\"https:\/\/programme.capitalofdemocracy.eu\/es\/produkt\/conferencia-inaugural-la-democracia-a-debate-retos-europeos-y-globales\/\",\"url\":\"https:\/\/programme.capitalofdemocracy.eu\/es\/produkt\/conferencia-inaugural-la-democracia-a-debate-retos-europeos-y-globales\/\",\"name\":\"Conferencia inaugural: La democracia a debate. Retos europeos y globales - ECoD - European Capital of Democracy\",\"isPartOf\":{\"@id\":\"https:\/\/programme.capitalofdemocracy.eu\/es\/#website\"},\"datePublished\":\"2024-02-05T16:31:43+00:00\",\"dateModified\":\"2024-02-08T14:38:22+00:00\",\"breadcrumb\":{\"@id\":\"https:\/\/programme.capitalofdemocracy.eu\/es\/produkt\/conferencia-inaugural-la-democracia-a-debate-retos-europeos-y-globales\/#breadcrumb\"},\"inLanguage\":\"es\",\"potentialAction\":[{\"@type\":\"ReadAction\",\"target\":[\"https:\/\/programme.capitalofdemocracy.eu\/es\/produkt\/conferencia-inaugural-la-democracia-a-debate-retos-europeos-y-globales\/\"]}]},{\"@type\":\"BreadcrumbList\",\"@id\":\"https:\/\/programme.capitalofdemocracy.eu\/es\/produkt\/conferencia-inaugural-la-democracia-a-debate-retos-europeos-y-globales\/#breadcrumb\",\"itemListElement\":[{\"@type\":\"ListItem\",\"position\":1,\"name\":\"Startseite\",\"item\":\"https:\/\/programme.capitalofdemocracy.eu\/es\/startseite\/\"},{\"@type\":\"ListItem\",\"position\":2,\"name\":\"Shop\",\"item\":\"https:\/\/programme.capitalofdemocracy.eu\/shop\/\"},{\"@type\":\"ListItem\",\"position\":3,\"name\":\"Conferencia inaugural: La democracia a debate. Retos europeos y globales\"}]},{\"@type\":\"WebSite\",\"@id\":\"https:\/\/programme.capitalofdemocracy.eu\/es\/#website\",\"url\":\"https:\/\/programme.capitalofdemocracy.eu\/es\/\",\"name\":\"ECoD - European Capital of Democracy\",\"description\":\"Barcelona, 2023-2024\",\"potentialAction\":[{\"@type\":\"SearchAction\",\"target\":{\"@type\":\"EntryPoint\",\"urlTemplate\":\"https:\/\/programme.capitalofdemocracy.eu\/es\/?s={search_term_string}\"},\"query-input\":\"required name=search_term_string\"}],\"inLanguage\":\"es\"}]}<\/script>\n<!-- \/ Yoast SEO plugin. -->","yoast_head_json":{"title":"Conferencia inaugural: La democracia a debate. Retos europeos y globales - ECoD - European Capital of Democracy","robots":{"index":"noindex","follow":"follow","max-snippet":"max-snippet:-1","max-image-preview":"max-image-preview:large","max-video-preview":"max-video-preview:-1"},"og_locale":"es_ES","og_type":"article","og_title":"Conferencia inaugural: La democracia a debate. Retos europeos y globales - ECoD - European Capital of Democracy","og_description":"En un sentido etimol\u00f3gico parte de una idea sencilla y concreta, el gobierno del pueblo o de la gente, sin embargo estos conceptos se ha ido construyendo a medida que se desplegaba en diversas formas de organizaci\u00f3n pol\u00edtica de la sociedad a trav\u00e9s de la democracia representativa, la deliberativa, la directa o la participativa. Diferentes declinaciones con concepciones muy distintas a esta idea radical y concreta de democracia.  En esta conferencia quiere ponerse a debate el concepto de democracia en Europa hoy, cu\u00e1les son sus l\u00edmites en el contexto de crisis m\u00faltiples actuales y qu\u00e9 retos se abren ante un escenario tan complejo en t\u00e9rminos de gobernanza pol\u00edtica a m\u00faltiples escalas. El objetivo es tambi\u00e9n dialogar con una mirada cr\u00edtica y reflexiva sobre la crisis de la democracia con la defensa de los derechos fundamentales y la lucha contra las desigualdades. Al mismo tiempo, se quiere profundizar sobre el papel de Europa en la escena global y cu\u00e1l debe ser su rol en un horizonte de defensa y avance hacia una democracia global o una democracia de democracias.  Por eso contar\u00e1 con un ponente clave en el debate sobre los retos de la democracia como son el fil\u00f3sofo Daniel Innerarity.  5 de octubre a las 17.30 h en el CCCB.  &nbsp;  &nbsp;","og_url":"https:\/\/programme.capitalofdemocracy.eu\/es\/produkt\/conferencia-inaugural-la-democracia-a-debate-retos-europeos-y-globales\/","og_site_name":"ECoD - European Capital of Democracy","article_modified_time":"2024-02-08T14:38:22+00:00","og_image":[{"width":2560,"height":1703,"url":"https:\/\/programme.capitalofdemocracy.eu\/wp-content\/uploads\/2024\/02\/Conferencia%20Inaugural-51-scaled.jpg","type":"image\/jpeg"}],"twitter_card":"summary_large_image","twitter_misc":{"Tiempo de lectura":"1 minuto"},"schema":{"@context":"https:\/\/schema.org","@graph":[{"@type":"WebPage","@id":"https:\/\/programme.capitalofdemocracy.eu\/es\/produkt\/conferencia-inaugural-la-democracia-a-debate-retos-europeos-y-globales\/","url":"https:\/\/programme.capitalofdemocracy.eu\/es\/produkt\/conferencia-inaugural-la-democracia-a-debate-retos-europeos-y-globales\/","name":"Conferencia inaugural: La democracia a debate. Retos europeos y globales - ECoD - European Capital of Democracy","isPartOf":{"@id":"https:\/\/programme.capitalofdemocracy.eu\/es\/#website"},"datePublished":"2024-02-05T16:31:43+00:00","dateModified":"2024-02-08T14:38:22+00:00","breadcrumb":{"@id":"https:\/\/programme.capitalofdemocracy.eu\/es\/produkt\/conferencia-inaugural-la-democracia-a-debate-retos-europeos-y-globales\/#breadcrumb"},"inLanguage":"es","potentialAction":[{"@type":"ReadAction","target":["https:\/\/programme.capitalofdemocracy.eu\/es\/produkt\/conferencia-inaugural-la-democracia-a-debate-retos-europeos-y-globales\/"]}]},{"@type":"BreadcrumbList","@id":"https:\/\/programme.capitalofdemocracy.eu\/es\/produkt\/conferencia-inaugural-la-democracia-a-debate-retos-europeos-y-globales\/#breadcrumb","itemListElement":[{"@type":"ListItem","position":1,"name":"Startseite","item":"https:\/\/programme.capitalofdemocracy.eu\/es\/startseite\/"},{"@type":"ListItem","position":2,"name":"Shop","item":"https:\/\/programme.capitalofdemocracy.eu\/shop\/"},{"@type":"ListItem","position":3,"name":"Conferencia inaugural: La democracia a debate. Retos europeos y globales"}]},{"@type":"WebSite","@id":"https:\/\/programme.capitalofdemocracy.eu\/es\/#website","url":"https:\/\/programme.capitalofdemocracy.eu\/es\/","name":"ECoD - European Capital of Democracy","description":"Barcelona, 2023-2024","potentialAction":[{"@type":"SearchAction","target":{"@type":"EntryPoint","urlTemplate":"https:\/\/programme.capitalofdemocracy.eu\/es\/?s={search_term_string}"},"query-input":"required name=search_term_string"}],"inLanguage":"es"}]}},"_links":{"self":[{"href":"https:\/\/programme.capitalofdemocracy.eu\/es\/wp-json\/wp\/v2\/product\/6963","targetHints":{"allow":["GET"]}}],"collection":[{"href":"https:\/\/programme.capitalofdemocracy.eu\/es\/wp-json\/wp\/v2\/product"}],"about":[{"href":"https:\/\/programme.capitalofdemocracy.eu\/es\/wp-json\/wp\/v2\/types\/product"}],"wp:featuredmedia":[{"embeddable":true,"href":"https:\/\/programme.capitalofdemocracy.eu\/es\/wp-json\/wp\/v2\/media\/6970"}],"wp:attachment":[{"href":"https:\/\/programme.capitalofdemocracy.eu\/es\/wp-json\/wp\/v2\/media?parent=6963"}],"wp:term":[{"taxonomy":"ecod-events-districts","embeddable":true,"href":"https:\/\/programme.capitalofdemocracy.eu\/es\/wp-json\/wp\/v2\/ecod-events-districts?post=6963"},{"taxonomy":"ecod-events-organizers","embeddable":true,"href":"https:\/\/programme.capitalofdemocracy.eu\/es\/wp-json\/wp\/v2\/ecod-events-organizers?post=6963"},{"taxonomy":"product_cat","embeddable":true,"href":"https:\/\/programme.capitalofdemocracy.eu\/es\/wp-json\/wp\/v2\/product_cat?post=6963"},{"taxonomy":"product_tag","embeddable":true,"href":"https:\/\/programme.capitalofdemocracy.eu\/es\/wp-json\/wp\/v2\/product_tag?post=6963"}],"curies":[{"name":"wp","href":"https:\/\/api.w.org\/{rel}","templated":true}]}}