{"id":7008,"date":"2024-02-05T17:33:25","date_gmt":"2024-02-05T16:33:25","guid":{"rendered":"https:\/\/programme.capitalofdemocracy.eu\/produkt\/the-annual-innovation-in-politics-awards-3\/"},"modified":"2024-05-04T07:07:01","modified_gmt":"2024-05-04T05:07:01","slug":"the-annual-innovation-in-politics-awards-3","status":"publish","type":"product","link":"https:\/\/programme.capitalofdemocracy.eu\/es\/produkt\/the-annual-innovation-in-politics-awards-3\/","title":{"rendered":"The annual Innovation in Politics Awards"},"content":{"rendered":"","protected":false},"excerpt":{"rendered":"<p>Los Premios Anuales a la Innovaci\u00f3n en Pol\u00edtica reconocen a pol\u00edticos creativos de toda Europa que est\u00e1n abriendo nuevos caminos con soluciones innovadoras para los desaf\u00edos actuales. Los premios se otorgan a aquellos pol\u00edticos en reconocimiento a sus proyectos ejemplares basados en los valores europeos de equilibrio social, democracia y derechos humanos, independientemente de su afiliaci\u00f3n partidista o nivel de gobierno.<\/p>\n<p>Cada a\u00f1o, un jurado ciudadano compuesto por m\u00e1s de 1.000 europeos eval\u00faa todos los proyectos para determinar los finalistas y ganadores en las categor\u00edas de los premios: democracia, protecci\u00f3n del clima, tecnolog\u00edas democr\u00e1ticas, mejora del gobierno, cohesi\u00f3n social, desarrollo local, educaci\u00f3n e innovaci\u00f3n partidista.<\/p>\n<h5><strong>Los finalistas<\/strong><\/h5>\n<p>El Innovation in Politics Institute ha dado a conocer los proyectos finalistas de los premios<em> Innovation in Politics Awards<\/em>, que desde el a\u00f1o 2017 reconocen iniciativas p\u00fablicas valientes y creativas de toda Europa que impactan positivamente en la vida de las personas y fortalecen la democracia. <strong>Dos proyectos impulsados por el Ayuntamiento de Barcelona, B-MINCOME, y las cooperativas de vivienda, son finalistas<\/strong>. Por un lado, el proyecto B-MINCOME de lucha integral contra la pobreza que combina apoyo financiero con pol\u00edticas activas de inclusi\u00f3n sociolaboral es finalista en la categor\u00eda de Desarrollo Local, mientras que el otro proyecto finalista, las cooperativas de vivienda, proyecto pionero de fomento de la vivienda cooperativa en cesi\u00f3n de uso, y que ha sido impulsado por el Ayuntamiento de Barcelona con la entidad Sostre C\u00edvic, lo es en la categor\u00eda de Cohesi\u00f3n Social. Se han presentado un total de 334 proyectos, procedentes de 26 pa\u00edses, 70 de los cuales han llegado a la final.<\/p>\n<p>El jurado ciudadano, compuesto por m\u00e1s de un millar de ciudadanos de toda Europa, ha destacado estos proyectos en base a criterios de innovaci\u00f3n, sostenibilidad e impacto.<\/p>\n<p><a target=\"_blank\" href=\"https:\/\/innovationinpolitics.eu\/press-release\/discover-the-finalists-of-the-innovation-in-politics-awards-2024\/\" rel=\"noopener\">Consulta aqu\u00ed la lista de finalistas<\/a><\/p>\n<p>Los proyectos ganadores se anunciar\u00e1n en la <strong>gala internacional que tendr\u00e1 lugar el d\u00eda 2 de mayo en el Museo Mar\u00edtimo de Barcelona de 20.30 h a 23.00 h, en el marco de la Capital Europea de la Democracia<\/strong>. As\u00ed, se dar\u00e1n a conocer los ganadores de cada una de las siete categor\u00edas de los premios y se les entregar\u00e1n sus trofeos en una velada festiva con comida para el pensamiento (y para el otro tipo), m\u00fasica y entretenimiento.<\/p>\n<p>Cada a\u00f1o, m\u00e1s de 500 l\u00edderes de la pol\u00edtica, la sociedad civil y el mundo empresarial de toda Europa se re\u00fanen para saludarse y conocer a sus iguales m\u00e1s all\u00e1 de las fronteras y las l\u00edneas partidistas para reconocer las iniciativas ejemplares. Si desean unirse a nosotros para celebrar la innovaci\u00f3n en pol\u00edtica.<\/p>\n<p><strong>El evento es presencial y gratuito.<\/strong><\/p>\n<p><a target=\"_blank\" href=\"https:\/\/awards.innovationinpolitics.eu\/\" rel=\"noopener\">Informaci\u00f3n y reserva de entradas aqu\u00ed<\/a><\/p>\n<p><\/p>\n<div class=\"editor-content-image\" data-image=\"\"><img decoding=\"async\" src=\"https:\/\/capitalofdemocracy.barcelona\/rails\/active_storage\/blobs\/redirect\/eyJfcmFpbHMiOnsibWVzc2FnZSI6IkJBaHBBaElDIiwiZXhwIjpudWxsLCJwdXIiOiJibG9iX2lkIn19--415cd313be96a198f889eb5179c915a8c1f93212\/21-IPA-Logo-inverted.png\" alt=\"\" width=\"121\"><\/div>\n","protected":false},"featured_media":9180,"template":"","meta":{"_acf_changed":false,"inline_featured_image":false},"ecod-events-districts":[],"ecod-events-organizers":[232,223],"product_cat":[229,227],"product_tag":[],"class_list":{"0":"post-7008","1":"product","2":"type-product","3":"status-publish","4":"has-post-thumbnail","6":"ecod-events-organizers-city-of-barcelona-es","7":"ecod-events-organizers-city-of-barcelona","8":"product_cat-local-es","9":"product_cat-local","11":"first","12":"instock","13":"shipping-taxable","14":"product-type-simple"},"acf":[],"yoast_head":"<!-- This site is optimized with the Yoast SEO plugin v22.0 - https:\/\/yoast.com\/wordpress\/plugins\/seo\/ -->\n<title>The annual Innovation in Politics Awards - ECoD - European Capital of Democracy<\/title>\n<meta name=\"robots\" content=\"noindex, follow, max-snippet:-1, max-image-preview:large, max-video-preview:-1\" \/>\n<meta property=\"og:locale\" content=\"es_ES\" \/>\n<meta property=\"og:type\" content=\"article\" \/>\n<meta property=\"og:title\" content=\"The annual Innovation in Politics Awards - ECoD - European Capital of Democracy\" \/>\n<meta property=\"og:description\" content=\"Los Premios Anuales a la Innovaci\u00f3n en Pol\u00edtica reconocen a pol\u00edticos creativos de toda Europa que est\u00e1n abriendo nuevos caminos con soluciones innovadoras para los desaf\u00edos actuales. Los premios se otorgan a aquellos pol\u00edticos en reconocimiento a sus proyectos ejemplares basados en los valores europeos de equilibrio social, democracia y derechos humanos, independientemente de su afiliaci\u00f3n partidista o nivel de gobierno.Cada a\u00f1o, un jurado ciudadano compuesto por m\u00e1s de 1.000 europeos eval\u00faa todos los proyectos para determinar los finalistas y ganadores en las categor\u00edas de los premios: democracia, protecci\u00f3n del clima, tecnolog\u00edas democr\u00e1ticas, mejora del gobierno, cohesi\u00f3n social, desarrollo local, educaci\u00f3n e innovaci\u00f3n partidista.Los finalistasEl Innovation in Politics Institute ha dado a conocer los proyectos finalistas de los premios Innovation in Politics Awards, que desde el a\u00f1o 2017 reconocen iniciativas p\u00fablicas valientes y creativas de toda Europa que impactan positivamente en la vida de las personas y fortalecen la democracia. Dos proyectos impulsados por el Ayuntamiento de Barcelona, B-MINCOME, y las cooperativas de vivienda, son finalistas. Por un lado, el proyecto B-MINCOME de lucha integral contra la pobreza que combina apoyo financiero con pol\u00edticas activas de inclusi\u00f3n sociolaboral es finalista en la categor\u00eda de Desarrollo Local, mientras que el otro proyecto finalista, las cooperativas de vivienda, proyecto pionero de fomento de la vivienda cooperativa en cesi\u00f3n de uso, y que ha sido impulsado por el Ayuntamiento de Barcelona con la entidad Sostre C\u00edvic, lo es en la categor\u00eda de Cohesi\u00f3n Social. Se han presentado un total de 334 proyectos, procedentes de 26 pa\u00edses, 70 de los cuales han llegado a la final.El jurado ciudadano, compuesto por m\u00e1s de un millar de ciudadanos de toda Europa, ha destacado estos proyectos en base a criterios de innovaci\u00f3n, sostenibilidad e impacto.Consulta aqu\u00ed la lista de finalistasLos proyectos ganadores se anunciar\u00e1n en la gala internacional que tendr\u00e1 lugar el d\u00eda 2 de mayo en el Museo Mar\u00edtimo de Barcelona de 20.30 h a 23.00 h, en el marco de la Capital Europea de la Democracia. As\u00ed, se dar\u00e1n a conocer los ganadores de cada una de las siete categor\u00edas de los premios y se les entregar\u00e1n sus trofeos en una velada festiva con comida para el pensamiento (y para el otro tipo), m\u00fasica y entretenimiento.Cada a\u00f1o, m\u00e1s de 500 l\u00edderes de la pol\u00edtica, la sociedad civil y el mundo empresarial de toda Europa se re\u00fanen para saludarse y conocer a sus iguales m\u00e1s all\u00e1 de las fronteras y las l\u00edneas partidistas para reconocer las iniciativas ejemplares. Si desean unirse a nosotros para celebrar la innovaci\u00f3n en pol\u00edtica.El evento es presencial y gratuito.Informaci\u00f3n y reserva de entradas aqu\u00ed\" \/>\n<meta property=\"og:url\" content=\"https:\/\/programme.capitalofdemocracy.eu\/produkt\/the-annual-innovation-in-politics-awards-2\/\" \/>\n<meta property=\"og:site_name\" content=\"ECoD - European Capital of Democracy\" \/>\n<meta property=\"article:modified_time\" content=\"2024-05-04T05:07:01+00:00\" \/>\n<meta property=\"og:image\" content=\"https:\/\/programme.capitalofdemocracy.eu\/wp-content\/uploads\/Image_Awards.jpg\" \/>\n\t<meta property=\"og:image:width\" content=\"1\" \/>\n\t<meta property=\"og:image:height\" content=\"1\" \/>\n\t<meta property=\"og:image:type\" content=\"image\/jpeg\" \/>\n<meta name=\"twitter:card\" content=\"summary_large_image\" \/>\n<meta name=\"twitter:label1\" content=\"Tiempo de lectura\" \/>\n\t<meta name=\"twitter:data1\" content=\"1 minuto\" \/>\n<script type=\"application\/ld+json\" class=\"yoast-schema-graph\">{\"@context\":\"https:\/\/schema.org\",\"@graph\":[{\"@type\":\"WebPage\",\"@id\":\"https:\/\/programme.capitalofdemocracy.eu\/produkt\/the-annual-innovation-in-politics-awards-2\/\",\"url\":\"https:\/\/programme.capitalofdemocracy.eu\/produkt\/the-annual-innovation-in-politics-awards-2\/\",\"name\":\"The annual Innovation in Politics Awards - ECoD - European Capital of Democracy\",\"isPartOf\":{\"@id\":\"https:\/\/programme.capitalofdemocracy.eu\/es\/#website\"},\"datePublished\":\"2024-02-05T16:33:25+00:00\",\"dateModified\":\"2024-05-04T05:07:01+00:00\",\"breadcrumb\":{\"@id\":\"https:\/\/programme.capitalofdemocracy.eu\/produkt\/the-annual-innovation-in-politics-awards-2\/#breadcrumb\"},\"inLanguage\":\"es\",\"potentialAction\":[{\"@type\":\"ReadAction\",\"target\":[\"https:\/\/programme.capitalofdemocracy.eu\/produkt\/the-annual-innovation-in-politics-awards-2\/\"]}]},{\"@type\":\"BreadcrumbList\",\"@id\":\"https:\/\/programme.capitalofdemocracy.eu\/produkt\/the-annual-innovation-in-politics-awards-2\/#breadcrumb\",\"itemListElement\":[{\"@type\":\"ListItem\",\"position\":1,\"name\":\"Startseite\",\"item\":\"https:\/\/programme.capitalofdemocracy.eu\/es\/startseite\/\"},{\"@type\":\"ListItem\",\"position\":2,\"name\":\"Shop\",\"item\":\"https:\/\/programme.capitalofdemocracy.eu\/shop\/\"},{\"@type\":\"ListItem\",\"position\":3,\"name\":\"The annual Innovation in Politics Awards\"}]},{\"@type\":\"WebSite\",\"@id\":\"https:\/\/programme.capitalofdemocracy.eu\/es\/#website\",\"url\":\"https:\/\/programme.capitalofdemocracy.eu\/es\/\",\"name\":\"ECoD - European Capital of Democracy\",\"description\":\"Barcelona, 2023-2024\",\"potentialAction\":[{\"@type\":\"SearchAction\",\"target\":{\"@type\":\"EntryPoint\",\"urlTemplate\":\"https:\/\/programme.capitalofdemocracy.eu\/es\/?s={search_term_string}\"},\"query-input\":\"required name=search_term_string\"}],\"inLanguage\":\"es\"}]}<\/script>\n<!-- \/ Yoast SEO plugin. -->","yoast_head_json":{"title":"The annual Innovation in Politics Awards - ECoD - European Capital of Democracy","robots":{"index":"noindex","follow":"follow","max-snippet":"max-snippet:-1","max-image-preview":"max-image-preview:large","max-video-preview":"max-video-preview:-1"},"og_locale":"es_ES","og_type":"article","og_title":"The annual Innovation in Politics Awards - ECoD - European Capital of Democracy","og_description":"Los Premios Anuales a la Innovaci\u00f3n en Pol\u00edtica reconocen a pol\u00edticos creativos de toda Europa que est\u00e1n abriendo nuevos caminos con soluciones innovadoras para los desaf\u00edos actuales. Los premios se otorgan a aquellos pol\u00edticos en reconocimiento a sus proyectos ejemplares basados en los valores europeos de equilibrio social, democracia y derechos humanos, independientemente de su afiliaci\u00f3n partidista o nivel de gobierno.Cada a\u00f1o, un jurado ciudadano compuesto por m\u00e1s de 1.000 europeos eval\u00faa todos los proyectos para determinar los finalistas y ganadores en las categor\u00edas de los premios: democracia, protecci\u00f3n del clima, tecnolog\u00edas democr\u00e1ticas, mejora del gobierno, cohesi\u00f3n social, desarrollo local, educaci\u00f3n e innovaci\u00f3n partidista.Los finalistasEl Innovation in Politics Institute ha dado a conocer los proyectos finalistas de los premios Innovation in Politics Awards, que desde el a\u00f1o 2017 reconocen iniciativas p\u00fablicas valientes y creativas de toda Europa que impactan positivamente en la vida de las personas y fortalecen la democracia. Dos proyectos impulsados por el Ayuntamiento de Barcelona, B-MINCOME, y las cooperativas de vivienda, son finalistas. Por un lado, el proyecto B-MINCOME de lucha integral contra la pobreza que combina apoyo financiero con pol\u00edticas activas de inclusi\u00f3n sociolaboral es finalista en la categor\u00eda de Desarrollo Local, mientras que el otro proyecto finalista, las cooperativas de vivienda, proyecto pionero de fomento de la vivienda cooperativa en cesi\u00f3n de uso, y que ha sido impulsado por el Ayuntamiento de Barcelona con la entidad Sostre C\u00edvic, lo es en la categor\u00eda de Cohesi\u00f3n Social. Se han presentado un total de 334 proyectos, procedentes de 26 pa\u00edses, 70 de los cuales han llegado a la final.El jurado ciudadano, compuesto por m\u00e1s de un millar de ciudadanos de toda Europa, ha destacado estos proyectos en base a criterios de innovaci\u00f3n, sostenibilidad e impacto.Consulta aqu\u00ed la lista de finalistasLos proyectos ganadores se anunciar\u00e1n en la gala internacional que tendr\u00e1 lugar el d\u00eda 2 de mayo en el Museo Mar\u00edtimo de Barcelona de 20.30 h a 23.00 h, en el marco de la Capital Europea de la Democracia. As\u00ed, se dar\u00e1n a conocer los ganadores de cada una de las siete categor\u00edas de los premios y se les entregar\u00e1n sus trofeos en una velada festiva con comida para el pensamiento (y para el otro tipo), m\u00fasica y entretenimiento.Cada a\u00f1o, m\u00e1s de 500 l\u00edderes de la pol\u00edtica, la sociedad civil y el mundo empresarial de toda Europa se re\u00fanen para saludarse y conocer a sus iguales m\u00e1s all\u00e1 de las fronteras y las l\u00edneas partidistas para reconocer las iniciativas ejemplares. Si desean unirse a nosotros para celebrar la innovaci\u00f3n en pol\u00edtica.El evento es presencial y gratuito.Informaci\u00f3n y reserva de entradas aqu\u00ed","og_url":"https:\/\/programme.capitalofdemocracy.eu\/produkt\/the-annual-innovation-in-politics-awards-2\/","og_site_name":"ECoD - European Capital of Democracy","article_modified_time":"2024-05-04T05:07:01+00:00","og_image":[{"url":"https:\/\/programme.capitalofdemocracy.eu\/wp-content\/uploads\/Image_Awards.jpg","width":1,"height":1,"type":"image\/jpeg"}],"twitter_card":"summary_large_image","twitter_misc":{"Tiempo de lectura":"1 minuto"},"schema":{"@context":"https:\/\/schema.org","@graph":[{"@type":"WebPage","@id":"https:\/\/programme.capitalofdemocracy.eu\/produkt\/the-annual-innovation-in-politics-awards-2\/","url":"https:\/\/programme.capitalofdemocracy.eu\/produkt\/the-annual-innovation-in-politics-awards-2\/","name":"The annual Innovation in Politics Awards - ECoD - European Capital of Democracy","isPartOf":{"@id":"https:\/\/programme.capitalofdemocracy.eu\/es\/#website"},"datePublished":"2024-02-05T16:33:25+00:00","dateModified":"2024-05-04T05:07:01+00:00","breadcrumb":{"@id":"https:\/\/programme.capitalofdemocracy.eu\/produkt\/the-annual-innovation-in-politics-awards-2\/#breadcrumb"},"inLanguage":"es","potentialAction":[{"@type":"ReadAction","target":["https:\/\/programme.capitalofdemocracy.eu\/produkt\/the-annual-innovation-in-politics-awards-2\/"]}]},{"@type":"BreadcrumbList","@id":"https:\/\/programme.capitalofdemocracy.eu\/produkt\/the-annual-innovation-in-politics-awards-2\/#breadcrumb","itemListElement":[{"@type":"ListItem","position":1,"name":"Startseite","item":"https:\/\/programme.capitalofdemocracy.eu\/es\/startseite\/"},{"@type":"ListItem","position":2,"name":"Shop","item":"https:\/\/programme.capitalofdemocracy.eu\/shop\/"},{"@type":"ListItem","position":3,"name":"The annual Innovation in Politics Awards"}]},{"@type":"WebSite","@id":"https:\/\/programme.capitalofdemocracy.eu\/es\/#website","url":"https:\/\/programme.capitalofdemocracy.eu\/es\/","name":"ECoD - European Capital of Democracy","description":"Barcelona, 2023-2024","potentialAction":[{"@type":"SearchAction","target":{"@type":"EntryPoint","urlTemplate":"https:\/\/programme.capitalofdemocracy.eu\/es\/?s={search_term_string}"},"query-input":"required name=search_term_string"}],"inLanguage":"es"}]}},"_links":{"self":[{"href":"https:\/\/programme.capitalofdemocracy.eu\/es\/wp-json\/wp\/v2\/product\/7008","targetHints":{"allow":["GET"]}}],"collection":[{"href":"https:\/\/programme.capitalofdemocracy.eu\/es\/wp-json\/wp\/v2\/product"}],"about":[{"href":"https:\/\/programme.capitalofdemocracy.eu\/es\/wp-json\/wp\/v2\/types\/product"}],"wp:featuredmedia":[{"embeddable":true,"href":"https:\/\/programme.capitalofdemocracy.eu\/es\/wp-json\/wp\/v2\/media\/9180"}],"wp:attachment":[{"href":"https:\/\/programme.capitalofdemocracy.eu\/es\/wp-json\/wp\/v2\/media?parent=7008"}],"wp:term":[{"taxonomy":"ecod-events-districts","embeddable":true,"href":"https:\/\/programme.capitalofdemocracy.eu\/es\/wp-json\/wp\/v2\/ecod-events-districts?post=7008"},{"taxonomy":"ecod-events-organizers","embeddable":true,"href":"https:\/\/programme.capitalofdemocracy.eu\/es\/wp-json\/wp\/v2\/ecod-events-organizers?post=7008"},{"taxonomy":"product_cat","embeddable":true,"href":"https:\/\/programme.capitalofdemocracy.eu\/es\/wp-json\/wp\/v2\/product_cat?post=7008"},{"taxonomy":"product_tag","embeddable":true,"href":"https:\/\/programme.capitalofdemocracy.eu\/es\/wp-json\/wp\/v2\/product_tag?post=7008"}],"curies":[{"name":"wp","href":"https:\/\/api.w.org\/{rel}","templated":true}]}}