{"id":7023,"date":"2024-02-05T17:34:03","date_gmt":"2024-02-05T16:34:03","guid":{"rendered":"https:\/\/programme.capitalofdemocracy.eu\/produkt\/truth-lies-democracy-game-jam-3\/"},"modified":"2024-04-30T05:05:15","modified_gmt":"2024-04-30T03:05:15","slug":"truth-lies-democracy-game-jam-3","status":"publish","type":"product","link":"https:\/\/programme.capitalofdemocracy.eu\/es\/produkt\/truth-lies-democracy-game-jam-3\/","title":{"rendered":"Truth, Lies &amp; Democracy Game Jam"},"content":{"rendered":"","protected":false},"excerpt":{"rendered":"<p>Truth, Lies &amp; Democracy es una <em>game jam<\/em> activista que re\u00fane a la comunidad de juegos europea para defender la democracia y combatir las noticias falsas.<\/p>\n<p>Tres equipos locales y hasta cuatro europeos, participar\u00e1n en una <em>game jam <\/em>de 3 d\u00edas del 17 al 19 de mayo en el Can\u00f3dromo &#8211; Ateneu de Innovaci\u00f3n Digital y Democr\u00e1tica para desarrollar videojuegos y propuestas interactivas centradas en las noticias falsas. Profesionales destacados de las industrias de juegos, tecnolog\u00eda, pol\u00edtica y comunicaci\u00f3n ofrecer\u00e1n charlas y mentor\u00eda.<\/p>\n<p><strong>La iniciativa tiene como objetivo educar a los jugadores sobre los mecanismos de toma de decisiones democr\u00e1ticas, la desinformaci\u00f3n, las<\/strong><em><strong> fake news<\/strong><\/em><strong>, la privacidad y el impacto de las nuevas tecnolog\u00edas en la sociedad. <\/strong>Las noticias falsas representan una amenaza para la democracia al socavar la fe en las elecciones, fomentar la desconfianza, disminuir la confianza en el periodismo y erosionar la confianza en el gobierno.<\/p>\n<p>Europa cuenta con 4.900 estudios de juegos, 200 distribuidores de juegos y 386 millones de jugadores y el proyecto destaca el papel de los juegos en la promoci\u00f3n de los valores europeos y la democracia. Sit\u00faa a los videojuegos como un medio para que las nuevas generaciones expresen c\u00f3mo las democracias deben adaptarse a los cambiantes paisajes culturales y pol\u00edticos.<\/p>\n<p>Truth, Lies &amp; Democracy est\u00e1 comisariada por <a target=\"_blank\" href=\"https:\/\/arsgames.net\/truth-lies-democracy-convocatoria\/\" rel=\"noopener noreferrer\"><strong>ArsGames<\/strong><\/a> y<strong> Mar\u00eda Luj\u00e1n Oulton<\/strong>, con el apoyo de colaboradores locales e internacionales como <strong>Gameloft BCN, GameBCN, IndieDevDay, DeviCat, Nimble Giant Entertainment, ENTI-UB, CITM-UPC, UPF, ENTI-UB, Fundaci\u00f3n Maldita.es y Verificat.<\/strong><\/p>\n<p><a target=\"_blank\" href=\"https:\/\/capitalofdemocracy.barcelona\/conferences\/truthlies\/f\/13\/meetings\/3?locale=es\" rel=\"noopener noreferrer\">M\u00e1s informaci\u00f3n e inscripciones<\/a><\/p>\n","protected":false},"author":5,"featured_media":9073,"template":"","meta":{"_acf_changed":false,"inline_featured_image":false},"ecod-events-districts":[],"ecod-events-organizers":[232,223],"product_cat":[280,225,229,227],"product_tag":[],"class_list":{"0":"post-7023","1":"product","2":"type-product","3":"status-publish","4":"has-post-thumbnail","6":"ecod-events-organizers-city-of-barcelona-es","7":"ecod-events-organizers-city-of-barcelona","8":"product_cat-ecod_highlight-es","9":"product_cat-international-es","10":"product_cat-local-es","11":"product_cat-local","13":"first","14":"instock","15":"shipping-taxable","16":"product-type-simple"},"acf":[],"yoast_head":"<!-- This site is optimized with the Yoast SEO plugin v22.0 - https:\/\/yoast.com\/wordpress\/plugins\/seo\/ -->\n<title>Truth, Lies &amp; Democracy Game Jam - ECoD - European Capital of Democracy<\/title>\n<meta name=\"robots\" content=\"noindex, follow, max-snippet:-1, max-image-preview:large, max-video-preview:-1\" \/>\n<meta property=\"og:locale\" content=\"es_ES\" \/>\n<meta property=\"og:type\" content=\"article\" \/>\n<meta property=\"og:title\" content=\"Truth, Lies &amp; Democracy Game Jam - ECoD - European Capital of Democracy\" \/>\n<meta property=\"og:description\" content=\"Truth, Lies &amp; Democracy es una game jam activista que re\u00fane a la comunidad de juegos europea para defender la democracia y combatir las noticias falsas.Tres equipos locales y hasta cuatro europeos, participar\u00e1n en una game jam de 3 d\u00edas del 17 al 19 de mayo en el Can\u00f3dromo - Ateneu de Innovaci\u00f3n Digital y Democr\u00e1tica para desarrollar videojuegos y propuestas interactivas centradas en las noticias falsas. Profesionales destacados de las industrias de juegos, tecnolog\u00eda, pol\u00edtica y comunicaci\u00f3n ofrecer\u00e1n charlas y mentor\u00eda.La iniciativa tiene como objetivo educar a los jugadores sobre los mecanismos de toma de decisiones democr\u00e1ticas, la desinformaci\u00f3n, las fake news, la privacidad y el impacto de las nuevas tecnolog\u00edas en la sociedad. Las noticias falsas representan una amenaza para la democracia al socavar la fe en las elecciones, fomentar la desconfianza, disminuir la confianza en el periodismo y erosionar la confianza en el gobierno.Europa cuenta con 4.900 estudios de juegos, 200 distribuidores de juegos y 386 millones de jugadores y el proyecto destaca el papel de los juegos en la promoci\u00f3n de los valores europeos y la democracia. Sit\u00faa a los videojuegos como un medio para que las nuevas generaciones expresen c\u00f3mo las democracias deben adaptarse a los cambiantes paisajes culturales y pol\u00edticos.Truth, Lies &amp; Democracy est\u00e1 comisariada por ArsGames y Mar\u00eda Luj\u00e1n Oulton, con el apoyo de colaboradores locales e internacionales como Gameloft BCN, GameBCN, IndieDevDay, DeviCat, Nimble Giant Entertainment, ENTI-UB, CITM-UPC, UPF, ENTI-UB, Fundaci\u00f3n Maldita.es y Verificat.M\u00e1s informaci\u00f3n e inscripciones\" \/>\n<meta property=\"og:url\" content=\"https:\/\/programme.capitalofdemocracy.eu\/produkt\/truth-lies-democracy-game-jam-2\/\" \/>\n<meta property=\"og:site_name\" content=\"ECoD - European Capital of Democracy\" \/>\n<meta property=\"article:modified_time\" content=\"2024-04-30T03:05:15+00:00\" \/>\n<meta property=\"og:image\" content=\"https:\/\/programme.capitalofdemocracy.eu\/wp-content\/uploads\/Captura%20de%20pantalla%202024-01-31%20153419.png\" \/>\n\t<meta property=\"og:image:width\" content=\"1\" \/>\n\t<meta property=\"og:image:height\" content=\"1\" \/>\n\t<meta property=\"og:image:type\" content=\"image\/png\" \/>\n<meta name=\"twitter:card\" content=\"summary_large_image\" \/>\n<script type=\"application\/ld+json\" class=\"yoast-schema-graph\">{\"@context\":\"https:\/\/schema.org\",\"@graph\":[{\"@type\":\"WebPage\",\"@id\":\"https:\/\/programme.capitalofdemocracy.eu\/produkt\/truth-lies-democracy-game-jam-2\/\",\"url\":\"https:\/\/programme.capitalofdemocracy.eu\/produkt\/truth-lies-democracy-game-jam-2\/\",\"name\":\"Truth, Lies &amp; Democracy Game Jam - ECoD - European Capital of Democracy\",\"isPartOf\":{\"@id\":\"https:\/\/programme.capitalofdemocracy.eu\/es\/#website\"},\"datePublished\":\"2024-02-05T16:34:03+00:00\",\"dateModified\":\"2024-04-30T03:05:15+00:00\",\"breadcrumb\":{\"@id\":\"https:\/\/programme.capitalofdemocracy.eu\/produkt\/truth-lies-democracy-game-jam-2\/#breadcrumb\"},\"inLanguage\":\"es\",\"potentialAction\":[{\"@type\":\"ReadAction\",\"target\":[\"https:\/\/programme.capitalofdemocracy.eu\/produkt\/truth-lies-democracy-game-jam-2\/\"]}]},{\"@type\":\"BreadcrumbList\",\"@id\":\"https:\/\/programme.capitalofdemocracy.eu\/produkt\/truth-lies-democracy-game-jam-2\/#breadcrumb\",\"itemListElement\":[{\"@type\":\"ListItem\",\"position\":1,\"name\":\"Startseite\",\"item\":\"https:\/\/programme.capitalofdemocracy.eu\/es\/startseite\/\"},{\"@type\":\"ListItem\",\"position\":2,\"name\":\"Shop\",\"item\":\"https:\/\/programme.capitalofdemocracy.eu\/shop\/\"},{\"@type\":\"ListItem\",\"position\":3,\"name\":\"Truth, Lies &amp; Democracy Game Jam\"}]},{\"@type\":\"WebSite\",\"@id\":\"https:\/\/programme.capitalofdemocracy.eu\/es\/#website\",\"url\":\"https:\/\/programme.capitalofdemocracy.eu\/es\/\",\"name\":\"ECoD - European Capital of Democracy\",\"description\":\"Barcelona, 2023-2024\",\"potentialAction\":[{\"@type\":\"SearchAction\",\"target\":{\"@type\":\"EntryPoint\",\"urlTemplate\":\"https:\/\/programme.capitalofdemocracy.eu\/es\/?s={search_term_string}\"},\"query-input\":\"required name=search_term_string\"}],\"inLanguage\":\"es\"}]}<\/script>\n<!-- \/ Yoast SEO plugin. -->","yoast_head_json":{"title":"Truth, Lies &amp; Democracy Game Jam - ECoD - European Capital of Democracy","robots":{"index":"noindex","follow":"follow","max-snippet":"max-snippet:-1","max-image-preview":"max-image-preview:large","max-video-preview":"max-video-preview:-1"},"og_locale":"es_ES","og_type":"article","og_title":"Truth, Lies &amp; Democracy Game Jam - ECoD - European Capital of Democracy","og_description":"Truth, Lies &amp; Democracy es una game jam activista que re\u00fane a la comunidad de juegos europea para defender la democracia y combatir las noticias falsas.Tres equipos locales y hasta cuatro europeos, participar\u00e1n en una game jam de 3 d\u00edas del 17 al 19 de mayo en el Can\u00f3dromo - Ateneu de Innovaci\u00f3n Digital y Democr\u00e1tica para desarrollar videojuegos y propuestas interactivas centradas en las noticias falsas. Profesionales destacados de las industrias de juegos, tecnolog\u00eda, pol\u00edtica y comunicaci\u00f3n ofrecer\u00e1n charlas y mentor\u00eda.La iniciativa tiene como objetivo educar a los jugadores sobre los mecanismos de toma de decisiones democr\u00e1ticas, la desinformaci\u00f3n, las fake news, la privacidad y el impacto de las nuevas tecnolog\u00edas en la sociedad. Las noticias falsas representan una amenaza para la democracia al socavar la fe en las elecciones, fomentar la desconfianza, disminuir la confianza en el periodismo y erosionar la confianza en el gobierno.Europa cuenta con 4.900 estudios de juegos, 200 distribuidores de juegos y 386 millones de jugadores y el proyecto destaca el papel de los juegos en la promoci\u00f3n de los valores europeos y la democracia. Sit\u00faa a los videojuegos como un medio para que las nuevas generaciones expresen c\u00f3mo las democracias deben adaptarse a los cambiantes paisajes culturales y pol\u00edticos.Truth, Lies &amp; Democracy est\u00e1 comisariada por ArsGames y Mar\u00eda Luj\u00e1n Oulton, con el apoyo de colaboradores locales e internacionales como Gameloft BCN, GameBCN, IndieDevDay, DeviCat, Nimble Giant Entertainment, ENTI-UB, CITM-UPC, UPF, ENTI-UB, Fundaci\u00f3n Maldita.es y Verificat.M\u00e1s informaci\u00f3n e inscripciones","og_url":"https:\/\/programme.capitalofdemocracy.eu\/produkt\/truth-lies-democracy-game-jam-2\/","og_site_name":"ECoD - European Capital of Democracy","article_modified_time":"2024-04-30T03:05:15+00:00","og_image":[{"url":"https:\/\/programme.capitalofdemocracy.eu\/wp-content\/uploads\/Captura%20de%20pantalla%202024-01-31%20153419.png","width":1,"height":1,"type":"image\/png"}],"twitter_card":"summary_large_image","schema":{"@context":"https:\/\/schema.org","@graph":[{"@type":"WebPage","@id":"https:\/\/programme.capitalofdemocracy.eu\/produkt\/truth-lies-democracy-game-jam-2\/","url":"https:\/\/programme.capitalofdemocracy.eu\/produkt\/truth-lies-democracy-game-jam-2\/","name":"Truth, Lies &amp; Democracy Game Jam - ECoD - European Capital of Democracy","isPartOf":{"@id":"https:\/\/programme.capitalofdemocracy.eu\/es\/#website"},"datePublished":"2024-02-05T16:34:03+00:00","dateModified":"2024-04-30T03:05:15+00:00","breadcrumb":{"@id":"https:\/\/programme.capitalofdemocracy.eu\/produkt\/truth-lies-democracy-game-jam-2\/#breadcrumb"},"inLanguage":"es","potentialAction":[{"@type":"ReadAction","target":["https:\/\/programme.capitalofdemocracy.eu\/produkt\/truth-lies-democracy-game-jam-2\/"]}]},{"@type":"BreadcrumbList","@id":"https:\/\/programme.capitalofdemocracy.eu\/produkt\/truth-lies-democracy-game-jam-2\/#breadcrumb","itemListElement":[{"@type":"ListItem","position":1,"name":"Startseite","item":"https:\/\/programme.capitalofdemocracy.eu\/es\/startseite\/"},{"@type":"ListItem","position":2,"name":"Shop","item":"https:\/\/programme.capitalofdemocracy.eu\/shop\/"},{"@type":"ListItem","position":3,"name":"Truth, Lies &amp; Democracy Game Jam"}]},{"@type":"WebSite","@id":"https:\/\/programme.capitalofdemocracy.eu\/es\/#website","url":"https:\/\/programme.capitalofdemocracy.eu\/es\/","name":"ECoD - European Capital of Democracy","description":"Barcelona, 2023-2024","potentialAction":[{"@type":"SearchAction","target":{"@type":"EntryPoint","urlTemplate":"https:\/\/programme.capitalofdemocracy.eu\/es\/?s={search_term_string}"},"query-input":"required name=search_term_string"}],"inLanguage":"es"}]}},"_links":{"self":[{"href":"https:\/\/programme.capitalofdemocracy.eu\/es\/wp-json\/wp\/v2\/product\/7023","targetHints":{"allow":["GET"]}}],"collection":[{"href":"https:\/\/programme.capitalofdemocracy.eu\/es\/wp-json\/wp\/v2\/product"}],"about":[{"href":"https:\/\/programme.capitalofdemocracy.eu\/es\/wp-json\/wp\/v2\/types\/product"}],"author":[{"embeddable":true,"href":"https:\/\/programme.capitalofdemocracy.eu\/es\/wp-json\/wp\/v2\/users\/5"}],"wp:featuredmedia":[{"embeddable":true,"href":"https:\/\/programme.capitalofdemocracy.eu\/es\/wp-json\/wp\/v2\/media\/9073"}],"wp:attachment":[{"href":"https:\/\/programme.capitalofdemocracy.eu\/es\/wp-json\/wp\/v2\/media?parent=7023"}],"wp:term":[{"taxonomy":"ecod-events-districts","embeddable":true,"href":"https:\/\/programme.capitalofdemocracy.eu\/es\/wp-json\/wp\/v2\/ecod-events-districts?post=7023"},{"taxonomy":"ecod-events-organizers","embeddable":true,"href":"https:\/\/programme.capitalofdemocracy.eu\/es\/wp-json\/wp\/v2\/ecod-events-organizers?post=7023"},{"taxonomy":"product_cat","embeddable":true,"href":"https:\/\/programme.capitalofdemocracy.eu\/es\/wp-json\/wp\/v2\/product_cat?post=7023"},{"taxonomy":"product_tag","embeddable":true,"href":"https:\/\/programme.capitalofdemocracy.eu\/es\/wp-json\/wp\/v2\/product_tag?post=7023"}],"curies":[{"name":"wp","href":"https:\/\/api.w.org\/{rel}","templated":true}]}}