{"id":7053,"date":"2024-02-05T17:34:57","date_gmt":"2024-02-05T16:34:57","guid":{"rendered":"https:\/\/programme.capitalofdemocracy.eu\/produkt\/cumbre-europea-de-alcaldes-y-alcaldesas-strengthening-democracy-and-the-role-of-cities-in-the-european-union\/"},"modified":"2024-02-08T15:32:49","modified_gmt":"2024-02-08T14:32:49","slug":"cumbre-europea-de-alcaldes-y-alcaldesas-strengthening-democracy-and-the-role-of-cities-in-the-european-union","status":"publish","type":"product","link":"https:\/\/programme.capitalofdemocracy.eu\/es\/produkt\/cumbre-europea-de-alcaldes-y-alcaldesas-strengthening-democracy-and-the-role-of-cities-in-the-european-union\/","title":{"rendered":"Cumbre Europea de alcaldes y alcaldesas: Strengthening democracy and the role of cities in the European Union"},"content":{"rendered":"","protected":false},"excerpt":{"rendered":"<p>Dado que Barcelona ostenta el t\u00edtulo distinguido de primera capital europea de la democracia, se quieren promover las contribuciones de las ciudades a los valores y la democracia europeos. Durante la Cumbre, que se celebra en el marco de la Smart City World Congress 2023, los alcaldes y alcaldesas tendr\u00e1n la oportunidad de firmar una declaraci\u00f3n dirigida al Consejo Europeo\/Estados miembros de la Uni\u00f3n Europea, reconociendo el papel fundamental que desempe\u00f1an las ciudades para afrontar con eficacia los grandes retos. Adem\u00e1s, se pretende fortalecer la relaci\u00f3n institucional entre las ciudades y la Comisi\u00f3n Europea y el Parlamento Europeo revisando las colaboraciones existentes y definiendo nuevos instrumentos de gobernanza de la UE dise\u00f1ados espec\u00edficamente para las ciudades. Los resultados de la cumbre se presentar\u00e1n a la Presidencia espa\u00f1ola de la Uni\u00f3n Europea.<\/p>\n<p>La Cumbre est\u00e1 organizada conjuntamente por el Ayuntamiento de Barcelona y EUROCITIES, tras las conversaciones y el impulso del Ministro espa\u00f1ol de Asuntos Exteriores, Uni\u00f3n Europea y Cooperaci\u00f3n.<\/p>\n<ul>\n<li>7 de noviembre: 9.45 &#8211; 19.30 h<\/li>\n<li>8 de noviembre: 9.30 &#8211; 18.00 h<\/li>\n<\/ul>\n<p><strong><u>Acto institucional<\/u><\/strong><\/p>\n<p>&nbsp;<\/p>\n<p><img decoding=\"async\" src=\"https:\/\/capitalofdemocracy.barcelona\/rails\/active_storage\/blobs\/redirect\/eyJfcmFpbHMiOnsibWVzc2FnZSI6IkJBaHBBdUVCIiwiZXhwIjpudWxsLCJwdXIiOiJibG9iX2lkIn19--bd10438f3e7a3362e0b93cab5c3cadeba94f18fa\/Logo_Ajuntament%20Barcelona.png\" width=\"160\" \/> <img decoding=\"async\" src=\"https:\/\/capitalofdemocracy.barcelona\/rails\/active_storage\/blobs\/redirect\/eyJfcmFpbHMiOnsibWVzc2FnZSI6IkJBaHBBcGtCIiwiZXhwIjpudWxsLCJwdXIiOiJibG9iX2lkIn19--3377380f0f5a72c2ffc65d32349f2add55f46583\/1._Eurocities-Logo-with_text.png\" width=\"153\" \/><\/p>\n","protected":false},"featured_media":7060,"template":"","meta":{"_acf_changed":false,"inline_featured_image":false},"ecod-events-districts":[],"ecod-events-organizers":[232],"product_cat":[229],"product_tag":[],"class_list":{"0":"post-7053","1":"product","2":"type-product","3":"status-publish","4":"has-post-thumbnail","6":"ecod-events-organizers-city-of-barcelona-es","7":"product_cat-local-es","9":"first","10":"instock","11":"shipping-taxable","12":"product-type-simple"},"acf":[],"yoast_head":"<!-- This site is optimized with the Yoast SEO plugin v22.0 - https:\/\/yoast.com\/wordpress\/plugins\/seo\/ -->\n<title>Cumbre Europea de alcaldes y alcaldesas: Strengthening democracy and the role of cities in the European Union - ECoD - European Capital of Democracy<\/title>\n<meta name=\"robots\" content=\"noindex, follow, max-snippet:-1, max-image-preview:large, max-video-preview:-1\" \/>\n<meta property=\"og:locale\" content=\"es_ES\" \/>\n<meta property=\"og:type\" content=\"article\" \/>\n<meta property=\"og:title\" content=\"Cumbre Europea de alcaldes y alcaldesas: Strengthening democracy and the role of cities in the European Union - ECoD - European Capital of Democracy\" \/>\n<meta property=\"og:description\" content=\"Dado que Barcelona ostenta el t\u00edtulo distinguido de primera capital europea de la democracia, se quieren promover las contribuciones de las ciudades a los valores y la democracia europeos. Durante la Cumbre, que se celebra en el marco de la Smart City World Congress 2023, los alcaldes y alcaldesas tendr\u00e1n la oportunidad de firmar una declaraci\u00f3n dirigida al Consejo Europeo\/Estados miembros de la Uni\u00f3n Europea, reconociendo el papel fundamental que desempe\u00f1an las ciudades para afrontar con eficacia los grandes retos. Adem\u00e1s, se pretende fortalecer la relaci\u00f3n institucional entre las ciudades y la Comisi\u00f3n Europea y el Parlamento Europeo revisando las colaboraciones existentes y definiendo nuevos instrumentos de gobernanza de la UE dise\u00f1ados espec\u00edficamente para las ciudades. Los resultados de la cumbre se presentar\u00e1n a la Presidencia espa\u00f1ola de la Uni\u00f3n Europea.  La Cumbre est\u00e1 organizada conjuntamente por el Ayuntamiento de Barcelona y EUROCITIES, tras las conversaciones y el impulso del Ministro espa\u00f1ol de Asuntos Exteriores, Uni\u00f3n Europea y Cooperaci\u00f3n.   7 de noviembre: 9.45 - 19.30 h  8 de noviembre: 9.30 - 18.00 h  Acto institucional  &nbsp;\" \/>\n<meta property=\"og:url\" content=\"https:\/\/programme.capitalofdemocracy.eu\/es\/produkt\/cumbre-europea-de-alcaldes-y-alcaldesas-strengthening-democracy-and-the-role-of-cities-in-the-european-union\/\" \/>\n<meta property=\"og:site_name\" content=\"ECoD - European Capital of Democracy\" \/>\n<meta property=\"article:modified_time\" content=\"2024-02-08T14:32:49+00:00\" \/>\n<meta property=\"og:image\" content=\"https:\/\/programme.capitalofdemocracy.eu\/wp-content\/uploads\/2024\/02\/Captura%20de%20pantalla%202023-11-09%20a%20las%2011.17.02-1024x390.png\" \/>\n\t<meta property=\"og:image:width\" content=\"1024\" \/>\n\t<meta property=\"og:image:height\" content=\"390\" \/>\n\t<meta property=\"og:image:type\" content=\"image\/png\" \/>\n<meta name=\"twitter:card\" content=\"summary_large_image\" \/>\n<meta name=\"twitter:label1\" content=\"Tiempo de lectura\" \/>\n\t<meta name=\"twitter:data1\" content=\"1 minuto\" \/>\n<script type=\"application\/ld+json\" class=\"yoast-schema-graph\">{\"@context\":\"https:\/\/schema.org\",\"@graph\":[{\"@type\":\"WebPage\",\"@id\":\"https:\/\/programme.capitalofdemocracy.eu\/es\/produkt\/cumbre-europea-de-alcaldes-y-alcaldesas-strengthening-democracy-and-the-role-of-cities-in-the-european-union\/\",\"url\":\"https:\/\/programme.capitalofdemocracy.eu\/es\/produkt\/cumbre-europea-de-alcaldes-y-alcaldesas-strengthening-democracy-and-the-role-of-cities-in-the-european-union\/\",\"name\":\"Cumbre Europea de alcaldes y alcaldesas: Strengthening democracy and the role of cities in the European Union - ECoD - European Capital of Democracy\",\"isPartOf\":{\"@id\":\"https:\/\/programme.capitalofdemocracy.eu\/es\/#website\"},\"datePublished\":\"2024-02-05T16:34:57+00:00\",\"dateModified\":\"2024-02-08T14:32:49+00:00\",\"breadcrumb\":{\"@id\":\"https:\/\/programme.capitalofdemocracy.eu\/es\/produkt\/cumbre-europea-de-alcaldes-y-alcaldesas-strengthening-democracy-and-the-role-of-cities-in-the-european-union\/#breadcrumb\"},\"inLanguage\":\"es\",\"potentialAction\":[{\"@type\":\"ReadAction\",\"target\":[\"https:\/\/programme.capitalofdemocracy.eu\/es\/produkt\/cumbre-europea-de-alcaldes-y-alcaldesas-strengthening-democracy-and-the-role-of-cities-in-the-european-union\/\"]}]},{\"@type\":\"BreadcrumbList\",\"@id\":\"https:\/\/programme.capitalofdemocracy.eu\/es\/produkt\/cumbre-europea-de-alcaldes-y-alcaldesas-strengthening-democracy-and-the-role-of-cities-in-the-european-union\/#breadcrumb\",\"itemListElement\":[{\"@type\":\"ListItem\",\"position\":1,\"name\":\"Startseite\",\"item\":\"https:\/\/programme.capitalofdemocracy.eu\/es\/startseite\/\"},{\"@type\":\"ListItem\",\"position\":2,\"name\":\"Shop\",\"item\":\"https:\/\/programme.capitalofdemocracy.eu\/shop\/\"},{\"@type\":\"ListItem\",\"position\":3,\"name\":\"Cumbre Europea de alcaldes y alcaldesas: Strengthening democracy and the role of cities in the European Union\"}]},{\"@type\":\"WebSite\",\"@id\":\"https:\/\/programme.capitalofdemocracy.eu\/es\/#website\",\"url\":\"https:\/\/programme.capitalofdemocracy.eu\/es\/\",\"name\":\"ECoD - European Capital of Democracy\",\"description\":\"Barcelona, 2023-2024\",\"potentialAction\":[{\"@type\":\"SearchAction\",\"target\":{\"@type\":\"EntryPoint\",\"urlTemplate\":\"https:\/\/programme.capitalofdemocracy.eu\/es\/?s={search_term_string}\"},\"query-input\":\"required name=search_term_string\"}],\"inLanguage\":\"es\"}]}<\/script>\n<!-- \/ Yoast SEO plugin. -->","yoast_head_json":{"title":"Cumbre Europea de alcaldes y alcaldesas: Strengthening democracy and the role of cities in the European Union - ECoD - European Capital of Democracy","robots":{"index":"noindex","follow":"follow","max-snippet":"max-snippet:-1","max-image-preview":"max-image-preview:large","max-video-preview":"max-video-preview:-1"},"og_locale":"es_ES","og_type":"article","og_title":"Cumbre Europea de alcaldes y alcaldesas: Strengthening democracy and the role of cities in the European Union - ECoD - European Capital of Democracy","og_description":"Dado que Barcelona ostenta el t\u00edtulo distinguido de primera capital europea de la democracia, se quieren promover las contribuciones de las ciudades a los valores y la democracia europeos. Durante la Cumbre, que se celebra en el marco de la Smart City World Congress 2023, los alcaldes y alcaldesas tendr\u00e1n la oportunidad de firmar una declaraci\u00f3n dirigida al Consejo Europeo\/Estados miembros de la Uni\u00f3n Europea, reconociendo el papel fundamental que desempe\u00f1an las ciudades para afrontar con eficacia los grandes retos. Adem\u00e1s, se pretende fortalecer la relaci\u00f3n institucional entre las ciudades y la Comisi\u00f3n Europea y el Parlamento Europeo revisando las colaboraciones existentes y definiendo nuevos instrumentos de gobernanza de la UE dise\u00f1ados espec\u00edficamente para las ciudades. Los resultados de la cumbre se presentar\u00e1n a la Presidencia espa\u00f1ola de la Uni\u00f3n Europea.  La Cumbre est\u00e1 organizada conjuntamente por el Ayuntamiento de Barcelona y EUROCITIES, tras las conversaciones y el impulso del Ministro espa\u00f1ol de Asuntos Exteriores, Uni\u00f3n Europea y Cooperaci\u00f3n.   7 de noviembre: 9.45 - 19.30 h  8 de noviembre: 9.30 - 18.00 h  Acto institucional  &nbsp;","og_url":"https:\/\/programme.capitalofdemocracy.eu\/es\/produkt\/cumbre-europea-de-alcaldes-y-alcaldesas-strengthening-democracy-and-the-role-of-cities-in-the-european-union\/","og_site_name":"ECoD - European Capital of Democracy","article_modified_time":"2024-02-08T14:32:49+00:00","og_image":[{"width":1024,"height":390,"url":"https:\/\/programme.capitalofdemocracy.eu\/wp-content\/uploads\/2024\/02\/Captura%20de%20pantalla%202023-11-09%20a%20las%2011.17.02-1024x390.png","type":"image\/png"}],"twitter_card":"summary_large_image","twitter_misc":{"Tiempo de lectura":"1 minuto"},"schema":{"@context":"https:\/\/schema.org","@graph":[{"@type":"WebPage","@id":"https:\/\/programme.capitalofdemocracy.eu\/es\/produkt\/cumbre-europea-de-alcaldes-y-alcaldesas-strengthening-democracy-and-the-role-of-cities-in-the-european-union\/","url":"https:\/\/programme.capitalofdemocracy.eu\/es\/produkt\/cumbre-europea-de-alcaldes-y-alcaldesas-strengthening-democracy-and-the-role-of-cities-in-the-european-union\/","name":"Cumbre Europea de alcaldes y alcaldesas: Strengthening democracy and the role of cities in the European Union - ECoD - European Capital of Democracy","isPartOf":{"@id":"https:\/\/programme.capitalofdemocracy.eu\/es\/#website"},"datePublished":"2024-02-05T16:34:57+00:00","dateModified":"2024-02-08T14:32:49+00:00","breadcrumb":{"@id":"https:\/\/programme.capitalofdemocracy.eu\/es\/produkt\/cumbre-europea-de-alcaldes-y-alcaldesas-strengthening-democracy-and-the-role-of-cities-in-the-european-union\/#breadcrumb"},"inLanguage":"es","potentialAction":[{"@type":"ReadAction","target":["https:\/\/programme.capitalofdemocracy.eu\/es\/produkt\/cumbre-europea-de-alcaldes-y-alcaldesas-strengthening-democracy-and-the-role-of-cities-in-the-european-union\/"]}]},{"@type":"BreadcrumbList","@id":"https:\/\/programme.capitalofdemocracy.eu\/es\/produkt\/cumbre-europea-de-alcaldes-y-alcaldesas-strengthening-democracy-and-the-role-of-cities-in-the-european-union\/#breadcrumb","itemListElement":[{"@type":"ListItem","position":1,"name":"Startseite","item":"https:\/\/programme.capitalofdemocracy.eu\/es\/startseite\/"},{"@type":"ListItem","position":2,"name":"Shop","item":"https:\/\/programme.capitalofdemocracy.eu\/shop\/"},{"@type":"ListItem","position":3,"name":"Cumbre Europea de alcaldes y alcaldesas: Strengthening democracy and the role of cities in the European Union"}]},{"@type":"WebSite","@id":"https:\/\/programme.capitalofdemocracy.eu\/es\/#website","url":"https:\/\/programme.capitalofdemocracy.eu\/es\/","name":"ECoD - European Capital of Democracy","description":"Barcelona, 2023-2024","potentialAction":[{"@type":"SearchAction","target":{"@type":"EntryPoint","urlTemplate":"https:\/\/programme.capitalofdemocracy.eu\/es\/?s={search_term_string}"},"query-input":"required name=search_term_string"}],"inLanguage":"es"}]}},"_links":{"self":[{"href":"https:\/\/programme.capitalofdemocracy.eu\/es\/wp-json\/wp\/v2\/product\/7053","targetHints":{"allow":["GET"]}}],"collection":[{"href":"https:\/\/programme.capitalofdemocracy.eu\/es\/wp-json\/wp\/v2\/product"}],"about":[{"href":"https:\/\/programme.capitalofdemocracy.eu\/es\/wp-json\/wp\/v2\/types\/product"}],"wp:featuredmedia":[{"embeddable":true,"href":"https:\/\/programme.capitalofdemocracy.eu\/es\/wp-json\/wp\/v2\/media\/7060"}],"wp:attachment":[{"href":"https:\/\/programme.capitalofdemocracy.eu\/es\/wp-json\/wp\/v2\/media?parent=7053"}],"wp:term":[{"taxonomy":"ecod-events-districts","embeddable":true,"href":"https:\/\/programme.capitalofdemocracy.eu\/es\/wp-json\/wp\/v2\/ecod-events-districts?post=7053"},{"taxonomy":"ecod-events-organizers","embeddable":true,"href":"https:\/\/programme.capitalofdemocracy.eu\/es\/wp-json\/wp\/v2\/ecod-events-organizers?post=7053"},{"taxonomy":"product_cat","embeddable":true,"href":"https:\/\/programme.capitalofdemocracy.eu\/es\/wp-json\/wp\/v2\/product_cat?post=7053"},{"taxonomy":"product_tag","embeddable":true,"href":"https:\/\/programme.capitalofdemocracy.eu\/es\/wp-json\/wp\/v2\/product_tag?post=7053"}],"curies":[{"name":"wp","href":"https:\/\/api.w.org\/{rel}","templated":true}]}}