{"id":7068,"date":"2024-02-05T17:35:31","date_gmt":"2024-02-05T16:35:31","guid":{"rendered":"https:\/\/programme.capitalofdemocracy.eu\/produkt\/jornadas-sobre-participacion-y-democracia\/"},"modified":"2024-03-15T04:08:54","modified_gmt":"2024-03-15T03:08:54","slug":"jornadas-sobre-participacion-y-democracia","status":"publish","type":"product","link":"https:\/\/programme.capitalofdemocracy.eu\/es\/produkt\/jornadas-sobre-participacion-y-democracia\/","title":{"rendered":"Jornadas sobre participaci\u00f3n y democracia"},"content":{"rendered":"","protected":false},"excerpt":{"rendered":"<p>Las jornadas <a target=\"_blank\" href=\"https:\/\/www.diba.cat\/es\/web\/jornades-innovacio-democratica-i-participacio-al-mon-local\/inici\" rel=\"noopener noreferrer\">Innovaci\u00f3n democr\u00e1tica y participaci\u00f3n en el mundo local<\/a>, que tendr\u00e1n lugar el <strong>11 y 12 de abril en el Espai Francesca Bonnemaison<\/strong>, pretenden ser un espacio de encuentro con el territorio para intercambiar ideas y experiencias entre todos aquellos actores vinculados al mundo de la innovaci\u00f3n democr\u00e1tica y la participaci\u00f3n.<\/p>\n<p>Organizadas con la colaboraci\u00f3n del Ayuntamiento de Barcelona y la Generalitat de Catalu\u00f1a, las jornadas se enmarcan en la celebraci\u00f3n de la Capital Europea de la Democracia Barcelona 2023-2024 y son una<strong> oportunidad para profundizar en las l\u00f3gicas de participaci\u00f3n e innovaci\u00f3n democr\u00e1tica, consolidar las relaciones entre los actores vinculados a la innovaci\u00f3n y la participaci\u00f3n del territorio y plantear retos y desaf\u00edos de futuro.<\/strong><\/p>\n<p><\/p>\n<div class=\"editor-content-image\" data-image=\"\"><img decoding=\"async\" src=\"https:\/\/capitalofdemocracy.barcelona\/rails\/active_storage\/blobs\/redirect\/eyJfcmFpbHMiOnsibWVzc2FnZSI6IkJBaHBBaHNDIiwiZXhwIjpudWxsLCJwdXIiOiJibG9iX2lkIn19--201ce188cdf918783da733d78885c3dfb7d0fe1d\/Logotipo_de_la_Generalitat_de_Catalunya.svg%20(1).png\" alt=\"\" width=\"177\"><\/div>\n<\/p>\n<div class=\"editor-content-image\" data-image=\"\"><img decoding=\"async\" src=\"https:\/\/capitalofdemocracy.barcelona\/rails\/active_storage\/blobs\/redirect\/eyJfcmFpbHMiOnsibWVzc2FnZSI6IkJBaHBBcU1DIiwiZXhwIjpudWxsLCJwdXIiOiJibG9iX2lkIn19--2827f74a1d81537fd85f13aa41388c90e7796267\/Logotip_Diputacio%CC%81_de_Barcelona.png\" alt=\"\" width=\"149\"><\/div>\n<\/p>\n<div class=\"editor-content-image\" data-image=\"\"><img decoding=\"async\" src=\"https:\/\/capitalofdemocracy.barcelona\/rails\/active_storage\/blobs\/redirect\/eyJfcmFpbHMiOnsibWVzc2FnZSI6IkJBaHBBaHdDIiwiZXhwIjpudWxsLCJwdXIiOiJibG9iX2lkIn19--13a273a2eaf7ea2e74b660a6a9a82c175753560e\/Sin%20ti%CC%81tulo-2-01.png\" alt=\"\" width=\"141\"><\/div>\n","protected":false},"featured_media":8338,"template":"","meta":{"_acf_changed":false,"inline_featured_image":false},"ecod-events-districts":[],"ecod-events-organizers":[223],"product_cat":[227],"product_tag":[],"class_list":{"0":"post-7068","1":"product","2":"type-product","3":"status-publish","4":"has-post-thumbnail","6":"ecod-events-organizers-city-of-barcelona","7":"product_cat-local","9":"first","10":"instock","11":"shipping-taxable","12":"product-type-simple"},"acf":[],"yoast_head":"<!-- This site is optimized with the Yoast SEO plugin v22.0 - https:\/\/yoast.com\/wordpress\/plugins\/seo\/ -->\n<title>Jornadas sobre participaci\u00f3n y democracia - ECoD - European Capital of Democracy<\/title>\n<meta name=\"robots\" content=\"noindex, follow, max-snippet:-1, max-image-preview:large, max-video-preview:-1\" \/>\n<meta property=\"og:locale\" content=\"es_ES\" \/>\n<meta property=\"og:type\" content=\"article\" \/>\n<meta property=\"og:title\" content=\"Jornadas sobre participaci\u00f3n y democracia - ECoD - European Capital of Democracy\" \/>\n<meta property=\"og:description\" content=\"Las jornadas Innovaci\u00f3n democr\u00e1tica y participaci\u00f3n en el mundo local, que tendr\u00e1n lugar el 11 y 12 de abril en el Espai Francesca Bonnemaison, pretenden ser un espacio de encuentro con el territorio para intercambiar ideas y experiencias entre todos aquellos actores vinculados al mundo de la innovaci\u00f3n democr\u00e1tica y la participaci\u00f3n.Organizadas con la colaboraci\u00f3n del Ayuntamiento de Barcelona y la Generalitat de Catalu\u00f1a, las jornadas se enmarcan en la celebraci\u00f3n de la Capital Europea de la Democracia Barcelona 2023-2024 y son una oportunidad para profundizar en las l\u00f3gicas de participaci\u00f3n e innovaci\u00f3n democr\u00e1tica, consolidar las relaciones entre los actores vinculados a la innovaci\u00f3n y la participaci\u00f3n del territorio y plantear retos y desaf\u00edos de futuro.\" \/>\n<meta property=\"og:url\" content=\"https:\/\/programme.capitalofdemocracy.eu\/produkt\/conference-on-participation-and-democracy-2\/\" \/>\n<meta property=\"og:site_name\" content=\"ECoD - European Capital of Democracy\" \/>\n<meta property=\"article:modified_time\" content=\"2024-03-15T03:08:54+00:00\" \/>\n<meta property=\"og:image\" content=\"https:\/\/programme.capitalofdemocracy.eu\/wp-content\/uploads\/2024\/03\/IMG-targeto.png\" \/>\n\t<meta property=\"og:image:width\" content=\"1773\" \/>\n\t<meta property=\"og:image:height\" content=\"1000\" \/>\n\t<meta property=\"og:image:type\" content=\"image\/png\" \/>\n<meta name=\"twitter:card\" content=\"summary_large_image\" \/>\n<meta name=\"twitter:label1\" content=\"Tiempo de lectura\" \/>\n\t<meta name=\"twitter:data1\" content=\"1 minuto\" \/>\n<script type=\"application\/ld+json\" class=\"yoast-schema-graph\">{\"@context\":\"https:\/\/schema.org\",\"@graph\":[{\"@type\":\"WebPage\",\"@id\":\"https:\/\/programme.capitalofdemocracy.eu\/produkt\/conference-on-participation-and-democracy-2\/\",\"url\":\"https:\/\/programme.capitalofdemocracy.eu\/produkt\/conference-on-participation-and-democracy-2\/\",\"name\":\"Jornadas sobre participaci\u00f3n y democracia - ECoD - European Capital of Democracy\",\"isPartOf\":{\"@id\":\"https:\/\/programme.capitalofdemocracy.eu\/es\/#website\"},\"datePublished\":\"2024-02-05T16:35:31+00:00\",\"dateModified\":\"2024-03-15T03:08:54+00:00\",\"breadcrumb\":{\"@id\":\"https:\/\/programme.capitalofdemocracy.eu\/produkt\/conference-on-participation-and-democracy-2\/#breadcrumb\"},\"inLanguage\":\"es\",\"potentialAction\":[{\"@type\":\"ReadAction\",\"target\":[\"https:\/\/programme.capitalofdemocracy.eu\/produkt\/conference-on-participation-and-democracy-2\/\"]}]},{\"@type\":\"BreadcrumbList\",\"@id\":\"https:\/\/programme.capitalofdemocracy.eu\/produkt\/conference-on-participation-and-democracy-2\/#breadcrumb\",\"itemListElement\":[{\"@type\":\"ListItem\",\"position\":1,\"name\":\"Startseite\",\"item\":\"https:\/\/programme.capitalofdemocracy.eu\/es\/startseite\/\"},{\"@type\":\"ListItem\",\"position\":2,\"name\":\"Shop\",\"item\":\"https:\/\/programme.capitalofdemocracy.eu\/shop\/\"},{\"@type\":\"ListItem\",\"position\":3,\"name\":\"Jornadas sobre participaci\u00f3n y democracia\"}]},{\"@type\":\"WebSite\",\"@id\":\"https:\/\/programme.capitalofdemocracy.eu\/es\/#website\",\"url\":\"https:\/\/programme.capitalofdemocracy.eu\/es\/\",\"name\":\"ECoD - European Capital of Democracy\",\"description\":\"Barcelona, 2023-2024\",\"potentialAction\":[{\"@type\":\"SearchAction\",\"target\":{\"@type\":\"EntryPoint\",\"urlTemplate\":\"https:\/\/programme.capitalofdemocracy.eu\/es\/?s={search_term_string}\"},\"query-input\":\"required name=search_term_string\"}],\"inLanguage\":\"es\"}]}<\/script>\n<!-- \/ Yoast SEO plugin. -->","yoast_head_json":{"title":"Jornadas sobre participaci\u00f3n y democracia - ECoD - European Capital of Democracy","robots":{"index":"noindex","follow":"follow","max-snippet":"max-snippet:-1","max-image-preview":"max-image-preview:large","max-video-preview":"max-video-preview:-1"},"og_locale":"es_ES","og_type":"article","og_title":"Jornadas sobre participaci\u00f3n y democracia - ECoD - European Capital of Democracy","og_description":"Las jornadas Innovaci\u00f3n democr\u00e1tica y participaci\u00f3n en el mundo local, que tendr\u00e1n lugar el 11 y 12 de abril en el Espai Francesca Bonnemaison, pretenden ser un espacio de encuentro con el territorio para intercambiar ideas y experiencias entre todos aquellos actores vinculados al mundo de la innovaci\u00f3n democr\u00e1tica y la participaci\u00f3n.Organizadas con la colaboraci\u00f3n del Ayuntamiento de Barcelona y la Generalitat de Catalu\u00f1a, las jornadas se enmarcan en la celebraci\u00f3n de la Capital Europea de la Democracia Barcelona 2023-2024 y son una oportunidad para profundizar en las l\u00f3gicas de participaci\u00f3n e innovaci\u00f3n democr\u00e1tica, consolidar las relaciones entre los actores vinculados a la innovaci\u00f3n y la participaci\u00f3n del territorio y plantear retos y desaf\u00edos de futuro.","og_url":"https:\/\/programme.capitalofdemocracy.eu\/produkt\/conference-on-participation-and-democracy-2\/","og_site_name":"ECoD - European Capital of Democracy","article_modified_time":"2024-03-15T03:08:54+00:00","og_image":[{"width":1773,"height":1000,"url":"https:\/\/programme.capitalofdemocracy.eu\/wp-content\/uploads\/2024\/03\/IMG-targeto.png","type":"image\/png"}],"twitter_card":"summary_large_image","twitter_misc":{"Tiempo de lectura":"1 minuto"},"schema":{"@context":"https:\/\/schema.org","@graph":[{"@type":"WebPage","@id":"https:\/\/programme.capitalofdemocracy.eu\/produkt\/conference-on-participation-and-democracy-2\/","url":"https:\/\/programme.capitalofdemocracy.eu\/produkt\/conference-on-participation-and-democracy-2\/","name":"Jornadas sobre participaci\u00f3n y democracia - ECoD - European Capital of Democracy","isPartOf":{"@id":"https:\/\/programme.capitalofdemocracy.eu\/es\/#website"},"datePublished":"2024-02-05T16:35:31+00:00","dateModified":"2024-03-15T03:08:54+00:00","breadcrumb":{"@id":"https:\/\/programme.capitalofdemocracy.eu\/produkt\/conference-on-participation-and-democracy-2\/#breadcrumb"},"inLanguage":"es","potentialAction":[{"@type":"ReadAction","target":["https:\/\/programme.capitalofdemocracy.eu\/produkt\/conference-on-participation-and-democracy-2\/"]}]},{"@type":"BreadcrumbList","@id":"https:\/\/programme.capitalofdemocracy.eu\/produkt\/conference-on-participation-and-democracy-2\/#breadcrumb","itemListElement":[{"@type":"ListItem","position":1,"name":"Startseite","item":"https:\/\/programme.capitalofdemocracy.eu\/es\/startseite\/"},{"@type":"ListItem","position":2,"name":"Shop","item":"https:\/\/programme.capitalofdemocracy.eu\/shop\/"},{"@type":"ListItem","position":3,"name":"Jornadas sobre participaci\u00f3n y democracia"}]},{"@type":"WebSite","@id":"https:\/\/programme.capitalofdemocracy.eu\/es\/#website","url":"https:\/\/programme.capitalofdemocracy.eu\/es\/","name":"ECoD - European Capital of Democracy","description":"Barcelona, 2023-2024","potentialAction":[{"@type":"SearchAction","target":{"@type":"EntryPoint","urlTemplate":"https:\/\/programme.capitalofdemocracy.eu\/es\/?s={search_term_string}"},"query-input":"required name=search_term_string"}],"inLanguage":"es"}]}},"_links":{"self":[{"href":"https:\/\/programme.capitalofdemocracy.eu\/es\/wp-json\/wp\/v2\/product\/7068","targetHints":{"allow":["GET"]}}],"collection":[{"href":"https:\/\/programme.capitalofdemocracy.eu\/es\/wp-json\/wp\/v2\/product"}],"about":[{"href":"https:\/\/programme.capitalofdemocracy.eu\/es\/wp-json\/wp\/v2\/types\/product"}],"wp:featuredmedia":[{"embeddable":true,"href":"https:\/\/programme.capitalofdemocracy.eu\/es\/wp-json\/wp\/v2\/media\/8338"}],"wp:attachment":[{"href":"https:\/\/programme.capitalofdemocracy.eu\/es\/wp-json\/wp\/v2\/media?parent=7068"}],"wp:term":[{"taxonomy":"ecod-events-districts","embeddable":true,"href":"https:\/\/programme.capitalofdemocracy.eu\/es\/wp-json\/wp\/v2\/ecod-events-districts?post=7068"},{"taxonomy":"ecod-events-organizers","embeddable":true,"href":"https:\/\/programme.capitalofdemocracy.eu\/es\/wp-json\/wp\/v2\/ecod-events-organizers?post=7068"},{"taxonomy":"product_cat","embeddable":true,"href":"https:\/\/programme.capitalofdemocracy.eu\/es\/wp-json\/wp\/v2\/product_cat?post=7068"},{"taxonomy":"product_tag","embeddable":true,"href":"https:\/\/programme.capitalofdemocracy.eu\/es\/wp-json\/wp\/v2\/product_tag?post=7068"}],"curies":[{"name":"wp","href":"https:\/\/api.w.org\/{rel}","templated":true}]}}