{"id":7143,"date":"2024-02-05T17:36:56","date_gmt":"2024-02-05T16:36:56","guid":{"rendered":"https:\/\/programme.capitalofdemocracy.eu\/produkt\/future4citizens-dialogues-3\/"},"modified":"2024-02-08T15:28:29","modified_gmt":"2024-02-08T14:28:29","slug":"future4citizens-dialogues-3","status":"publish","type":"product","link":"https:\/\/programme.capitalofdemocracy.eu\/es\/produkt\/future4citizens-dialogues-3\/","title":{"rendered":"Future4Citizens Dialogues"},"content":{"rendered":"","protected":false},"excerpt":{"rendered":"<p>Al invitar a la ciudadan\u00eda a construir narrativas no polarizadas ya reimaginar colectivamente soluciones concretas, este evento nos ayuda a cambiar la forma en que pensamos y hablamos sobre nuestro futuro com\u00fan.<\/p>\n<p><a href=\"https:\/\/re-imagine.eu\/future4citizens-barcelona\" target=\"_blank\" rel=\"noopener noreferrer\">M\u00e1s informaci\u00f3n<\/a><\/p>\n<p>&nbsp;<\/p>\n<p><img decoding=\"async\" src=\"https:\/\/capitalofdemocracy.barcelona\/rails\/active_storage\/blobs\/redirect\/eyJfcmFpbHMiOnsibWVzc2FnZSI6IkJBaHBBaFlDIiwiZXhwIjpudWxsLCJwdXIiOiJibG9iX2lkIn19--275f32cf093aeeeb2cb87940719ebc5789e96104\/descarga%20(8)%20copia.png\" width=\"92\" \/><\/p>\n","protected":false},"author":5,"featured_media":7150,"template":"","meta":{"_acf_changed":false,"inline_featured_image":false},"ecod-events-districts":[],"ecod-events-organizers":[232],"product_cat":[229],"product_tag":[],"class_list":{"0":"post-7143","1":"product","2":"type-product","3":"status-publish","4":"has-post-thumbnail","6":"ecod-events-organizers-city-of-barcelona-es","7":"product_cat-local-es","9":"first","10":"instock","11":"shipping-taxable","12":"product-type-simple"},"acf":[],"yoast_head":"<!-- This site is optimized with the Yoast SEO plugin v22.0 - https:\/\/yoast.com\/wordpress\/plugins\/seo\/ -->\n<title>Future4Citizens Dialogues - ECoD - European Capital of Democracy<\/title>\n<meta name=\"robots\" content=\"noindex, follow, max-snippet:-1, max-image-preview:large, max-video-preview:-1\" \/>\n<meta property=\"og:locale\" content=\"es_ES\" \/>\n<meta property=\"og:type\" content=\"article\" \/>\n<meta property=\"og:title\" content=\"Future4Citizens Dialogues - ECoD - European Capital of Democracy\" \/>\n<meta property=\"og:description\" content=\"Al invitar a la ciudadan\u00eda a construir narrativas no polarizadas ya reimaginar colectivamente soluciones concretas, este evento nos ayuda a cambiar la forma en que pensamos y hablamos sobre nuestro futuro com\u00fan.  M\u00e1s informaci\u00f3n  &nbsp;\" \/>\n<meta property=\"og:url\" content=\"https:\/\/programme.capitalofdemocracy.eu\/es\/produkt\/future4citizens-dialogues-3\/\" \/>\n<meta property=\"og:site_name\" content=\"ECoD - European Capital of Democracy\" \/>\n<meta property=\"article:modified_time\" content=\"2024-02-08T14:28:29+00:00\" \/>\n<meta property=\"og:image\" content=\"https:\/\/programme.capitalofdemocracy.eu\/wp-content\/uploads\/2024\/02\/WhatsApp%20Image%202023-10-19%20at%2012.59.47.jpeg\" \/>\n\t<meta property=\"og:image:width\" content=\"1024\" \/>\n\t<meta property=\"og:image:height\" content=\"768\" \/>\n\t<meta property=\"og:image:type\" content=\"image\/jpeg\" \/>\n<meta name=\"twitter:card\" content=\"summary_large_image\" \/>\n<meta name=\"twitter:label1\" content=\"Tiempo de lectura\" \/>\n\t<meta name=\"twitter:data1\" content=\"1 minuto\" \/>\n<script type=\"application\/ld+json\" class=\"yoast-schema-graph\">{\"@context\":\"https:\/\/schema.org\",\"@graph\":[{\"@type\":\"WebPage\",\"@id\":\"https:\/\/programme.capitalofdemocracy.eu\/es\/produkt\/future4citizens-dialogues-3\/\",\"url\":\"https:\/\/programme.capitalofdemocracy.eu\/es\/produkt\/future4citizens-dialogues-3\/\",\"name\":\"Future4Citizens Dialogues - ECoD - European Capital of Democracy\",\"isPartOf\":{\"@id\":\"https:\/\/programme.capitalofdemocracy.eu\/es\/#website\"},\"datePublished\":\"2024-02-05T16:36:56+00:00\",\"dateModified\":\"2024-02-08T14:28:29+00:00\",\"breadcrumb\":{\"@id\":\"https:\/\/programme.capitalofdemocracy.eu\/es\/produkt\/future4citizens-dialogues-3\/#breadcrumb\"},\"inLanguage\":\"es\",\"potentialAction\":[{\"@type\":\"ReadAction\",\"target\":[\"https:\/\/programme.capitalofdemocracy.eu\/es\/produkt\/future4citizens-dialogues-3\/\"]}]},{\"@type\":\"BreadcrumbList\",\"@id\":\"https:\/\/programme.capitalofdemocracy.eu\/es\/produkt\/future4citizens-dialogues-3\/#breadcrumb\",\"itemListElement\":[{\"@type\":\"ListItem\",\"position\":1,\"name\":\"Startseite\",\"item\":\"https:\/\/programme.capitalofdemocracy.eu\/es\/startseite\/\"},{\"@type\":\"ListItem\",\"position\":2,\"name\":\"Shop\",\"item\":\"https:\/\/programme.capitalofdemocracy.eu\/shop\/\"},{\"@type\":\"ListItem\",\"position\":3,\"name\":\"Future4Citizens Dialogues\"}]},{\"@type\":\"WebSite\",\"@id\":\"https:\/\/programme.capitalofdemocracy.eu\/es\/#website\",\"url\":\"https:\/\/programme.capitalofdemocracy.eu\/es\/\",\"name\":\"ECoD - European Capital of Democracy\",\"description\":\"Barcelona, 2023-2024\",\"potentialAction\":[{\"@type\":\"SearchAction\",\"target\":{\"@type\":\"EntryPoint\",\"urlTemplate\":\"https:\/\/programme.capitalofdemocracy.eu\/es\/?s={search_term_string}\"},\"query-input\":\"required name=search_term_string\"}],\"inLanguage\":\"es\"}]}<\/script>\n<!-- \/ Yoast SEO plugin. -->","yoast_head_json":{"title":"Future4Citizens Dialogues - ECoD - European Capital of Democracy","robots":{"index":"noindex","follow":"follow","max-snippet":"max-snippet:-1","max-image-preview":"max-image-preview:large","max-video-preview":"max-video-preview:-1"},"og_locale":"es_ES","og_type":"article","og_title":"Future4Citizens Dialogues - ECoD - European Capital of Democracy","og_description":"Al invitar a la ciudadan\u00eda a construir narrativas no polarizadas ya reimaginar colectivamente soluciones concretas, este evento nos ayuda a cambiar la forma en que pensamos y hablamos sobre nuestro futuro com\u00fan.  M\u00e1s informaci\u00f3n  &nbsp;","og_url":"https:\/\/programme.capitalofdemocracy.eu\/es\/produkt\/future4citizens-dialogues-3\/","og_site_name":"ECoD - European Capital of Democracy","article_modified_time":"2024-02-08T14:28:29+00:00","og_image":[{"width":1024,"height":768,"url":"https:\/\/programme.capitalofdemocracy.eu\/wp-content\/uploads\/2024\/02\/WhatsApp%20Image%202023-10-19%20at%2012.59.47.jpeg","type":"image\/jpeg"}],"twitter_card":"summary_large_image","twitter_misc":{"Tiempo de lectura":"1 minuto"},"schema":{"@context":"https:\/\/schema.org","@graph":[{"@type":"WebPage","@id":"https:\/\/programme.capitalofdemocracy.eu\/es\/produkt\/future4citizens-dialogues-3\/","url":"https:\/\/programme.capitalofdemocracy.eu\/es\/produkt\/future4citizens-dialogues-3\/","name":"Future4Citizens Dialogues - ECoD - European Capital of Democracy","isPartOf":{"@id":"https:\/\/programme.capitalofdemocracy.eu\/es\/#website"},"datePublished":"2024-02-05T16:36:56+00:00","dateModified":"2024-02-08T14:28:29+00:00","breadcrumb":{"@id":"https:\/\/programme.capitalofdemocracy.eu\/es\/produkt\/future4citizens-dialogues-3\/#breadcrumb"},"inLanguage":"es","potentialAction":[{"@type":"ReadAction","target":["https:\/\/programme.capitalofdemocracy.eu\/es\/produkt\/future4citizens-dialogues-3\/"]}]},{"@type":"BreadcrumbList","@id":"https:\/\/programme.capitalofdemocracy.eu\/es\/produkt\/future4citizens-dialogues-3\/#breadcrumb","itemListElement":[{"@type":"ListItem","position":1,"name":"Startseite","item":"https:\/\/programme.capitalofdemocracy.eu\/es\/startseite\/"},{"@type":"ListItem","position":2,"name":"Shop","item":"https:\/\/programme.capitalofdemocracy.eu\/shop\/"},{"@type":"ListItem","position":3,"name":"Future4Citizens Dialogues"}]},{"@type":"WebSite","@id":"https:\/\/programme.capitalofdemocracy.eu\/es\/#website","url":"https:\/\/programme.capitalofdemocracy.eu\/es\/","name":"ECoD - European Capital of Democracy","description":"Barcelona, 2023-2024","potentialAction":[{"@type":"SearchAction","target":{"@type":"EntryPoint","urlTemplate":"https:\/\/programme.capitalofdemocracy.eu\/es\/?s={search_term_string}"},"query-input":"required name=search_term_string"}],"inLanguage":"es"}]}},"_links":{"self":[{"href":"https:\/\/programme.capitalofdemocracy.eu\/es\/wp-json\/wp\/v2\/product\/7143","targetHints":{"allow":["GET"]}}],"collection":[{"href":"https:\/\/programme.capitalofdemocracy.eu\/es\/wp-json\/wp\/v2\/product"}],"about":[{"href":"https:\/\/programme.capitalofdemocracy.eu\/es\/wp-json\/wp\/v2\/types\/product"}],"author":[{"embeddable":true,"href":"https:\/\/programme.capitalofdemocracy.eu\/es\/wp-json\/wp\/v2\/users\/5"}],"wp:featuredmedia":[{"embeddable":true,"href":"https:\/\/programme.capitalofdemocracy.eu\/es\/wp-json\/wp\/v2\/media\/7150"}],"wp:attachment":[{"href":"https:\/\/programme.capitalofdemocracy.eu\/es\/wp-json\/wp\/v2\/media?parent=7143"}],"wp:term":[{"taxonomy":"ecod-events-districts","embeddable":true,"href":"https:\/\/programme.capitalofdemocracy.eu\/es\/wp-json\/wp\/v2\/ecod-events-districts?post=7143"},{"taxonomy":"ecod-events-organizers","embeddable":true,"href":"https:\/\/programme.capitalofdemocracy.eu\/es\/wp-json\/wp\/v2\/ecod-events-organizers?post=7143"},{"taxonomy":"product_cat","embeddable":true,"href":"https:\/\/programme.capitalofdemocracy.eu\/es\/wp-json\/wp\/v2\/product_cat?post=7143"},{"taxonomy":"product_tag","embeddable":true,"href":"https:\/\/programme.capitalofdemocracy.eu\/es\/wp-json\/wp\/v2\/product_tag?post=7143"}],"curies":[{"name":"wp","href":"https:\/\/api.w.org\/{rel}","templated":true}]}}