{"id":7158,"date":"2024-02-05T17:37:00","date_gmt":"2024-02-05T16:37:00","guid":{"rendered":"https:\/\/programme.capitalofdemocracy.eu\/produkt\/iytts-fifth-annual-international-youth-conference-4\/"},"modified":"2024-02-08T15:28:21","modified_gmt":"2024-02-08T14:28:21","slug":"iytts-fifth-annual-international-youth-conference-4","status":"publish","type":"product","link":"https:\/\/programme.capitalofdemocracy.eu\/es\/produkt\/iytts-fifth-annual-international-youth-conference-4\/","title":{"rendered":"IYTT*s fifth annual International Youth Conference"},"content":{"rendered":"","protected":false},"excerpt":{"rendered":"<p>Muchas personas en el mundo permanecen sin ser escuchadas o est\u00e1n excluidas de la democracia representativa, mientras reg\u00edmenes autoritarios manipulan c\u00ednicamente y socavan procesos democr\u00e1ticos. Los desaf\u00edos sociales deben ser abordados con las fortalezas persistentes de una democracia abierta y viva que haga realidad la igualdad pol\u00edtica, el empoderamiento, la participaci\u00f3n y la liberaci\u00f3n de las personas de nuevas maneras.<\/p>\n<p>En una competencia re\u00f1ida, de entre 540 solicitudes de 68 nacionalidades diferentes, se han seleccionado a 24 j\u00f3venes innovadores\/as en democracia de 12 pa\u00edses diferentes para asistir a la quinta Conferencia Internacional de Juventud en Barcelona. Durante la Capital Europea de la Democracia, este &#8220;c\u00edrculo de pensamiento&#8221; joven se reunir\u00e1 con el encargo de desarrollar propuestas tangibles sobre c\u00f3mo empoderar a las personas e innovar en la democracia.<\/p>\n<p>Las personas participantes se reunir\u00e1n con profesionales ejecutivos e investigadores como parte de un programa estructurado y moderado. Se espera que fundamenten sus ideas visionarias en razones fundamentadas y que las discutan y desarrollen en un espacio de colaboraci\u00f3n.<\/p>\n<p>La conferencia concluir\u00e1 con un informe y una presentaci\u00f3n el \u00faltimo d\u00eda, el 23 de noviembre, que ser\u00e1 el \u00fanico abierto al p\u00fablico y se podr\u00e1 seguir de manera presencial, en Barcelona, y online.<\/p>\n<ul>\n<li>Para ser invitados o invitadas al evento, es necesario inscribirse en <a href=\"https:\/\/iythinktank.com\/international-youth-conference-2023\/#sign-up\" target=\"_blank\" rel=\"noopener noreferrer\">esta lista de correo<\/a>.<\/li>\n<li>Para obtener m\u00e1s informaci\u00f3n sobre las personas participantes y las moderadoras de la conferencia, visita <a href=\"https:\/\/iythinktank.com\/international-youth-conference-2023\/\" target=\"_blank\" rel=\"noopener noreferrer\">el sitio web de IYTT.<\/a><\/li>\n<\/ul>\n<p><strong>Programa:<\/strong><\/p>\n<ul>\n<li>20 de noviembre: 9.00 \u2013 19.15 h<\/li>\n<li>21 de noviembre: 8.00 \u2013 22.00 h<\/li>\n<li>22 de noviembre: 9.00 \u2013 19.45 h<\/li>\n<li>23 de noviembre: 9.00 \u2013 16.15 h<\/li>\n<\/ul>\n<p><img decoding=\"async\" src=\"https:\/\/capitalofdemocracy.barcelona\/rails\/active_storage\/blobs\/redirect\/eyJfcmFpbHMiOnsibWVzc2FnZSI6IkJBaHBBcUVCIiwiZXhwIjpudWxsLCJwdXIiOiJibG9iX2lkIn19--c85843aa55a8fb73a1d1efe1b12762c4e285e198\/Internacional%20Youth%20Think%20Tank.png\" width=\"158\" \/><\/p>\n","protected":false},"author":5,"featured_media":7165,"template":"","meta":{"_acf_changed":false,"inline_featured_image":false},"ecod-events-districts":[],"ecod-events-organizers":[232],"product_cat":[229],"product_tag":[],"class_list":{"0":"post-7158","1":"product","2":"type-product","3":"status-publish","4":"has-post-thumbnail","6":"ecod-events-organizers-city-of-barcelona-es","7":"product_cat-local-es","9":"first","10":"instock","11":"shipping-taxable","12":"product-type-simple"},"acf":[],"yoast_head":"<!-- This site is optimized with the Yoast SEO plugin v22.0 - https:\/\/yoast.com\/wordpress\/plugins\/seo\/ -->\n<title>IYTT*s fifth annual International Youth Conference - ECoD - European Capital of Democracy<\/title>\n<meta name=\"robots\" content=\"noindex, follow, max-snippet:-1, max-image-preview:large, max-video-preview:-1\" \/>\n<meta property=\"og:locale\" content=\"es_ES\" \/>\n<meta property=\"og:type\" content=\"article\" \/>\n<meta property=\"og:title\" content=\"IYTT*s fifth annual International Youth Conference - ECoD - European Capital of Democracy\" \/>\n<meta property=\"og:description\" content=\"Muchas personas en el mundo permanecen sin ser escuchadas o est\u00e1n excluidas de la democracia representativa, mientras reg\u00edmenes autoritarios manipulan c\u00ednicamente y socavan procesos democr\u00e1ticos. Los desaf\u00edos sociales deben ser abordados con las fortalezas persistentes de una democracia abierta y viva que haga realidad la igualdad pol\u00edtica, el empoderamiento, la participaci\u00f3n y la liberaci\u00f3n de las personas de nuevas maneras.  En una competencia re\u00f1ida, de entre 540 solicitudes de 68 nacionalidades diferentes, se han seleccionado a 24 j\u00f3venes innovadores\/as en democracia de 12 pa\u00edses diferentes para asistir a la quinta Conferencia Internacional de Juventud en Barcelona. Durante la Capital Europea de la Democracia, este &quot;c\u00edrculo de pensamiento&quot; joven se reunir\u00e1 con el encargo de desarrollar propuestas tangibles sobre c\u00f3mo empoderar a las personas e innovar en la democracia.  Las personas participantes se reunir\u00e1n con profesionales ejecutivos e investigadores como parte de un programa estructurado y moderado. Se espera que fundamenten sus ideas visionarias en razones fundamentadas y que las discutan y desarrollen en un espacio de colaboraci\u00f3n.  La conferencia concluir\u00e1 con un informe y una presentaci\u00f3n el \u00faltimo d\u00eda, el 23 de noviembre, que ser\u00e1 el \u00fanico abierto al p\u00fablico y se podr\u00e1 seguir de manera presencial, en Barcelona, y online.   Para ser invitados o invitadas al evento, es necesario inscribirse en esta lista de correo.  Para obtener m\u00e1s informaci\u00f3n sobre las personas participantes y las moderadoras de la conferencia, visita el sitio web de IYTT.  Programa:   20 de noviembre: 9.00 \u2013 19.15 h  21 de noviembre: 8.00 \u2013 22.00 h  22 de noviembre: 9.00 \u2013 19.45 h  23 de noviembre: 9.00 \u2013 16.15 h\" \/>\n<meta property=\"og:url\" content=\"https:\/\/programme.capitalofdemocracy.eu\/es\/produkt\/iytts-fifth-annual-international-youth-conference-4\/\" \/>\n<meta property=\"og:site_name\" content=\"ECoD - European Capital of Democracy\" \/>\n<meta property=\"article:modified_time\" content=\"2024-02-08T14:28:21+00:00\" \/>\n<meta property=\"og:image\" content=\"https:\/\/programme.capitalofdemocracy.eu\/wp-content\/uploads\/2024\/02\/F_nPuY4XoAA9GXv.jpg\" \/>\n\t<meta property=\"og:image:width\" content=\"1535\" \/>\n\t<meta property=\"og:image:height\" content=\"879\" \/>\n\t<meta property=\"og:image:type\" content=\"image\/jpeg\" \/>\n<meta name=\"twitter:card\" content=\"summary_large_image\" \/>\n<meta name=\"twitter:label1\" content=\"Tiempo de lectura\" \/>\n\t<meta name=\"twitter:data1\" content=\"1 minuto\" \/>\n<script type=\"application\/ld+json\" class=\"yoast-schema-graph\">{\"@context\":\"https:\/\/schema.org\",\"@graph\":[{\"@type\":\"WebPage\",\"@id\":\"https:\/\/programme.capitalofdemocracy.eu\/es\/produkt\/iytts-fifth-annual-international-youth-conference-4\/\",\"url\":\"https:\/\/programme.capitalofdemocracy.eu\/es\/produkt\/iytts-fifth-annual-international-youth-conference-4\/\",\"name\":\"IYTT*s fifth annual International Youth Conference - ECoD - European Capital of Democracy\",\"isPartOf\":{\"@id\":\"https:\/\/programme.capitalofdemocracy.eu\/es\/#website\"},\"datePublished\":\"2024-02-05T16:37:00+00:00\",\"dateModified\":\"2024-02-08T14:28:21+00:00\",\"breadcrumb\":{\"@id\":\"https:\/\/programme.capitalofdemocracy.eu\/es\/produkt\/iytts-fifth-annual-international-youth-conference-4\/#breadcrumb\"},\"inLanguage\":\"es\",\"potentialAction\":[{\"@type\":\"ReadAction\",\"target\":[\"https:\/\/programme.capitalofdemocracy.eu\/es\/produkt\/iytts-fifth-annual-international-youth-conference-4\/\"]}]},{\"@type\":\"BreadcrumbList\",\"@id\":\"https:\/\/programme.capitalofdemocracy.eu\/es\/produkt\/iytts-fifth-annual-international-youth-conference-4\/#breadcrumb\",\"itemListElement\":[{\"@type\":\"ListItem\",\"position\":1,\"name\":\"Startseite\",\"item\":\"https:\/\/programme.capitalofdemocracy.eu\/es\/startseite\/\"},{\"@type\":\"ListItem\",\"position\":2,\"name\":\"Shop\",\"item\":\"https:\/\/programme.capitalofdemocracy.eu\/shop\/\"},{\"@type\":\"ListItem\",\"position\":3,\"name\":\"IYTT*s fifth annual International Youth Conference\"}]},{\"@type\":\"WebSite\",\"@id\":\"https:\/\/programme.capitalofdemocracy.eu\/es\/#website\",\"url\":\"https:\/\/programme.capitalofdemocracy.eu\/es\/\",\"name\":\"ECoD - European Capital of Democracy\",\"description\":\"Barcelona, 2023-2024\",\"potentialAction\":[{\"@type\":\"SearchAction\",\"target\":{\"@type\":\"EntryPoint\",\"urlTemplate\":\"https:\/\/programme.capitalofdemocracy.eu\/es\/?s={search_term_string}\"},\"query-input\":\"required name=search_term_string\"}],\"inLanguage\":\"es\"}]}<\/script>\n<!-- \/ Yoast SEO plugin. -->","yoast_head_json":{"title":"IYTT*s fifth annual International Youth Conference - ECoD - European Capital of Democracy","robots":{"index":"noindex","follow":"follow","max-snippet":"max-snippet:-1","max-image-preview":"max-image-preview:large","max-video-preview":"max-video-preview:-1"},"og_locale":"es_ES","og_type":"article","og_title":"IYTT*s fifth annual International Youth Conference - ECoD - European Capital of Democracy","og_description":"Muchas personas en el mundo permanecen sin ser escuchadas o est\u00e1n excluidas de la democracia representativa, mientras reg\u00edmenes autoritarios manipulan c\u00ednicamente y socavan procesos democr\u00e1ticos. Los desaf\u00edos sociales deben ser abordados con las fortalezas persistentes de una democracia abierta y viva que haga realidad la igualdad pol\u00edtica, el empoderamiento, la participaci\u00f3n y la liberaci\u00f3n de las personas de nuevas maneras.  En una competencia re\u00f1ida, de entre 540 solicitudes de 68 nacionalidades diferentes, se han seleccionado a 24 j\u00f3venes innovadores\/as en democracia de 12 pa\u00edses diferentes para asistir a la quinta Conferencia Internacional de Juventud en Barcelona. Durante la Capital Europea de la Democracia, este \"c\u00edrculo de pensamiento\" joven se reunir\u00e1 con el encargo de desarrollar propuestas tangibles sobre c\u00f3mo empoderar a las personas e innovar en la democracia.  Las personas participantes se reunir\u00e1n con profesionales ejecutivos e investigadores como parte de un programa estructurado y moderado. Se espera que fundamenten sus ideas visionarias en razones fundamentadas y que las discutan y desarrollen en un espacio de colaboraci\u00f3n.  La conferencia concluir\u00e1 con un informe y una presentaci\u00f3n el \u00faltimo d\u00eda, el 23 de noviembre, que ser\u00e1 el \u00fanico abierto al p\u00fablico y se podr\u00e1 seguir de manera presencial, en Barcelona, y online.   Para ser invitados o invitadas al evento, es necesario inscribirse en esta lista de correo.  Para obtener m\u00e1s informaci\u00f3n sobre las personas participantes y las moderadoras de la conferencia, visita el sitio web de IYTT.  Programa:   20 de noviembre: 9.00 \u2013 19.15 h  21 de noviembre: 8.00 \u2013 22.00 h  22 de noviembre: 9.00 \u2013 19.45 h  23 de noviembre: 9.00 \u2013 16.15 h","og_url":"https:\/\/programme.capitalofdemocracy.eu\/es\/produkt\/iytts-fifth-annual-international-youth-conference-4\/","og_site_name":"ECoD - European Capital of Democracy","article_modified_time":"2024-02-08T14:28:21+00:00","og_image":[{"width":1535,"height":879,"url":"https:\/\/programme.capitalofdemocracy.eu\/wp-content\/uploads\/2024\/02\/F_nPuY4XoAA9GXv.jpg","type":"image\/jpeg"}],"twitter_card":"summary_large_image","twitter_misc":{"Tiempo de lectura":"1 minuto"},"schema":{"@context":"https:\/\/schema.org","@graph":[{"@type":"WebPage","@id":"https:\/\/programme.capitalofdemocracy.eu\/es\/produkt\/iytts-fifth-annual-international-youth-conference-4\/","url":"https:\/\/programme.capitalofdemocracy.eu\/es\/produkt\/iytts-fifth-annual-international-youth-conference-4\/","name":"IYTT*s fifth annual International Youth Conference - ECoD - European Capital of Democracy","isPartOf":{"@id":"https:\/\/programme.capitalofdemocracy.eu\/es\/#website"},"datePublished":"2024-02-05T16:37:00+00:00","dateModified":"2024-02-08T14:28:21+00:00","breadcrumb":{"@id":"https:\/\/programme.capitalofdemocracy.eu\/es\/produkt\/iytts-fifth-annual-international-youth-conference-4\/#breadcrumb"},"inLanguage":"es","potentialAction":[{"@type":"ReadAction","target":["https:\/\/programme.capitalofdemocracy.eu\/es\/produkt\/iytts-fifth-annual-international-youth-conference-4\/"]}]},{"@type":"BreadcrumbList","@id":"https:\/\/programme.capitalofdemocracy.eu\/es\/produkt\/iytts-fifth-annual-international-youth-conference-4\/#breadcrumb","itemListElement":[{"@type":"ListItem","position":1,"name":"Startseite","item":"https:\/\/programme.capitalofdemocracy.eu\/es\/startseite\/"},{"@type":"ListItem","position":2,"name":"Shop","item":"https:\/\/programme.capitalofdemocracy.eu\/shop\/"},{"@type":"ListItem","position":3,"name":"IYTT*s fifth annual International Youth Conference"}]},{"@type":"WebSite","@id":"https:\/\/programme.capitalofdemocracy.eu\/es\/#website","url":"https:\/\/programme.capitalofdemocracy.eu\/es\/","name":"ECoD - European Capital of Democracy","description":"Barcelona, 2023-2024","potentialAction":[{"@type":"SearchAction","target":{"@type":"EntryPoint","urlTemplate":"https:\/\/programme.capitalofdemocracy.eu\/es\/?s={search_term_string}"},"query-input":"required name=search_term_string"}],"inLanguage":"es"}]}},"_links":{"self":[{"href":"https:\/\/programme.capitalofdemocracy.eu\/es\/wp-json\/wp\/v2\/product\/7158","targetHints":{"allow":["GET"]}}],"collection":[{"href":"https:\/\/programme.capitalofdemocracy.eu\/es\/wp-json\/wp\/v2\/product"}],"about":[{"href":"https:\/\/programme.capitalofdemocracy.eu\/es\/wp-json\/wp\/v2\/types\/product"}],"author":[{"embeddable":true,"href":"https:\/\/programme.capitalofdemocracy.eu\/es\/wp-json\/wp\/v2\/users\/5"}],"wp:featuredmedia":[{"embeddable":true,"href":"https:\/\/programme.capitalofdemocracy.eu\/es\/wp-json\/wp\/v2\/media\/7165"}],"wp:attachment":[{"href":"https:\/\/programme.capitalofdemocracy.eu\/es\/wp-json\/wp\/v2\/media?parent=7158"}],"wp:term":[{"taxonomy":"ecod-events-districts","embeddable":true,"href":"https:\/\/programme.capitalofdemocracy.eu\/es\/wp-json\/wp\/v2\/ecod-events-districts?post=7158"},{"taxonomy":"ecod-events-organizers","embeddable":true,"href":"https:\/\/programme.capitalofdemocracy.eu\/es\/wp-json\/wp\/v2\/ecod-events-organizers?post=7158"},{"taxonomy":"product_cat","embeddable":true,"href":"https:\/\/programme.capitalofdemocracy.eu\/es\/wp-json\/wp\/v2\/product_cat?post=7158"},{"taxonomy":"product_tag","embeddable":true,"href":"https:\/\/programme.capitalofdemocracy.eu\/es\/wp-json\/wp\/v2\/product_tag?post=7158"}],"curies":[{"name":"wp","href":"https:\/\/api.w.org\/{rel}","templated":true}]}}