{"id":7173,"date":"2024-02-05T17:37:07","date_gmt":"2024-02-05T16:37:07","guid":{"rendered":"https:\/\/programme.capitalofdemocracy.eu\/produkt\/acto-de-entrega-del-premio-participa-en-la-escuela-2022\/"},"modified":"2024-03-13T04:16:24","modified_gmt":"2024-03-13T03:16:24","slug":"acto-de-entrega-del-premio-participa-en-la-escuela-2022","status":"publish","type":"product","link":"https:\/\/programme.capitalofdemocracy.eu\/es\/produkt\/acto-de-entrega-del-premio-participa-en-la-escuela-2022\/","title":{"rendered":"Acto de entrega del Premio Participa en la Escuela 2022"},"content":{"rendered":"","protected":false},"excerpt":{"rendered":"<p>El Premio Participa en la Escuela 2022 reconoce las experiencias participativas en centros educativos de primaria y secundaria. El premio incluye hasta 8.000 euros, junto con un diploma de reconocimiento. En \u00faltima instancia, el objetivo es crear una escuela m\u00e1s democr\u00e1tica con alumnos m\u00e1s activos y comprometidos en su comunidad educativa.<\/p>\n<p>Los centros ganadores de este a\u00f1o son:<\/p>\n<ul>\n<li>\n<p><strong>El Instituto Escola Castellter\u00e7ol, con el proyecto &#8220;Educando en democracia&#8221;<\/strong>. Esta iniciativa, que implica una asamblea de aula y un parlamento de alumnos, destaca por su participaci\u00f3n activa de toda la comunidad educativa. Un proyecto participativo, seg\u00fan el premio, surge de la iniciativa de los alumnos o respeta sus formas de organizaci\u00f3n y relaci\u00f3n. Adem\u00e1s, incluye diversos colectivos, tanto internos como externos a la escuela, marcando un impacto significativo en la vida democr\u00e1tica del instituto. Tambi\u00e9n busca implicar a grupos que no suelen participar, fomentando la participaci\u00f3n seg\u00fan las capacidades de cada uno y permitiendo la evaluaci\u00f3n de su \u00e9xito. El acto de entrega del premio tendr\u00e1 lugar el viernes 17 de noviembre a las 10.30 h, en Castellter\u00e7ol.<\/p>\n<\/li>\n<li>\n<p><strong>El 15 de diciembre tambi\u00e9n se otorgar\u00e1 el premio a la Escuela Jaume Miret de las Soses de Lleida, por el proyecto <\/strong><a target=\"_blank\" href=\"https:\/\/governobert.gencat.cat\/web\/.content\/02_Actualitat\/2022\/11\/Memoria_SETMANA_DE_LA_SOSTENIBILITAT_Jaume-Miret.pdf\" rel=\"noopener noreferrer\"><strong>Semana de la sostenibilidad<\/strong><\/a> y<strong> a la <\/strong><a target=\"_blank\" href=\"https:\/\/allem.cat\/associacio-planco\/\" rel=\"noopener noreferrer\"><strong>Asociaci\u00f3n Plan\u00e7\u00f3<\/strong><\/a><strong> de Lleida, que es la titular de la Escuela de Educaci\u00f3n Especial Plan\u00e7\u00f3.<\/strong><\/p>\n<\/li>\n<\/ul>\n<p><a target=\"_blank\" href=\"https:\/\/governobert.gencat.cat\/ca\/participacio-ciutadana\/societat-civil\/premi\/index.html#googtrans(ca|es)\" rel=\"noopener noreferrer\">M\u00e1s informaci\u00f3n<\/a><\/p>\n<div class=\"editor-content-image\" data-image=\"\"><img decoding=\"async\" src=\"\/rails\/active_storage\/blobs\/redirect\/eyJfcmFpbHMiOnsibWVzc2FnZSI6IkJBaHBBcUVHIiwiZXhwIjpudWxsLCJwdXIiOiJibG9iX2lkIn19--3f1eb473e067a6e011af55ce5e56f1cac6ca9c50\/image.png\" alt=\"image\" width=\"200\"><\/div>\n<div class=\"editor-content-image\" data-image=\"\"><img decoding=\"async\" src=\"\/rails\/active_storage\/blobs\/redirect\/eyJfcmFpbHMiOnsibWVzc2FnZSI6IkJBaHBBcUlHIiwiZXhwIjpudWxsLCJwdXIiOiJibG9iX2lkIn19--dca2a59d0f4657f9343533c6260a0423a9a456a9\/image.png\" alt=\"image\" width=\"200\"><\/div>\n","protected":false},"author":5,"featured_media":8252,"template":"","meta":{"_acf_changed":false,"inline_featured_image":false},"ecod-events-districts":[],"ecod-events-organizers":[223,232],"product_cat":[227,229],"product_tag":[],"class_list":{"0":"post-7173","1":"product","2":"type-product","3":"status-publish","4":"has-post-thumbnail","6":"ecod-events-organizers-city-of-barcelona","7":"ecod-events-organizers-city-of-barcelona-es","8":"product_cat-local","9":"product_cat-local-es","11":"first","12":"instock","13":"shipping-taxable","14":"product-type-simple"},"acf":[],"yoast_head":"<!-- This site is optimized with the Yoast SEO plugin v22.0 - https:\/\/yoast.com\/wordpress\/plugins\/seo\/ -->\n<title>Acto de entrega del Premio Participa en la Escuela 2022 - ECoD - European Capital of Democracy<\/title>\n<meta name=\"robots\" content=\"noindex, follow, max-snippet:-1, max-image-preview:large, max-video-preview:-1\" \/>\n<meta property=\"og:locale\" content=\"es_ES\" \/>\n<meta property=\"og:type\" content=\"article\" \/>\n<meta property=\"og:title\" content=\"Acto de entrega del Premio Participa en la Escuela 2022 - ECoD - European Capital of Democracy\" \/>\n<meta property=\"og:description\" content=\"El Premio Participa en la Escuela 2022 reconoce las experiencias participativas en centros educativos de primaria y secundaria. El premio incluye hasta 8.000 euros, junto con un diploma de reconocimiento. En \u00faltima instancia, el objetivo es crear una escuela m\u00e1s democr\u00e1tica con alumnos m\u00e1s activos y comprometidos en su comunidad educativa.Los centros ganadores de este a\u00f1o son:El Instituto Escola Castellter\u00e7ol, con el proyecto &quot;Educando en democracia&quot;. Esta iniciativa, que implica una asamblea de aula y un parlamento de alumnos, destaca por su participaci\u00f3n activa de toda la comunidad educativa. Un proyecto participativo, seg\u00fan el premio, surge de la iniciativa de los alumnos o respeta sus formas de organizaci\u00f3n y relaci\u00f3n. Adem\u00e1s, incluye diversos colectivos, tanto internos como externos a la escuela, marcando un impacto significativo en la vida democr\u00e1tica del instituto. Tambi\u00e9n busca implicar a grupos que no suelen participar, fomentando la participaci\u00f3n seg\u00fan las capacidades de cada uno y permitiendo la evaluaci\u00f3n de su \u00e9xito. El acto de entrega del premio tendr\u00e1 lugar el viernes 17 de noviembre a las 10.30 h, en Castellter\u00e7ol.El 15 de diciembre tambi\u00e9n se otorgar\u00e1 el premio a la Escuela Jaume Miret de las Soses de Lleida, por el proyecto Semana de la sostenibilidad y a la Asociaci\u00f3n Plan\u00e7\u00f3 de Lleida, que es la titular de la Escuela de Educaci\u00f3n Especial Plan\u00e7\u00f3.M\u00e1s informaci\u00f3n\" \/>\n<meta property=\"og:url\" content=\"https:\/\/programme.capitalofdemocracy.eu\/produkt\/award-ceremony-for-the-participate-in-school-award-2022\/\" \/>\n<meta property=\"og:site_name\" content=\"ECoD - European Capital of Democracy\" \/>\n<meta property=\"article:modified_time\" content=\"2024-03-13T03:16:24+00:00\" \/>\n<meta property=\"og:image\" content=\"https:\/\/programme.capitalofdemocracy.eu\/wp-content\/uploads\/2024\/02\/IMG_20231117_105808-768x576.jpg\" \/>\n\t<meta property=\"og:image:width\" content=\"768\" \/>\n\t<meta property=\"og:image:height\" content=\"576\" \/>\n\t<meta property=\"og:image:type\" content=\"image\/jpeg\" \/>\n<meta name=\"twitter:card\" content=\"summary_large_image\" \/>\n<meta name=\"twitter:label1\" content=\"Tiempo de lectura\" \/>\n\t<meta name=\"twitter:data1\" content=\"1 minuto\" \/>\n<script type=\"application\/ld+json\" class=\"yoast-schema-graph\">{\"@context\":\"https:\/\/schema.org\",\"@graph\":[{\"@type\":\"WebPage\",\"@id\":\"https:\/\/programme.capitalofdemocracy.eu\/produkt\/award-ceremony-for-the-participate-in-school-award-2022\/\",\"url\":\"https:\/\/programme.capitalofdemocracy.eu\/produkt\/award-ceremony-for-the-participate-in-school-award-2022\/\",\"name\":\"Acto de entrega del Premio Participa en la Escuela 2022 - ECoD - European Capital of Democracy\",\"isPartOf\":{\"@id\":\"https:\/\/programme.capitalofdemocracy.eu\/es\/#website\"},\"datePublished\":\"2024-02-05T16:37:07+00:00\",\"dateModified\":\"2024-03-13T03:16:24+00:00\",\"breadcrumb\":{\"@id\":\"https:\/\/programme.capitalofdemocracy.eu\/produkt\/award-ceremony-for-the-participate-in-school-award-2022\/#breadcrumb\"},\"inLanguage\":\"es\",\"potentialAction\":[{\"@type\":\"ReadAction\",\"target\":[\"https:\/\/programme.capitalofdemocracy.eu\/produkt\/award-ceremony-for-the-participate-in-school-award-2022\/\"]}]},{\"@type\":\"BreadcrumbList\",\"@id\":\"https:\/\/programme.capitalofdemocracy.eu\/produkt\/award-ceremony-for-the-participate-in-school-award-2022\/#breadcrumb\",\"itemListElement\":[{\"@type\":\"ListItem\",\"position\":1,\"name\":\"Startseite\",\"item\":\"https:\/\/programme.capitalofdemocracy.eu\/es\/startseite\/\"},{\"@type\":\"ListItem\",\"position\":2,\"name\":\"Shop\",\"item\":\"https:\/\/programme.capitalofdemocracy.eu\/shop\/\"},{\"@type\":\"ListItem\",\"position\":3,\"name\":\"Acto de entrega del Premio Participa en la Escuela 2022\"}]},{\"@type\":\"WebSite\",\"@id\":\"https:\/\/programme.capitalofdemocracy.eu\/es\/#website\",\"url\":\"https:\/\/programme.capitalofdemocracy.eu\/es\/\",\"name\":\"ECoD - European Capital of Democracy\",\"description\":\"Barcelona, 2023-2024\",\"potentialAction\":[{\"@type\":\"SearchAction\",\"target\":{\"@type\":\"EntryPoint\",\"urlTemplate\":\"https:\/\/programme.capitalofdemocracy.eu\/es\/?s={search_term_string}\"},\"query-input\":\"required name=search_term_string\"}],\"inLanguage\":\"es\"}]}<\/script>\n<!-- \/ Yoast SEO plugin. -->","yoast_head_json":{"title":"Acto de entrega del Premio Participa en la Escuela 2022 - ECoD - European Capital of Democracy","robots":{"index":"noindex","follow":"follow","max-snippet":"max-snippet:-1","max-image-preview":"max-image-preview:large","max-video-preview":"max-video-preview:-1"},"og_locale":"es_ES","og_type":"article","og_title":"Acto de entrega del Premio Participa en la Escuela 2022 - ECoD - European Capital of Democracy","og_description":"El Premio Participa en la Escuela 2022 reconoce las experiencias participativas en centros educativos de primaria y secundaria. El premio incluye hasta 8.000 euros, junto con un diploma de reconocimiento. En \u00faltima instancia, el objetivo es crear una escuela m\u00e1s democr\u00e1tica con alumnos m\u00e1s activos y comprometidos en su comunidad educativa.Los centros ganadores de este a\u00f1o son:El Instituto Escola Castellter\u00e7ol, con el proyecto \"Educando en democracia\". Esta iniciativa, que implica una asamblea de aula y un parlamento de alumnos, destaca por su participaci\u00f3n activa de toda la comunidad educativa. Un proyecto participativo, seg\u00fan el premio, surge de la iniciativa de los alumnos o respeta sus formas de organizaci\u00f3n y relaci\u00f3n. Adem\u00e1s, incluye diversos colectivos, tanto internos como externos a la escuela, marcando un impacto significativo en la vida democr\u00e1tica del instituto. Tambi\u00e9n busca implicar a grupos que no suelen participar, fomentando la participaci\u00f3n seg\u00fan las capacidades de cada uno y permitiendo la evaluaci\u00f3n de su \u00e9xito. El acto de entrega del premio tendr\u00e1 lugar el viernes 17 de noviembre a las 10.30 h, en Castellter\u00e7ol.El 15 de diciembre tambi\u00e9n se otorgar\u00e1 el premio a la Escuela Jaume Miret de las Soses de Lleida, por el proyecto Semana de la sostenibilidad y a la Asociaci\u00f3n Plan\u00e7\u00f3 de Lleida, que es la titular de la Escuela de Educaci\u00f3n Especial Plan\u00e7\u00f3.M\u00e1s informaci\u00f3n","og_url":"https:\/\/programme.capitalofdemocracy.eu\/produkt\/award-ceremony-for-the-participate-in-school-award-2022\/","og_site_name":"ECoD - European Capital of Democracy","article_modified_time":"2024-03-13T03:16:24+00:00","og_image":[{"width":768,"height":576,"url":"https:\/\/programme.capitalofdemocracy.eu\/wp-content\/uploads\/2024\/02\/IMG_20231117_105808-768x576.jpg","type":"image\/jpeg"}],"twitter_card":"summary_large_image","twitter_misc":{"Tiempo de lectura":"1 minuto"},"schema":{"@context":"https:\/\/schema.org","@graph":[{"@type":"WebPage","@id":"https:\/\/programme.capitalofdemocracy.eu\/produkt\/award-ceremony-for-the-participate-in-school-award-2022\/","url":"https:\/\/programme.capitalofdemocracy.eu\/produkt\/award-ceremony-for-the-participate-in-school-award-2022\/","name":"Acto de entrega del Premio Participa en la Escuela 2022 - ECoD - European Capital of Democracy","isPartOf":{"@id":"https:\/\/programme.capitalofdemocracy.eu\/es\/#website"},"datePublished":"2024-02-05T16:37:07+00:00","dateModified":"2024-03-13T03:16:24+00:00","breadcrumb":{"@id":"https:\/\/programme.capitalofdemocracy.eu\/produkt\/award-ceremony-for-the-participate-in-school-award-2022\/#breadcrumb"},"inLanguage":"es","potentialAction":[{"@type":"ReadAction","target":["https:\/\/programme.capitalofdemocracy.eu\/produkt\/award-ceremony-for-the-participate-in-school-award-2022\/"]}]},{"@type":"BreadcrumbList","@id":"https:\/\/programme.capitalofdemocracy.eu\/produkt\/award-ceremony-for-the-participate-in-school-award-2022\/#breadcrumb","itemListElement":[{"@type":"ListItem","position":1,"name":"Startseite","item":"https:\/\/programme.capitalofdemocracy.eu\/es\/startseite\/"},{"@type":"ListItem","position":2,"name":"Shop","item":"https:\/\/programme.capitalofdemocracy.eu\/shop\/"},{"@type":"ListItem","position":3,"name":"Acto de entrega del Premio Participa en la Escuela 2022"}]},{"@type":"WebSite","@id":"https:\/\/programme.capitalofdemocracy.eu\/es\/#website","url":"https:\/\/programme.capitalofdemocracy.eu\/es\/","name":"ECoD - European Capital of Democracy","description":"Barcelona, 2023-2024","potentialAction":[{"@type":"SearchAction","target":{"@type":"EntryPoint","urlTemplate":"https:\/\/programme.capitalofdemocracy.eu\/es\/?s={search_term_string}"},"query-input":"required name=search_term_string"}],"inLanguage":"es"}]}},"_links":{"self":[{"href":"https:\/\/programme.capitalofdemocracy.eu\/es\/wp-json\/wp\/v2\/product\/7173","targetHints":{"allow":["GET"]}}],"collection":[{"href":"https:\/\/programme.capitalofdemocracy.eu\/es\/wp-json\/wp\/v2\/product"}],"about":[{"href":"https:\/\/programme.capitalofdemocracy.eu\/es\/wp-json\/wp\/v2\/types\/product"}],"author":[{"embeddable":true,"href":"https:\/\/programme.capitalofdemocracy.eu\/es\/wp-json\/wp\/v2\/users\/5"}],"wp:featuredmedia":[{"embeddable":true,"href":"https:\/\/programme.capitalofdemocracy.eu\/es\/wp-json\/wp\/v2\/media\/8252"}],"wp:attachment":[{"href":"https:\/\/programme.capitalofdemocracy.eu\/es\/wp-json\/wp\/v2\/media?parent=7173"}],"wp:term":[{"taxonomy":"ecod-events-districts","embeddable":true,"href":"https:\/\/programme.capitalofdemocracy.eu\/es\/wp-json\/wp\/v2\/ecod-events-districts?post=7173"},{"taxonomy":"ecod-events-organizers","embeddable":true,"href":"https:\/\/programme.capitalofdemocracy.eu\/es\/wp-json\/wp\/v2\/ecod-events-organizers?post=7173"},{"taxonomy":"product_cat","embeddable":true,"href":"https:\/\/programme.capitalofdemocracy.eu\/es\/wp-json\/wp\/v2\/product_cat?post=7173"},{"taxonomy":"product_tag","embeddable":true,"href":"https:\/\/programme.capitalofdemocracy.eu\/es\/wp-json\/wp\/v2\/product_tag?post=7173"}],"curies":[{"name":"wp","href":"https:\/\/api.w.org\/{rel}","templated":true}]}}