{"id":7233,"date":"2024-02-05T17:38:26","date_gmt":"2024-02-05T16:38:26","guid":{"rendered":"https:\/\/programme.capitalofdemocracy.eu\/produkt\/acto-de-entrega-de-la-i-edicion-de-los-premios-compromis-metropolita\/"},"modified":"2024-02-08T15:09:36","modified_gmt":"2024-02-08T14:09:36","slug":"acto-de-entrega-de-la-i-edicion-de-los-premios-compromis-metropolita","status":"publish","type":"product","link":"https:\/\/programme.capitalofdemocracy.eu\/es\/produkt\/acto-de-entrega-de-la-i-edicion-de-los-premios-compromis-metropolita\/","title":{"rendered":"Acto de entrega de la I edici\u00f3n de los Premios Comprom\u00eds Metropolit\u00e0"},"content":{"rendered":"","protected":false},"excerpt":{"rendered":"<p>El d\u00eda <strong>12 de diciembre de 2023<\/strong> el PEMB convocar\u00e1 la I edici\u00f3n de los<strong> Premios Compromiso Metropolitano<\/strong>, un acto de reconocimiento p\u00fablico por parte de la asociaci\u00f3n a programas, proyectos e iniciativas que se alineen con los principios que han regido el proceso Barcelona Dem\u00e0 y que est\u00e1n vigentes en el despliegue del Compromiso Metropolitano 2030.<\/p>\n<p>De acuerdo con esto se han establecido tres modalidades de premios:<\/p>\n<ul>\n<li><strong>Premio &#8220;Dimensi\u00f3n metropolitana\u201d<\/strong>. Reconocimiento al programa, proyecto o iniciativa que m\u00e1s contribuya a poner de relieve el alcance metropolitano a la hora de hacer frente a los retos en el contexto de las misiones del CM2030.<\/li>\n<li><strong>Premio &#8220;Misiones 2030<\/strong>\u201d. Reconocimiento al programa, proyecto o iniciativa que m\u00e1s contribuya a avanzar en el objetivo fundamental del CM2030 (reducci\u00f3n de las desigualdades sociales y territoriales en contexto de cambio clim\u00e1tico), en el marco del despliegue de las ocho misiones que lo configuran.<\/li>\n<li><strong>Premio &#8220;Alianzas estrat\u00e9gicas\u201d<\/strong>. Reconocimiento al programa, proyecto o iniciativa que mejor ejemplifique la colaboraci\u00f3n multiactor, para destacar especialmente el hecho de que la cooperaci\u00f3n entre actores diversos de la qu\u00edntuple h\u00e9lice haya sido clave.<\/li>\n<\/ul>\n<p>Durante el acto, tambi\u00e9n se dar\u00e1 a conocer a la persona ganadora de la 3\u00aa edici\u00f3n de la <a href=\"https:\/\/pemb.cat\/es\/noticias\/beca_santacana_convocatoria_abierta_para_proyectos_de_investigacion_en_estrategias_urbanas_y_metropolitanas\/380\/\" target=\"_blank\" rel=\"noopener noreferrer\">Beca Santacana<\/a>, una beca convocada en memoria del primer coordinador general del PEMB, Francesc Santacana, y que est\u00e1 destinada a un proyecto de investigaci\u00f3n individual que aborde cuestiones relacionadas con estrategias urbanas en la regi\u00f3n metropolitana de Barcelona.<\/p>\n<p>El acto de entrega de la I edici\u00f3n de los premios Comprom\u00eds Metropolit\u00e0, adem\u00e1s, se realizar\u00e1 bajo el paraguas de la <strong>Capital Europea de la Democracia, de la que el PEMB forma parte de la oficina t\u00e9cnica junto con el Ayuntamiento de Barcelona.<\/strong><\/p>\n<p>Programa:<\/p>\n<ul>\n<li>10:00 Caf\u00e9 de bienvenida y apertura de puertas<\/li>\n<li>10:30 Bienvenida institucional<\/li>\n<li>10:40 Qu\u00e9 es y c\u00f3mo avanza el Compromiso Metropolitano 2030<\/li>\n<li>11:00 Entrega de los trofeos correspondientes a los premios Compromiso Metropolitano 2030 (I edici\u00f3n) en sus tres categor\u00edas a las entidades impulsoras de los proyectos ganadores<\/li>\n<li>11:40 Anuncio de la propuesta de investigaci\u00f3n ganadora de la 3a edici\u00f3n de la Beca Santacana y recogida del diploma por parte de la persona galardonada de manos del jurado<\/li>\n<li>12:00 Cierre del acto y vermut de <em>networking<\/em><\/li>\n<\/ul>\n<p>El acto ser\u00e1 conducido por la periodista colomense Odei Etxarte.<\/p>\n<p><img decoding=\"async\" src=\"https:\/\/capitalofdemocracy.barcelona\/rails\/active_storage\/blobs\/redirect\/eyJfcmFpbHMiOnsibWVzc2FnZSI6IkJBaHBBdU1CIiwiZXhwIjpudWxsLCJwdXIiOiJibG9iX2lkIn19--e5241a1a7ba38b4f6cd10c9ce5c317bbf67a926f\/NEGRE_logo%20fons%20TRANSPARENT.png\" width=\"159\" \/><\/p>\n","protected":false},"author":5,"featured_media":7240,"template":"","meta":{"_acf_changed":false,"inline_featured_image":false},"ecod-events-districts":[],"ecod-events-organizers":[232],"product_cat":[229],"product_tag":[],"class_list":{"0":"post-7233","1":"product","2":"type-product","3":"status-publish","4":"has-post-thumbnail","6":"ecod-events-organizers-city-of-barcelona-es","7":"product_cat-local-es","9":"first","10":"instock","11":"shipping-taxable","12":"product-type-simple"},"acf":[],"yoast_head":"<!-- This site is optimized with the Yoast SEO plugin v22.0 - https:\/\/yoast.com\/wordpress\/plugins\/seo\/ -->\n<title>Acto de entrega de la I edici\u00f3n de los Premios Comprom\u00eds Metropolit\u00e0 - ECoD - European Capital of Democracy<\/title>\n<meta name=\"robots\" content=\"noindex, follow, max-snippet:-1, max-image-preview:large, max-video-preview:-1\" \/>\n<meta property=\"og:locale\" content=\"es_ES\" \/>\n<meta property=\"og:type\" content=\"article\" \/>\n<meta property=\"og:title\" content=\"Acto de entrega de la I edici\u00f3n de los Premios Comprom\u00eds Metropolit\u00e0 - ECoD - European Capital of Democracy\" \/>\n<meta property=\"og:description\" content=\"El d\u00eda 12 de diciembre de 2023 el PEMB convocar\u00e1 la I edici\u00f3n de los Premios Compromiso Metropolitano, un acto de reconocimiento p\u00fablico por parte de la asociaci\u00f3n a programas, proyectos e iniciativas que se alineen con los principios que han regido el proceso Barcelona Dem\u00e0 y que est\u00e1n vigentes en el despliegue del Compromiso Metropolitano 2030.  De acuerdo con esto se han establecido tres modalidades de premios:   Premio &quot;Dimensi\u00f3n metropolitana\u201d. Reconocimiento al programa, proyecto o iniciativa que m\u00e1s contribuya a poner de relieve el alcance metropolitano a la hora de hacer frente a los retos en el contexto de las misiones del CM2030.  Premio &quot;Misiones 2030\u201d. Reconocimiento al programa, proyecto o iniciativa que m\u00e1s contribuya a avanzar en el objetivo fundamental del CM2030 (reducci\u00f3n de las desigualdades sociales y territoriales en contexto de cambio clim\u00e1tico), en el marco del despliegue de las ocho misiones que lo configuran.  Premio &quot;Alianzas estrat\u00e9gicas\u201d. Reconocimiento al programa, proyecto o iniciativa que mejor ejemplifique la colaboraci\u00f3n multiactor, para destacar especialmente el hecho de que la cooperaci\u00f3n entre actores diversos de la qu\u00edntuple h\u00e9lice haya sido clave.  Durante el acto, tambi\u00e9n se dar\u00e1 a conocer a la persona ganadora de la 3\u00aa edici\u00f3n de la Beca Santacana, una beca convocada en memoria del primer coordinador general del PEMB, Francesc Santacana, y que est\u00e1 destinada a un proyecto de investigaci\u00f3n individual que aborde cuestiones relacionadas con estrategias urbanas en la regi\u00f3n metropolitana de Barcelona.  El acto de entrega de la I edici\u00f3n de los premios Comprom\u00eds Metropolit\u00e0, adem\u00e1s, se realizar\u00e1 bajo el paraguas de la Capital Europea de la Democracia, de la que el PEMB forma parte de la oficina t\u00e9cnica junto con el Ayuntamiento de Barcelona.  Programa:   10:00 Caf\u00e9 de bienvenida y apertura de puertas  10:30 Bienvenida institucional  10:40 Qu\u00e9 es y c\u00f3mo avanza el Compromiso Metropolitano 2030  11:00 Entrega de los trofeos correspondientes a los premios Compromiso Metropolitano 2030 (I edici\u00f3n) en sus tres categor\u00edas a las entidades impulsoras de los proyectos ganadores  11:40 Anuncio de la propuesta de investigaci\u00f3n ganadora de la 3a edici\u00f3n de la Beca Santacana y recogida del diploma por parte de la persona galardonada de manos del jurado  12:00 Cierre del acto y vermut de networking  El acto ser\u00e1 conducido por la periodista colomense Odei Etxarte.\" \/>\n<meta property=\"og:url\" content=\"https:\/\/programme.capitalofdemocracy.eu\/es\/produkt\/acto-de-entrega-de-la-i-edicion-de-los-premios-compromis-metropolita\/\" \/>\n<meta property=\"og:site_name\" content=\"ECoD - European Capital of Democracy\" \/>\n<meta property=\"article:modified_time\" content=\"2024-02-08T14:09:36+00:00\" \/>\n<meta property=\"og:image\" content=\"https:\/\/programme.capitalofdemocracy.eu\/wp-content\/uploads\/2024\/02\/_F4A0303-scaled.jpg\" \/>\n\t<meta property=\"og:image:width\" content=\"2560\" \/>\n\t<meta property=\"og:image:height\" content=\"1707\" \/>\n\t<meta property=\"og:image:type\" content=\"image\/jpeg\" \/>\n<meta name=\"twitter:card\" content=\"summary_large_image\" \/>\n<meta name=\"twitter:label1\" content=\"Tiempo de lectura\" \/>\n\t<meta name=\"twitter:data1\" content=\"1 minuto\" \/>\n<script type=\"application\/ld+json\" class=\"yoast-schema-graph\">{\"@context\":\"https:\/\/schema.org\",\"@graph\":[{\"@type\":\"WebPage\",\"@id\":\"https:\/\/programme.capitalofdemocracy.eu\/es\/produkt\/acto-de-entrega-de-la-i-edicion-de-los-premios-compromis-metropolita\/\",\"url\":\"https:\/\/programme.capitalofdemocracy.eu\/es\/produkt\/acto-de-entrega-de-la-i-edicion-de-los-premios-compromis-metropolita\/\",\"name\":\"Acto de entrega de la I edici\u00f3n de los Premios Comprom\u00eds Metropolit\u00e0 - ECoD - European Capital of Democracy\",\"isPartOf\":{\"@id\":\"https:\/\/programme.capitalofdemocracy.eu\/es\/#website\"},\"datePublished\":\"2024-02-05T16:38:26+00:00\",\"dateModified\":\"2024-02-08T14:09:36+00:00\",\"breadcrumb\":{\"@id\":\"https:\/\/programme.capitalofdemocracy.eu\/es\/produkt\/acto-de-entrega-de-la-i-edicion-de-los-premios-compromis-metropolita\/#breadcrumb\"},\"inLanguage\":\"es\",\"potentialAction\":[{\"@type\":\"ReadAction\",\"target\":[\"https:\/\/programme.capitalofdemocracy.eu\/es\/produkt\/acto-de-entrega-de-la-i-edicion-de-los-premios-compromis-metropolita\/\"]}]},{\"@type\":\"BreadcrumbList\",\"@id\":\"https:\/\/programme.capitalofdemocracy.eu\/es\/produkt\/acto-de-entrega-de-la-i-edicion-de-los-premios-compromis-metropolita\/#breadcrumb\",\"itemListElement\":[{\"@type\":\"ListItem\",\"position\":1,\"name\":\"Startseite\",\"item\":\"https:\/\/programme.capitalofdemocracy.eu\/es\/startseite\/\"},{\"@type\":\"ListItem\",\"position\":2,\"name\":\"Shop\",\"item\":\"https:\/\/programme.capitalofdemocracy.eu\/shop\/\"},{\"@type\":\"ListItem\",\"position\":3,\"name\":\"Acto de entrega de la I edici\u00f3n de los Premios Comprom\u00eds Metropolit\u00e0\"}]},{\"@type\":\"WebSite\",\"@id\":\"https:\/\/programme.capitalofdemocracy.eu\/es\/#website\",\"url\":\"https:\/\/programme.capitalofdemocracy.eu\/es\/\",\"name\":\"ECoD - European Capital of Democracy\",\"description\":\"Barcelona, 2023-2024\",\"potentialAction\":[{\"@type\":\"SearchAction\",\"target\":{\"@type\":\"EntryPoint\",\"urlTemplate\":\"https:\/\/programme.capitalofdemocracy.eu\/es\/?s={search_term_string}\"},\"query-input\":\"required name=search_term_string\"}],\"inLanguage\":\"es\"}]}<\/script>\n<!-- \/ Yoast SEO plugin. -->","yoast_head_json":{"title":"Acto de entrega de la I edici\u00f3n de los Premios Comprom\u00eds Metropolit\u00e0 - ECoD - European Capital of Democracy","robots":{"index":"noindex","follow":"follow","max-snippet":"max-snippet:-1","max-image-preview":"max-image-preview:large","max-video-preview":"max-video-preview:-1"},"og_locale":"es_ES","og_type":"article","og_title":"Acto de entrega de la I edici\u00f3n de los Premios Comprom\u00eds Metropolit\u00e0 - ECoD - European Capital of Democracy","og_description":"El d\u00eda 12 de diciembre de 2023 el PEMB convocar\u00e1 la I edici\u00f3n de los Premios Compromiso Metropolitano, un acto de reconocimiento p\u00fablico por parte de la asociaci\u00f3n a programas, proyectos e iniciativas que se alineen con los principios que han regido el proceso Barcelona Dem\u00e0 y que est\u00e1n vigentes en el despliegue del Compromiso Metropolitano 2030.  De acuerdo con esto se han establecido tres modalidades de premios:   Premio \"Dimensi\u00f3n metropolitana\u201d. Reconocimiento al programa, proyecto o iniciativa que m\u00e1s contribuya a poner de relieve el alcance metropolitano a la hora de hacer frente a los retos en el contexto de las misiones del CM2030.  Premio \"Misiones 2030\u201d. Reconocimiento al programa, proyecto o iniciativa que m\u00e1s contribuya a avanzar en el objetivo fundamental del CM2030 (reducci\u00f3n de las desigualdades sociales y territoriales en contexto de cambio clim\u00e1tico), en el marco del despliegue de las ocho misiones que lo configuran.  Premio \"Alianzas estrat\u00e9gicas\u201d. Reconocimiento al programa, proyecto o iniciativa que mejor ejemplifique la colaboraci\u00f3n multiactor, para destacar especialmente el hecho de que la cooperaci\u00f3n entre actores diversos de la qu\u00edntuple h\u00e9lice haya sido clave.  Durante el acto, tambi\u00e9n se dar\u00e1 a conocer a la persona ganadora de la 3\u00aa edici\u00f3n de la Beca Santacana, una beca convocada en memoria del primer coordinador general del PEMB, Francesc Santacana, y que est\u00e1 destinada a un proyecto de investigaci\u00f3n individual que aborde cuestiones relacionadas con estrategias urbanas en la regi\u00f3n metropolitana de Barcelona.  El acto de entrega de la I edici\u00f3n de los premios Comprom\u00eds Metropolit\u00e0, adem\u00e1s, se realizar\u00e1 bajo el paraguas de la Capital Europea de la Democracia, de la que el PEMB forma parte de la oficina t\u00e9cnica junto con el Ayuntamiento de Barcelona.  Programa:   10:00 Caf\u00e9 de bienvenida y apertura de puertas  10:30 Bienvenida institucional  10:40 Qu\u00e9 es y c\u00f3mo avanza el Compromiso Metropolitano 2030  11:00 Entrega de los trofeos correspondientes a los premios Compromiso Metropolitano 2030 (I edici\u00f3n) en sus tres categor\u00edas a las entidades impulsoras de los proyectos ganadores  11:40 Anuncio de la propuesta de investigaci\u00f3n ganadora de la 3a edici\u00f3n de la Beca Santacana y recogida del diploma por parte de la persona galardonada de manos del jurado  12:00 Cierre del acto y vermut de networking  El acto ser\u00e1 conducido por la periodista colomense Odei Etxarte.","og_url":"https:\/\/programme.capitalofdemocracy.eu\/es\/produkt\/acto-de-entrega-de-la-i-edicion-de-los-premios-compromis-metropolita\/","og_site_name":"ECoD - European Capital of Democracy","article_modified_time":"2024-02-08T14:09:36+00:00","og_image":[{"width":2560,"height":1707,"url":"https:\/\/programme.capitalofdemocracy.eu\/wp-content\/uploads\/2024\/02\/_F4A0303-scaled.jpg","type":"image\/jpeg"}],"twitter_card":"summary_large_image","twitter_misc":{"Tiempo de lectura":"1 minuto"},"schema":{"@context":"https:\/\/schema.org","@graph":[{"@type":"WebPage","@id":"https:\/\/programme.capitalofdemocracy.eu\/es\/produkt\/acto-de-entrega-de-la-i-edicion-de-los-premios-compromis-metropolita\/","url":"https:\/\/programme.capitalofdemocracy.eu\/es\/produkt\/acto-de-entrega-de-la-i-edicion-de-los-premios-compromis-metropolita\/","name":"Acto de entrega de la I edici\u00f3n de los Premios Comprom\u00eds Metropolit\u00e0 - ECoD - European Capital of Democracy","isPartOf":{"@id":"https:\/\/programme.capitalofdemocracy.eu\/es\/#website"},"datePublished":"2024-02-05T16:38:26+00:00","dateModified":"2024-02-08T14:09:36+00:00","breadcrumb":{"@id":"https:\/\/programme.capitalofdemocracy.eu\/es\/produkt\/acto-de-entrega-de-la-i-edicion-de-los-premios-compromis-metropolita\/#breadcrumb"},"inLanguage":"es","potentialAction":[{"@type":"ReadAction","target":["https:\/\/programme.capitalofdemocracy.eu\/es\/produkt\/acto-de-entrega-de-la-i-edicion-de-los-premios-compromis-metropolita\/"]}]},{"@type":"BreadcrumbList","@id":"https:\/\/programme.capitalofdemocracy.eu\/es\/produkt\/acto-de-entrega-de-la-i-edicion-de-los-premios-compromis-metropolita\/#breadcrumb","itemListElement":[{"@type":"ListItem","position":1,"name":"Startseite","item":"https:\/\/programme.capitalofdemocracy.eu\/es\/startseite\/"},{"@type":"ListItem","position":2,"name":"Shop","item":"https:\/\/programme.capitalofdemocracy.eu\/shop\/"},{"@type":"ListItem","position":3,"name":"Acto de entrega de la I edici\u00f3n de los Premios Comprom\u00eds Metropolit\u00e0"}]},{"@type":"WebSite","@id":"https:\/\/programme.capitalofdemocracy.eu\/es\/#website","url":"https:\/\/programme.capitalofdemocracy.eu\/es\/","name":"ECoD - European Capital of Democracy","description":"Barcelona, 2023-2024","potentialAction":[{"@type":"SearchAction","target":{"@type":"EntryPoint","urlTemplate":"https:\/\/programme.capitalofdemocracy.eu\/es\/?s={search_term_string}"},"query-input":"required name=search_term_string"}],"inLanguage":"es"}]}},"_links":{"self":[{"href":"https:\/\/programme.capitalofdemocracy.eu\/es\/wp-json\/wp\/v2\/product\/7233","targetHints":{"allow":["GET"]}}],"collection":[{"href":"https:\/\/programme.capitalofdemocracy.eu\/es\/wp-json\/wp\/v2\/product"}],"about":[{"href":"https:\/\/programme.capitalofdemocracy.eu\/es\/wp-json\/wp\/v2\/types\/product"}],"author":[{"embeddable":true,"href":"https:\/\/programme.capitalofdemocracy.eu\/es\/wp-json\/wp\/v2\/users\/5"}],"wp:featuredmedia":[{"embeddable":true,"href":"https:\/\/programme.capitalofdemocracy.eu\/es\/wp-json\/wp\/v2\/media\/7240"}],"wp:attachment":[{"href":"https:\/\/programme.capitalofdemocracy.eu\/es\/wp-json\/wp\/v2\/media?parent=7233"}],"wp:term":[{"taxonomy":"ecod-events-districts","embeddable":true,"href":"https:\/\/programme.capitalofdemocracy.eu\/es\/wp-json\/wp\/v2\/ecod-events-districts?post=7233"},{"taxonomy":"ecod-events-organizers","embeddable":true,"href":"https:\/\/programme.capitalofdemocracy.eu\/es\/wp-json\/wp\/v2\/ecod-events-organizers?post=7233"},{"taxonomy":"product_cat","embeddable":true,"href":"https:\/\/programme.capitalofdemocracy.eu\/es\/wp-json\/wp\/v2\/product_cat?post=7233"},{"taxonomy":"product_tag","embeddable":true,"href":"https:\/\/programme.capitalofdemocracy.eu\/es\/wp-json\/wp\/v2\/product_tag?post=7233"}],"curies":[{"name":"wp","href":"https:\/\/api.w.org\/{rel}","templated":true}]}}