{"id":7278,"date":"2024-02-05T17:39:18","date_gmt":"2024-02-05T16:39:18","guid":{"rendered":"https:\/\/programme.capitalofdemocracy.eu\/produkt\/jornada-sobre-la-trazabilidad-de-las-decisiones-publicas\/"},"modified":"2024-02-08T15:02:05","modified_gmt":"2024-02-08T14:02:05","slug":"jornada-sobre-la-trazabilidad-de-las-decisiones-publicas","status":"publish","type":"product","link":"https:\/\/programme.capitalofdemocracy.eu\/es\/produkt\/jornada-sobre-la-trazabilidad-de-las-decisiones-publicas\/","title":{"rendered":"Jornada sobre la trazabilidad de las decisiones p\u00fablicas"},"content":{"rendered":"","protected":false},"excerpt":{"rendered":"<p>La Direcci\u00f3n General de Buen Gobierno, Innovaci\u00f3n y Calidad Democr\u00e1tica organiza una Jornada sobre la trazabilidad de las decisiones p\u00fablicas el 1<strong>1 de diciembre de 2023 a las 9:30 a. m. en el Auditorio del Distrito Administrativo<\/strong>. El evento incluir\u00e1 sesiones introductorias sobre la misi\u00f3n de la Direcci\u00f3n General y perspectivas normativas, as\u00ed como mesas redondas con expertos sobre la trazabilidad de la actividad de influencia y la explicabilidad de las decisiones autom\u00e1ticas.<\/p>\n<p><strong>Programa:<\/strong><\/p>\n<ul>\n<li>9.30 h &#8211; Bienvenida<\/li>\n<li>10.00 h &#8211; Perspectiva normativa<\/li>\n<li>10.30 h &#8211; Retos de innovaci\u00f3n<\/li>\n<li>11.00 h &#8211; Pausa para caf\u00e9<\/li>\n<\/ul>\n<p><strong>Bloque I: La trazabilidad de la actividad de influencia en las decisiones p\u00fablicas<\/strong><\/p>\n<p>11.45 h &#8211; Mesa redonda. Moderadora: <strong>Gemma Calvet Barot<\/strong><\/p>\n<ul>\n<li><strong>\u00c0ngel Mesado Jard\u00ed<\/strong>, vocal de la Asociaci\u00f3n de profesionales de las relaciones institucionales (APRI).<\/li>\n<li><strong>N\u00faria Almir\u00f3n Roig<\/strong>, profesora titular de la Universitat Pompeu Fabra y miembro del grupo de investigaci\u00f3n Critical communication (CRITICC).<\/li>\n<li><strong>Llu\u00eds Corominas D\u00edaz<\/strong>, director de la Fundaci\u00f3n Transparencia y Buen Gobierno de la Asociaci\u00f3n Catalana de Municipios (ACM).<\/li>\n<\/ul>\n<p><strong>Bloque II: La trazabilidad de las decisiones tomadas por sistemas de decisi\u00f3n automatizada<\/strong><\/p>\n<p>12.55 h &#8211; Mesa redonda. Moderador: <strong>Albert Ca\u00f1igueral Bag\u00f3<\/strong><\/p>\n<ul>\n<li><strong>Mireia Artigot Golobardes<\/strong>, investigadora Ramon y Cajal de la Universitat Pompeu Fabra.<\/li>\n<li><strong>Oriol Mir Puigpelat<\/strong>, catedr\u00e1tico de derecho administrativo de la Universitat Pompeu Fabra.<\/li>\n<li><strong>Ricard Faura Homedes<\/strong>, jefe del Servicio de Inclusi\u00f3n y Capacitaci\u00f3n Digital de la Administraci\u00f3n de la Generalitat de Catalunya.<\/li>\n<\/ul>\n<p>13.55 h &#8211; Turno abierto de palabra<\/p>\n<p>14.15 h\u00a0&#8211; Clausura: <strong>Jaume L\u00f3pez Hern\u00e1ndez<\/strong>, director general de Buen Gobierno, Innovaci\u00f3n y Calidad Democr\u00e1tica.<\/p>\n<p>&nbsp;<\/p>\n<p><a href=\"https:\/\/governobert.gencat.cat\/ca\/actualitat\/actes-i-jornades\/jornada-tracabilitat-decisions-publiques\/index.html#googtrans(ca|es)\" target=\"_blank\" rel=\"noopener noreferrer\">M\u00e1s informaci\u00f3n<\/a><\/p>\n<h6>11 de diciembre de 2023<\/h6>\n<h6>9.30 h &#8211; 14.30 h<\/h6>\n<h6>Auditorio del Distrito Administrativo de la Generalitat de Catalunya<\/h6>\n<h6>Carrer del Foc 57, Barcelona (08038)<\/h6>\n<p>&nbsp;<\/p>\n<p><img decoding=\"async\" src=\"https:\/\/capitalofdemocracy.barcelona\/rails\/active_storage\/blobs\/redirect\/eyJfcmFpbHMiOnsibWVzc2FnZSI6IkJBaHBBcVVDIiwiZXhwIjpudWxsLCJwdXIiOiJibG9iX2lkIn19--f53be019688828e9907531015f3d6d67041ab134\/Logotipo_de_la_Generalitat_de_Catalunya.svg.png\" width=\"173\" \/><\/p>\n","protected":false},"featured_media":7285,"template":"","meta":{"_acf_changed":false,"inline_featured_image":false},"ecod-events-districts":[],"ecod-events-organizers":[232],"product_cat":[229],"product_tag":[],"class_list":{"0":"post-7278","1":"product","2":"type-product","3":"status-publish","4":"has-post-thumbnail","6":"ecod-events-organizers-city-of-barcelona-es","7":"product_cat-local-es","9":"first","10":"instock","11":"shipping-taxable","12":"product-type-simple"},"acf":[],"yoast_head":"<!-- This site is optimized with the Yoast SEO plugin v22.0 - https:\/\/yoast.com\/wordpress\/plugins\/seo\/ -->\n<title>Jornada sobre la trazabilidad de las decisiones p\u00fablicas - ECoD - European Capital of Democracy<\/title>\n<meta name=\"robots\" content=\"noindex, follow, max-snippet:-1, max-image-preview:large, max-video-preview:-1\" \/>\n<meta property=\"og:locale\" content=\"es_ES\" \/>\n<meta property=\"og:type\" content=\"article\" \/>\n<meta property=\"og:title\" content=\"Jornada sobre la trazabilidad de las decisiones p\u00fablicas - ECoD - European Capital of Democracy\" \/>\n<meta property=\"og:description\" content=\"La Direcci\u00f3n General de Buen Gobierno, Innovaci\u00f3n y Calidad Democr\u00e1tica organiza una Jornada sobre la trazabilidad de las decisiones p\u00fablicas el 11 de diciembre de 2023 a las 9:30 a. m. en el Auditorio del Distrito Administrativo. El evento incluir\u00e1 sesiones introductorias sobre la misi\u00f3n de la Direcci\u00f3n General y perspectivas normativas, as\u00ed como mesas redondas con expertos sobre la trazabilidad de la actividad de influencia y la explicabilidad de las decisiones autom\u00e1ticas.  Programa:   9.30 h - Bienvenida  10.00 h - Perspectiva normativa  10.30 h - Retos de innovaci\u00f3n  11.00 h - Pausa para caf\u00e9  Bloque I: La trazabilidad de la actividad de influencia en las decisiones p\u00fablicas  11.45 h - Mesa redonda. Moderadora: Gemma Calvet Barot   \u00c0ngel Mesado Jard\u00ed, vocal de la Asociaci\u00f3n de profesionales de las relaciones institucionales (APRI).  N\u00faria Almir\u00f3n Roig, profesora titular de la Universitat Pompeu Fabra y miembro del grupo de investigaci\u00f3n Critical communication (CRITICC).  Llu\u00eds Corominas D\u00edaz, director de la Fundaci\u00f3n Transparencia y Buen Gobierno de la Asociaci\u00f3n Catalana de Municipios (ACM).  Bloque II: La trazabilidad de las decisiones tomadas por sistemas de decisi\u00f3n automatizada  12.55 h - Mesa redonda. Moderador: Albert Ca\u00f1igueral Bag\u00f3   Mireia Artigot Golobardes, investigadora Ramon y Cajal de la Universitat Pompeu Fabra.  Oriol Mir Puigpelat, catedr\u00e1tico de derecho administrativo de la Universitat Pompeu Fabra.  Ricard Faura Homedes, jefe del Servicio de Inclusi\u00f3n y Capacitaci\u00f3n Digital de la Administraci\u00f3n de la Generalitat de Catalunya.  13.55 h - Turno abierto de palabra  14.15 h\u00a0- Clausura: Jaume L\u00f3pez Hern\u00e1ndez, director general de Buen Gobierno, Innovaci\u00f3n y Calidad Democr\u00e1tica.  &nbsp;  M\u00e1s informaci\u00f3n 11 de diciembre de 2023 9.30 h - 14.30 h Auditorio del Distrito Administrativo de la Generalitat de Catalunya Carrer del Foc 57, Barcelona (08038) &nbsp;\" \/>\n<meta property=\"og:url\" content=\"https:\/\/programme.capitalofdemocracy.eu\/es\/produkt\/jornada-sobre-la-trazabilidad-de-las-decisiones-publicas\/\" \/>\n<meta property=\"og:site_name\" content=\"ECoD - European Capital of Democracy\" \/>\n<meta property=\"article:modified_time\" content=\"2024-02-08T14:02:05+00:00\" \/>\n<meta property=\"og:image\" content=\"https:\/\/programme.capitalofdemocracy.eu\/wp-content\/uploads\/2024\/02\/231211%20Jornada%20tra%C3%A7abilitat%202.jpg\" \/>\n\t<meta property=\"og:image:width\" content=\"2048\" \/>\n\t<meta property=\"og:image:height\" content=\"1368\" \/>\n\t<meta property=\"og:image:type\" content=\"image\/jpeg\" \/>\n<meta name=\"twitter:card\" content=\"summary_large_image\" \/>\n<meta name=\"twitter:label1\" content=\"Tiempo de lectura\" \/>\n\t<meta name=\"twitter:data1\" content=\"1 minuto\" \/>\n<script type=\"application\/ld+json\" class=\"yoast-schema-graph\">{\"@context\":\"https:\/\/schema.org\",\"@graph\":[{\"@type\":\"WebPage\",\"@id\":\"https:\/\/programme.capitalofdemocracy.eu\/es\/produkt\/jornada-sobre-la-trazabilidad-de-las-decisiones-publicas\/\",\"url\":\"https:\/\/programme.capitalofdemocracy.eu\/es\/produkt\/jornada-sobre-la-trazabilidad-de-las-decisiones-publicas\/\",\"name\":\"Jornada sobre la trazabilidad de las decisiones p\u00fablicas - ECoD - European Capital of Democracy\",\"isPartOf\":{\"@id\":\"https:\/\/programme.capitalofdemocracy.eu\/es\/#website\"},\"datePublished\":\"2024-02-05T16:39:18+00:00\",\"dateModified\":\"2024-02-08T14:02:05+00:00\",\"breadcrumb\":{\"@id\":\"https:\/\/programme.capitalofdemocracy.eu\/es\/produkt\/jornada-sobre-la-trazabilidad-de-las-decisiones-publicas\/#breadcrumb\"},\"inLanguage\":\"es\",\"potentialAction\":[{\"@type\":\"ReadAction\",\"target\":[\"https:\/\/programme.capitalofdemocracy.eu\/es\/produkt\/jornada-sobre-la-trazabilidad-de-las-decisiones-publicas\/\"]}]},{\"@type\":\"BreadcrumbList\",\"@id\":\"https:\/\/programme.capitalofdemocracy.eu\/es\/produkt\/jornada-sobre-la-trazabilidad-de-las-decisiones-publicas\/#breadcrumb\",\"itemListElement\":[{\"@type\":\"ListItem\",\"position\":1,\"name\":\"Startseite\",\"item\":\"https:\/\/programme.capitalofdemocracy.eu\/es\/startseite\/\"},{\"@type\":\"ListItem\",\"position\":2,\"name\":\"Shop\",\"item\":\"https:\/\/programme.capitalofdemocracy.eu\/shop\/\"},{\"@type\":\"ListItem\",\"position\":3,\"name\":\"Jornada sobre la trazabilidad de las decisiones p\u00fablicas\"}]},{\"@type\":\"WebSite\",\"@id\":\"https:\/\/programme.capitalofdemocracy.eu\/es\/#website\",\"url\":\"https:\/\/programme.capitalofdemocracy.eu\/es\/\",\"name\":\"ECoD - European Capital of Democracy\",\"description\":\"Barcelona, 2023-2024\",\"potentialAction\":[{\"@type\":\"SearchAction\",\"target\":{\"@type\":\"EntryPoint\",\"urlTemplate\":\"https:\/\/programme.capitalofdemocracy.eu\/es\/?s={search_term_string}\"},\"query-input\":\"required name=search_term_string\"}],\"inLanguage\":\"es\"}]}<\/script>\n<!-- \/ Yoast SEO plugin. -->","yoast_head_json":{"title":"Jornada sobre la trazabilidad de las decisiones p\u00fablicas - ECoD - European Capital of Democracy","robots":{"index":"noindex","follow":"follow","max-snippet":"max-snippet:-1","max-image-preview":"max-image-preview:large","max-video-preview":"max-video-preview:-1"},"og_locale":"es_ES","og_type":"article","og_title":"Jornada sobre la trazabilidad de las decisiones p\u00fablicas - ECoD - European Capital of Democracy","og_description":"La Direcci\u00f3n General de Buen Gobierno, Innovaci\u00f3n y Calidad Democr\u00e1tica organiza una Jornada sobre la trazabilidad de las decisiones p\u00fablicas el 11 de diciembre de 2023 a las 9:30 a. m. en el Auditorio del Distrito Administrativo. El evento incluir\u00e1 sesiones introductorias sobre la misi\u00f3n de la Direcci\u00f3n General y perspectivas normativas, as\u00ed como mesas redondas con expertos sobre la trazabilidad de la actividad de influencia y la explicabilidad de las decisiones autom\u00e1ticas.  Programa:   9.30 h - Bienvenida  10.00 h - Perspectiva normativa  10.30 h - Retos de innovaci\u00f3n  11.00 h - Pausa para caf\u00e9  Bloque I: La trazabilidad de la actividad de influencia en las decisiones p\u00fablicas  11.45 h - Mesa redonda. Moderadora: Gemma Calvet Barot   \u00c0ngel Mesado Jard\u00ed, vocal de la Asociaci\u00f3n de profesionales de las relaciones institucionales (APRI).  N\u00faria Almir\u00f3n Roig, profesora titular de la Universitat Pompeu Fabra y miembro del grupo de investigaci\u00f3n Critical communication (CRITICC).  Llu\u00eds Corominas D\u00edaz, director de la Fundaci\u00f3n Transparencia y Buen Gobierno de la Asociaci\u00f3n Catalana de Municipios (ACM).  Bloque II: La trazabilidad de las decisiones tomadas por sistemas de decisi\u00f3n automatizada  12.55 h - Mesa redonda. Moderador: Albert Ca\u00f1igueral Bag\u00f3   Mireia Artigot Golobardes, investigadora Ramon y Cajal de la Universitat Pompeu Fabra.  Oriol Mir Puigpelat, catedr\u00e1tico de derecho administrativo de la Universitat Pompeu Fabra.  Ricard Faura Homedes, jefe del Servicio de Inclusi\u00f3n y Capacitaci\u00f3n Digital de la Administraci\u00f3n de la Generalitat de Catalunya.  13.55 h - Turno abierto de palabra  14.15 h\u00a0- Clausura: Jaume L\u00f3pez Hern\u00e1ndez, director general de Buen Gobierno, Innovaci\u00f3n y Calidad Democr\u00e1tica.  &nbsp;  M\u00e1s informaci\u00f3n 11 de diciembre de 2023 9.30 h - 14.30 h Auditorio del Distrito Administrativo de la Generalitat de Catalunya Carrer del Foc 57, Barcelona (08038) &nbsp;","og_url":"https:\/\/programme.capitalofdemocracy.eu\/es\/produkt\/jornada-sobre-la-trazabilidad-de-las-decisiones-publicas\/","og_site_name":"ECoD - European Capital of Democracy","article_modified_time":"2024-02-08T14:02:05+00:00","og_image":[{"width":2048,"height":1368,"url":"https:\/\/programme.capitalofdemocracy.eu\/wp-content\/uploads\/2024\/02\/231211%20Jornada%20tra%C3%A7abilitat%202.jpg","type":"image\/jpeg"}],"twitter_card":"summary_large_image","twitter_misc":{"Tiempo de lectura":"1 minuto"},"schema":{"@context":"https:\/\/schema.org","@graph":[{"@type":"WebPage","@id":"https:\/\/programme.capitalofdemocracy.eu\/es\/produkt\/jornada-sobre-la-trazabilidad-de-las-decisiones-publicas\/","url":"https:\/\/programme.capitalofdemocracy.eu\/es\/produkt\/jornada-sobre-la-trazabilidad-de-las-decisiones-publicas\/","name":"Jornada sobre la trazabilidad de las decisiones p\u00fablicas - ECoD - European Capital of Democracy","isPartOf":{"@id":"https:\/\/programme.capitalofdemocracy.eu\/es\/#website"},"datePublished":"2024-02-05T16:39:18+00:00","dateModified":"2024-02-08T14:02:05+00:00","breadcrumb":{"@id":"https:\/\/programme.capitalofdemocracy.eu\/es\/produkt\/jornada-sobre-la-trazabilidad-de-las-decisiones-publicas\/#breadcrumb"},"inLanguage":"es","potentialAction":[{"@type":"ReadAction","target":["https:\/\/programme.capitalofdemocracy.eu\/es\/produkt\/jornada-sobre-la-trazabilidad-de-las-decisiones-publicas\/"]}]},{"@type":"BreadcrumbList","@id":"https:\/\/programme.capitalofdemocracy.eu\/es\/produkt\/jornada-sobre-la-trazabilidad-de-las-decisiones-publicas\/#breadcrumb","itemListElement":[{"@type":"ListItem","position":1,"name":"Startseite","item":"https:\/\/programme.capitalofdemocracy.eu\/es\/startseite\/"},{"@type":"ListItem","position":2,"name":"Shop","item":"https:\/\/programme.capitalofdemocracy.eu\/shop\/"},{"@type":"ListItem","position":3,"name":"Jornada sobre la trazabilidad de las decisiones p\u00fablicas"}]},{"@type":"WebSite","@id":"https:\/\/programme.capitalofdemocracy.eu\/es\/#website","url":"https:\/\/programme.capitalofdemocracy.eu\/es\/","name":"ECoD - European Capital of Democracy","description":"Barcelona, 2023-2024","potentialAction":[{"@type":"SearchAction","target":{"@type":"EntryPoint","urlTemplate":"https:\/\/programme.capitalofdemocracy.eu\/es\/?s={search_term_string}"},"query-input":"required name=search_term_string"}],"inLanguage":"es"}]}},"_links":{"self":[{"href":"https:\/\/programme.capitalofdemocracy.eu\/es\/wp-json\/wp\/v2\/product\/7278","targetHints":{"allow":["GET"]}}],"collection":[{"href":"https:\/\/programme.capitalofdemocracy.eu\/es\/wp-json\/wp\/v2\/product"}],"about":[{"href":"https:\/\/programme.capitalofdemocracy.eu\/es\/wp-json\/wp\/v2\/types\/product"}],"wp:featuredmedia":[{"embeddable":true,"href":"https:\/\/programme.capitalofdemocracy.eu\/es\/wp-json\/wp\/v2\/media\/7285"}],"wp:attachment":[{"href":"https:\/\/programme.capitalofdemocracy.eu\/es\/wp-json\/wp\/v2\/media?parent=7278"}],"wp:term":[{"taxonomy":"ecod-events-districts","embeddable":true,"href":"https:\/\/programme.capitalofdemocracy.eu\/es\/wp-json\/wp\/v2\/ecod-events-districts?post=7278"},{"taxonomy":"ecod-events-organizers","embeddable":true,"href":"https:\/\/programme.capitalofdemocracy.eu\/es\/wp-json\/wp\/v2\/ecod-events-organizers?post=7278"},{"taxonomy":"product_cat","embeddable":true,"href":"https:\/\/programme.capitalofdemocracy.eu\/es\/wp-json\/wp\/v2\/product_cat?post=7278"},{"taxonomy":"product_tag","embeddable":true,"href":"https:\/\/programme.capitalofdemocracy.eu\/es\/wp-json\/wp\/v2\/product_tag?post=7278"}],"curies":[{"name":"wp","href":"https:\/\/api.w.org\/{rel}","templated":true}]}}