{"id":7428,"date":"2024-02-05T17:42:17","date_gmt":"2024-02-05T16:42:17","guid":{"rendered":"https:\/\/programme.capitalofdemocracy.eu\/produkt\/alda-festival-general-assembly-2024-4\/"},"modified":"2024-04-30T05:05:18","modified_gmt":"2024-04-30T03:05:18","slug":"alda-festival-general-assembly-2024-4","status":"publish","type":"product","link":"https:\/\/programme.capitalofdemocracy.eu\/es\/produkt\/alda-festival-general-assembly-2024-4\/","title":{"rendered":"ALDA Festival &amp; General Assembly 2024"},"content":{"rendered":"","protected":false},"excerpt":{"rendered":"<p>El <a target=\"_blank\" href=\"https:\/\/www.alda-europe.eu\/events\/local-democracy-for-global-impact-alda-festival-and-general-assembly-2024\/\" rel=\"noopener noreferrer\">Festival y Asamblea General de la ALDA de 2024<\/a> promete ser una ocasi\u00f3n trascendental, se\u00f1alando un punto de inflexi\u00f3n significativo en la dedicaci\u00f3n constante de la organizaci\u00f3n a su misi\u00f3n e impacto. <strong>Del 13 al 15 de mayo de 2024 en Barcelona<\/strong>, este evento se enmarca en la Capital Europea de la Democracia, amplificando la resonancia de su misi\u00f3n en la ciudad.<\/p>\n<p>Mediante metodolog\u00edas participativas y cooperaci\u00f3n descentralizada, ALDA capacita y empodera a comunidades locales no solo en Europa, sino en todo el mundo. Su misi\u00f3n esencial de construir puentes entre las autoridades locales y las comunidades adquiere una relevancia crucial, fomentando un di\u00e1logo transfronterizo y colaboraci\u00f3n que se extiende m\u00e1s all\u00e1 de las barreras geogr\u00e1ficas. Este compromiso consolida la posici\u00f3n de<strong> ALDA como un facilitador local con un impacto global, mostrando de manera contundente c\u00f3mo las iniciativas locales pueden impulsar cambios trascendentales a escala global.<\/strong><\/p>\n<p>Bajo el lema<strong> &#8220;Democracia Local para un Impacto Global&#8221;<\/strong>, el Festival y Asamblea General de la ALDA de 2024 ofrecer\u00e1 a los participantes una<strong> oportunidad \u00fanica para explorar las sinergias entre los niveles de gobierno local y europeo.<\/strong> Esta convergencia refuerza el compromiso de la ALDA de fomentar las conexiones entre ciudadanos, autoridades locales y el contexto europeo m\u00e1s amplio, contribuyendo a la misi\u00f3n vital de la organizaci\u00f3n de promover la democracia local como garant\u00eda de resiliencia.<\/p>\n<p>Este evento trascendental, que no deja de crecer despu\u00e9s del \u00e9xito de la edici\u00f3n anterior, invita a toda la ciudadan\u00eda interesada a ser part\u00edcipe de esta celebraci\u00f3n \u00fanica en la ciudad condal.<\/p>\n<p><a target=\"_blank\" href=\"https:\/\/www.alda-europe.eu\/alda-festival-general-assembly-2024\/\" rel=\"noopener noreferrer\">M\u00e1s informaci\u00f3n<\/a><\/p>\n<div class=\"editor-content-image\" data-image=\"\"><img decoding=\"async\" src=\"https:\/\/capitalofdemocracy.barcelona\/rails\/active_storage\/blobs\/redirect\/eyJfcmFpbHMiOnsibWVzc2FnZSI6IkJBaHBBaGdDIiwiZXhwIjpudWxsLCJwdXIiOiJibG9iX2lkIn19--b09f72e7ec96541d305fc77216dd15535c73e6a9\/descarga%20(4)%20copia.png\" alt=\"\" width=\"140\"><\/div>\n","protected":false},"author":5,"featured_media":9097,"template":"","meta":{"_acf_changed":false,"inline_featured_image":false},"ecod-events-districts":[],"ecod-events-organizers":[232,223],"product_cat":[229,227],"product_tag":[],"class_list":{"0":"post-7428","1":"product","2":"type-product","3":"status-publish","4":"has-post-thumbnail","6":"ecod-events-organizers-city-of-barcelona-es","7":"ecod-events-organizers-city-of-barcelona","8":"product_cat-local-es","9":"product_cat-local","11":"first","12":"instock","13":"shipping-taxable","14":"product-type-simple"},"acf":[],"yoast_head":"<!-- This site is optimized with the Yoast SEO plugin v22.0 - https:\/\/yoast.com\/wordpress\/plugins\/seo\/ -->\n<title>ALDA Festival &amp; General Assembly 2024 - ECoD - European Capital of Democracy<\/title>\n<meta name=\"robots\" content=\"noindex, follow, max-snippet:-1, max-image-preview:large, max-video-preview:-1\" \/>\n<meta property=\"og:locale\" content=\"es_ES\" \/>\n<meta property=\"og:type\" content=\"article\" \/>\n<meta property=\"og:title\" content=\"ALDA Festival &amp; General Assembly 2024 - ECoD - European Capital of Democracy\" \/>\n<meta property=\"og:description\" content=\"El Festival y Asamblea General de la ALDA de 2024 promete ser una ocasi\u00f3n trascendental, se\u00f1alando un punto de inflexi\u00f3n significativo en la dedicaci\u00f3n constante de la organizaci\u00f3n a su misi\u00f3n e impacto. Del 13 al 15 de mayo de 2024 en Barcelona, este evento se enmarca en la Capital Europea de la Democracia, amplificando la resonancia de su misi\u00f3n en la ciudad.Mediante metodolog\u00edas participativas y cooperaci\u00f3n descentralizada, ALDA capacita y empodera a comunidades locales no solo en Europa, sino en todo el mundo. Su misi\u00f3n esencial de construir puentes entre las autoridades locales y las comunidades adquiere una relevancia crucial, fomentando un di\u00e1logo transfronterizo y colaboraci\u00f3n que se extiende m\u00e1s all\u00e1 de las barreras geogr\u00e1ficas. Este compromiso consolida la posici\u00f3n de ALDA como un facilitador local con un impacto global, mostrando de manera contundente c\u00f3mo las iniciativas locales pueden impulsar cambios trascendentales a escala global.Bajo el lema &quot;Democracia Local para un Impacto Global&quot;, el Festival y Asamblea General de la ALDA de 2024 ofrecer\u00e1 a los participantes una oportunidad \u00fanica para explorar las sinergias entre los niveles de gobierno local y europeo. Esta convergencia refuerza el compromiso de la ALDA de fomentar las conexiones entre ciudadanos, autoridades locales y el contexto europeo m\u00e1s amplio, contribuyendo a la misi\u00f3n vital de la organizaci\u00f3n de promover la democracia local como garant\u00eda de resiliencia.Este evento trascendental, que no deja de crecer despu\u00e9s del \u00e9xito de la edici\u00f3n anterior, invita a toda la ciudadan\u00eda interesada a ser part\u00edcipe de esta celebraci\u00f3n \u00fanica en la ciudad condal.M\u00e1s informaci\u00f3n\" \/>\n<meta property=\"og:url\" content=\"https:\/\/programme.capitalofdemocracy.eu\/produkt\/alda-festival-general-assembly-2024-3\/\" \/>\n<meta property=\"og:site_name\" content=\"ECoD - European Capital of Democracy\" \/>\n<meta property=\"article:modified_time\" content=\"2024-04-30T03:05:18+00:00\" \/>\n<meta property=\"og:image\" content=\"https:\/\/programme.capitalofdemocracy.eu\/wp-content\/uploads\/GA2024_NC-1.png\" \/>\n\t<meta property=\"og:image:width\" content=\"1\" \/>\n\t<meta property=\"og:image:height\" content=\"1\" \/>\n\t<meta property=\"og:image:type\" content=\"image\/png\" \/>\n<meta name=\"twitter:card\" content=\"summary_large_image\" \/>\n<script type=\"application\/ld+json\" class=\"yoast-schema-graph\">{\"@context\":\"https:\/\/schema.org\",\"@graph\":[{\"@type\":\"WebPage\",\"@id\":\"https:\/\/programme.capitalofdemocracy.eu\/produkt\/alda-festival-general-assembly-2024-3\/\",\"url\":\"https:\/\/programme.capitalofdemocracy.eu\/produkt\/alda-festival-general-assembly-2024-3\/\",\"name\":\"ALDA Festival &amp; General Assembly 2024 - ECoD - European Capital of Democracy\",\"isPartOf\":{\"@id\":\"https:\/\/programme.capitalofdemocracy.eu\/es\/#website\"},\"datePublished\":\"2024-02-05T16:42:17+00:00\",\"dateModified\":\"2024-04-30T03:05:18+00:00\",\"breadcrumb\":{\"@id\":\"https:\/\/programme.capitalofdemocracy.eu\/produkt\/alda-festival-general-assembly-2024-3\/#breadcrumb\"},\"inLanguage\":\"es\",\"potentialAction\":[{\"@type\":\"ReadAction\",\"target\":[\"https:\/\/programme.capitalofdemocracy.eu\/produkt\/alda-festival-general-assembly-2024-3\/\"]}]},{\"@type\":\"BreadcrumbList\",\"@id\":\"https:\/\/programme.capitalofdemocracy.eu\/produkt\/alda-festival-general-assembly-2024-3\/#breadcrumb\",\"itemListElement\":[{\"@type\":\"ListItem\",\"position\":1,\"name\":\"Startseite\",\"item\":\"https:\/\/programme.capitalofdemocracy.eu\/es\/startseite\/\"},{\"@type\":\"ListItem\",\"position\":2,\"name\":\"Shop\",\"item\":\"https:\/\/programme.capitalofdemocracy.eu\/shop\/\"},{\"@type\":\"ListItem\",\"position\":3,\"name\":\"ALDA Festival &amp; General Assembly 2024\"}]},{\"@type\":\"WebSite\",\"@id\":\"https:\/\/programme.capitalofdemocracy.eu\/es\/#website\",\"url\":\"https:\/\/programme.capitalofdemocracy.eu\/es\/\",\"name\":\"ECoD - European Capital of Democracy\",\"description\":\"Barcelona, 2023-2024\",\"potentialAction\":[{\"@type\":\"SearchAction\",\"target\":{\"@type\":\"EntryPoint\",\"urlTemplate\":\"https:\/\/programme.capitalofdemocracy.eu\/es\/?s={search_term_string}\"},\"query-input\":\"required name=search_term_string\"}],\"inLanguage\":\"es\"}]}<\/script>\n<!-- \/ Yoast SEO plugin. -->","yoast_head_json":{"title":"ALDA Festival &amp; General Assembly 2024 - ECoD - European Capital of Democracy","robots":{"index":"noindex","follow":"follow","max-snippet":"max-snippet:-1","max-image-preview":"max-image-preview:large","max-video-preview":"max-video-preview:-1"},"og_locale":"es_ES","og_type":"article","og_title":"ALDA Festival &amp; General Assembly 2024 - ECoD - European Capital of Democracy","og_description":"El Festival y Asamblea General de la ALDA de 2024 promete ser una ocasi\u00f3n trascendental, se\u00f1alando un punto de inflexi\u00f3n significativo en la dedicaci\u00f3n constante de la organizaci\u00f3n a su misi\u00f3n e impacto. Del 13 al 15 de mayo de 2024 en Barcelona, este evento se enmarca en la Capital Europea de la Democracia, amplificando la resonancia de su misi\u00f3n en la ciudad.Mediante metodolog\u00edas participativas y cooperaci\u00f3n descentralizada, ALDA capacita y empodera a comunidades locales no solo en Europa, sino en todo el mundo. Su misi\u00f3n esencial de construir puentes entre las autoridades locales y las comunidades adquiere una relevancia crucial, fomentando un di\u00e1logo transfronterizo y colaboraci\u00f3n que se extiende m\u00e1s all\u00e1 de las barreras geogr\u00e1ficas. Este compromiso consolida la posici\u00f3n de ALDA como un facilitador local con un impacto global, mostrando de manera contundente c\u00f3mo las iniciativas locales pueden impulsar cambios trascendentales a escala global.Bajo el lema \"Democracia Local para un Impacto Global\", el Festival y Asamblea General de la ALDA de 2024 ofrecer\u00e1 a los participantes una oportunidad \u00fanica para explorar las sinergias entre los niveles de gobierno local y europeo. Esta convergencia refuerza el compromiso de la ALDA de fomentar las conexiones entre ciudadanos, autoridades locales y el contexto europeo m\u00e1s amplio, contribuyendo a la misi\u00f3n vital de la organizaci\u00f3n de promover la democracia local como garant\u00eda de resiliencia.Este evento trascendental, que no deja de crecer despu\u00e9s del \u00e9xito de la edici\u00f3n anterior, invita a toda la ciudadan\u00eda interesada a ser part\u00edcipe de esta celebraci\u00f3n \u00fanica en la ciudad condal.M\u00e1s informaci\u00f3n","og_url":"https:\/\/programme.capitalofdemocracy.eu\/produkt\/alda-festival-general-assembly-2024-3\/","og_site_name":"ECoD - European Capital of Democracy","article_modified_time":"2024-04-30T03:05:18+00:00","og_image":[{"url":"https:\/\/programme.capitalofdemocracy.eu\/wp-content\/uploads\/GA2024_NC-1.png","width":1,"height":1,"type":"image\/png"}],"twitter_card":"summary_large_image","schema":{"@context":"https:\/\/schema.org","@graph":[{"@type":"WebPage","@id":"https:\/\/programme.capitalofdemocracy.eu\/produkt\/alda-festival-general-assembly-2024-3\/","url":"https:\/\/programme.capitalofdemocracy.eu\/produkt\/alda-festival-general-assembly-2024-3\/","name":"ALDA Festival &amp; General Assembly 2024 - ECoD - European Capital of Democracy","isPartOf":{"@id":"https:\/\/programme.capitalofdemocracy.eu\/es\/#website"},"datePublished":"2024-02-05T16:42:17+00:00","dateModified":"2024-04-30T03:05:18+00:00","breadcrumb":{"@id":"https:\/\/programme.capitalofdemocracy.eu\/produkt\/alda-festival-general-assembly-2024-3\/#breadcrumb"},"inLanguage":"es","potentialAction":[{"@type":"ReadAction","target":["https:\/\/programme.capitalofdemocracy.eu\/produkt\/alda-festival-general-assembly-2024-3\/"]}]},{"@type":"BreadcrumbList","@id":"https:\/\/programme.capitalofdemocracy.eu\/produkt\/alda-festival-general-assembly-2024-3\/#breadcrumb","itemListElement":[{"@type":"ListItem","position":1,"name":"Startseite","item":"https:\/\/programme.capitalofdemocracy.eu\/es\/startseite\/"},{"@type":"ListItem","position":2,"name":"Shop","item":"https:\/\/programme.capitalofdemocracy.eu\/shop\/"},{"@type":"ListItem","position":3,"name":"ALDA Festival &amp; General Assembly 2024"}]},{"@type":"WebSite","@id":"https:\/\/programme.capitalofdemocracy.eu\/es\/#website","url":"https:\/\/programme.capitalofdemocracy.eu\/es\/","name":"ECoD - European Capital of Democracy","description":"Barcelona, 2023-2024","potentialAction":[{"@type":"SearchAction","target":{"@type":"EntryPoint","urlTemplate":"https:\/\/programme.capitalofdemocracy.eu\/es\/?s={search_term_string}"},"query-input":"required name=search_term_string"}],"inLanguage":"es"}]}},"_links":{"self":[{"href":"https:\/\/programme.capitalofdemocracy.eu\/es\/wp-json\/wp\/v2\/product\/7428","targetHints":{"allow":["GET"]}}],"collection":[{"href":"https:\/\/programme.capitalofdemocracy.eu\/es\/wp-json\/wp\/v2\/product"}],"about":[{"href":"https:\/\/programme.capitalofdemocracy.eu\/es\/wp-json\/wp\/v2\/types\/product"}],"author":[{"embeddable":true,"href":"https:\/\/programme.capitalofdemocracy.eu\/es\/wp-json\/wp\/v2\/users\/5"}],"wp:featuredmedia":[{"embeddable":true,"href":"https:\/\/programme.capitalofdemocracy.eu\/es\/wp-json\/wp\/v2\/media\/9097"}],"wp:attachment":[{"href":"https:\/\/programme.capitalofdemocracy.eu\/es\/wp-json\/wp\/v2\/media?parent=7428"}],"wp:term":[{"taxonomy":"ecod-events-districts","embeddable":true,"href":"https:\/\/programme.capitalofdemocracy.eu\/es\/wp-json\/wp\/v2\/ecod-events-districts?post=7428"},{"taxonomy":"ecod-events-organizers","embeddable":true,"href":"https:\/\/programme.capitalofdemocracy.eu\/es\/wp-json\/wp\/v2\/ecod-events-organizers?post=7428"},{"taxonomy":"product_cat","embeddable":true,"href":"https:\/\/programme.capitalofdemocracy.eu\/es\/wp-json\/wp\/v2\/product_cat?post=7428"},{"taxonomy":"product_tag","embeddable":true,"href":"https:\/\/programme.capitalofdemocracy.eu\/es\/wp-json\/wp\/v2\/product_tag?post=7428"}],"curies":[{"name":"wp","href":"https:\/\/api.w.org\/{rel}","templated":true}]}}