{"id":7488,"date":"2024-02-05T17:43:40","date_gmt":"2024-02-05T16:43:40","guid":{"rendered":"https:\/\/programme.capitalofdemocracy.eu\/produkt\/entrega-de-la-agenda-de-los-ninos-en-el-ayuntamiento-de-barcelona\/"},"modified":"2024-02-08T14:38:58","modified_gmt":"2024-02-08T13:38:58","slug":"entrega-de-la-agenda-de-los-ninos-en-el-ayuntamiento-de-barcelona","status":"publish","type":"product","link":"https:\/\/programme.capitalofdemocracy.eu\/es\/produkt\/entrega-de-la-agenda-de-los-ninos-en-el-ayuntamiento-de-barcelona\/","title":{"rendered":"Entrega de la agenda de los ni\u00f1os en el Ayuntamiento de Barcelona"},"content":{"rendered":"","protected":false},"excerpt":{"rendered":"<p>En el marco del programa municipal de investigaci\u00f3n y participaci\u00f3n \u201c<a href=\"https:\/\/ajuntament.barcelona.cat\/infancia\/ca\/canal\/parlen-els-nens-i-nenes-el-benestar-subjectiu-de-la-infancia-barcelona\" target=\"_blank\" rel=\"noopener noreferrer\">Hablan los ni\u00f1os y ni\u00f1as: el bienestar de la infancia en Barcelona<\/a>\u201d, los ni\u00f1os y ni\u00f1as de las escuelas implicadas en el programa presentan y entregan la Agenda de los ni\u00f1os en la nueva Alcald\u00eda del Ayuntamiento de Barcelona.<\/p>\n<p>En el acto de entrega de la Agenda los ni\u00f1os explicar\u00e1n cu\u00e1les son las demandas de los ni\u00f1os para mejorar su bienestar en base a los resultados de la encuesta de bienestar subjetivo (donde han participado m\u00e1s de 5.000 ni\u00f1os y ni\u00f1as) y sus talleres participativos (donde han participado 2.000 ni\u00f1os y ni\u00f1as).<\/p>\n<p>Posteriormente se prev\u00e9 un segundo encuentro con la Alcald\u00eda hacia el mes de abril donde la Alcald\u00eda trasladar\u00e1 su respuesta a las propuestas realizadas por los ni\u00f1os en la Agenda entregada previamente.<\/p>\n<p><a href=\"https:\/\/institutinfancia.cat\/es\/noticias\/presentacion-agenda-2ed-ayuntamiento\/\" target=\"_blank\" rel=\"noopener noreferrer\">M\u00e1s informaci\u00f3n<\/a><\/p>\n<ul>\n<li>21 de noviembre de 2023<\/li>\n<li>10.30-11.15 h<\/li>\n<\/ul>\n<p><strong>Evento privado con invitaci\u00f3n.<\/strong><\/p>\n<p><img decoding=\"async\" src=\"https:\/\/capitalofdemocracy.barcelona\/rails\/active_storage\/blobs\/redirect\/eyJfcmFpbHMiOnsibWVzc2FnZSI6IkJBaHBBdW9CIiwiZXhwIjpudWxsLCJwdXIiOiJibG9iX2lkIn19--29fa3c866a97dc5de9e58a2c106c3682ce2d86b4\/Sin%20ti%CC%81tulo-2-01.png\" width=\"153\" \/><\/p>\n","protected":false},"featured_media":7495,"template":"","meta":{"_acf_changed":false,"inline_featured_image":false},"ecod-events-districts":[],"ecod-events-organizers":[232],"product_cat":[229],"product_tag":[],"class_list":{"0":"post-7488","1":"product","2":"type-product","3":"status-publish","4":"has-post-thumbnail","6":"ecod-events-organizers-city-of-barcelona-es","7":"product_cat-local-es","9":"first","10":"instock","11":"shipping-taxable","12":"product-type-simple"},"acf":[],"yoast_head":"<!-- This site is optimized with the Yoast SEO plugin v22.0 - https:\/\/yoast.com\/wordpress\/plugins\/seo\/ -->\n<title>Entrega de la agenda de los ni\u00f1os en el Ayuntamiento de Barcelona - ECoD - European Capital of Democracy<\/title>\n<meta name=\"robots\" content=\"noindex, follow, max-snippet:-1, max-image-preview:large, max-video-preview:-1\" \/>\n<meta property=\"og:locale\" content=\"es_ES\" \/>\n<meta property=\"og:type\" content=\"article\" \/>\n<meta property=\"og:title\" content=\"Entrega de la agenda de los ni\u00f1os en el Ayuntamiento de Barcelona - ECoD - European Capital of Democracy\" \/>\n<meta property=\"og:description\" content=\"En el marco del programa municipal de investigaci\u00f3n y participaci\u00f3n \u201cHablan los ni\u00f1os y ni\u00f1as: el bienestar de la infancia en Barcelona\u201d, los ni\u00f1os y ni\u00f1as de las escuelas implicadas en el programa presentan y entregan la Agenda de los ni\u00f1os en la nueva Alcald\u00eda del Ayuntamiento de Barcelona.  En el acto de entrega de la Agenda los ni\u00f1os explicar\u00e1n cu\u00e1les son las demandas de los ni\u00f1os para mejorar su bienestar en base a los resultados de la encuesta de bienestar subjetivo (donde han participado m\u00e1s de 5.000 ni\u00f1os y ni\u00f1as) y sus talleres participativos (donde han participado 2.000 ni\u00f1os y ni\u00f1as).  Posteriormente se prev\u00e9 un segundo encuentro con la Alcald\u00eda hacia el mes de abril donde la Alcald\u00eda trasladar\u00e1 su respuesta a las propuestas realizadas por los ni\u00f1os en la Agenda entregada previamente.  M\u00e1s informaci\u00f3n   21 de noviembre de 2023  10.30-11.15 h  Evento privado con invitaci\u00f3n.\" \/>\n<meta property=\"og:url\" content=\"https:\/\/programme.capitalofdemocracy.eu\/es\/produkt\/entrega-de-la-agenda-de-los-ninos-en-el-ayuntamiento-de-barcelona\/\" \/>\n<meta property=\"og:site_name\" content=\"ECoD - European Capital of Democracy\" \/>\n<meta property=\"article:modified_time\" content=\"2024-02-08T13:38:58+00:00\" \/>\n<meta property=\"og:image\" content=\"https:\/\/programme.capitalofdemocracy.eu\/wp-content\/uploads\/2024\/02\/IMG_6518-scaled.jpg\" \/>\n\t<meta property=\"og:image:width\" content=\"2560\" \/>\n\t<meta property=\"og:image:height\" content=\"1709\" \/>\n\t<meta property=\"og:image:type\" content=\"image\/jpeg\" \/>\n<meta name=\"twitter:card\" content=\"summary_large_image\" \/>\n<meta name=\"twitter:label1\" content=\"Tiempo de lectura\" \/>\n\t<meta name=\"twitter:data1\" content=\"1 minuto\" \/>\n<script type=\"application\/ld+json\" class=\"yoast-schema-graph\">{\"@context\":\"https:\/\/schema.org\",\"@graph\":[{\"@type\":\"WebPage\",\"@id\":\"https:\/\/programme.capitalofdemocracy.eu\/es\/produkt\/entrega-de-la-agenda-de-los-ninos-en-el-ayuntamiento-de-barcelona\/\",\"url\":\"https:\/\/programme.capitalofdemocracy.eu\/es\/produkt\/entrega-de-la-agenda-de-los-ninos-en-el-ayuntamiento-de-barcelona\/\",\"name\":\"Entrega de la agenda de los ni\u00f1os en el Ayuntamiento de Barcelona - ECoD - European Capital of Democracy\",\"isPartOf\":{\"@id\":\"https:\/\/programme.capitalofdemocracy.eu\/es\/#website\"},\"datePublished\":\"2024-02-05T16:43:40+00:00\",\"dateModified\":\"2024-02-08T13:38:58+00:00\",\"breadcrumb\":{\"@id\":\"https:\/\/programme.capitalofdemocracy.eu\/es\/produkt\/entrega-de-la-agenda-de-los-ninos-en-el-ayuntamiento-de-barcelona\/#breadcrumb\"},\"inLanguage\":\"es\",\"potentialAction\":[{\"@type\":\"ReadAction\",\"target\":[\"https:\/\/programme.capitalofdemocracy.eu\/es\/produkt\/entrega-de-la-agenda-de-los-ninos-en-el-ayuntamiento-de-barcelona\/\"]}]},{\"@type\":\"BreadcrumbList\",\"@id\":\"https:\/\/programme.capitalofdemocracy.eu\/es\/produkt\/entrega-de-la-agenda-de-los-ninos-en-el-ayuntamiento-de-barcelona\/#breadcrumb\",\"itemListElement\":[{\"@type\":\"ListItem\",\"position\":1,\"name\":\"Startseite\",\"item\":\"https:\/\/programme.capitalofdemocracy.eu\/es\/startseite\/\"},{\"@type\":\"ListItem\",\"position\":2,\"name\":\"Shop\",\"item\":\"https:\/\/programme.capitalofdemocracy.eu\/shop\/\"},{\"@type\":\"ListItem\",\"position\":3,\"name\":\"Entrega de la agenda de los ni\u00f1os en el Ayuntamiento de Barcelona\"}]},{\"@type\":\"WebSite\",\"@id\":\"https:\/\/programme.capitalofdemocracy.eu\/es\/#website\",\"url\":\"https:\/\/programme.capitalofdemocracy.eu\/es\/\",\"name\":\"ECoD - European Capital of Democracy\",\"description\":\"Barcelona, 2023-2024\",\"potentialAction\":[{\"@type\":\"SearchAction\",\"target\":{\"@type\":\"EntryPoint\",\"urlTemplate\":\"https:\/\/programme.capitalofdemocracy.eu\/es\/?s={search_term_string}\"},\"query-input\":\"required name=search_term_string\"}],\"inLanguage\":\"es\"}]}<\/script>\n<!-- \/ Yoast SEO plugin. -->","yoast_head_json":{"title":"Entrega de la agenda de los ni\u00f1os en el Ayuntamiento de Barcelona - ECoD - European Capital of Democracy","robots":{"index":"noindex","follow":"follow","max-snippet":"max-snippet:-1","max-image-preview":"max-image-preview:large","max-video-preview":"max-video-preview:-1"},"og_locale":"es_ES","og_type":"article","og_title":"Entrega de la agenda de los ni\u00f1os en el Ayuntamiento de Barcelona - ECoD - European Capital of Democracy","og_description":"En el marco del programa municipal de investigaci\u00f3n y participaci\u00f3n \u201cHablan los ni\u00f1os y ni\u00f1as: el bienestar de la infancia en Barcelona\u201d, los ni\u00f1os y ni\u00f1as de las escuelas implicadas en el programa presentan y entregan la Agenda de los ni\u00f1os en la nueva Alcald\u00eda del Ayuntamiento de Barcelona.  En el acto de entrega de la Agenda los ni\u00f1os explicar\u00e1n cu\u00e1les son las demandas de los ni\u00f1os para mejorar su bienestar en base a los resultados de la encuesta de bienestar subjetivo (donde han participado m\u00e1s de 5.000 ni\u00f1os y ni\u00f1as) y sus talleres participativos (donde han participado 2.000 ni\u00f1os y ni\u00f1as).  Posteriormente se prev\u00e9 un segundo encuentro con la Alcald\u00eda hacia el mes de abril donde la Alcald\u00eda trasladar\u00e1 su respuesta a las propuestas realizadas por los ni\u00f1os en la Agenda entregada previamente.  M\u00e1s informaci\u00f3n   21 de noviembre de 2023  10.30-11.15 h  Evento privado con invitaci\u00f3n.","og_url":"https:\/\/programme.capitalofdemocracy.eu\/es\/produkt\/entrega-de-la-agenda-de-los-ninos-en-el-ayuntamiento-de-barcelona\/","og_site_name":"ECoD - European Capital of Democracy","article_modified_time":"2024-02-08T13:38:58+00:00","og_image":[{"width":2560,"height":1709,"url":"https:\/\/programme.capitalofdemocracy.eu\/wp-content\/uploads\/2024\/02\/IMG_6518-scaled.jpg","type":"image\/jpeg"}],"twitter_card":"summary_large_image","twitter_misc":{"Tiempo de lectura":"1 minuto"},"schema":{"@context":"https:\/\/schema.org","@graph":[{"@type":"WebPage","@id":"https:\/\/programme.capitalofdemocracy.eu\/es\/produkt\/entrega-de-la-agenda-de-los-ninos-en-el-ayuntamiento-de-barcelona\/","url":"https:\/\/programme.capitalofdemocracy.eu\/es\/produkt\/entrega-de-la-agenda-de-los-ninos-en-el-ayuntamiento-de-barcelona\/","name":"Entrega de la agenda de los ni\u00f1os en el Ayuntamiento de Barcelona - ECoD - European Capital of Democracy","isPartOf":{"@id":"https:\/\/programme.capitalofdemocracy.eu\/es\/#website"},"datePublished":"2024-02-05T16:43:40+00:00","dateModified":"2024-02-08T13:38:58+00:00","breadcrumb":{"@id":"https:\/\/programme.capitalofdemocracy.eu\/es\/produkt\/entrega-de-la-agenda-de-los-ninos-en-el-ayuntamiento-de-barcelona\/#breadcrumb"},"inLanguage":"es","potentialAction":[{"@type":"ReadAction","target":["https:\/\/programme.capitalofdemocracy.eu\/es\/produkt\/entrega-de-la-agenda-de-los-ninos-en-el-ayuntamiento-de-barcelona\/"]}]},{"@type":"BreadcrumbList","@id":"https:\/\/programme.capitalofdemocracy.eu\/es\/produkt\/entrega-de-la-agenda-de-los-ninos-en-el-ayuntamiento-de-barcelona\/#breadcrumb","itemListElement":[{"@type":"ListItem","position":1,"name":"Startseite","item":"https:\/\/programme.capitalofdemocracy.eu\/es\/startseite\/"},{"@type":"ListItem","position":2,"name":"Shop","item":"https:\/\/programme.capitalofdemocracy.eu\/shop\/"},{"@type":"ListItem","position":3,"name":"Entrega de la agenda de los ni\u00f1os en el Ayuntamiento de Barcelona"}]},{"@type":"WebSite","@id":"https:\/\/programme.capitalofdemocracy.eu\/es\/#website","url":"https:\/\/programme.capitalofdemocracy.eu\/es\/","name":"ECoD - European Capital of Democracy","description":"Barcelona, 2023-2024","potentialAction":[{"@type":"SearchAction","target":{"@type":"EntryPoint","urlTemplate":"https:\/\/programme.capitalofdemocracy.eu\/es\/?s={search_term_string}"},"query-input":"required name=search_term_string"}],"inLanguage":"es"}]}},"_links":{"self":[{"href":"https:\/\/programme.capitalofdemocracy.eu\/es\/wp-json\/wp\/v2\/product\/7488","targetHints":{"allow":["GET"]}}],"collection":[{"href":"https:\/\/programme.capitalofdemocracy.eu\/es\/wp-json\/wp\/v2\/product"}],"about":[{"href":"https:\/\/programme.capitalofdemocracy.eu\/es\/wp-json\/wp\/v2\/types\/product"}],"wp:featuredmedia":[{"embeddable":true,"href":"https:\/\/programme.capitalofdemocracy.eu\/es\/wp-json\/wp\/v2\/media\/7495"}],"wp:attachment":[{"href":"https:\/\/programme.capitalofdemocracy.eu\/es\/wp-json\/wp\/v2\/media?parent=7488"}],"wp:term":[{"taxonomy":"ecod-events-districts","embeddable":true,"href":"https:\/\/programme.capitalofdemocracy.eu\/es\/wp-json\/wp\/v2\/ecod-events-districts?post=7488"},{"taxonomy":"ecod-events-organizers","embeddable":true,"href":"https:\/\/programme.capitalofdemocracy.eu\/es\/wp-json\/wp\/v2\/ecod-events-organizers?post=7488"},{"taxonomy":"product_cat","embeddable":true,"href":"https:\/\/programme.capitalofdemocracy.eu\/es\/wp-json\/wp\/v2\/product_cat?post=7488"},{"taxonomy":"product_tag","embeddable":true,"href":"https:\/\/programme.capitalofdemocracy.eu\/es\/wp-json\/wp\/v2\/product_tag?post=7488"}],"curies":[{"name":"wp","href":"https:\/\/api.w.org\/{rel}","templated":true}]}}