{"id":7518,"date":"2024-02-05T17:45:16","date_gmt":"2024-02-05T16:45:16","guid":{"rendered":"https:\/\/programme.capitalofdemocracy.eu\/produkt\/ii-jornadas-pensar-la-justicia-digital-global\/"},"modified":"2024-02-08T14:34:47","modified_gmt":"2024-02-08T13:34:47","slug":"ii-jornadas-pensar-la-justicia-digital-global","status":"publish","type":"product","link":"https:\/\/programme.capitalofdemocracy.eu\/es\/produkt\/ii-jornadas-pensar-la-justicia-digital-global\/","title":{"rendered":"II Jornadas Pensar la Justicia Digital Global"},"content":{"rendered":"","protected":false},"excerpt":{"rendered":"<p><strong>Agenda:<\/strong><\/p>\n<p><strong>Jornada del 11 de diciembre de 2023 (abierta al p\u00fablico)<\/strong><\/p>\n<ul>\n<li><strong>16.30 \u2013 17.00. Bienvenida y apertura<\/strong><\/li>\n<\/ul>\n<p><em>Explicaci\u00f3n del marco del proyecto y el porqu\u00e9 de este acto central <\/em><\/p>\n<p>\u25e6\u00a0\u00a0\u00a0\u00a0\u00a0\u00a0\u00a0David Llistar. Director de Justicia Global del Ajuntament de Barcelona.<\/p>\n<p>\u25e6\u00a0\u00a0\u00a0\u00a0\u00a0\u00a0\u00a0Andrea Costafreda. Directora Program\u00e1tica para Am\u00e9rica Latina y el Caribe de Oxfam Interm\u00f3n.<\/p>\n<ul>\n<li><strong>17.00 \u2013 18.00. La IA m\u00e1s all\u00e1 del apocalipsis y de la distopia tecnofuturista<\/strong><\/li>\n<\/ul>\n<p><em>Se pretende ofrecer una mirada cr\u00edtica a la tecnolog\u00eda de Inteligencia Artificial que sit\u00fae de manera realista los riesgos y las oportunidades, as\u00ed como las estrategias para minimizar su impacto negativo<\/em><\/p>\n<p>\u25e6\u00a0\u00a0\u00a0\u00a0\u00a0\u00a0\u00a0Renata \u00c1vila, abogada y activista por los derechos digitales. Directora ejecutiva de la Open Knowledge Foundation.<\/p>\n<p>\u25e6\u00a0\u00a0\u00a0\u00a0\u00a0\u00a0\u00a0Susie Alegre, jurista internacional especializada en derechos humanos y tecnolog\u00eda, autora del libro <em>Libertad de pensamiento. La larga lucha por liberar nuestra mente<\/em>.<\/p>\n<ul>\n<li><strong>18.00 \u2013 18.15. Pausa<\/strong><\/li>\n<\/ul>\n<p><em>Oportunidad para hacer relaciones sociales y conversaciones distendidas<\/em><\/p>\n<ul>\n<li><strong>18.15 \u2013 19.15. Plantarse ante las grandes plataformas<\/strong><\/li>\n<\/ul>\n<p><em>Intenta visibilizar las iniciativas que apuntan a la responsabilidad de las grandes compa\u00f1\u00edas en los impactos negativos de su actividad y que muestran que se les pueden marcar ciertos l\u00edmites<\/em><\/p>\n<p>\u25e6\u00a0\u00a0\u00a0\u00a0\u00a0\u00a0\u00a0Paz Pe\u00f1a, investigadora independiente especializada en la intersecci\u00f3n entre tecnolog\u00edas digitales, feminismo y justicia social.<\/p>\n<p>\u25e6\u00a0\u00a0\u00a0\u00a0\u00a0\u00a0\u00a0Cori Crider, co-fundadora de Foxglove una organizaci\u00f3n brit\u00e1nica dedicada al litigio estrat\u00e9gico que impulsa procesos contra las grandes tecnol\u00f3gicas.<\/p>\n<p>&nbsp;<\/p>\n<p>(Las jornadas del d\u00eda 12 son de acceso restringido pensado como espacio de trabajo colectivo y orientado a propiciar el intercambio y la reflexi\u00f3n colectiva entre las participantes internacionales, participantes diversos del proyecto, las instancias de Oxfam implicadas en esta iniciativa y otras relacionadas con el proceso de digitalizaci\u00f3n y organizaciones y colectivos del ecosistema digital y transformador de Barcelona.)<\/p>\n<p>&nbsp;<\/p>\n<p><img decoding=\"async\" src=\"https:\/\/capitalofdemocracy.barcelona\/rails\/active_storage\/blobs\/redirect\/eyJfcmFpbHMiOnsibWVzc2FnZSI6IkJBaHBBakVFIiwiZXhwIjpudWxsLCJwdXIiOiJibG9iX2lkIn19--26dcf71a8e34e8b437d9bbf2618a272b7349c14a\/OX_OSP_HL_C_RGB.png\" width=\"204\" \/><\/p>\n","protected":false},"featured_media":7525,"template":"","meta":{"_acf_changed":false,"inline_featured_image":false},"ecod-events-districts":[],"ecod-events-organizers":[232],"product_cat":[229],"product_tag":[],"class_list":{"0":"post-7518","1":"product","2":"type-product","3":"status-publish","4":"has-post-thumbnail","6":"ecod-events-organizers-city-of-barcelona-es","7":"product_cat-local-es","9":"first","10":"instock","11":"shipping-taxable","12":"product-type-simple"},"acf":[],"yoast_head":"<!-- This site is optimized with the Yoast SEO plugin v22.0 - https:\/\/yoast.com\/wordpress\/plugins\/seo\/ -->\n<title>II Jornadas Pensar la Justicia Digital Global - ECoD - European Capital of Democracy<\/title>\n<meta name=\"robots\" content=\"noindex, follow, max-snippet:-1, max-image-preview:large, max-video-preview:-1\" \/>\n<meta property=\"og:locale\" content=\"es_ES\" \/>\n<meta property=\"og:type\" content=\"article\" \/>\n<meta property=\"og:title\" content=\"II Jornadas Pensar la Justicia Digital Global - ECoD - European Capital of Democracy\" \/>\n<meta property=\"og:description\" content=\"Agenda:  Jornada del 11 de diciembre de 2023 (abierta al p\u00fablico)   16.30 \u2013 17.00. Bienvenida y apertura  Explicaci\u00f3n del marco del proyecto y el porqu\u00e9 de este acto central   \u25e6\u00a0\u00a0\u00a0\u00a0\u00a0\u00a0\u00a0David Llistar. Director de Justicia Global del Ajuntament de Barcelona.  \u25e6\u00a0\u00a0\u00a0\u00a0\u00a0\u00a0\u00a0Andrea Costafreda. Directora Program\u00e1tica para Am\u00e9rica Latina y el Caribe de Oxfam Interm\u00f3n.   17.00 \u2013 18.00. La IA m\u00e1s all\u00e1 del apocalipsis y de la distopia tecnofuturista  Se pretende ofrecer una mirada cr\u00edtica a la tecnolog\u00eda de Inteligencia Artificial que sit\u00fae de manera realista los riesgos y las oportunidades, as\u00ed como las estrategias para minimizar su impacto negativo  \u25e6\u00a0\u00a0\u00a0\u00a0\u00a0\u00a0\u00a0Renata \u00c1vila, abogada y activista por los derechos digitales. Directora ejecutiva de la Open Knowledge Foundation.  \u25e6\u00a0\u00a0\u00a0\u00a0\u00a0\u00a0\u00a0Susie Alegre, jurista internacional especializada en derechos humanos y tecnolog\u00eda, autora del libro Libertad de pensamiento. La larga lucha por liberar nuestra mente.   18.00 \u2013 18.15. Pausa  Oportunidad para hacer relaciones sociales y conversaciones distendidas   18.15 \u2013 19.15. Plantarse ante las grandes plataformas  Intenta visibilizar las iniciativas que apuntan a la responsabilidad de las grandes compa\u00f1\u00edas en los impactos negativos de su actividad y que muestran que se les pueden marcar ciertos l\u00edmites  \u25e6\u00a0\u00a0\u00a0\u00a0\u00a0\u00a0\u00a0Paz Pe\u00f1a, investigadora independiente especializada en la intersecci\u00f3n entre tecnolog\u00edas digitales, feminismo y justicia social.  \u25e6\u00a0\u00a0\u00a0\u00a0\u00a0\u00a0\u00a0Cori Crider, co-fundadora de Foxglove una organizaci\u00f3n brit\u00e1nica dedicada al litigio estrat\u00e9gico que impulsa procesos contra las grandes tecnol\u00f3gicas.  &nbsp;  (Las jornadas del d\u00eda 12 son de acceso restringido pensado como espacio de trabajo colectivo y orientado a propiciar el intercambio y la reflexi\u00f3n colectiva entre las participantes internacionales, participantes diversos del proyecto, las instancias de Oxfam implicadas en esta iniciativa y otras relacionadas con el proceso de digitalizaci\u00f3n y organizaciones y colectivos del ecosistema digital y transformador de Barcelona.)  &nbsp;\" \/>\n<meta property=\"og:url\" content=\"https:\/\/programme.capitalofdemocracy.eu\/es\/produkt\/ii-jornadas-pensar-la-justicia-digital-global\/\" \/>\n<meta property=\"og:site_name\" content=\"ECoD - European Capital of Democracy\" \/>\n<meta property=\"article:modified_time\" content=\"2024-02-08T13:34:47+00:00\" \/>\n<meta property=\"og:image\" content=\"https:\/\/programme.capitalofdemocracy.eu\/wp-content\/uploads\/2024\/02\/IMG_20231211_185719.jpg\" \/>\n\t<meta property=\"og:image:width\" content=\"2000\" \/>\n\t<meta property=\"og:image:height\" content=\"1500\" \/>\n\t<meta property=\"og:image:type\" content=\"image\/jpeg\" \/>\n<meta name=\"twitter:card\" content=\"summary_large_image\" \/>\n<script type=\"application\/ld+json\" class=\"yoast-schema-graph\">{\"@context\":\"https:\/\/schema.org\",\"@graph\":[{\"@type\":\"WebPage\",\"@id\":\"https:\/\/programme.capitalofdemocracy.eu\/es\/produkt\/ii-jornadas-pensar-la-justicia-digital-global\/\",\"url\":\"https:\/\/programme.capitalofdemocracy.eu\/es\/produkt\/ii-jornadas-pensar-la-justicia-digital-global\/\",\"name\":\"II Jornadas Pensar la Justicia Digital Global - ECoD - European Capital of Democracy\",\"isPartOf\":{\"@id\":\"https:\/\/programme.capitalofdemocracy.eu\/es\/#website\"},\"datePublished\":\"2024-02-05T16:45:16+00:00\",\"dateModified\":\"2024-02-08T13:34:47+00:00\",\"breadcrumb\":{\"@id\":\"https:\/\/programme.capitalofdemocracy.eu\/es\/produkt\/ii-jornadas-pensar-la-justicia-digital-global\/#breadcrumb\"},\"inLanguage\":\"es\",\"potentialAction\":[{\"@type\":\"ReadAction\",\"target\":[\"https:\/\/programme.capitalofdemocracy.eu\/es\/produkt\/ii-jornadas-pensar-la-justicia-digital-global\/\"]}]},{\"@type\":\"BreadcrumbList\",\"@id\":\"https:\/\/programme.capitalofdemocracy.eu\/es\/produkt\/ii-jornadas-pensar-la-justicia-digital-global\/#breadcrumb\",\"itemListElement\":[{\"@type\":\"ListItem\",\"position\":1,\"name\":\"Startseite\",\"item\":\"https:\/\/programme.capitalofdemocracy.eu\/es\/startseite\/\"},{\"@type\":\"ListItem\",\"position\":2,\"name\":\"Shop\",\"item\":\"https:\/\/programme.capitalofdemocracy.eu\/shop\/\"},{\"@type\":\"ListItem\",\"position\":3,\"name\":\"II Jornadas Pensar la Justicia Digital Global\"}]},{\"@type\":\"WebSite\",\"@id\":\"https:\/\/programme.capitalofdemocracy.eu\/es\/#website\",\"url\":\"https:\/\/programme.capitalofdemocracy.eu\/es\/\",\"name\":\"ECoD - European Capital of Democracy\",\"description\":\"Barcelona, 2023-2024\",\"potentialAction\":[{\"@type\":\"SearchAction\",\"target\":{\"@type\":\"EntryPoint\",\"urlTemplate\":\"https:\/\/programme.capitalofdemocracy.eu\/es\/?s={search_term_string}\"},\"query-input\":\"required name=search_term_string\"}],\"inLanguage\":\"es\"}]}<\/script>\n<!-- \/ Yoast SEO plugin. -->","yoast_head_json":{"title":"II Jornadas Pensar la Justicia Digital Global - ECoD - European Capital of Democracy","robots":{"index":"noindex","follow":"follow","max-snippet":"max-snippet:-1","max-image-preview":"max-image-preview:large","max-video-preview":"max-video-preview:-1"},"og_locale":"es_ES","og_type":"article","og_title":"II Jornadas Pensar la Justicia Digital Global - ECoD - European Capital of Democracy","og_description":"Agenda:  Jornada del 11 de diciembre de 2023 (abierta al p\u00fablico)   16.30 \u2013 17.00. Bienvenida y apertura  Explicaci\u00f3n del marco del proyecto y el porqu\u00e9 de este acto central   \u25e6\u00a0\u00a0\u00a0\u00a0\u00a0\u00a0\u00a0David Llistar. Director de Justicia Global del Ajuntament de Barcelona.  \u25e6\u00a0\u00a0\u00a0\u00a0\u00a0\u00a0\u00a0Andrea Costafreda. Directora Program\u00e1tica para Am\u00e9rica Latina y el Caribe de Oxfam Interm\u00f3n.   17.00 \u2013 18.00. La IA m\u00e1s all\u00e1 del apocalipsis y de la distopia tecnofuturista  Se pretende ofrecer una mirada cr\u00edtica a la tecnolog\u00eda de Inteligencia Artificial que sit\u00fae de manera realista los riesgos y las oportunidades, as\u00ed como las estrategias para minimizar su impacto negativo  \u25e6\u00a0\u00a0\u00a0\u00a0\u00a0\u00a0\u00a0Renata \u00c1vila, abogada y activista por los derechos digitales. Directora ejecutiva de la Open Knowledge Foundation.  \u25e6\u00a0\u00a0\u00a0\u00a0\u00a0\u00a0\u00a0Susie Alegre, jurista internacional especializada en derechos humanos y tecnolog\u00eda, autora del libro Libertad de pensamiento. La larga lucha por liberar nuestra mente.   18.00 \u2013 18.15. Pausa  Oportunidad para hacer relaciones sociales y conversaciones distendidas   18.15 \u2013 19.15. Plantarse ante las grandes plataformas  Intenta visibilizar las iniciativas que apuntan a la responsabilidad de las grandes compa\u00f1\u00edas en los impactos negativos de su actividad y que muestran que se les pueden marcar ciertos l\u00edmites  \u25e6\u00a0\u00a0\u00a0\u00a0\u00a0\u00a0\u00a0Paz Pe\u00f1a, investigadora independiente especializada en la intersecci\u00f3n entre tecnolog\u00edas digitales, feminismo y justicia social.  \u25e6\u00a0\u00a0\u00a0\u00a0\u00a0\u00a0\u00a0Cori Crider, co-fundadora de Foxglove una organizaci\u00f3n brit\u00e1nica dedicada al litigio estrat\u00e9gico que impulsa procesos contra las grandes tecnol\u00f3gicas.  &nbsp;  (Las jornadas del d\u00eda 12 son de acceso restringido pensado como espacio de trabajo colectivo y orientado a propiciar el intercambio y la reflexi\u00f3n colectiva entre las participantes internacionales, participantes diversos del proyecto, las instancias de Oxfam implicadas en esta iniciativa y otras relacionadas con el proceso de digitalizaci\u00f3n y organizaciones y colectivos del ecosistema digital y transformador de Barcelona.)  &nbsp;","og_url":"https:\/\/programme.capitalofdemocracy.eu\/es\/produkt\/ii-jornadas-pensar-la-justicia-digital-global\/","og_site_name":"ECoD - European Capital of Democracy","article_modified_time":"2024-02-08T13:34:47+00:00","og_image":[{"width":2000,"height":1500,"url":"https:\/\/programme.capitalofdemocracy.eu\/wp-content\/uploads\/2024\/02\/IMG_20231211_185719.jpg","type":"image\/jpeg"}],"twitter_card":"summary_large_image","schema":{"@context":"https:\/\/schema.org","@graph":[{"@type":"WebPage","@id":"https:\/\/programme.capitalofdemocracy.eu\/es\/produkt\/ii-jornadas-pensar-la-justicia-digital-global\/","url":"https:\/\/programme.capitalofdemocracy.eu\/es\/produkt\/ii-jornadas-pensar-la-justicia-digital-global\/","name":"II Jornadas Pensar la Justicia Digital Global - ECoD - European Capital of Democracy","isPartOf":{"@id":"https:\/\/programme.capitalofdemocracy.eu\/es\/#website"},"datePublished":"2024-02-05T16:45:16+00:00","dateModified":"2024-02-08T13:34:47+00:00","breadcrumb":{"@id":"https:\/\/programme.capitalofdemocracy.eu\/es\/produkt\/ii-jornadas-pensar-la-justicia-digital-global\/#breadcrumb"},"inLanguage":"es","potentialAction":[{"@type":"ReadAction","target":["https:\/\/programme.capitalofdemocracy.eu\/es\/produkt\/ii-jornadas-pensar-la-justicia-digital-global\/"]}]},{"@type":"BreadcrumbList","@id":"https:\/\/programme.capitalofdemocracy.eu\/es\/produkt\/ii-jornadas-pensar-la-justicia-digital-global\/#breadcrumb","itemListElement":[{"@type":"ListItem","position":1,"name":"Startseite","item":"https:\/\/programme.capitalofdemocracy.eu\/es\/startseite\/"},{"@type":"ListItem","position":2,"name":"Shop","item":"https:\/\/programme.capitalofdemocracy.eu\/shop\/"},{"@type":"ListItem","position":3,"name":"II Jornadas Pensar la Justicia Digital Global"}]},{"@type":"WebSite","@id":"https:\/\/programme.capitalofdemocracy.eu\/es\/#website","url":"https:\/\/programme.capitalofdemocracy.eu\/es\/","name":"ECoD - European Capital of Democracy","description":"Barcelona, 2023-2024","potentialAction":[{"@type":"SearchAction","target":{"@type":"EntryPoint","urlTemplate":"https:\/\/programme.capitalofdemocracy.eu\/es\/?s={search_term_string}"},"query-input":"required name=search_term_string"}],"inLanguage":"es"}]}},"_links":{"self":[{"href":"https:\/\/programme.capitalofdemocracy.eu\/es\/wp-json\/wp\/v2\/product\/7518","targetHints":{"allow":["GET"]}}],"collection":[{"href":"https:\/\/programme.capitalofdemocracy.eu\/es\/wp-json\/wp\/v2\/product"}],"about":[{"href":"https:\/\/programme.capitalofdemocracy.eu\/es\/wp-json\/wp\/v2\/types\/product"}],"wp:featuredmedia":[{"embeddable":true,"href":"https:\/\/programme.capitalofdemocracy.eu\/es\/wp-json\/wp\/v2\/media\/7525"}],"wp:attachment":[{"href":"https:\/\/programme.capitalofdemocracy.eu\/es\/wp-json\/wp\/v2\/media?parent=7518"}],"wp:term":[{"taxonomy":"ecod-events-districts","embeddable":true,"href":"https:\/\/programme.capitalofdemocracy.eu\/es\/wp-json\/wp\/v2\/ecod-events-districts?post=7518"},{"taxonomy":"ecod-events-organizers","embeddable":true,"href":"https:\/\/programme.capitalofdemocracy.eu\/es\/wp-json\/wp\/v2\/ecod-events-organizers?post=7518"},{"taxonomy":"product_cat","embeddable":true,"href":"https:\/\/programme.capitalofdemocracy.eu\/es\/wp-json\/wp\/v2\/product_cat?post=7518"},{"taxonomy":"product_tag","embeddable":true,"href":"https:\/\/programme.capitalofdemocracy.eu\/es\/wp-json\/wp\/v2\/product_tag?post=7518"}],"curies":[{"name":"wp","href":"https:\/\/api.w.org\/{rel}","templated":true}]}}