{"id":7893,"date":"2024-03-04T11:30:30","date_gmt":"2024-03-04T10:30:30","guid":{"rendered":"https:\/\/programme.capitalofdemocracy.eu\/produkt\/conferencia-inaugural-los-retos-de-la-democracia-europea\/"},"modified":"2024-03-04T11:30:36","modified_gmt":"2024-03-04T10:30:36","slug":"conferencia-inaugural-los-retos-de-la-democracia-europea-2","status":"publish","type":"product","link":"https:\/\/programme.capitalofdemocracy.eu\/es\/produkt\/conferencia-inaugural-los-retos-de-la-democracia-europea-2\/","title":{"rendered":"Conferencia inaugural: Los retos de la democracia europea"},"content":{"rendered":"","protected":false},"excerpt":{"rendered":"<p>La democracia, ese concepto amplio y abstracto, vuelve a estar en boca de todos. En un sentido etimol\u00f3gico, se basa en una idea simple y concreta, el gobierno del pueblo, pero estos conceptos se han ido construyendo a medida que se ha desplegado en diferentes formas de organizaci\u00f3n pol\u00edtica de la sociedad a trav\u00e9s de la democracia representativa, deliberativa, directa o participativa. Diferentes declinaciones con concepciones muy distintas de esta idea radical y concreta de democracia.<\/p>\n<p>En esta conferencia queremos poner sobre la mesa el debate sobre qu\u00e9 significa hoy la democracia en Europa, cu\u00e1les son sus l\u00edmites en el contexto de las m\u00faltiples crisis actuales y qu\u00e9 retos se abren ante un escenario tan complejo en t\u00e9rminos de gobernanza pol\u00edtica a m\u00faltiples escalas. Tambi\u00e9n queremos poner en di\u00e1logo una mirada cr\u00edtica y reflexiva sobre la crisis de la democracia con la defensa de los derechos fundamentales y la lucha contra las desigualdades. Al mismo tiempo, queremos explorar el papel de Europa en la escena global y cu\u00e1l debe ser su papel en un horizonte de defensa y progreso hacia una democracia global o una democracia de democracias.<\/p>\n<p>Ponentes:<\/p>\n<ul>\n<li><strong>Daniel Innerarity<\/strong>, Premio Nacional de Investigaci\u00f3n en Humanidades por su relevante papel en la adaptaci\u00f3n de los principios normativos de la democracia a las din\u00e1micas sociales actuales. Es tambi\u00e9n catedr\u00e1tico de filosof\u00eda pol\u00edtica y social, investigador Ikerbasque en la Universidad del Pa\u00eds Vasco y director del Instituto de Gobernanza Democr\u00e1tica.<\/li>\n<\/ul>\n<p>Moderaci\u00f3n:<\/p>\n<ul>\n<li><strong>Karlos Castilla<\/strong>, abogado por la Universidad Nacional Aut\u00f3noma de M\u00e9xico. Doctor en derecho por la Universitat Pompeu Fabra. Actualmente es responsable de investigaci\u00f3n e incidencia internacional del Institut de Drets Humans de Catalunya y profesor asociado de Derecho Internacional en la Universitat Pompeu Fabra.<\/li>\n<\/ul>\n<p>Programa:<\/p>\n<ul>\n<li>17.30 h &#8211; <strong>Apertura de puertas<\/strong><\/li>\n<li>17.45 h &#8211; <strong>Presentaci\u00f3n del acto<\/strong><\/li>\n<li>18.00 h &#8211; <strong>Conferencia Daniel Innerarity y turno de preguntas\ufeff<\/strong><\/li>\n<\/ul>\n","protected":false},"author":0,"featured_media":7900,"template":"","meta":{"_acf_changed":false,"inline_featured_image":false},"ecod-events-districts":[],"ecod-events-organizers":[],"product_cat":[15],"product_tag":[],"class_list":{"0":"post-7893","1":"product","2":"type-product","3":"status-publish","4":"has-post-thumbnail","6":"product_cat-unkategorisiert","8":"first","9":"instock","10":"shipping-taxable","11":"product-type-simple"},"acf":[],"yoast_head":"<!-- This site is optimized with the Yoast SEO plugin v22.0 - https:\/\/yoast.com\/wordpress\/plugins\/seo\/ -->\n<title>Conferencia inaugural: Los retos de la democracia europea - ECoD - European Capital of Democracy<\/title>\n<meta name=\"robots\" content=\"noindex, follow, max-snippet:-1, max-image-preview:large, max-video-preview:-1\" \/>\n<meta property=\"og:locale\" content=\"es_ES\" \/>\n<meta property=\"og:type\" content=\"article\" \/>\n<meta property=\"og:title\" content=\"Conferencia inaugural: Los retos de la democracia europea - ECoD - European Capital of Democracy\" \/>\n<meta property=\"og:description\" content=\"La democracia, ese concepto amplio y abstracto, vuelve a estar en boca de todos. En un sentido etimol\u00f3gico, se basa en una idea simple y concreta, el gobierno del pueblo, pero estos conceptos se han ido construyendo a medida que se ha desplegado en diferentes formas de organizaci\u00f3n pol\u00edtica de la sociedad a trav\u00e9s de la democracia representativa, deliberativa, directa o participativa. Diferentes declinaciones con concepciones muy distintas de esta idea radical y concreta de democracia.En esta conferencia queremos poner sobre la mesa el debate sobre qu\u00e9 significa hoy la democracia en Europa, cu\u00e1les son sus l\u00edmites en el contexto de las m\u00faltiples crisis actuales y qu\u00e9 retos se abren ante un escenario tan complejo en t\u00e9rminos de gobernanza pol\u00edtica a m\u00faltiples escalas. Tambi\u00e9n queremos poner en di\u00e1logo una mirada cr\u00edtica y reflexiva sobre la crisis de la democracia con la defensa de los derechos fundamentales y la lucha contra las desigualdades. Al mismo tiempo, queremos explorar el papel de Europa en la escena global y cu\u00e1l debe ser su papel en un horizonte de defensa y progreso hacia una democracia global o una democracia de democracias.Ponentes:Daniel Innerarity, Premio Nacional de Investigaci\u00f3n en Humanidades por su relevante papel en la adaptaci\u00f3n de los principios normativos de la democracia a las din\u00e1micas sociales actuales. Es tambi\u00e9n catedr\u00e1tico de filosof\u00eda pol\u00edtica y social, investigador Ikerbasque en la Universidad del Pa\u00eds Vasco y director del Instituto de Gobernanza Democr\u00e1tica.Moderaci\u00f3n:Karlos Castilla, abogado por la Universidad Nacional Aut\u00f3noma de M\u00e9xico. Doctor en derecho por la Universitat Pompeu Fabra. Actualmente es responsable de investigaci\u00f3n e incidencia internacional del Institut de Drets Humans de Catalunya y profesor asociado de Derecho Internacional en la Universitat Pompeu Fabra.Programa:17.30 h - Apertura de puertas17.45 h - Presentaci\u00f3n del acto18.00 h - Conferencia Daniel Innerarity y turno de preguntas\ufeff\" \/>\n<meta property=\"og:url\" content=\"https:\/\/programme.capitalofdemocracy.eu\/produkt\/inaugural-conference-the-challenges-of-european-democracy-2\/\" \/>\n<meta property=\"og:site_name\" content=\"ECoD - European Capital of Democracy\" \/>\n<meta property=\"article:modified_time\" content=\"2024-03-04T10:30:36+00:00\" \/>\n<meta name=\"twitter:card\" content=\"summary_large_image\" \/>\n<script type=\"application\/ld+json\" class=\"yoast-schema-graph\">{\"@context\":\"https:\/\/schema.org\",\"@graph\":[{\"@type\":\"WebPage\",\"@id\":\"https:\/\/programme.capitalofdemocracy.eu\/produkt\/inaugural-conference-the-challenges-of-european-democracy-2\/\",\"url\":\"https:\/\/programme.capitalofdemocracy.eu\/produkt\/inaugural-conference-the-challenges-of-european-democracy-2\/\",\"name\":\"Conferencia inaugural: Los retos de la democracia europea - ECoD - European Capital of Democracy\",\"isPartOf\":{\"@id\":\"https:\/\/programme.capitalofdemocracy.eu\/es\/#website\"},\"datePublished\":\"2024-03-04T10:30:30+00:00\",\"dateModified\":\"2024-03-04T10:30:36+00:00\",\"breadcrumb\":{\"@id\":\"https:\/\/programme.capitalofdemocracy.eu\/produkt\/inaugural-conference-the-challenges-of-european-democracy-2\/#breadcrumb\"},\"inLanguage\":\"es\",\"potentialAction\":[{\"@type\":\"ReadAction\",\"target\":[\"https:\/\/programme.capitalofdemocracy.eu\/produkt\/inaugural-conference-the-challenges-of-european-democracy-2\/\"]}]},{\"@type\":\"BreadcrumbList\",\"@id\":\"https:\/\/programme.capitalofdemocracy.eu\/produkt\/inaugural-conference-the-challenges-of-european-democracy-2\/#breadcrumb\",\"itemListElement\":[{\"@type\":\"ListItem\",\"position\":1,\"name\":\"Startseite\",\"item\":\"https:\/\/programme.capitalofdemocracy.eu\/es\/startseite\/\"},{\"@type\":\"ListItem\",\"position\":2,\"name\":\"Shop\",\"item\":\"https:\/\/programme.capitalofdemocracy.eu\/shop\/\"},{\"@type\":\"ListItem\",\"position\":3,\"name\":\"Conferencia inaugural: Los retos de la democracia europea\"}]},{\"@type\":\"WebSite\",\"@id\":\"https:\/\/programme.capitalofdemocracy.eu\/es\/#website\",\"url\":\"https:\/\/programme.capitalofdemocracy.eu\/es\/\",\"name\":\"ECoD - European Capital of Democracy\",\"description\":\"Barcelona, 2023-2024\",\"potentialAction\":[{\"@type\":\"SearchAction\",\"target\":{\"@type\":\"EntryPoint\",\"urlTemplate\":\"https:\/\/programme.capitalofdemocracy.eu\/es\/?s={search_term_string}\"},\"query-input\":\"required name=search_term_string\"}],\"inLanguage\":\"es\"}]}<\/script>\n<!-- \/ Yoast SEO plugin. -->","yoast_head_json":{"title":"Conferencia inaugural: Los retos de la democracia europea - ECoD - European Capital of Democracy","robots":{"index":"noindex","follow":"follow","max-snippet":"max-snippet:-1","max-image-preview":"max-image-preview:large","max-video-preview":"max-video-preview:-1"},"og_locale":"es_ES","og_type":"article","og_title":"Conferencia inaugural: Los retos de la democracia europea - ECoD - European Capital of Democracy","og_description":"La democracia, ese concepto amplio y abstracto, vuelve a estar en boca de todos. En un sentido etimol\u00f3gico, se basa en una idea simple y concreta, el gobierno del pueblo, pero estos conceptos se han ido construyendo a medida que se ha desplegado en diferentes formas de organizaci\u00f3n pol\u00edtica de la sociedad a trav\u00e9s de la democracia representativa, deliberativa, directa o participativa. Diferentes declinaciones con concepciones muy distintas de esta idea radical y concreta de democracia.En esta conferencia queremos poner sobre la mesa el debate sobre qu\u00e9 significa hoy la democracia en Europa, cu\u00e1les son sus l\u00edmites en el contexto de las m\u00faltiples crisis actuales y qu\u00e9 retos se abren ante un escenario tan complejo en t\u00e9rminos de gobernanza pol\u00edtica a m\u00faltiples escalas. Tambi\u00e9n queremos poner en di\u00e1logo una mirada cr\u00edtica y reflexiva sobre la crisis de la democracia con la defensa de los derechos fundamentales y la lucha contra las desigualdades. Al mismo tiempo, queremos explorar el papel de Europa en la escena global y cu\u00e1l debe ser su papel en un horizonte de defensa y progreso hacia una democracia global o una democracia de democracias.Ponentes:Daniel Innerarity, Premio Nacional de Investigaci\u00f3n en Humanidades por su relevante papel en la adaptaci\u00f3n de los principios normativos de la democracia a las din\u00e1micas sociales actuales. Es tambi\u00e9n catedr\u00e1tico de filosof\u00eda pol\u00edtica y social, investigador Ikerbasque en la Universidad del Pa\u00eds Vasco y director del Instituto de Gobernanza Democr\u00e1tica.Moderaci\u00f3n:Karlos Castilla, abogado por la Universidad Nacional Aut\u00f3noma de M\u00e9xico. Doctor en derecho por la Universitat Pompeu Fabra. Actualmente es responsable de investigaci\u00f3n e incidencia internacional del Institut de Drets Humans de Catalunya y profesor asociado de Derecho Internacional en la Universitat Pompeu Fabra.Programa:17.30 h - Apertura de puertas17.45 h - Presentaci\u00f3n del acto18.00 h - Conferencia Daniel Innerarity y turno de preguntas\ufeff","og_url":"https:\/\/programme.capitalofdemocracy.eu\/produkt\/inaugural-conference-the-challenges-of-european-democracy-2\/","og_site_name":"ECoD - European Capital of Democracy","article_modified_time":"2024-03-04T10:30:36+00:00","twitter_card":"summary_large_image","schema":{"@context":"https:\/\/schema.org","@graph":[{"@type":"WebPage","@id":"https:\/\/programme.capitalofdemocracy.eu\/produkt\/inaugural-conference-the-challenges-of-european-democracy-2\/","url":"https:\/\/programme.capitalofdemocracy.eu\/produkt\/inaugural-conference-the-challenges-of-european-democracy-2\/","name":"Conferencia inaugural: Los retos de la democracia europea - ECoD - European Capital of Democracy","isPartOf":{"@id":"https:\/\/programme.capitalofdemocracy.eu\/es\/#website"},"datePublished":"2024-03-04T10:30:30+00:00","dateModified":"2024-03-04T10:30:36+00:00","breadcrumb":{"@id":"https:\/\/programme.capitalofdemocracy.eu\/produkt\/inaugural-conference-the-challenges-of-european-democracy-2\/#breadcrumb"},"inLanguage":"es","potentialAction":[{"@type":"ReadAction","target":["https:\/\/programme.capitalofdemocracy.eu\/produkt\/inaugural-conference-the-challenges-of-european-democracy-2\/"]}]},{"@type":"BreadcrumbList","@id":"https:\/\/programme.capitalofdemocracy.eu\/produkt\/inaugural-conference-the-challenges-of-european-democracy-2\/#breadcrumb","itemListElement":[{"@type":"ListItem","position":1,"name":"Startseite","item":"https:\/\/programme.capitalofdemocracy.eu\/es\/startseite\/"},{"@type":"ListItem","position":2,"name":"Shop","item":"https:\/\/programme.capitalofdemocracy.eu\/shop\/"},{"@type":"ListItem","position":3,"name":"Conferencia inaugural: Los retos de la democracia europea"}]},{"@type":"WebSite","@id":"https:\/\/programme.capitalofdemocracy.eu\/es\/#website","url":"https:\/\/programme.capitalofdemocracy.eu\/es\/","name":"ECoD - European Capital of Democracy","description":"Barcelona, 2023-2024","potentialAction":[{"@type":"SearchAction","target":{"@type":"EntryPoint","urlTemplate":"https:\/\/programme.capitalofdemocracy.eu\/es\/?s={search_term_string}"},"query-input":"required name=search_term_string"}],"inLanguage":"es"}]}},"_links":{"self":[{"href":"https:\/\/programme.capitalofdemocracy.eu\/es\/wp-json\/wp\/v2\/product\/7893","targetHints":{"allow":["GET"]}}],"collection":[{"href":"https:\/\/programme.capitalofdemocracy.eu\/es\/wp-json\/wp\/v2\/product"}],"about":[{"href":"https:\/\/programme.capitalofdemocracy.eu\/es\/wp-json\/wp\/v2\/types\/product"}],"wp:featuredmedia":[{"embeddable":true,"href":"https:\/\/programme.capitalofdemocracy.eu\/es\/wp-json\/wp\/v2\/media\/7900"}],"wp:attachment":[{"href":"https:\/\/programme.capitalofdemocracy.eu\/es\/wp-json\/wp\/v2\/media?parent=7893"}],"wp:term":[{"taxonomy":"ecod-events-districts","embeddable":true,"href":"https:\/\/programme.capitalofdemocracy.eu\/es\/wp-json\/wp\/v2\/ecod-events-districts?post=7893"},{"taxonomy":"ecod-events-organizers","embeddable":true,"href":"https:\/\/programme.capitalofdemocracy.eu\/es\/wp-json\/wp\/v2\/ecod-events-organizers?post=7893"},{"taxonomy":"product_cat","embeddable":true,"href":"https:\/\/programme.capitalofdemocracy.eu\/es\/wp-json\/wp\/v2\/product_cat?post=7893"},{"taxonomy":"product_tag","embeddable":true,"href":"https:\/\/programme.capitalofdemocracy.eu\/es\/wp-json\/wp\/v2\/product_tag?post=7893"}],"curies":[{"name":"wp","href":"https:\/\/api.w.org\/{rel}","templated":true}]}}