{"id":7970,"date":"2024-03-04T11:33:30","date_gmt":"2024-03-04T10:33:30","guid":{"rendered":"https:\/\/programme.capitalofdemocracy.eu\/produkt\/jornada-sobre-etica-publica-el-rol-de-la-red-de-comites-eticos-como-impulsor-de-la-etica-publica\/"},"modified":"2024-03-13T04:16:28","modified_gmt":"2024-03-13T03:16:28","slug":"jornada-sobre-etica-publica-el-rol-de-la-red-de-comites-eticos-como-impulsor-de-la-etica-publica-2","status":"publish","type":"product","link":"https:\/\/programme.capitalofdemocracy.eu\/es\/produkt\/jornada-sobre-etica-publica-el-rol-de-la-red-de-comites-eticos-como-impulsor-de-la-etica-publica-2\/","title":{"rendered":"Jornada sobre \u00e9tica p\u00fablica: el rol de la red de comit\u00e9s \u00e9ticos como impulsor de la \u00e9tica p\u00fablica"},"content":{"rendered":"","protected":false},"excerpt":{"rendered":"<p>La Red de Comit\u00e9s de \u00c9tica de Catalu\u00f1a es un espacio de colaboraci\u00f3n entre comit\u00e9s de \u00e9tica en Catalu\u00f1a con el objetivo de promover la cultura \u00e9tica y la integridad en las administraciones p\u00fablicas catalanas. Esta red est\u00e1 compuesta por comit\u00e9s de diversas \u00e1reas de la Administraci\u00f3n de la Generalitat, administraciones locales, universidades y su sector p\u00fablico. En los \u00faltimos dos a\u00f1os, ha habido cambios relevantes en las pol\u00edticas de integridad, como los planes antifraude de los fondos europeos y otras iniciativas. Tambi\u00e9n se enfrentan desaf\u00edos como la implementaci\u00f3n del C\u00f3digo \u00e9tico del servicio p\u00fablico de Catalu\u00f1a y la consolidaci\u00f3n de la Red como una comunidad de pr\u00e1ctica.<\/p>\n<p>Los objetivos principales de esta iniciativa incluyen<strong> impulsar la \u00e9tica p\u00fablica en el nuevo marco normativo, reflexionar sobre el desarrollo de la Red de Comit\u00e9s de \u00c9tica y dirigir sus evoluciones futuras<\/strong>. Esta jornada est\u00e1 destinada a personas interesadas en pol\u00edticas de integridad y \u00e9tica p\u00fablica, especialmente miembros de los comit\u00e9s de \u00e9tica del \u00e1mbito p\u00fablico en Catalu\u00f1a.<\/p>\n<p>El <a target=\"_blank\" href=\"https:\/\/formacio.eapc.gencat.cat\/infoactivitats\/AppJava\/DetalleActividad.do?codi=10410&amp;ambit=1&amp;edicio=1&amp;any=2023\" rel=\"noopener noreferrer\">programa<\/a> de la jornada incluye diversas ponencias y mesas redondas con representantes de comit\u00e9s \u00e9ticos de diferentes organismos e instituciones. Tambi\u00e9n hay una metodolog\u00eda presencial para la jornada, que se llevar\u00e1 a cabo en la sala de actos del Distrito Administrativo.<\/p>\n<p>Organiza la Secretar\u00eda de Administraci\u00f3n y Funci\u00f3n P\u00fablica, Departamento de la Presidencia de la Generalitat de Catalu\u00f1a. Escuela de Administraci\u00f3n P\u00fablica de Catalu\u00f1a.<\/p>\n<p>20 de noviembre de 2023 &#8211; 9-14 h<\/p>\n<p>Edificio Distrito Administrativo de la Generalitat de Catalunya (Sala de Actos)<br \/>Carrer del Foc, 57<br \/>08038 Barcelona<\/p>\n<p><a target=\"_blank\" href=\"https:\/\/formacio.eapc.gencat.cat\/infoactivitats\/AppJava\/DetalleActividad.do?codi=10410&amp;ambit=1&amp;edicio=1&amp;any=2023\" rel=\"noopener noreferrer\">M\u00e1s informaci\u00f3n<\/a><\/p>\n<div class=\"editor-content-image\" data-image=\"\"><img decoding=\"async\" src=\"\/rails\/active_storage\/blobs\/redirect\/eyJfcmFpbHMiOnsibWVzc2FnZSI6IkJBaHBBcU1HIiwiZXhwIjpudWxsLCJwdXIiOiJibG9iX2lkIn19--cbbff3b9566045d6c0305c8160827901303e0256\/image.png\" alt=\"image\" width=\"200\"><\/div>\n","protected":false},"author":0,"featured_media":8264,"template":"","meta":{"_acf_changed":false,"inline_featured_image":false},"ecod-events-districts":[],"ecod-events-organizers":[223],"product_cat":[227],"product_tag":[],"class_list":{"0":"post-7970","1":"product","2":"type-product","3":"status-publish","4":"has-post-thumbnail","6":"ecod-events-organizers-city-of-barcelona","7":"product_cat-local","9":"first","10":"instock","11":"shipping-taxable","12":"product-type-simple"},"acf":[],"yoast_head":"<!-- This site is optimized with the Yoast SEO plugin v22.0 - https:\/\/yoast.com\/wordpress\/plugins\/seo\/ -->\n<title>Jornada sobre \u00e9tica p\u00fablica: el rol de la red de comit\u00e9s \u00e9ticos como impulsor de la \u00e9tica p\u00fablica - ECoD - European Capital of Democracy<\/title>\n<meta name=\"robots\" content=\"noindex, follow, max-snippet:-1, max-image-preview:large, max-video-preview:-1\" \/>\n<meta property=\"og:locale\" content=\"es_ES\" \/>\n<meta property=\"og:type\" content=\"article\" \/>\n<meta property=\"og:title\" content=\"Jornada sobre \u00e9tica p\u00fablica: el rol de la red de comit\u00e9s \u00e9ticos como impulsor de la \u00e9tica p\u00fablica - ECoD - European Capital of Democracy\" \/>\n<meta property=\"og:description\" content=\"La Red de Comit\u00e9s de \u00c9tica de Catalu\u00f1a es un espacio de colaboraci\u00f3n entre comit\u00e9s de \u00e9tica en Catalu\u00f1a con el objetivo de promover la cultura \u00e9tica y la integridad en las administraciones p\u00fablicas catalanas. Esta red est\u00e1 compuesta por comit\u00e9s de diversas \u00e1reas de la Administraci\u00f3n de la Generalitat, administraciones locales, universidades y su sector p\u00fablico. En los \u00faltimos dos a\u00f1os, ha habido cambios relevantes en las pol\u00edticas de integridad, como los planes antifraude de los fondos europeos y otras iniciativas. Tambi\u00e9n se enfrentan desaf\u00edos como la implementaci\u00f3n del C\u00f3digo \u00e9tico del servicio p\u00fablico de Catalu\u00f1a y la consolidaci\u00f3n de la Red como una comunidad de pr\u00e1ctica.Los objetivos principales de esta iniciativa incluyen impulsar la \u00e9tica p\u00fablica en el nuevo marco normativo, reflexionar sobre el desarrollo de la Red de Comit\u00e9s de \u00c9tica y dirigir sus evoluciones futuras. Esta jornada est\u00e1 destinada a personas interesadas en pol\u00edticas de integridad y \u00e9tica p\u00fablica, especialmente miembros de los comit\u00e9s de \u00e9tica del \u00e1mbito p\u00fablico en Catalu\u00f1a.El programa de la jornada incluye diversas ponencias y mesas redondas con representantes de comit\u00e9s \u00e9ticos de diferentes organismos e instituciones. Tambi\u00e9n hay una metodolog\u00eda presencial para la jornada, que se llevar\u00e1 a cabo en la sala de actos del Distrito Administrativo.Organiza la Secretar\u00eda de Administraci\u00f3n y Funci\u00f3n P\u00fablica, Departamento de la Presidencia de la Generalitat de Catalu\u00f1a. Escuela de Administraci\u00f3n P\u00fablica de Catalu\u00f1a.20 de noviembre de 2023 - 9-14 hEdificio Distrito Administrativo de la Generalitat de Catalunya (Sala de Actos)Carrer del Foc, 5708038 BarcelonaM\u00e1s informaci\u00f3n\" \/>\n<meta property=\"og:url\" content=\"https:\/\/programme.capitalofdemocracy.eu\/produkt\/conference-on-public-ethics-the-role-of-the-network-of-ethics-committees-as-a-driver-of-public-ethics-2\/\" \/>\n<meta property=\"og:site_name\" content=\"ECoD - European Capital of Democracy\" \/>\n<meta property=\"article:modified_time\" content=\"2024-03-13T03:16:28+00:00\" \/>\n<meta property=\"og:image\" content=\"https:\/\/programme.capitalofdemocracy.eu\/wp-content\/uploads\/2024\/03\/231120_jornada_etica_safp.jpg_1726795037.jpg\" \/>\n\t<meta property=\"og:image:width\" content=\"600\" \/>\n\t<meta property=\"og:image:height\" content=\"349\" \/>\n\t<meta property=\"og:image:type\" content=\"image\/jpeg\" \/>\n<meta name=\"twitter:card\" content=\"summary_large_image\" \/>\n<script type=\"application\/ld+json\" class=\"yoast-schema-graph\">{\"@context\":\"https:\/\/schema.org\",\"@graph\":[{\"@type\":\"WebPage\",\"@id\":\"https:\/\/programme.capitalofdemocracy.eu\/produkt\/conference-on-public-ethics-the-role-of-the-network-of-ethics-committees-as-a-driver-of-public-ethics-2\/\",\"url\":\"https:\/\/programme.capitalofdemocracy.eu\/produkt\/conference-on-public-ethics-the-role-of-the-network-of-ethics-committees-as-a-driver-of-public-ethics-2\/\",\"name\":\"Jornada sobre \u00e9tica p\u00fablica: el rol de la red de comit\u00e9s \u00e9ticos como impulsor de la \u00e9tica p\u00fablica - ECoD - European Capital of Democracy\",\"isPartOf\":{\"@id\":\"https:\/\/programme.capitalofdemocracy.eu\/es\/#website\"},\"datePublished\":\"2024-03-04T10:33:30+00:00\",\"dateModified\":\"2024-03-13T03:16:28+00:00\",\"breadcrumb\":{\"@id\":\"https:\/\/programme.capitalofdemocracy.eu\/produkt\/conference-on-public-ethics-the-role-of-the-network-of-ethics-committees-as-a-driver-of-public-ethics-2\/#breadcrumb\"},\"inLanguage\":\"es\",\"potentialAction\":[{\"@type\":\"ReadAction\",\"target\":[\"https:\/\/programme.capitalofdemocracy.eu\/produkt\/conference-on-public-ethics-the-role-of-the-network-of-ethics-committees-as-a-driver-of-public-ethics-2\/\"]}]},{\"@type\":\"BreadcrumbList\",\"@id\":\"https:\/\/programme.capitalofdemocracy.eu\/produkt\/conference-on-public-ethics-the-role-of-the-network-of-ethics-committees-as-a-driver-of-public-ethics-2\/#breadcrumb\",\"itemListElement\":[{\"@type\":\"ListItem\",\"position\":1,\"name\":\"Startseite\",\"item\":\"https:\/\/programme.capitalofdemocracy.eu\/es\/startseite\/\"},{\"@type\":\"ListItem\",\"position\":2,\"name\":\"Shop\",\"item\":\"https:\/\/programme.capitalofdemocracy.eu\/shop\/\"},{\"@type\":\"ListItem\",\"position\":3,\"name\":\"Jornada sobre \u00e9tica p\u00fablica: el rol de la red de comit\u00e9s \u00e9ticos como impulsor de la \u00e9tica p\u00fablica\"}]},{\"@type\":\"WebSite\",\"@id\":\"https:\/\/programme.capitalofdemocracy.eu\/es\/#website\",\"url\":\"https:\/\/programme.capitalofdemocracy.eu\/es\/\",\"name\":\"ECoD - European Capital of Democracy\",\"description\":\"Barcelona, 2023-2024\",\"potentialAction\":[{\"@type\":\"SearchAction\",\"target\":{\"@type\":\"EntryPoint\",\"urlTemplate\":\"https:\/\/programme.capitalofdemocracy.eu\/es\/?s={search_term_string}\"},\"query-input\":\"required name=search_term_string\"}],\"inLanguage\":\"es\"}]}<\/script>\n<!-- \/ Yoast SEO plugin. -->","yoast_head_json":{"title":"Jornada sobre \u00e9tica p\u00fablica: el rol de la red de comit\u00e9s \u00e9ticos como impulsor de la \u00e9tica p\u00fablica - ECoD - European Capital of Democracy","robots":{"index":"noindex","follow":"follow","max-snippet":"max-snippet:-1","max-image-preview":"max-image-preview:large","max-video-preview":"max-video-preview:-1"},"og_locale":"es_ES","og_type":"article","og_title":"Jornada sobre \u00e9tica p\u00fablica: el rol de la red de comit\u00e9s \u00e9ticos como impulsor de la \u00e9tica p\u00fablica - ECoD - European Capital of Democracy","og_description":"La Red de Comit\u00e9s de \u00c9tica de Catalu\u00f1a es un espacio de colaboraci\u00f3n entre comit\u00e9s de \u00e9tica en Catalu\u00f1a con el objetivo de promover la cultura \u00e9tica y la integridad en las administraciones p\u00fablicas catalanas. Esta red est\u00e1 compuesta por comit\u00e9s de diversas \u00e1reas de la Administraci\u00f3n de la Generalitat, administraciones locales, universidades y su sector p\u00fablico. En los \u00faltimos dos a\u00f1os, ha habido cambios relevantes en las pol\u00edticas de integridad, como los planes antifraude de los fondos europeos y otras iniciativas. Tambi\u00e9n se enfrentan desaf\u00edos como la implementaci\u00f3n del C\u00f3digo \u00e9tico del servicio p\u00fablico de Catalu\u00f1a y la consolidaci\u00f3n de la Red como una comunidad de pr\u00e1ctica.Los objetivos principales de esta iniciativa incluyen impulsar la \u00e9tica p\u00fablica en el nuevo marco normativo, reflexionar sobre el desarrollo de la Red de Comit\u00e9s de \u00c9tica y dirigir sus evoluciones futuras. Esta jornada est\u00e1 destinada a personas interesadas en pol\u00edticas de integridad y \u00e9tica p\u00fablica, especialmente miembros de los comit\u00e9s de \u00e9tica del \u00e1mbito p\u00fablico en Catalu\u00f1a.El programa de la jornada incluye diversas ponencias y mesas redondas con representantes de comit\u00e9s \u00e9ticos de diferentes organismos e instituciones. Tambi\u00e9n hay una metodolog\u00eda presencial para la jornada, que se llevar\u00e1 a cabo en la sala de actos del Distrito Administrativo.Organiza la Secretar\u00eda de Administraci\u00f3n y Funci\u00f3n P\u00fablica, Departamento de la Presidencia de la Generalitat de Catalu\u00f1a. Escuela de Administraci\u00f3n P\u00fablica de Catalu\u00f1a.20 de noviembre de 2023 - 9-14 hEdificio Distrito Administrativo de la Generalitat de Catalunya (Sala de Actos)Carrer del Foc, 5708038 BarcelonaM\u00e1s informaci\u00f3n","og_url":"https:\/\/programme.capitalofdemocracy.eu\/produkt\/conference-on-public-ethics-the-role-of-the-network-of-ethics-committees-as-a-driver-of-public-ethics-2\/","og_site_name":"ECoD - European Capital of Democracy","article_modified_time":"2024-03-13T03:16:28+00:00","og_image":[{"width":600,"height":349,"url":"https:\/\/programme.capitalofdemocracy.eu\/wp-content\/uploads\/2024\/03\/231120_jornada_etica_safp.jpg_1726795037.jpg","type":"image\/jpeg"}],"twitter_card":"summary_large_image","schema":{"@context":"https:\/\/schema.org","@graph":[{"@type":"WebPage","@id":"https:\/\/programme.capitalofdemocracy.eu\/produkt\/conference-on-public-ethics-the-role-of-the-network-of-ethics-committees-as-a-driver-of-public-ethics-2\/","url":"https:\/\/programme.capitalofdemocracy.eu\/produkt\/conference-on-public-ethics-the-role-of-the-network-of-ethics-committees-as-a-driver-of-public-ethics-2\/","name":"Jornada sobre \u00e9tica p\u00fablica: el rol de la red de comit\u00e9s \u00e9ticos como impulsor de la \u00e9tica p\u00fablica - ECoD - European Capital of Democracy","isPartOf":{"@id":"https:\/\/programme.capitalofdemocracy.eu\/es\/#website"},"datePublished":"2024-03-04T10:33:30+00:00","dateModified":"2024-03-13T03:16:28+00:00","breadcrumb":{"@id":"https:\/\/programme.capitalofdemocracy.eu\/produkt\/conference-on-public-ethics-the-role-of-the-network-of-ethics-committees-as-a-driver-of-public-ethics-2\/#breadcrumb"},"inLanguage":"es","potentialAction":[{"@type":"ReadAction","target":["https:\/\/programme.capitalofdemocracy.eu\/produkt\/conference-on-public-ethics-the-role-of-the-network-of-ethics-committees-as-a-driver-of-public-ethics-2\/"]}]},{"@type":"BreadcrumbList","@id":"https:\/\/programme.capitalofdemocracy.eu\/produkt\/conference-on-public-ethics-the-role-of-the-network-of-ethics-committees-as-a-driver-of-public-ethics-2\/#breadcrumb","itemListElement":[{"@type":"ListItem","position":1,"name":"Startseite","item":"https:\/\/programme.capitalofdemocracy.eu\/es\/startseite\/"},{"@type":"ListItem","position":2,"name":"Shop","item":"https:\/\/programme.capitalofdemocracy.eu\/shop\/"},{"@type":"ListItem","position":3,"name":"Jornada sobre \u00e9tica p\u00fablica: el rol de la red de comit\u00e9s \u00e9ticos como impulsor de la \u00e9tica p\u00fablica"}]},{"@type":"WebSite","@id":"https:\/\/programme.capitalofdemocracy.eu\/es\/#website","url":"https:\/\/programme.capitalofdemocracy.eu\/es\/","name":"ECoD - European Capital of Democracy","description":"Barcelona, 2023-2024","potentialAction":[{"@type":"SearchAction","target":{"@type":"EntryPoint","urlTemplate":"https:\/\/programme.capitalofdemocracy.eu\/es\/?s={search_term_string}"},"query-input":"required name=search_term_string"}],"inLanguage":"es"}]}},"_links":{"self":[{"href":"https:\/\/programme.capitalofdemocracy.eu\/es\/wp-json\/wp\/v2\/product\/7970","targetHints":{"allow":["GET"]}}],"collection":[{"href":"https:\/\/programme.capitalofdemocracy.eu\/es\/wp-json\/wp\/v2\/product"}],"about":[{"href":"https:\/\/programme.capitalofdemocracy.eu\/es\/wp-json\/wp\/v2\/types\/product"}],"wp:featuredmedia":[{"embeddable":true,"href":"https:\/\/programme.capitalofdemocracy.eu\/es\/wp-json\/wp\/v2\/media\/8264"}],"wp:attachment":[{"href":"https:\/\/programme.capitalofdemocracy.eu\/es\/wp-json\/wp\/v2\/media?parent=7970"}],"wp:term":[{"taxonomy":"ecod-events-districts","embeddable":true,"href":"https:\/\/programme.capitalofdemocracy.eu\/es\/wp-json\/wp\/v2\/ecod-events-districts?post=7970"},{"taxonomy":"ecod-events-organizers","embeddable":true,"href":"https:\/\/programme.capitalofdemocracy.eu\/es\/wp-json\/wp\/v2\/ecod-events-organizers?post=7970"},{"taxonomy":"product_cat","embeddable":true,"href":"https:\/\/programme.capitalofdemocracy.eu\/es\/wp-json\/wp\/v2\/product_cat?post=7970"},{"taxonomy":"product_tag","embeddable":true,"href":"https:\/\/programme.capitalofdemocracy.eu\/es\/wp-json\/wp\/v2\/product_tag?post=7970"}],"curies":[{"name":"wp","href":"https:\/\/api.w.org\/{rel}","templated":true}]}}