{"id":8148,"date":"2024-03-04T11:49:20","date_gmt":"2024-03-04T10:49:20","guid":{"rendered":"https:\/\/programme.capitalofdemocracy.eu\/produkt\/sesion-regional-de-barcelona-del-european-youth-parliament-espana-2024\/"},"modified":"2024-03-28T04:05:49","modified_gmt":"2024-03-28T03:05:49","slug":"sesion-regional-de-barcelona-del-european-youth-parliament-espana-2024","status":"publish","type":"product","link":"https:\/\/programme.capitalofdemocracy.eu\/es\/produkt\/sesion-regional-de-barcelona-del-european-youth-parliament-espana-2024\/","title":{"rendered":"Sesi\u00f3n Regional de Barcelona del European Youth Parliament Espa\u00f1a 2024"},"content":{"rendered":"","protected":false},"excerpt":{"rendered":"<p>Divididos por comit\u00e9s seg\u00fan las tem\u00e1ticas a tratar, los y las diferentes participantes deber\u00e1n identificar las problem\u00e1ticas que rodean el tema propuesto, el cual plantea un escenario de la pol\u00edtica actual con una pregunta dirigida a las instituciones europeas sobre c\u00f3mo abordar la cuesti\u00f3n. Al finalizar el evento, algunos de las personas participantes son seleccionados para la siguiente fase, la Sesi\u00f3n Nacional, para poder continuar su camino dentro de la organizaci\u00f3n y la participaci\u00f3n pol\u00edtica activa.<\/p>\n<p>Adem\u00e1s, durante este proceso, al igual que en toda la sesi\u00f3n, los\/las participantes son guiados en todo momento por personas voluntarias de la organizaci\u00f3n con amplia experiencia y conocimiento sobre las instituciones europeas, quienes son un soporte fundamental para los participantes. Los y las voluntarios provienen de la organizaci\u00f3n, sin \u00e1nimo de lucro y apol\u00edtica, que enmarca el EYPE (Parlamento Europeo de la Juventud), presente en 40 pa\u00edses en toda Europa, lo que convierte a este evento en una experiencia mucho m\u00e1s positiva con un claro car\u00e1cter internacional.<\/p>\n<p>Asimismo, la organizaci\u00f3n del <a target=\"_blank\" href=\"https:\/\/www.eype.es\/\" rel=\"noopener noreferrer\">EYP<\/a> se basa en la educaci\u00f3n no formal, did\u00e1ctica y activa con el objetivo principal de transmitir el mensaje y los valores europeos a los miles de participantes que, anualmente, forman parte de nuestros eventos.<\/p>\n<div class=\"editor-content-image\" data-image=\"\"><img decoding=\"async\" src=\"https:\/\/capitalofdemocracy.barcelona\/rails\/active_storage\/blobs\/redirect\/eyJfcmFpbHMiOnsibWVzc2FnZSI6IkJBaHBBdlVGIiwiZXhwIjpudWxsLCJwdXIiOiJibG9iX2lkIn19--a59d608bf0f6777953adff6d6327cac4be6adb4e\/Copia%20de%2020150717_JP_Spain-4C-noBG-wide.png\" alt=\"\" width=\"380\"><\/div>\n","protected":false},"featured_media":8829,"template":"","meta":{"_acf_changed":false,"inline_featured_image":false},"ecod-events-districts":[],"ecod-events-organizers":[223],"product_cat":[227],"product_tag":[],"class_list":{"0":"post-8148","1":"product","2":"type-product","3":"status-publish","4":"has-post-thumbnail","6":"ecod-events-organizers-city-of-barcelona","7":"product_cat-local","9":"first","10":"instock","11":"shipping-taxable","12":"product-type-simple"},"acf":[],"yoast_head":"<!-- This site is optimized with the Yoast SEO plugin v22.0 - https:\/\/yoast.com\/wordpress\/plugins\/seo\/ -->\n<title>Sesi\u00f3n Regional de Barcelona del European Youth Parliament Espa\u00f1a 2024 - ECoD - European Capital of Democracy<\/title>\n<meta name=\"robots\" content=\"noindex, follow, max-snippet:-1, max-image-preview:large, max-video-preview:-1\" \/>\n<meta property=\"og:locale\" content=\"es_ES\" \/>\n<meta property=\"og:type\" content=\"article\" \/>\n<meta property=\"og:title\" content=\"Sesi\u00f3n Regional de Barcelona del European Youth Parliament Espa\u00f1a 2024 - ECoD - European Capital of Democracy\" \/>\n<meta property=\"og:description\" content=\"Divididos por comit\u00e9s seg\u00fan las tem\u00e1ticas a tratar, los y las diferentes participantes deber\u00e1n identificar las problem\u00e1ticas que rodean el tema propuesto, el cual plantea un escenario de la pol\u00edtica actual con una pregunta dirigida a las instituciones europeas sobre c\u00f3mo abordar la cuesti\u00f3n. Al finalizar el evento, algunos de las personas participantes son seleccionados para la siguiente fase, la Sesi\u00f3n Nacional, para poder continuar su camino dentro de la organizaci\u00f3n y la participaci\u00f3n pol\u00edtica activa.Adem\u00e1s, durante este proceso, al igual que en toda la sesi\u00f3n, los\/las participantes son guiados en todo momento por personas voluntarias de la organizaci\u00f3n con amplia experiencia y conocimiento sobre las instituciones europeas, quienes son un soporte fundamental para los participantes. Los y las voluntarios provienen de la organizaci\u00f3n, sin \u00e1nimo de lucro y apol\u00edtica, que enmarca el EYPE (Parlamento Europeo de la Juventud), presente en 40 pa\u00edses en toda Europa, lo que convierte a este evento en una experiencia mucho m\u00e1s positiva con un claro car\u00e1cter internacional.Asimismo, la organizaci\u00f3n del EYP se basa en la educaci\u00f3n no formal, did\u00e1ctica y activa con el objetivo principal de transmitir el mensaje y los valores europeos a los miles de participantes que, anualmente, forman parte de nuestros eventos.\" \/>\n<meta property=\"og:url\" content=\"https:\/\/programme.capitalofdemocracy.eu\/produkt\/barcelona-regional-selection-conference-of-the-european-youth-parliament-espana-2024\/\" \/>\n<meta property=\"og:site_name\" content=\"ECoD - European Capital of Democracy\" \/>\n<meta property=\"article:modified_time\" content=\"2024-03-28T03:05:49+00:00\" \/>\n<meta property=\"og:image\" content=\"https:\/\/programme.capitalofdemocracy.eu\/wp-content\/uploads\/2024\/03\/Copia%20de%20Copia%20de%20FloresLayoutColor.png\" \/>\n\t<meta property=\"og:image:width\" content=\"1981\" \/>\n\t<meta property=\"og:image:height\" content=\"1500\" \/>\n\t<meta property=\"og:image:type\" content=\"image\/png\" \/>\n<meta name=\"twitter:card\" content=\"summary_large_image\" \/>\n<script type=\"application\/ld+json\" class=\"yoast-schema-graph\">{\"@context\":\"https:\/\/schema.org\",\"@graph\":[{\"@type\":\"WebPage\",\"@id\":\"https:\/\/programme.capitalofdemocracy.eu\/produkt\/barcelona-regional-selection-conference-of-the-european-youth-parliament-espana-2024\/\",\"url\":\"https:\/\/programme.capitalofdemocracy.eu\/produkt\/barcelona-regional-selection-conference-of-the-european-youth-parliament-espana-2024\/\",\"name\":\"Sesi\u00f3n Regional de Barcelona del European Youth Parliament Espa\u00f1a 2024 - ECoD - European Capital of Democracy\",\"isPartOf\":{\"@id\":\"https:\/\/programme.capitalofdemocracy.eu\/es\/#website\"},\"datePublished\":\"2024-03-04T10:49:20+00:00\",\"dateModified\":\"2024-03-28T03:05:49+00:00\",\"breadcrumb\":{\"@id\":\"https:\/\/programme.capitalofdemocracy.eu\/produkt\/barcelona-regional-selection-conference-of-the-european-youth-parliament-espana-2024\/#breadcrumb\"},\"inLanguage\":\"es\",\"potentialAction\":[{\"@type\":\"ReadAction\",\"target\":[\"https:\/\/programme.capitalofdemocracy.eu\/produkt\/barcelona-regional-selection-conference-of-the-european-youth-parliament-espana-2024\/\"]}]},{\"@type\":\"BreadcrumbList\",\"@id\":\"https:\/\/programme.capitalofdemocracy.eu\/produkt\/barcelona-regional-selection-conference-of-the-european-youth-parliament-espana-2024\/#breadcrumb\",\"itemListElement\":[{\"@type\":\"ListItem\",\"position\":1,\"name\":\"Startseite\",\"item\":\"https:\/\/programme.capitalofdemocracy.eu\/es\/startseite\/\"},{\"@type\":\"ListItem\",\"position\":2,\"name\":\"Shop\",\"item\":\"https:\/\/programme.capitalofdemocracy.eu\/shop\/\"},{\"@type\":\"ListItem\",\"position\":3,\"name\":\"Sesi\u00f3n Regional de Barcelona del European Youth Parliament Espa\u00f1a 2024\"}]},{\"@type\":\"WebSite\",\"@id\":\"https:\/\/programme.capitalofdemocracy.eu\/es\/#website\",\"url\":\"https:\/\/programme.capitalofdemocracy.eu\/es\/\",\"name\":\"ECoD - European Capital of Democracy\",\"description\":\"Barcelona, 2023-2024\",\"potentialAction\":[{\"@type\":\"SearchAction\",\"target\":{\"@type\":\"EntryPoint\",\"urlTemplate\":\"https:\/\/programme.capitalofdemocracy.eu\/es\/?s={search_term_string}\"},\"query-input\":\"required name=search_term_string\"}],\"inLanguage\":\"es\"}]}<\/script>\n<!-- \/ Yoast SEO plugin. -->","yoast_head_json":{"title":"Sesi\u00f3n Regional de Barcelona del European Youth Parliament Espa\u00f1a 2024 - ECoD - European Capital of Democracy","robots":{"index":"noindex","follow":"follow","max-snippet":"max-snippet:-1","max-image-preview":"max-image-preview:large","max-video-preview":"max-video-preview:-1"},"og_locale":"es_ES","og_type":"article","og_title":"Sesi\u00f3n Regional de Barcelona del European Youth Parliament Espa\u00f1a 2024 - ECoD - European Capital of Democracy","og_description":"Divididos por comit\u00e9s seg\u00fan las tem\u00e1ticas a tratar, los y las diferentes participantes deber\u00e1n identificar las problem\u00e1ticas que rodean el tema propuesto, el cual plantea un escenario de la pol\u00edtica actual con una pregunta dirigida a las instituciones europeas sobre c\u00f3mo abordar la cuesti\u00f3n. Al finalizar el evento, algunos de las personas participantes son seleccionados para la siguiente fase, la Sesi\u00f3n Nacional, para poder continuar su camino dentro de la organizaci\u00f3n y la participaci\u00f3n pol\u00edtica activa.Adem\u00e1s, durante este proceso, al igual que en toda la sesi\u00f3n, los\/las participantes son guiados en todo momento por personas voluntarias de la organizaci\u00f3n con amplia experiencia y conocimiento sobre las instituciones europeas, quienes son un soporte fundamental para los participantes. Los y las voluntarios provienen de la organizaci\u00f3n, sin \u00e1nimo de lucro y apol\u00edtica, que enmarca el EYPE (Parlamento Europeo de la Juventud), presente en 40 pa\u00edses en toda Europa, lo que convierte a este evento en una experiencia mucho m\u00e1s positiva con un claro car\u00e1cter internacional.Asimismo, la organizaci\u00f3n del EYP se basa en la educaci\u00f3n no formal, did\u00e1ctica y activa con el objetivo principal de transmitir el mensaje y los valores europeos a los miles de participantes que, anualmente, forman parte de nuestros eventos.","og_url":"https:\/\/programme.capitalofdemocracy.eu\/produkt\/barcelona-regional-selection-conference-of-the-european-youth-parliament-espana-2024\/","og_site_name":"ECoD - European Capital of Democracy","article_modified_time":"2024-03-28T03:05:49+00:00","og_image":[{"width":1981,"height":1500,"url":"https:\/\/programme.capitalofdemocracy.eu\/wp-content\/uploads\/2024\/03\/Copia%20de%20Copia%20de%20FloresLayoutColor.png","type":"image\/png"}],"twitter_card":"summary_large_image","schema":{"@context":"https:\/\/schema.org","@graph":[{"@type":"WebPage","@id":"https:\/\/programme.capitalofdemocracy.eu\/produkt\/barcelona-regional-selection-conference-of-the-european-youth-parliament-espana-2024\/","url":"https:\/\/programme.capitalofdemocracy.eu\/produkt\/barcelona-regional-selection-conference-of-the-european-youth-parliament-espana-2024\/","name":"Sesi\u00f3n Regional de Barcelona del European Youth Parliament Espa\u00f1a 2024 - ECoD - European Capital of Democracy","isPartOf":{"@id":"https:\/\/programme.capitalofdemocracy.eu\/es\/#website"},"datePublished":"2024-03-04T10:49:20+00:00","dateModified":"2024-03-28T03:05:49+00:00","breadcrumb":{"@id":"https:\/\/programme.capitalofdemocracy.eu\/produkt\/barcelona-regional-selection-conference-of-the-european-youth-parliament-espana-2024\/#breadcrumb"},"inLanguage":"es","potentialAction":[{"@type":"ReadAction","target":["https:\/\/programme.capitalofdemocracy.eu\/produkt\/barcelona-regional-selection-conference-of-the-european-youth-parliament-espana-2024\/"]}]},{"@type":"BreadcrumbList","@id":"https:\/\/programme.capitalofdemocracy.eu\/produkt\/barcelona-regional-selection-conference-of-the-european-youth-parliament-espana-2024\/#breadcrumb","itemListElement":[{"@type":"ListItem","position":1,"name":"Startseite","item":"https:\/\/programme.capitalofdemocracy.eu\/es\/startseite\/"},{"@type":"ListItem","position":2,"name":"Shop","item":"https:\/\/programme.capitalofdemocracy.eu\/shop\/"},{"@type":"ListItem","position":3,"name":"Sesi\u00f3n Regional de Barcelona del European Youth Parliament Espa\u00f1a 2024"}]},{"@type":"WebSite","@id":"https:\/\/programme.capitalofdemocracy.eu\/es\/#website","url":"https:\/\/programme.capitalofdemocracy.eu\/es\/","name":"ECoD - European Capital of Democracy","description":"Barcelona, 2023-2024","potentialAction":[{"@type":"SearchAction","target":{"@type":"EntryPoint","urlTemplate":"https:\/\/programme.capitalofdemocracy.eu\/es\/?s={search_term_string}"},"query-input":"required name=search_term_string"}],"inLanguage":"es"}]}},"_links":{"self":[{"href":"https:\/\/programme.capitalofdemocracy.eu\/es\/wp-json\/wp\/v2\/product\/8148","targetHints":{"allow":["GET"]}}],"collection":[{"href":"https:\/\/programme.capitalofdemocracy.eu\/es\/wp-json\/wp\/v2\/product"}],"about":[{"href":"https:\/\/programme.capitalofdemocracy.eu\/es\/wp-json\/wp\/v2\/types\/product"}],"wp:featuredmedia":[{"embeddable":true,"href":"https:\/\/programme.capitalofdemocracy.eu\/es\/wp-json\/wp\/v2\/media\/8829"}],"wp:attachment":[{"href":"https:\/\/programme.capitalofdemocracy.eu\/es\/wp-json\/wp\/v2\/media?parent=8148"}],"wp:term":[{"taxonomy":"ecod-events-districts","embeddable":true,"href":"https:\/\/programme.capitalofdemocracy.eu\/es\/wp-json\/wp\/v2\/ecod-events-districts?post=8148"},{"taxonomy":"ecod-events-organizers","embeddable":true,"href":"https:\/\/programme.capitalofdemocracy.eu\/es\/wp-json\/wp\/v2\/ecod-events-organizers?post=8148"},{"taxonomy":"product_cat","embeddable":true,"href":"https:\/\/programme.capitalofdemocracy.eu\/es\/wp-json\/wp\/v2\/product_cat?post=8148"},{"taxonomy":"product_tag","embeddable":true,"href":"https:\/\/programme.capitalofdemocracy.eu\/es\/wp-json\/wp\/v2\/product_tag?post=8148"}],"curies":[{"name":"wp","href":"https:\/\/api.w.org\/{rel}","templated":true}]}}