{"id":8834,"date":"2024-03-28T04:05:57","date_gmt":"2024-03-28T03:05:57","guid":{"rendered":"https:\/\/programme.capitalofdemocracy.eu\/produkt\/elecciones-europeas-2024-la-hora-de-la-verdad-para-europa\/"},"modified":"2024-05-01T05:01:15","modified_gmt":"2024-05-01T03:01:15","slug":"elecciones-europeas-2024-la-hora-de-la-verdad-para-europa","status":"publish","type":"product","link":"https:\/\/programme.capitalofdemocracy.eu\/es\/produkt\/elecciones-europeas-2024-la-hora-de-la-verdad-para-europa\/","title":{"rendered":"Elecciones Europeas 2024: \u00bfLa hora de la verdad para Europa?"},"content":{"rendered":"","protected":false},"excerpt":{"rendered":"<p>Las Elecciones europeas del 2024 marcan un momento de verdad para el continente y la composici\u00f3n de su Parlamento determinar\u00e1 fuertemente el futuro de la Uni\u00f3n Europea. Aunque las generaciones m\u00e1s j\u00f3venes vivir\u00e1n con los posibles cambios durante m\u00e1s tiempo, las investigaciones muestran que votan en menor n\u00famero y solo deciden a qui\u00e9n votar en las horas y los d\u00edas previos a las elecciones. Teniendo esto en cuenta, Palumba EU presentar\u00e1 por primera vez su innovadora aplicaci\u00f3n m\u00f3vil para aumentar la participaci\u00f3n informada de los j\u00f3venes en las elecciones, en un evento donde los j\u00f3venes europeos tomar\u00e1n el protagonismo. La primera parte del evento incluir\u00e1 una sesi\u00f3n de preguntas y respuestas abierta con Jaume Duch, portavoz del Parlamento Europeo y Director General de Comunicaci\u00f3n, la presentaci\u00f3n de la aplicaci\u00f3n Palumba, as\u00ed como una mesa redonda con Carme Colomina (CIDOB) y j\u00f3venes activistas y cient\u00edficos\/as pol\u00edticos. Por \u00faltimo, se seguir\u00e1 con un &#8220;Drinks for Democracy&#8221; informal con los participantes j\u00f3venes.<\/p>\n<p>El programa ser\u00e1 en catal\u00e1n, excepto la presentaci\u00f3n de la aplicaci\u00f3n de 10 minutos, que se realizar\u00e1 en ingl\u00e9s. El evento se retransmitir\u00e1 en directo en <a target=\"_blank\" href=\"http:\/\/ateneubcn.cat\/endirecte\" rel=\"noopener\">ateneubcn.cat\/endirecte<\/a>.<\/p>\n<p><strong><u>PROGRAMA<\/u>:<\/strong><\/p>\n<p><strong>17.45 &#8211; 18.00 h &#8211; Discurso de bienvenida<\/strong><\/p>\n<ul>\n<li>\n<p><strong>Maria Eug\u00e8nia Gay<\/strong>, segunda Teniente de Alcald\u00eda del Ayuntamiento de Barcelona<\/p>\n<\/li>\n<li>\n<p><strong>Alexander Heichlinger<\/strong>, representante de la Capital Europea de la Democracia<\/p>\n<\/li>\n<li>\n<p><strong>Isona Passola<\/strong>, presidenta del Ateneu Barcelon\u00e8s<\/p>\n<\/li>\n<\/ul>\n<p><strong>18.00 &#8211; 18.45 h &#8211; Elecciones Europeas 2024: el momento de la verdad para Europa<\/strong><\/p>\n<p>Presentaci\u00f3n inicial sobre la excepcional relevancia de las EE24 seguida de una sesi\u00f3n de preguntas y respuestas abierta favoreciendo el intercambio con los y las j\u00f3venes asistentes presentes.<\/p>\n<ul>\n<li>\n<p><strong>Jaume Duch<\/strong>, director General de Comunicaciones del Parlamento Europeo<\/p>\n<\/li>\n<\/ul>\n<p><strong>18.45 &#8211; 18.55 h &#8211; Presentaci\u00f3n de Palumba, la aplicaci\u00f3n para involucrar a los y las j\u00f3venes europeos<\/strong><\/p>\n<p>Presentaci\u00f3n de la aplicaci\u00f3n Palumba y su historia detr\u00e1s de las escenas.<\/p>\n<ul>\n<li>\n<p><strong>Pol Villaverde<\/strong>, presidente de la Asociaci\u00f3n Juvenil Palumba EU<\/p>\n<\/li>\n<\/ul>\n<p><strong>18.55 &#8211; 19.45 h &#8211; Mesa redonda: \u201c\u00bfC\u00f3mo votar\u00e1n y se implicar\u00e1n las generaciones m\u00e1s j\u00f3venes en el futuro?\u201d<\/strong><\/p>\n<p>Discusi\u00f3n sobre el comportamiento electoral juvenil, las prioridades y el futuro de la democracia en Europa.<\/p>\n<ul>\n<li>\n<p><strong>Carme Colomina<\/strong>, periodista e investigadora senior en el CIDOB<\/p>\n<\/li>\n<li>\n<p><strong>Maria Serra<\/strong>, <em>influencer<\/em> y activista clim\u00e1tica<\/p>\n<\/li>\n<li>\n<p><strong>C\u00e8lia Estruch<\/strong>, investigadora y miembro del Ateneu Barcelon\u00e8s (moderadora)<\/p>\n<\/li>\n<\/ul>\n<p><strong>19.45 &#8211; 20.45 h &#8211; C\u00f3cteles por la democracia: \u201cM\u00e1s all\u00e1 de la burbuja c\u00edvica: desaf\u00edos y oportunidades\u201d<\/strong><\/p>\n<p>Tertulia y primera experiencia pr\u00e1ctica de la aplicaci\u00f3n, exclusiva para j\u00f3venes de 18 a 30 a\u00f1os.<\/p>\n<div class=\"editor-content-image\" data-image=\"\"><img decoding=\"async\" src=\"\/rails\/active_storage\/blobs\/redirect\/eyJfcmFpbHMiOnsibWVzc2FnZSI6IkJBaHBBa29IIiwiZXhwIjpudWxsLCJwdXIiOiJibG9iX2lkIn19--1129bd1393d61265f0400f6c8cea8568e9be1c13\/Palumba%20EU_badge-1.png\" alt=\"Palumba EU_badge-1\" width=\"200\"><\/div>\n<div class=\"editor-content-image\" data-image=\"\"><img decoding=\"async\" src=\"\/rails\/active_storage\/blobs\/redirect\/eyJfcmFpbHMiOnsibWVzc2FnZSI6IkJBaHBBazhIIiwiZXhwIjpudWxsLCJwdXIiOiJibG9iX2lkIn19--2be703c39ec9a1b586d0e6a6c7d5e19ed1f52d3c\/logo_ab_web_capcalera.png\" alt=\"logo_ab_web_capcalera\" width=\"200\"><\/div>\n","protected":false},"author":0,"featured_media":9135,"template":"","meta":{"_acf_changed":false,"inline_featured_image":false},"ecod-events-districts":[],"ecod-events-organizers":[223],"product_cat":[227],"product_tag":[],"class_list":{"0":"post-8834","1":"product","2":"type-product","3":"status-publish","4":"has-post-thumbnail","6":"ecod-events-organizers-city-of-barcelona","7":"product_cat-local","9":"first","10":"instock","11":"shipping-taxable","12":"product-type-simple"},"acf":[],"yoast_head":"<!-- This site is optimized with the Yoast SEO plugin v22.0 - https:\/\/yoast.com\/wordpress\/plugins\/seo\/ -->\n<title>Elecciones Europeas 2024: \u00bfLa hora de la verdad para Europa? - ECoD - European Capital of Democracy<\/title>\n<meta name=\"robots\" content=\"noindex, follow, max-snippet:-1, max-image-preview:large, max-video-preview:-1\" \/>\n<meta property=\"og:locale\" content=\"es_ES\" \/>\n<meta property=\"og:type\" content=\"article\" \/>\n<meta property=\"og:title\" content=\"Elecciones Europeas 2024: \u00bfLa hora de la verdad para Europa? - ECoD - European Capital of Democracy\" \/>\n<meta property=\"og:description\" content=\"Las Elecciones europeas del 2024 marcan un momento de verdad para el continente y la composici\u00f3n de su Parlamento determinar\u00e1 fuertemente el futuro de la Uni\u00f3n Europea. Aunque las generaciones m\u00e1s j\u00f3venes vivir\u00e1n con los posibles cambios durante m\u00e1s tiempo, las investigaciones muestran que votan en menor n\u00famero y solo deciden a qui\u00e9n votar en las horas y los d\u00edas previos a las elecciones. Teniendo esto en cuenta, Palumba EU presentar\u00e1 por primera vez su innovadora aplicaci\u00f3n m\u00f3vil para aumentar la participaci\u00f3n informada de los j\u00f3venes en las elecciones, en un evento donde los j\u00f3venes europeos tomar\u00e1n el protagonismo. La primera parte del evento incluir\u00e1 una sesi\u00f3n de preguntas y respuestas abierta con Jaume Duch, portavoz del Parlamento Europeo y Director General de Comunicaci\u00f3n, la presentaci\u00f3n de la aplicaci\u00f3n Palumba, as\u00ed como una mesa redonda con Carme Colomina (CIDOB) y j\u00f3venes activistas y cient\u00edficos\/as pol\u00edticos. Por \u00faltimo, se seguir\u00e1 con un &quot;Drinks for Democracy&quot; informal con los participantes j\u00f3venes.El programa ser\u00e1 en catal\u00e1n, excepto la presentaci\u00f3n de la aplicaci\u00f3n de 10 minutos, que se realizar\u00e1 en ingl\u00e9s. El evento se retransmitir\u00e1 en directo en ateneubcn.cat\/endirecte.PROGRAMA:17.45 - 18.00 h - Discurso de bienvenidaMaria Eug\u00e8nia Gay, segunda Teniente de Alcald\u00eda del Ayuntamiento de BarcelonaAlexander Heichlinger, representante de la Capital Europea de la DemocraciaIsona Passola, presidenta del Ateneu Barcelon\u00e8s18.00 - 18.45 h - Elecciones Europeas 2024: el momento de la verdad para EuropaPresentaci\u00f3n inicial sobre la excepcional relevancia de las EE24 seguida de una sesi\u00f3n de preguntas y respuestas abierta favoreciendo el intercambio con los y las j\u00f3venes asistentes presentes.Jaume Duch, director General de Comunicaciones del Parlamento Europeo18.45 - 18.55 h - Presentaci\u00f3n de Palumba, la aplicaci\u00f3n para involucrar a los y las j\u00f3venes europeosPresentaci\u00f3n de la aplicaci\u00f3n Palumba y su historia detr\u00e1s de las escenas.Pol Villaverde, presidente de la Asociaci\u00f3n Juvenil Palumba EU18.55 - 19.45 h - Mesa redonda: \u201c\u00bfC\u00f3mo votar\u00e1n y se implicar\u00e1n las generaciones m\u00e1s j\u00f3venes en el futuro?\u201dDiscusi\u00f3n sobre el comportamiento electoral juvenil, las prioridades y el futuro de la democracia en Europa.Carme Colomina, periodista e investigadora senior en el CIDOBMaria Serra, influencer y activista clim\u00e1ticaC\u00e8lia Estruch, investigadora y miembro del Ateneu Barcelon\u00e8s (moderadora)19.45 - 20.45 h - C\u00f3cteles por la democracia: \u201cM\u00e1s all\u00e1 de la burbuja c\u00edvica: desaf\u00edos y oportunidades\u201dTertulia y primera experiencia pr\u00e1ctica de la aplicaci\u00f3n, exclusiva para j\u00f3venes de 18 a 30 a\u00f1os.\" \/>\n<meta property=\"og:url\" content=\"https:\/\/programme.capitalofdemocracy.eu\/produkt\/european-elections-2024-the-moment-of-truth-for-europe\/\" \/>\n<meta property=\"og:site_name\" content=\"ECoD - European Capital of Democracy\" \/>\n<meta property=\"article:modified_time\" content=\"2024-05-01T03:01:15+00:00\" \/>\n<meta property=\"og:image\" content=\"https:\/\/programme.capitalofdemocracy.eu\/wp-content\/uploads\/lukas-s-dyBoCDncvX4-unsplash.jpg\" \/>\n\t<meta property=\"og:image:width\" content=\"1\" \/>\n\t<meta property=\"og:image:height\" content=\"1\" \/>\n\t<meta property=\"og:image:type\" content=\"image\/jpeg\" \/>\n<meta name=\"twitter:card\" content=\"summary_large_image\" \/>\n<script type=\"application\/ld+json\" class=\"yoast-schema-graph\">{\"@context\":\"https:\/\/schema.org\",\"@graph\":[{\"@type\":\"WebPage\",\"@id\":\"https:\/\/programme.capitalofdemocracy.eu\/produkt\/european-elections-2024-the-moment-of-truth-for-europe\/\",\"url\":\"https:\/\/programme.capitalofdemocracy.eu\/produkt\/european-elections-2024-the-moment-of-truth-for-europe\/\",\"name\":\"Elecciones Europeas 2024: \u00bfLa hora de la verdad para Europa? - ECoD - European Capital of Democracy\",\"isPartOf\":{\"@id\":\"https:\/\/programme.capitalofdemocracy.eu\/es\/#website\"},\"datePublished\":\"2024-03-28T03:05:57+00:00\",\"dateModified\":\"2024-05-01T03:01:15+00:00\",\"breadcrumb\":{\"@id\":\"https:\/\/programme.capitalofdemocracy.eu\/produkt\/european-elections-2024-the-moment-of-truth-for-europe\/#breadcrumb\"},\"inLanguage\":\"es\",\"potentialAction\":[{\"@type\":\"ReadAction\",\"target\":[\"https:\/\/programme.capitalofdemocracy.eu\/produkt\/european-elections-2024-the-moment-of-truth-for-europe\/\"]}]},{\"@type\":\"BreadcrumbList\",\"@id\":\"https:\/\/programme.capitalofdemocracy.eu\/produkt\/european-elections-2024-the-moment-of-truth-for-europe\/#breadcrumb\",\"itemListElement\":[{\"@type\":\"ListItem\",\"position\":1,\"name\":\"Startseite\",\"item\":\"https:\/\/programme.capitalofdemocracy.eu\/es\/startseite\/\"},{\"@type\":\"ListItem\",\"position\":2,\"name\":\"Shop\",\"item\":\"https:\/\/programme.capitalofdemocracy.eu\/shop\/\"},{\"@type\":\"ListItem\",\"position\":3,\"name\":\"Elecciones Europeas 2024: \u00bfLa hora de la verdad para Europa?\"}]},{\"@type\":\"WebSite\",\"@id\":\"https:\/\/programme.capitalofdemocracy.eu\/es\/#website\",\"url\":\"https:\/\/programme.capitalofdemocracy.eu\/es\/\",\"name\":\"ECoD - European Capital of Democracy\",\"description\":\"Barcelona, 2023-2024\",\"potentialAction\":[{\"@type\":\"SearchAction\",\"target\":{\"@type\":\"EntryPoint\",\"urlTemplate\":\"https:\/\/programme.capitalofdemocracy.eu\/es\/?s={search_term_string}\"},\"query-input\":\"required name=search_term_string\"}],\"inLanguage\":\"es\"}]}<\/script>\n<!-- \/ Yoast SEO plugin. -->","yoast_head_json":{"title":"Elecciones Europeas 2024: \u00bfLa hora de la verdad para Europa? - ECoD - European Capital of Democracy","robots":{"index":"noindex","follow":"follow","max-snippet":"max-snippet:-1","max-image-preview":"max-image-preview:large","max-video-preview":"max-video-preview:-1"},"og_locale":"es_ES","og_type":"article","og_title":"Elecciones Europeas 2024: \u00bfLa hora de la verdad para Europa? - ECoD - European Capital of Democracy","og_description":"Las Elecciones europeas del 2024 marcan un momento de verdad para el continente y la composici\u00f3n de su Parlamento determinar\u00e1 fuertemente el futuro de la Uni\u00f3n Europea. Aunque las generaciones m\u00e1s j\u00f3venes vivir\u00e1n con los posibles cambios durante m\u00e1s tiempo, las investigaciones muestran que votan en menor n\u00famero y solo deciden a qui\u00e9n votar en las horas y los d\u00edas previos a las elecciones. Teniendo esto en cuenta, Palumba EU presentar\u00e1 por primera vez su innovadora aplicaci\u00f3n m\u00f3vil para aumentar la participaci\u00f3n informada de los j\u00f3venes en las elecciones, en un evento donde los j\u00f3venes europeos tomar\u00e1n el protagonismo. La primera parte del evento incluir\u00e1 una sesi\u00f3n de preguntas y respuestas abierta con Jaume Duch, portavoz del Parlamento Europeo y Director General de Comunicaci\u00f3n, la presentaci\u00f3n de la aplicaci\u00f3n Palumba, as\u00ed como una mesa redonda con Carme Colomina (CIDOB) y j\u00f3venes activistas y cient\u00edficos\/as pol\u00edticos. Por \u00faltimo, se seguir\u00e1 con un \"Drinks for Democracy\" informal con los participantes j\u00f3venes.El programa ser\u00e1 en catal\u00e1n, excepto la presentaci\u00f3n de la aplicaci\u00f3n de 10 minutos, que se realizar\u00e1 en ingl\u00e9s. El evento se retransmitir\u00e1 en directo en ateneubcn.cat\/endirecte.PROGRAMA:17.45 - 18.00 h - Discurso de bienvenidaMaria Eug\u00e8nia Gay, segunda Teniente de Alcald\u00eda del Ayuntamiento de BarcelonaAlexander Heichlinger, representante de la Capital Europea de la DemocraciaIsona Passola, presidenta del Ateneu Barcelon\u00e8s18.00 - 18.45 h - Elecciones Europeas 2024: el momento de la verdad para EuropaPresentaci\u00f3n inicial sobre la excepcional relevancia de las EE24 seguida de una sesi\u00f3n de preguntas y respuestas abierta favoreciendo el intercambio con los y las j\u00f3venes asistentes presentes.Jaume Duch, director General de Comunicaciones del Parlamento Europeo18.45 - 18.55 h - Presentaci\u00f3n de Palumba, la aplicaci\u00f3n para involucrar a los y las j\u00f3venes europeosPresentaci\u00f3n de la aplicaci\u00f3n Palumba y su historia detr\u00e1s de las escenas.Pol Villaverde, presidente de la Asociaci\u00f3n Juvenil Palumba EU18.55 - 19.45 h - Mesa redonda: \u201c\u00bfC\u00f3mo votar\u00e1n y se implicar\u00e1n las generaciones m\u00e1s j\u00f3venes en el futuro?\u201dDiscusi\u00f3n sobre el comportamiento electoral juvenil, las prioridades y el futuro de la democracia en Europa.Carme Colomina, periodista e investigadora senior en el CIDOBMaria Serra, influencer y activista clim\u00e1ticaC\u00e8lia Estruch, investigadora y miembro del Ateneu Barcelon\u00e8s (moderadora)19.45 - 20.45 h - C\u00f3cteles por la democracia: \u201cM\u00e1s all\u00e1 de la burbuja c\u00edvica: desaf\u00edos y oportunidades\u201dTertulia y primera experiencia pr\u00e1ctica de la aplicaci\u00f3n, exclusiva para j\u00f3venes de 18 a 30 a\u00f1os.","og_url":"https:\/\/programme.capitalofdemocracy.eu\/produkt\/european-elections-2024-the-moment-of-truth-for-europe\/","og_site_name":"ECoD - European Capital of Democracy","article_modified_time":"2024-05-01T03:01:15+00:00","og_image":[{"url":"https:\/\/programme.capitalofdemocracy.eu\/wp-content\/uploads\/lukas-s-dyBoCDncvX4-unsplash.jpg","width":1,"height":1,"type":"image\/jpeg"}],"twitter_card":"summary_large_image","schema":{"@context":"https:\/\/schema.org","@graph":[{"@type":"WebPage","@id":"https:\/\/programme.capitalofdemocracy.eu\/produkt\/european-elections-2024-the-moment-of-truth-for-europe\/","url":"https:\/\/programme.capitalofdemocracy.eu\/produkt\/european-elections-2024-the-moment-of-truth-for-europe\/","name":"Elecciones Europeas 2024: \u00bfLa hora de la verdad para Europa? - ECoD - European Capital of Democracy","isPartOf":{"@id":"https:\/\/programme.capitalofdemocracy.eu\/es\/#website"},"datePublished":"2024-03-28T03:05:57+00:00","dateModified":"2024-05-01T03:01:15+00:00","breadcrumb":{"@id":"https:\/\/programme.capitalofdemocracy.eu\/produkt\/european-elections-2024-the-moment-of-truth-for-europe\/#breadcrumb"},"inLanguage":"es","potentialAction":[{"@type":"ReadAction","target":["https:\/\/programme.capitalofdemocracy.eu\/produkt\/european-elections-2024-the-moment-of-truth-for-europe\/"]}]},{"@type":"BreadcrumbList","@id":"https:\/\/programme.capitalofdemocracy.eu\/produkt\/european-elections-2024-the-moment-of-truth-for-europe\/#breadcrumb","itemListElement":[{"@type":"ListItem","position":1,"name":"Startseite","item":"https:\/\/programme.capitalofdemocracy.eu\/es\/startseite\/"},{"@type":"ListItem","position":2,"name":"Shop","item":"https:\/\/programme.capitalofdemocracy.eu\/shop\/"},{"@type":"ListItem","position":3,"name":"Elecciones Europeas 2024: \u00bfLa hora de la verdad para Europa?"}]},{"@type":"WebSite","@id":"https:\/\/programme.capitalofdemocracy.eu\/es\/#website","url":"https:\/\/programme.capitalofdemocracy.eu\/es\/","name":"ECoD - European Capital of Democracy","description":"Barcelona, 2023-2024","potentialAction":[{"@type":"SearchAction","target":{"@type":"EntryPoint","urlTemplate":"https:\/\/programme.capitalofdemocracy.eu\/es\/?s={search_term_string}"},"query-input":"required name=search_term_string"}],"inLanguage":"es"}]}},"_links":{"self":[{"href":"https:\/\/programme.capitalofdemocracy.eu\/es\/wp-json\/wp\/v2\/product\/8834","targetHints":{"allow":["GET"]}}],"collection":[{"href":"https:\/\/programme.capitalofdemocracy.eu\/es\/wp-json\/wp\/v2\/product"}],"about":[{"href":"https:\/\/programme.capitalofdemocracy.eu\/es\/wp-json\/wp\/v2\/types\/product"}],"wp:featuredmedia":[{"embeddable":true,"href":"https:\/\/programme.capitalofdemocracy.eu\/es\/wp-json\/wp\/v2\/media\/9135"}],"wp:attachment":[{"href":"https:\/\/programme.capitalofdemocracy.eu\/es\/wp-json\/wp\/v2\/media?parent=8834"}],"wp:term":[{"taxonomy":"ecod-events-districts","embeddable":true,"href":"https:\/\/programme.capitalofdemocracy.eu\/es\/wp-json\/wp\/v2\/ecod-events-districts?post=8834"},{"taxonomy":"ecod-events-organizers","embeddable":true,"href":"https:\/\/programme.capitalofdemocracy.eu\/es\/wp-json\/wp\/v2\/ecod-events-organizers?post=8834"},{"taxonomy":"product_cat","embeddable":true,"href":"https:\/\/programme.capitalofdemocracy.eu\/es\/wp-json\/wp\/v2\/product_cat?post=8834"},{"taxonomy":"product_tag","embeddable":true,"href":"https:\/\/programme.capitalofdemocracy.eu\/es\/wp-json\/wp\/v2\/product_tag?post=8834"}],"curies":[{"name":"wp","href":"https:\/\/api.w.org\/{rel}","templated":true}]}}